{"id":38911,"date":"2023-10-03T20:27:10","date_gmt":"2023-10-03T20:27:10","guid":{"rendered":"https:\/\/www.filex.nl\/product\/smartview-dubbel-monitorarm\/"},"modified":"2024-10-18T15:43:12","modified_gmt":"2024-10-18T15:43:12","slug":"smartview-dualer-monitorarm","status":"publish","type":"product","link":"https:\/\/www.filex.nl\/de\/produkt\/smartview-dualer-monitorarm\/","title":{"rendered":"SmartView Dualer Monitorarm"},"content":{"rendered":"<p>Der Filex SmartView Doppelmonitorarm, perfekt f\u00fcr jeden Arbeitsplatz! Dieser mechanisch angetriebene Monitorarm ist multifunktional und kann auf die richtige Sichth\u00f6he eingestellt werden. An beiden VESA-K\u00f6pfen befindet sich ein VESA-Slider, so dass es kein Problem mehr ist, wenn Sie in Zukunft gr\u00f6\u00dfere oder kleinere Monitore verwenden m\u00f6chten. Sie k\u00f6nnen Ihre Monitore einfach gegeneinander verschieben, um sie auf gleicher H\u00f6he zu verwenden. Der Monitorarm ist aus Aluminium gefertigt und hat eine matte Farbe. Sie k\u00f6nnen diesen Monitorarm mit Monitoren von 17 Zoll bis zu 32 Zoll pro Arm verwenden. Nachdem Sie sich mit dieser SmartView-Monitorarmserie vertraut gemacht haben, werden Sie keinen anderen mehr haben wollen! Dieser Filex-Monitorarm ist in den Farben: mattschwarz und mattwei\u00df erh\u00e4ltlich.<\/p>\n<p>Technische Informationen:<br \/>\nGeeignete Bildschirmgr\u00f6\u00dfe: 17&#8243;-32&#8243;<br \/>\nGewichtskapazit\u00e4t (pro Bildschirm): 3~9kg<br \/>\nKompatible VESA: 75&#215;75, 100&#215;100<br \/>\nNeigungsbereich:+50\u00b0~-50\u00b0<br \/>\nSchwenkbereich:+90\u00b0~-90\u00b0<br \/>\nBildschirm-Drehung:+90\u00b0~-90\u00b0<br \/>\nMontage: Klinge Klemme<br \/>\nEmpfohlene Desktop-Dicke: Klemme: 10~60mm<br \/>\nKabelmanagement: Ja<\/p>\n","protected":false},"excerpt":{"rendered":"<p>Dieser Filex SmartView Monitorarm ist ein Muss f\u00fcr jeden Arbeitsplatz. Stellen Sie Ihre Bildschirme ganz einfach auf den richtigen Blickwinkel ein? Die Serie der SmartView-Monitorarme sorgt f\u00fcr eine einfache Handhabung und erf\u00fcllt alle Ihre Bed\u00fcrfnisse!<\/p>\n","protected":false},"featured_media":54640,"template":"","meta":{"_acf_changed":false},"product_brand":[],"product_cat":[3085,604,610],"product_tag":[],"class_list":{"0":"post-38911","1":"product","2":"type-product","3":"status-publish","4":"has-post-thumbnail","6":"product_cat-smartview-monitorarme","7":"product_cat-monitorarme","8":"product_cat-2-schermen-de","9":"pa_kleur-schwarz","10":"pa_kleur-weiss","12":"first","13":"instock","14":"shipping-taxable","15":"purchasable","16":"product-type-variable","17":"has-default-attributes"},"acf":[],"_links":{"self":[{"href":"https:\/\/www.filex.nl\/de\/wp-json\/wp\/v2\/product\/38911","targetHints":{"allow":["GET"]}}],"collection":[{"href":"https:\/\/www.filex.nl\/de\/wp-json\/wp\/v2\/product"}],"about":[{"href":"https:\/\/www.filex.nl\/de\/wp-json\/wp\/v2\/types\/product"}],"wp:featuredmedia":[{"embeddable":true,"href":"https:\/\/www.filex.nl\/de\/wp-json\/wp\/v2\/media\/54640"}],"wp:attachment":[{"href":"https:\/\/www.filex.nl\/de\/wp-json\/wp\/v2\/media?parent=38911"}],"wp:term":[{"taxonomy":"product_brand","embeddable":true,"href":"https:\/\/www.filex.nl\/de\/wp-json\/wp\/v2\/product_brand?post=38911"},{"taxonomy":"product_cat","embeddable":true,"href":"https:\/\/www.filex.nl\/de\/wp-json\/wp\/v2\/product_cat?post=38911"},{"taxonomy":"product_tag","embeddable":true,"href":"https:\/\/www.filex.nl\/de\/wp-json\/wp\/v2\/product_tag?post=38911"}],"curies":[{"name":"wp","href":"https:\/\/api.w.org\/{rel}","templated":true}]}}