{"id":38921,"date":"2023-10-03T21:03:45","date_gmt":"2023-10-03T21:03:45","guid":{"rendered":"https:\/\/www.filex.nl\/product\/smartview-enkel-monitorarm-zwart\/"},"modified":"2024-10-18T15:43:13","modified_gmt":"2024-10-18T15:43:13","slug":"smartview-knoechel-monitorarm","status":"publish","type":"product","link":"https:\/\/www.filex.nl\/de\/produkt\/smartview-knoechel-monitorarm\/","title":{"rendered":"SmartView Kn\u00f6chel-Monitorarm"},"content":{"rendered":"<p>Der Filex SmartView Einzelmonitorarm, perfekt f\u00fcr jeden Arbeitsplatz! Dieser mechanisch angetriebene Monitorarm ist multifunktional und kann auf die richtige Sichth\u00f6he eingestellt werden. Sie k\u00f6nnen Ihren Monitor einfach nach oben und unten bewegen, um Ihren Bildschirm in der richtigen H\u00f6he zu verwenden. Der Monitorarm ist aus Aluminium gefertigt und hat eine matte Farbe. Sie k\u00f6nnen diesen Monitorarm mit Monitoren von 17 Zoll bis 32 Zoll verwenden. Nachdem Sie sich mit dieser SmartView-Monitorarmserie vertraut gemacht haben, werden Sie keinen anderen mehr haben wollen! Dieser Filex-Monitorarm ist erh\u00e4ltlich in der Farbe: Mattes Schwarz und Wei\u00df.<\/p>\n<p>Technische Informationen:<br \/>\nGeeignete Bildschirmgr\u00f6\u00dfe: 17&#8243;-32&#8243;<br \/>\nGewichtskapazit\u00e4t (pro Bildschirm): 3~9kg<br \/>\nKompatible VESA: 75\u00d775, 100\u00d7100<br \/>\nNeigungsbereich:+90\u00b0~-90\u00b0<br \/>\nSchwenkbereich:+90\u00b0~-90\u00b0<br \/>\nBildschirm-Drehung: +90\u00b0~-90\u00b0<br \/>\nMontage: Klinge Klemme<br \/>\nEmpfohlene Desktop-Dicke: Klemme: 10~60mm<br \/>\nKabelmanagement: Ja<\/p>\n","protected":false},"excerpt":{"rendered":"<p>Dieser Filex SmartView Monitorarm ist ein Muss f\u00fcr jeden Arbeitsplatz. Stellen Sie Ihre Bildschirme m\u00fchelos auf den richtigen Blickwinkel ein? Die SmartView-Monitorarme sorgen f\u00fcr Benutzerfreundlichkeit und bieten Ihnen alles, was Sie brauchen!<\/p>\n","protected":false},"featured_media":54636,"template":"","meta":{"_acf_changed":false},"product_brand":[],"product_cat":[3085,604,607],"product_tag":[],"class_list":{"0":"post-38921","1":"product","2":"type-product","3":"status-publish","4":"has-post-thumbnail","6":"product_cat-smartview-monitorarme","7":"product_cat-monitorarme","8":"product_cat-1-scherm-de","9":"pa_kleur-schwarz","10":"pa_kleur-weiss","12":"first","13":"instock","14":"shipping-taxable","15":"purchasable","16":"product-type-variable","17":"has-default-attributes"},"acf":[],"_links":{"self":[{"href":"https:\/\/www.filex.nl\/de\/wp-json\/wp\/v2\/product\/38921","targetHints":{"allow":["GET"]}}],"collection":[{"href":"https:\/\/www.filex.nl\/de\/wp-json\/wp\/v2\/product"}],"about":[{"href":"https:\/\/www.filex.nl\/de\/wp-json\/wp\/v2\/types\/product"}],"wp:featuredmedia":[{"embeddable":true,"href":"https:\/\/www.filex.nl\/de\/wp-json\/wp\/v2\/media\/54636"}],"wp:attachment":[{"href":"https:\/\/www.filex.nl\/de\/wp-json\/wp\/v2\/media?parent=38921"}],"wp:term":[{"taxonomy":"product_brand","embeddable":true,"href":"https:\/\/www.filex.nl\/de\/wp-json\/wp\/v2\/product_brand?post=38921"},{"taxonomy":"product_cat","embeddable":true,"href":"https:\/\/www.filex.nl\/de\/wp-json\/wp\/v2\/product_cat?post=38921"},{"taxonomy":"product_tag","embeddable":true,"href":"https:\/\/www.filex.nl\/de\/wp-json\/wp\/v2\/product_tag?post=38921"}],"curies":[{"name":"wp","href":"https:\/\/api.w.org\/{rel}","templated":true}]}}