{"id":39241,"date":"2023-10-04T08:18:32","date_gmt":"2023-10-04T08:18:32","guid":{"rendered":"https:\/\/www.filex.nl\/product\/persoonlijke-lade-400x300x50mm\/"},"modified":"2024-10-18T15:43:13","modified_gmt":"2024-10-18T15:43:13","slug":"personliches-tablett-400x300x50mm","status":"publish","type":"product","link":"https:\/\/www.filex.nl\/de\/produkt\/personliches-tablett-400x300x50mm\/","title":{"rendered":"Pers\u00f6nliches Tablett 400x300x50mm"},"content":{"rendered":"<p>Die pers\u00f6nliche Schublade von Filex! Erh\u00e4ltlich in 2 verschiedenen Gr\u00f6\u00dfen und Farben. Diese Schublade ist 400x300x50mm gro\u00df und in schwarz oder wei\u00df erh\u00e4ltlich. Das Sch\u00f6ne an dieser Schublade ist, dass sie an der Innenseite eine 1 x USB A+C Erweiterungsm\u00f6glichkeit hat. Sie k\u00f6nnen diese Elektrifizierung auch abschrauben und Ihr eigenes Ladekabel hindurchf\u00fchren. So k\u00f6nnen Sie Ihr Handy ganz einfach gleichzeitig aufladen.<br \/>\nSpezifikationen:<br \/>\nUSB-A:5V3.1A (15W MAX)<br \/>\nUSB-C:5V3.1A(15W MAX)<\/p>\n","protected":false},"excerpt":{"rendered":"<p>M\u00f6chten Sie Ihre Wertsachen in 1 Hand aufbewahren? Mit dieser pers\u00f6nlichen Schublade sind Sie sofort mit allen Annehmlichkeiten ausgestattet! Sie k\u00f6nnen die Schublade an der Unterseite Ihres Schreibtisches befestigen, so dass Sie viel Platz haben.<\/p>\n","protected":false},"featured_media":39010,"template":"","meta":{"_acf_changed":false},"product_brand":[],"product_cat":[3076],"product_tag":[],"class_list":{"0":"post-39241","1":"product","2":"type-product","3":"status-publish","4":"has-post-thumbnail","6":"product_cat-personlichen-ablagen","7":"pa_kleur-schwarz","8":"pa_kleur-weiss","10":"first","11":"instock","12":"shipping-taxable","13":"purchasable","14":"product-type-variable","15":"has-default-attributes"},"acf":[],"_links":{"self":[{"href":"https:\/\/www.filex.nl\/de\/wp-json\/wp\/v2\/product\/39241","targetHints":{"allow":["GET"]}}],"collection":[{"href":"https:\/\/www.filex.nl\/de\/wp-json\/wp\/v2\/product"}],"about":[{"href":"https:\/\/www.filex.nl\/de\/wp-json\/wp\/v2\/types\/product"}],"wp:featuredmedia":[{"embeddable":true,"href":"https:\/\/www.filex.nl\/de\/wp-json\/wp\/v2\/media\/39010"}],"wp:attachment":[{"href":"https:\/\/www.filex.nl\/de\/wp-json\/wp\/v2\/media?parent=39241"}],"wp:term":[{"taxonomy":"product_brand","embeddable":true,"href":"https:\/\/www.filex.nl\/de\/wp-json\/wp\/v2\/product_brand?post=39241"},{"taxonomy":"product_cat","embeddable":true,"href":"https:\/\/www.filex.nl\/de\/wp-json\/wp\/v2\/product_cat?post=39241"},{"taxonomy":"product_tag","embeddable":true,"href":"https:\/\/www.filex.nl\/de\/wp-json\/wp\/v2\/product_tag?post=39241"}],"curies":[{"name":"wp","href":"https:\/\/api.w.org\/{rel}","templated":true}]}}