{"id":41133,"date":"2024-03-08T12:53:01","date_gmt":"2024-03-08T12:53:01","guid":{"rendered":"https:\/\/www.filex.nl\/product\/power-desk-up-2-0-2x-230v-french-socket-1x-keystone-1x-usb-ac-charge\/"},"modified":"2025-04-30T09:02:13","modified_gmt":"2025-04-30T09:02:13","slug":"power-desk-up-2-0-2x-230v-franzoesische-steckdose-1x-keystone-1x-usb-ac-charge","status":"publish","type":"product","link":"https:\/\/www.filex.nl\/de\/produkt\/power-desk-up-2-0-2x-230v-franzoesische-steckdose-1x-keystone-1x-usb-ac-charge\/","title":{"rendered":"Power Desk Up\u00ae 2.0 &#8211; 2x 230V (franz\u00f6sische Steckdose), 1x Keystone, 1x USB A+C Charge"},"content":{"rendered":"<p>Filex Desk Up\u00ae 2.0 Serie. Ein Aufputzger\u00e4t in neuem Design, schlank und modern und mit dem Gedanken an Sie, den Benutzer, gemacht, damit es Ihnen alle Annehmlichkeiten bietet!<\/p>\n<p>Dieses schlanke Aufputzger\u00e4t wird standardm\u00e4\u00dfig mit 2 Klemmen f\u00fcr Tischplattenst\u00e4rken von 0-50 mm geliefert. Das Ger\u00e4t l\u00e4sst sich leicht von oben klemmen und ist an der R\u00fcckseite mit einem festen Anschlusskabel von 1 Meter L\u00e4nge mit <span data-teams=\"true\">3-poliger Steckverbinder<\/span> ausgestattet.<\/p>\n<p>Haben Sie ein facettiertes Blatt? Auch kein Problem mit dieser Filex Desk Up\u00ae 2.0-Serie!<\/p>\n<p>Diese Aufputzeinheit ist mit 2 x 230-V-Steckdosenanschluss, einem doppelten USB-Ladeger\u00e4t, davon 1 x 5 V &#8211; 2,4 A und 1 x USB C (5,0 V &#8211; 3,1 A &#8211; 15,5 W) und 1 x einem leeren Keystone-Fach ausgestattet. Das leere Keystone-Fach k\u00f6nnen Sie mit 2 Keystone-Bl\u00f6cken Ihrer Wahl f\u00fcllen (z.B. Daten RJ45 CAT6 und 6A, USB 2.0\/3.0, HDMI, VGA oder als Kabeldurchf\u00fchrung).<\/p>\n<p>Last but not least: dieses Filex Power Desk Up\u00ae Aufputzger\u00e4t ist selbstverst\u00e4ndlich CE-zertifiziert. Sicherheit und Qualit\u00e4t stehen bei uns an erster Stelle!<\/p>\n<p>Verf\u00fcgbare Farben: schwarz und wei\u00df.<\/p>\n","protected":false},"excerpt":{"rendered":"<p>Die Filex Desk Up\u00ae 2.0 Serie! Die multifunktionale Aufputz-Elektrifizierungseinheit, die sowohl an Ihren Schreibtisch als auch an eine facettierte Arbeitsfl\u00e4che geklemmt werden kann! Entdecken Sie alle unsere M\u00f6glichkeiten und zahlreichen Optionen f\u00fcr ein Ger\u00e4t, das Ihren spezifischen Bed\u00fcrfnissen entspricht!<\/p>\n","protected":false},"featured_media":53483,"template":"","meta":{"_acf_changed":false},"product_brand":[],"product_cat":[639,640,567],"product_tag":[],"class_list":{"0":"post-41133","1":"product","2":"type-product","3":"status-publish","4":"has-post-thumbnail","6":"product_cat-desk-up-2-0-elektrifizierung","7":"product_cat-desk-up-elektrifizierung","8":"product_cat-elektrifizierung","9":"pa_kleur-schwarz","10":"pa_kleur-weiss","12":"first","13":"instock","14":"shipping-taxable","15":"purchasable","16":"product-type-variable","17":"has-default-attributes"},"acf":[],"_links":{"self":[{"href":"https:\/\/www.filex.nl\/de\/wp-json\/wp\/v2\/product\/41133","targetHints":{"allow":["GET"]}}],"collection":[{"href":"https:\/\/www.filex.nl\/de\/wp-json\/wp\/v2\/product"}],"about":[{"href":"https:\/\/www.filex.nl\/de\/wp-json\/wp\/v2\/types\/product"}],"wp:featuredmedia":[{"embeddable":true,"href":"https:\/\/www.filex.nl\/de\/wp-json\/wp\/v2\/media\/53483"}],"wp:attachment":[{"href":"https:\/\/www.filex.nl\/de\/wp-json\/wp\/v2\/media?parent=41133"}],"wp:term":[{"taxonomy":"product_brand","embeddable":true,"href":"https:\/\/www.filex.nl\/de\/wp-json\/wp\/v2\/product_brand?post=41133"},{"taxonomy":"product_cat","embeddable":true,"href":"https:\/\/www.filex.nl\/de\/wp-json\/wp\/v2\/product_cat?post=41133"},{"taxonomy":"product_tag","embeddable":true,"href":"https:\/\/www.filex.nl\/de\/wp-json\/wp\/v2\/product_tag?post=41133"}],"curies":[{"name":"wp","href":"https:\/\/api.w.org\/{rel}","templated":true}]}}