{"id":41200,"date":"2024-03-08T13:30:28","date_gmt":"2024-03-08T13:30:28","guid":{"rendered":"https:\/\/www.filex.nl\/product\/block-french-socket\/"},"modified":"2025-04-30T08:59:28","modified_gmt":"2025-04-30T08:59:28","slug":"block-franzoesische-steckdose","status":"publish","type":"product","link":"https:\/\/www.filex.nl\/de\/produkt\/block-franzoesische-steckdose\/","title":{"rendered":"Block (Franz\u00f6sische Steckdose)"},"content":{"rendered":"<p>Der moderne Arbeitsplatz kommt ohne Stromversorgungen nicht mehr aus. Ob f\u00fcr den Sitz-\/Steharbeitsplatz, den normalen Schreibtisch oder f\u00fcr die IT-Ausstattung; Sie k\u00f6nnen nicht mehr darauf verzichten. Jetzt fragen Sie sich wahrscheinlich: Wie viele Steckdosen brauchen Sie? Sowohl f\u00fcr jetzt als auch f\u00fcr die Zukunft. Deshalb ist neben der Qualit\u00e4t auch die Flexibilit\u00e4t sehr w\u00fcnschenswert. Unsere Steckdosenleisten werden mit gr\u00f6\u00dfter Sorgfalt hergestellt und ausgiebig getestet, bevor sie das Werk verlassen. Selbstverst\u00e4ndlich tragen sie immer ein CE-Zeichen und entsprechen den aktuell g\u00fcltigen Anforderungen und Zertifikaten.<\/p>\n<p>Alle unsere Steckdosenleisten verf\u00fcgen \u00fcber einen <span data-teams=\"true\">3-poliger Steckverbinder<\/span>-Eingang und -Ausgang. So k\u00f6nnen Sie beliebig lange Stromanschluss- oder Koppelkabel direkt anschlie\u00dfen (bei Bedarf mit einem <span data-teams=\"true\">3-poliger Steckverbinder<\/span>-Splitter) und behalten alle Flexibilit\u00e4t. Die Steckdoseneinheiten k\u00f6nnen mit dem mitgelieferten Montageset direkt unter der Arbeitsplatte montiert, aber nat\u00fcrlich auch im Kabelkanal platziert werden.<\/p>\n<p>Die Filex Block-French-Steckdosen aus Aluminium sind in folgenden Anschlussvarianten erh\u00e4ltlich:<br \/>\n&#8211; 3 x franz\u00f6sische Steckdosenverbindung;<br \/>\n&#8211; 4 x franz\u00f6sische Steckdosenverbindung;<br \/>\n&#8211; 5 x franz\u00f6sische Steckdosenverbindung;<br \/>\n&#8211; 6 x Franz\u00f6sische Steckdosenverbindung;<\/p>\n<p>Ihre derzeitige Wahl beim Kauf dieses Produkts ist: 3 x French socket connection.<br \/>\nVergessen Sie nicht, ein Verbindungskabel oder Kupplungskabel in der richtigen L\u00e4nge zu kaufen?<\/p>\n","protected":false},"excerpt":{"rendered":"<p>Filex Block Strombl\u00f6cke mit franz\u00f6sischer Steckdose! Unverzichtbar an jedem Arbeitsplatz. Einfach zu verwenden als Unterbau-Stromversorgung in jeder Situation oder f\u00fcr den Kabelkanal Ihres Arbeitsplatzes. Erh\u00e4ltlich in 3- bis 6-facher Ausf\u00fchrung.<\/p>\n","protected":false},"featured_media":41141,"template":"","meta":{"_acf_changed":false},"product_brand":[],"product_cat":[567,574,584],"product_tag":[],"class_list":{"0":"post-41200","1":"product","2":"type-product","3":"status-publish","4":"has-post-thumbnail","6":"product_cat-elektrifizierung","7":"product_cat-onderbouw-de","8":"product_cat-stekkerblokken-de","10":"first","11":"instock","12":"shipping-taxable","13":"purchasable","14":"product-type-variable","15":"has-default-attributes"},"acf":[],"_links":{"self":[{"href":"https:\/\/www.filex.nl\/de\/wp-json\/wp\/v2\/product\/41200","targetHints":{"allow":["GET"]}}],"collection":[{"href":"https:\/\/www.filex.nl\/de\/wp-json\/wp\/v2\/product"}],"about":[{"href":"https:\/\/www.filex.nl\/de\/wp-json\/wp\/v2\/types\/product"}],"wp:featuredmedia":[{"embeddable":true,"href":"https:\/\/www.filex.nl\/de\/wp-json\/wp\/v2\/media\/41141"}],"wp:attachment":[{"href":"https:\/\/www.filex.nl\/de\/wp-json\/wp\/v2\/media?parent=41200"}],"wp:term":[{"taxonomy":"product_brand","embeddable":true,"href":"https:\/\/www.filex.nl\/de\/wp-json\/wp\/v2\/product_brand?post=41200"},{"taxonomy":"product_cat","embeddable":true,"href":"https:\/\/www.filex.nl\/de\/wp-json\/wp\/v2\/product_cat?post=41200"},{"taxonomy":"product_tag","embeddable":true,"href":"https:\/\/www.filex.nl\/de\/wp-json\/wp\/v2\/product_tag?post=41200"}],"curies":[{"name":"wp","href":"https:\/\/api.w.org\/{rel}","templated":true}]}}