{"id":41223,"date":"2024-03-08T14:12:09","date_gmt":"2024-03-08T14:12:09","guid":{"rendered":"https:\/\/www.filex.nl\/product\/keystone-kabeldoorvoer\/"},"modified":"2024-03-08T14:24:03","modified_gmt":"2024-03-08T14:24:03","slug":"keystone-kabeldurchfuehrung","status":"publish","type":"product","link":"https:\/\/www.filex.nl\/de\/produkt\/keystone-kabeldurchfuehrung\/","title":{"rendered":"Keystone-Kabeldurchf\u00fchrung"},"content":{"rendered":"<p>Filex-Keystone-Module: unverzichtbar!<\/p>\n<p>Keystone-Module k\u00f6nnen beispielsweise bei der Serie Filex Desk Up\u00ae 1.0 oder 2.0 in leere Slots eingesetzt werden.<\/p>\n<p>Aus Sicherheitsgr\u00fcnden sind alle Stromanschl\u00fcsse und USB-Aufladestellen immer fest installiert, aber wenn Sie gerne auch einen Passthrough haben wollen, k\u00f6nnen Sie in einen der leeren Keystone-Slots ein Keystone-Modul einsetzen.<\/p>\n<p>Dieses Modul kann verwendet werden, um die Kabel auf Ihrem Schreibtisch zu verstecken.<\/p>\n<p>Dank der Standardma\u00dfe l\u00e4sst es sich bei der Montage einfach einstecken.<\/p>\n<p>Lieferbar in den Farben Schwarz und Wei\u00df.<\/p>\n","protected":false},"excerpt":{"rendered":"<p>Die Keystone-Module von Filex! Unverzichtbar an jedem Arbeitsplatz mit Elektrifizierungseinheit. Wenn Sie dieses Keystone-Modul in den freien Keystone-Slot in Ihrer Elektrifizierungseinheit einsetzen, bleiben Sie in Ihren M\u00f6glichkeiten flexibel!<\/p>\n","protected":false},"featured_media":41210,"template":"","meta":{"_acf_changed":false},"product_brand":[],"product_cat":[567,571],"product_tag":[],"class_list":{"0":"post-41223","1":"product","2":"type-product","3":"status-publish","4":"has-post-thumbnail","6":"product_cat-elektrifizierung","7":"product_cat-keystones-de","8":"pa_kleur-schwarz","9":"pa_kleur-weiss","11":"first","12":"instock","13":"shipping-taxable","14":"purchasable","15":"product-type-variable","16":"has-default-attributes"},"acf":[],"_links":{"self":[{"href":"https:\/\/www.filex.nl\/de\/wp-json\/wp\/v2\/product\/41223","targetHints":{"allow":["GET"]}}],"collection":[{"href":"https:\/\/www.filex.nl\/de\/wp-json\/wp\/v2\/product"}],"about":[{"href":"https:\/\/www.filex.nl\/de\/wp-json\/wp\/v2\/types\/product"}],"wp:featuredmedia":[{"embeddable":true,"href":"https:\/\/www.filex.nl\/de\/wp-json\/wp\/v2\/media\/41210"}],"wp:attachment":[{"href":"https:\/\/www.filex.nl\/de\/wp-json\/wp\/v2\/media?parent=41223"}],"wp:term":[{"taxonomy":"product_brand","embeddable":true,"href":"https:\/\/www.filex.nl\/de\/wp-json\/wp\/v2\/product_brand?post=41223"},{"taxonomy":"product_cat","embeddable":true,"href":"https:\/\/www.filex.nl\/de\/wp-json\/wp\/v2\/product_cat?post=41223"},{"taxonomy":"product_tag","embeddable":true,"href":"https:\/\/www.filex.nl\/de\/wp-json\/wp\/v2\/product_tag?post=41223"}],"curies":[{"name":"wp","href":"https:\/\/api.w.org\/{rel}","templated":true}]}}