{"id":42975,"date":"2024-05-24T15:21:02","date_gmt":"2024-05-24T15:21:02","guid":{"rendered":"https:\/\/www.filex.nl\/product\/galaxy-direct-connect-crossbar-maximaal-3-x-27-inch-zwart\/"},"modified":"2024-10-18T15:43:07","modified_gmt":"2024-10-18T15:43:07","slug":"galaxy-direct-connect-crossbar-bis-zu-3-x-27-zoll-schwarz","status":"publish","type":"product","link":"https:\/\/www.filex.nl\/de\/produkt\/galaxy-direct-connect-crossbar-bis-zu-3-x-27-zoll-schwarz\/","title":{"rendered":"Galaxy Direct-Connect Crossbar (bis zu 3 x 27 Zoll) &#8211; Schwarz"},"content":{"rendered":"<p>Die Filex Galaxy Direct-Connect Crossbar f\u00fcr 3 Bildschirme!<\/p>\n<p>Diese flexible Galaxy Direct-Connect Crossbar verwandelt einen einzelnen Monitorarm f\u00fcr 1 oder 2 Bildschirme in eine optimale ergonomische L\u00f6sung f\u00fcr 3 Bildschirme auf die wirtschaftlichste Weise!<\/p>\n<p>Sie setzen diese Crossbar einfach auf einen Monitorarm f\u00fcr 1 Bildschirm, ohne einen Galaxy VESA-Kopf f\u00fcr Crossbar zu kaufen! Der Name sagt es schon: Direct-Connect! Der entsprechende VESA-Kopf, den Sie auf Ihren Monitorarm montieren, wird standardm\u00e4\u00dfig mitgeliefert. Diese Crossbar hat auch 2 bewegliche Teile, mit denen Sie genau den richtigen Blickwinkel einstellen und Ihre Bildschirme in einer Schale positionieren k\u00f6nnen.<\/p>\n<p>Die Crossbar ist Teil der Galaxy-Familie und kann daher an jeder Konfiguration des modularen Galaxy-Monitorarms angebracht werden!<\/p>\n<p>Nach der Montage k\u00f6nnen die Bildschirme (bis zu 27 Zoll bei Verwendung dieser Crossbar) vom Benutzer mit Hilfe der standardm\u00e4\u00dfigen VESA-Schnellverschl\u00fcsse in jede beliebige Position gebracht werden.<\/p>\n<p>Mit dem mitgelieferten und verstellbaren Griff an der Crossbar k\u00f6nnen Sie die Crossbar leicht in eine andere Position bringen, ohne Fingerabdr\u00fccke auf Ihren Bildschirmen zu hinterlassen!<\/p>\n","protected":false},"excerpt":{"rendered":"<p>Die Filex Galaxy Direct-Connect Crossbar f\u00fcr bis zu 3 x Ein-Zoll-Monitore! Eine einfache Erweiterungsm\u00f6glichkeit, um nicht nur 1, sondern 2 oder sogar 3 Monitore zu verwenden! Die biegsamen Abschnitte erm\u00f6glichen es Ihnen, genau den gew\u00fcnschten Blickwinkel einzustellen. Durch einfaches Hinzuf\u00fcgen dieser Crossbar zu Ihrem modularen Galaxy-Monitorarm, ohne den Kauf eines VESA-Kopfes f\u00fcr Crossbar, haben Sie bereits alles!<\/p>\n","protected":false},"featured_media":52573,"template":"","meta":{"_acf_changed":false},"product_brand":[],"product_cat":[622,532,539,649],"product_tag":[],"class_list":{"0":"post-42975","1":"product","2":"type-product","3":"status-publish","4":"has-post-thumbnail","6":"product_cat-galaxy-komponenten","7":"product_cat-bestatigungen-optionen","8":"product_cat-quertrager","9":"product_cat-galaxy-serie-de","10":"pa_ean-code-8719747109120-de","11":"pa_kleur-schwarz","13":"first","14":"instock","15":"shipping-taxable","16":"product-type-simple"},"acf":[],"_links":{"self":[{"href":"https:\/\/www.filex.nl\/de\/wp-json\/wp\/v2\/product\/42975","targetHints":{"allow":["GET"]}}],"collection":[{"href":"https:\/\/www.filex.nl\/de\/wp-json\/wp\/v2\/product"}],"about":[{"href":"https:\/\/www.filex.nl\/de\/wp-json\/wp\/v2\/types\/product"}],"wp:featuredmedia":[{"embeddable":true,"href":"https:\/\/www.filex.nl\/de\/wp-json\/wp\/v2\/media\/52573"}],"wp:attachment":[{"href":"https:\/\/www.filex.nl\/de\/wp-json\/wp\/v2\/media?parent=42975"}],"wp:term":[{"taxonomy":"product_brand","embeddable":true,"href":"https:\/\/www.filex.nl\/de\/wp-json\/wp\/v2\/product_brand?post=42975"},{"taxonomy":"product_cat","embeddable":true,"href":"https:\/\/www.filex.nl\/de\/wp-json\/wp\/v2\/product_cat?post=42975"},{"taxonomy":"product_tag","embeddable":true,"href":"https:\/\/www.filex.nl\/de\/wp-json\/wp\/v2\/product_tag?post=42975"}],"curies":[{"name":"wp","href":"https:\/\/api.w.org\/{rel}","templated":true}]}}