{"id":43003,"date":"2024-05-24T15:30:07","date_gmt":"2024-05-24T15:30:07","guid":{"rendered":"https:\/\/www.filex.nl\/product\/galaxy-direct-connect-vesa-slider-36cm-zwart\/"},"modified":"2024-10-18T15:43:08","modified_gmt":"2024-10-18T15:43:08","slug":"galaxy-direct-connect-vesa-slider-36cm-schwarz","status":"publish","type":"product","link":"https:\/\/www.filex.nl\/de\/produkt\/galaxy-direct-connect-vesa-slider-36cm-schwarz\/","title":{"rendered":"Galaxy Direct-Connect VESA Slider (36cm) &#8211; Schwarz"},"content":{"rendered":"<p>Der Filex Galaxy Direct-Connect VESA-Schieberegler! F\u00fcr die optimale Anpassung an verschiedene Monitorgr\u00f6\u00dfen hat Filex den VESA-Slider entwickelt. Der Filex VESA-Slider ist direkt universell einsetzbar und kann auf jede markt\u00fcbliche VESA-Halterung (75 x 75 und 100 x 100) aufgesetzt werden.<\/p>\n<p>Mit dem VESA Slider k\u00f6nnen Sie den Bildschirm stufenlos von links nach rechts verschieben, um die richtige ergonomische Position und\/oder die optimale Position f\u00fcr Ihren Kunden oder sich selbst zu finden. Sie k\u00f6nnen auch einen gr\u00f6\u00dferen Bildschirm kaufen oder mit zwei verschiedenen Monitoren arbeiten, die trotzdem problemlos zusammenpassen. Dank des Direktanschlusses brauchen Sie keinen zus\u00e4tzlichen VESA-Kopf mehr zu bestellen!<\/p>\n<p>Der Filex VESA-Schlitten hat einen Verstellbereich von 36 cm. Au\u00dferdem kann dieser Filex VESA Slider (vertikal platziert) auch in Kombination mit dem Filex Galaxy und auch dem universellen Laptophalter (Artikelnummer 809498) verwendet werden, wodurch die Position des Laptops ebenfalls stufenlos in der H\u00f6he verstellt werden kann. Kurzum: Der Filex VESA Slider darf an keinem Arbeitsplatz mehr fehlen!<\/p>\n","protected":false},"excerpt":{"rendered":"<p>Der Filex Galaxy Direct-Connect VESA-Schieberegler! Vielleicht haben Sie 2 verschiedene Bildschirme oder Sie k\u00f6nnen die Bildschirme nicht richtig zusammenf\u00fcgen. Dann ist dieser Galaxy VESA Slider die L\u00f6sung f\u00fcr Sie! Nichts wird Sie davon abhalten, ein ordentliches Arbeits-Setup damit zu schaffen! Dank des Direct-Connect-Systems m\u00fcssen Sie keinen VESA-Kopf mehr kaufen.<\/p>\n","protected":false},"featured_media":53045,"template":"","meta":{"_acf_changed":false},"product_brand":[],"product_cat":[622,532,548,649],"product_tag":[],"class_list":{"0":"post-43003","1":"product","2":"type-product","3":"status-publish","4":"has-post-thumbnail","6":"product_cat-galaxy-komponenten","7":"product_cat-bestatigungen-optionen","8":"product_cat-vesa-gleitschienen","9":"product_cat-galaxy-serie-de","10":"pa_ean-code-8719747108338-de","11":"pa_kleur-schwarz","13":"first","14":"instock","15":"shipping-taxable","16":"product-type-simple"},"acf":[],"_links":{"self":[{"href":"https:\/\/www.filex.nl\/de\/wp-json\/wp\/v2\/product\/43003","targetHints":{"allow":["GET"]}}],"collection":[{"href":"https:\/\/www.filex.nl\/de\/wp-json\/wp\/v2\/product"}],"about":[{"href":"https:\/\/www.filex.nl\/de\/wp-json\/wp\/v2\/types\/product"}],"wp:featuredmedia":[{"embeddable":true,"href":"https:\/\/www.filex.nl\/de\/wp-json\/wp\/v2\/media\/53045"}],"wp:attachment":[{"href":"https:\/\/www.filex.nl\/de\/wp-json\/wp\/v2\/media?parent=43003"}],"wp:term":[{"taxonomy":"product_brand","embeddable":true,"href":"https:\/\/www.filex.nl\/de\/wp-json\/wp\/v2\/product_brand?post=43003"},{"taxonomy":"product_cat","embeddable":true,"href":"https:\/\/www.filex.nl\/de\/wp-json\/wp\/v2\/product_cat?post=43003"},{"taxonomy":"product_tag","embeddable":true,"href":"https:\/\/www.filex.nl\/de\/wp-json\/wp\/v2\/product_tag?post=43003"}],"curies":[{"name":"wp","href":"https:\/\/api.w.org\/{rel}","templated":true}]}}