{"id":44345,"date":"2024-08-26T20:16:56","date_gmt":"2024-08-26T20:16:56","guid":{"rendered":"https:\/\/www.filex.nl\/product\/kabelsok-40-meter-19mm-zwart\/"},"modified":"2024-10-18T15:43:10","modified_gmt":"2024-10-18T15:43:10","slug":"kabelstrumpf-40-meter-19mm-schwarz","status":"publish","type":"product","link":"https:\/\/www.filex.nl\/de\/produkt\/kabelstrumpf-40-meter-19mm-schwarz\/","title":{"rendered":"Kabelstrumpf 40 Meter (19mm) &#8211; Schwarz"},"content":{"rendered":"<p>Der Cable Sock ist eine optimale und wirtschaftliche L\u00f6sung, wenn es um den Schutz und die B\u00fcndelung von Kabeln geht. Durch das fein gewebte Polyester hat der Cable Sock ein luxuri\u00f6ses Aussehen. Sie k\u00f6nnen den Cable Sock auf die gew\u00fcnschte L\u00e4nge zuschneiden und die H\u00fclle einfach \u00f6ffnen, um die Kabel einzuf\u00fchren. Danach rollt sich der Cable Sock automatisch wieder um die Kabel auf, so dass man alles leicht verstecken kann.<\/p>\n<p>Der Cable Sock wird in einer 40-Meter-Box geliefert und hat einen Durchmesser von 19 mm (geeignet f\u00fcr 3 bis 5 Kabel je nach Dicke). Verf\u00fcgbare Farben: schwarz.<\/p>\n","protected":false},"excerpt":{"rendered":"<p>Der Filex Cable Sock sorgt daf\u00fcr, dass Ihre losen Kabel geb\u00fcndelt werden und nicht mehr sichtbar sind! Der Cable Sock ist einfach zu handhaben, da er selbstaufrollend ist. So k\u00f6nnen Sie die Kabel einfach und ohne Werkzeug in den Cable Sock hinein- und herausnehmen!<\/p>\n","protected":false},"featured_media":44326,"template":"","meta":{"_acf_changed":false},"product_brand":[],"product_cat":[592,2481],"product_tag":[],"class_list":{"0":"post-44345","1":"product","2":"type-product","3":"status-publish","4":"has-post-thumbnail","6":"product_cat-kabelfuhrung","7":"product_cat-kabelfresser","8":"pa_kleur-schwarz","10":"first","11":"instock","12":"shipping-taxable","13":"purchasable","14":"product-type-simple"},"acf":[],"_links":{"self":[{"href":"https:\/\/www.filex.nl\/de\/wp-json\/wp\/v2\/product\/44345","targetHints":{"allow":["GET"]}}],"collection":[{"href":"https:\/\/www.filex.nl\/de\/wp-json\/wp\/v2\/product"}],"about":[{"href":"https:\/\/www.filex.nl\/de\/wp-json\/wp\/v2\/types\/product"}],"wp:featuredmedia":[{"embeddable":true,"href":"https:\/\/www.filex.nl\/de\/wp-json\/wp\/v2\/media\/44326"}],"wp:attachment":[{"href":"https:\/\/www.filex.nl\/de\/wp-json\/wp\/v2\/media?parent=44345"}],"wp:term":[{"taxonomy":"product_brand","embeddable":true,"href":"https:\/\/www.filex.nl\/de\/wp-json\/wp\/v2\/product_brand?post=44345"},{"taxonomy":"product_cat","embeddable":true,"href":"https:\/\/www.filex.nl\/de\/wp-json\/wp\/v2\/product_cat?post=44345"},{"taxonomy":"product_tag","embeddable":true,"href":"https:\/\/www.filex.nl\/de\/wp-json\/wp\/v2\/product_tag?post=44345"}],"curies":[{"name":"wp","href":"https:\/\/api.w.org\/{rel}","templated":true}]}}