{"id":52488,"date":"2025-04-07T14:01:27","date_gmt":"2025-04-07T14:01:28","guid":{"rendered":"https:\/\/www.filex.nl\/?post_type=product&#038;p=52488"},"modified":"2025-04-30T08:53:53","modified_gmt":"2025-04-30T08:53:53","slug":"power-spot80-mm-inkl-1x-usb-a-2x-usb-c-45w-ladefunktion-1x-kabelhalter","status":"publish","type":"product","link":"https:\/\/www.filex.nl\/de\/produkt\/power-spot80-mm-inkl-1x-usb-a-2x-usb-c-45w-ladefunktion-1x-kabelhalter\/","title":{"rendered":"Power-Spot\u00ae80 mm &#8211; Inkl. 1x USB A + 2x USB-C (45W) Ladefunktion, 1x Kabelhalter"},"content":{"rendered":"<ul>\n<li>Runde In-Desk-Elektrifizierungsl\u00f6sung f\u00fcr einfachen Zugang zu Ladeger\u00e4ten<\/li>\n<li>Einheit enth\u00e4lt: 1 x 230V-Steckdose (Typ F), 1 x USB-A-Anschluss und 2 x USB-C<\/li>\n<li>USB-C-Anschluss l\u00e4dt mit bis zu 45W, USB-A mit bis zu 18W<\/li>\n<li>Ein USB-C-Anschluss erm\u00f6glicht Datentransfer (separates Kabel erforderlich)<\/li>\n<li>Einbau in ein Tischloch mit \u00f880 mm<\/li>\n<li>Lieferung mit 1,7 m festem Anschlusskabel mit <span data-teams=\"true\">3-poliger Steckverbinder<\/span><\/li>\n<li>Erh\u00e4ltlich in Schwarz oder Wei\u00df<\/li>\n<li>Robuste Konstruktion mit 5 Jahren Garantie<\/li>\n<\/ul>\n","protected":false},"excerpt":{"rendered":"<ul>\n<li>In Desk \u00f880 mm Power-Spot<\/li>\n<li>Laden \u00fcber 230V-Steckdose (Typ F), 1 x USB-A\/C und USB-C-Daten<\/li>\n<li>Inklusive Kabelhalter zur Erg\u00e4nzung eines separaten Kabels\/Ausgangs<\/li>\n<\/ul>\n","protected":false},"featured_media":51696,"template":"","meta":{"_acf_changed":false},"product_brand":[],"product_cat":[657,567,568],"product_tag":[],"class_list":{"0":"post-52488","1":"product","2":"type-product","3":"status-publish","4":"has-post-thumbnail","6":"product_cat-power-spot-elektrifizierung","7":"product_cat-elektrifizierung","8":"product_cat-inbouw-de","9":"pa_kleur-schwarz","10":"pa_kleur-weiss","12":"first","13":"instock","14":"shipping-taxable","15":"purchasable","16":"product-type-variable","17":"has-default-attributes"},"acf":[],"_links":{"self":[{"href":"https:\/\/www.filex.nl\/de\/wp-json\/wp\/v2\/product\/52488","targetHints":{"allow":["GET"]}}],"collection":[{"href":"https:\/\/www.filex.nl\/de\/wp-json\/wp\/v2\/product"}],"about":[{"href":"https:\/\/www.filex.nl\/de\/wp-json\/wp\/v2\/types\/product"}],"wp:featuredmedia":[{"embeddable":true,"href":"https:\/\/www.filex.nl\/de\/wp-json\/wp\/v2\/media\/51696"}],"wp:attachment":[{"href":"https:\/\/www.filex.nl\/de\/wp-json\/wp\/v2\/media?parent=52488"}],"wp:term":[{"taxonomy":"product_brand","embeddable":true,"href":"https:\/\/www.filex.nl\/de\/wp-json\/wp\/v2\/product_brand?post=52488"},{"taxonomy":"product_cat","embeddable":true,"href":"https:\/\/www.filex.nl\/de\/wp-json\/wp\/v2\/product_cat?post=52488"},{"taxonomy":"product_tag","embeddable":true,"href":"https:\/\/www.filex.nl\/de\/wp-json\/wp\/v2\/product_tag?post=52488"}],"curies":[{"name":"wp","href":"https:\/\/api.w.org\/{rel}","templated":true}]}}