{"id":52938,"date":"2025-04-09T06:26:16","date_gmt":"2025-04-09T06:26:17","guid":{"rendered":"https:\/\/www.filex.nl\/?post_type=product&#038;p=52938"},"modified":"2025-04-30T08:24:13","modified_gmt":"2025-04-30T08:24:13","slug":"galaxy-halterung-fuer-systemschiene-arbeitsplatz","status":"publish","type":"product","link":"https:\/\/www.filex.nl\/de\/produkt\/galaxy-halterung-fuer-systemschiene-arbeitsplatz\/","title":{"rendered":"Galaxy-Halterung f\u00fcr Systemschiene\/Arbeitsplatz"},"content":{"rendered":"<ul>\n<li>Nahtlose Integration mit Schreibtischen mit Systemschiene f\u00fcr eine stabile Monitorarm-Befestigung<\/li>\n<li>Kompaktes, aber robustes Design f\u00fcr eine platzsparende Montage<\/li>\n<li>Kompatibel mit dem Galaxy Modular-System f\u00fcr eine ma\u00dfgeschneiderte Arbeitsplatzl\u00f6sung<\/li>\n<li>Verbessert die Ergonomie durch optimale Bildschirmpositionierung<\/li>\n<li>Unterst\u00fctzt mehrere Monitorarm-Konfigurationen f\u00fcr flexible Arbeitspl\u00e4tze<\/li>\n<li>Schnelle und einfache Installation mit sicherem Halt<\/li>\n<li>Schafft Ordnung auf dem Schreibtisch, indem Monitore von der Oberfl\u00e4che entfernt werden<\/li>\n<li>Erh\u00e4ltlich in Schwarz und Wei\u00df<\/li>\n<\/ul>\n","protected":false},"excerpt":{"rendered":"<ul>\n<li>Kleine Halterung, die an den meisten Schienensystemen montiert werden kann<\/li>\n<li>Perfekte Monitorarm-Konfiguration mit Galaxy erstellen<\/li>\n<li>Universelle Passform<\/li>\n<\/ul>\n","protected":false},"featured_media":56663,"template":"","meta":{"_acf_changed":false},"product_brand":[],"product_cat":[622,532,649,652,663],"product_tag":[],"class_list":{"0":"post-52938","1":"product","2":"type-product","3":"status-publish","4":"has-post-thumbnail","6":"product_cat-galaxy-komponenten","7":"product_cat-bestatigungen-optionen","8":"product_cat-galaxy-serie-de","9":"product_cat-galaxy-toolbars-de","10":"product_cat-systemschienen","11":"pa_kleur-schwarz","12":"pa_kleur-silber","13":"pa_kleur-weiss","15":"first","16":"instock","17":"shipping-taxable","18":"purchasable","19":"product-type-variable","20":"has-default-attributes"},"acf":[],"_links":{"self":[{"href":"https:\/\/www.filex.nl\/de\/wp-json\/wp\/v2\/product\/52938","targetHints":{"allow":["GET"]}}],"collection":[{"href":"https:\/\/www.filex.nl\/de\/wp-json\/wp\/v2\/product"}],"about":[{"href":"https:\/\/www.filex.nl\/de\/wp-json\/wp\/v2\/types\/product"}],"wp:featuredmedia":[{"embeddable":true,"href":"https:\/\/www.filex.nl\/de\/wp-json\/wp\/v2\/media\/56663"}],"wp:attachment":[{"href":"https:\/\/www.filex.nl\/de\/wp-json\/wp\/v2\/media?parent=52938"}],"wp:term":[{"taxonomy":"product_brand","embeddable":true,"href":"https:\/\/www.filex.nl\/de\/wp-json\/wp\/v2\/product_brand?post=52938"},{"taxonomy":"product_cat","embeddable":true,"href":"https:\/\/www.filex.nl\/de\/wp-json\/wp\/v2\/product_cat?post=52938"},{"taxonomy":"product_tag","embeddable":true,"href":"https:\/\/www.filex.nl\/de\/wp-json\/wp\/v2\/product_tag?post=52938"}],"curies":[{"name":"wp","href":"https:\/\/api.w.org\/{rel}","templated":true}]}}