{"id":52992,"date":"2025-04-09T06:36:13","date_gmt":"2025-04-09T06:36:13","guid":{"rendered":"https:\/\/www.filex.nl\/?post_type=product&#038;p=52992"},"modified":"2025-04-30T08:13:34","modified_gmt":"2025-04-30T08:13:34","slug":"galaxy-universalhalterung-fuer-toolbar-schiene-wand","status":"publish","type":"product","link":"https:\/\/www.filex.nl\/de\/produkt\/galaxy-universalhalterung-fuer-toolbar-schiene-wand\/","title":{"rendered":"Galaxy Universalhalterung f\u00fcr Toolbar\/Schiene\/Wand"},"content":{"rendered":"<ul>\n<li>Vielseitige Halterung zur Befestigung von Monitorarmen an W\u00e4nden, Werkzeugleisten oder Montageschienen<\/li>\n<li>Kompaktes und stabiles Design f\u00fcr platzsparende Installationen<\/li>\n<li>Erm\u00f6glicht ergonomische Monitorpositionierung f\u00fcr h\u00f6here Produktivit\u00e4t<\/li>\n<li>Kompatibel mit Galaxy-Monitorarmen f\u00fcr eine nahtlose Einrichtung<\/li>\n<li>Schnelle und einfache Installation mit sicherem Halt<\/li>\n<li>Hilft, einen aufger\u00e4umten und organisierten Arbeitsplatz zu erhalten<\/li>\n<li>Erh\u00e4ltlich in Schwarz und Wei\u00df<\/li>\n<\/ul>\n","protected":false},"excerpt":{"rendered":"<ul>\n<li>Universelle Halterung zur Befestigung eines Monitorarms an der Wand oder Werkzeugleiste<\/li>\n<li>Multifunktional, klein und kompakt<\/li>\n<li>Konfigurieren Sie einen spezifischen Galaxy-Monitorarm<\/li>\n<\/ul>\n","protected":false},"featured_media":56659,"template":"","meta":{"_acf_changed":false},"product_brand":[],"product_cat":[622,532,649,652,663],"product_tag":[],"class_list":{"0":"post-52992","1":"product","2":"type-product","3":"status-publish","4":"has-post-thumbnail","6":"product_cat-galaxy-komponenten","7":"product_cat-bestatigungen-optionen","8":"product_cat-galaxy-serie-de","9":"product_cat-galaxy-toolbars-de","10":"product_cat-systemschienen","11":"pa_kleur-schwarz","12":"pa_kleur-silber","13":"pa_kleur-weiss","15":"first","16":"instock","17":"shipping-taxable","18":"purchasable","19":"product-type-variable","20":"has-default-attributes"},"acf":[],"_links":{"self":[{"href":"https:\/\/www.filex.nl\/de\/wp-json\/wp\/v2\/product\/52992","targetHints":{"allow":["GET"]}}],"collection":[{"href":"https:\/\/www.filex.nl\/de\/wp-json\/wp\/v2\/product"}],"about":[{"href":"https:\/\/www.filex.nl\/de\/wp-json\/wp\/v2\/types\/product"}],"wp:featuredmedia":[{"embeddable":true,"href":"https:\/\/www.filex.nl\/de\/wp-json\/wp\/v2\/media\/56659"}],"wp:attachment":[{"href":"https:\/\/www.filex.nl\/de\/wp-json\/wp\/v2\/media?parent=52992"}],"wp:term":[{"taxonomy":"product_brand","embeddable":true,"href":"https:\/\/www.filex.nl\/de\/wp-json\/wp\/v2\/product_brand?post=52992"},{"taxonomy":"product_cat","embeddable":true,"href":"https:\/\/www.filex.nl\/de\/wp-json\/wp\/v2\/product_cat?post=52992"},{"taxonomy":"product_tag","embeddable":true,"href":"https:\/\/www.filex.nl\/de\/wp-json\/wp\/v2\/product_tag?post=52992"}],"curies":[{"name":"wp","href":"https:\/\/api.w.org\/{rel}","templated":true}]}}