{"id":53612,"date":"2025-04-09T10:09:16","date_gmt":"2025-04-09T10:09:16","guid":{"rendered":"https:\/\/www.filex.nl\/?post_type=product&#038;p=53612"},"modified":"2025-04-30T07:56:36","modified_gmt":"2025-04-30T07:56:36","slug":"desk-up-2-0-1x-230v-mit-usb-a-c-30w","status":"publish","type":"product","link":"https:\/\/www.filex.nl\/de\/produkt\/desk-up-2-0-1x-230v-mit-usb-a-c-30w\/","title":{"rendered":"Desk Up\u00ae 2.0 &#8211; 1x 230V mit USB A \/C (30W)"},"content":{"rendered":"<ul>\n<li>Diese moderne Desk Up\u00ae 2.0-Einheit wurde f\u00fcr Benutzerfreundlichkeit entwickelt.<\/li>\n<li>Bietet einfachen Zugang zur Stromversorgung f\u00fcr den Arbeitsplatz.<\/li>\n<li>Ausgestattet mit 1 x 230V-Steckdose (Typ F) und einem Dual-USB-Ladeger\u00e4t, das 1 x USB-A und 1 x USB-C-Anschluss umfasst.<\/li>\n<li>USB-C l\u00e4dt mit bis zu 30 W, schnelles Laden f\u00fcr Mobiltelefone und andere tragbare Ger\u00e4te.<\/li>\n<li>Befestigungseinheit mit zwei Klemmen f\u00fcr Schreibtische bis zu 50 mm Dicke.<\/li>\n<li>Einfache Befestigung von oben \u2013 keine Werkzeuge erforderlich.<\/li>\n<li>Wird mit einem 1 m Kabel und <span data-teams=\"true\"> 3-poliger Steckverbinder<\/span>\u00a0geliefert.<\/li>\n<li>Erh\u00e4ltlich in Schwarz oder Wei\u00df.<\/li>\n<\/ul>\n","protected":false},"excerpt":{"rendered":"<ul>\n<li>Desktop-Elektrifizierungsl\u00f6sung<\/li>\n<li>1 x 230V (Typ F) Steckdose, 1 x USB-A und 1 x USB-C-Anschluss<\/li>\n<li>USB-C l\u00e4dt mit bis zu 30 W auf<\/li>\n<\/ul>\n","protected":false},"featured_media":53578,"template":"","meta":{"_acf_changed":false},"product_brand":[],"product_cat":[639,640,567],"product_tag":[],"class_list":{"0":"post-53612","1":"product","2":"type-product","3":"status-publish","4":"has-post-thumbnail","6":"product_cat-desk-up-2-0-elektrifizierung","7":"product_cat-desk-up-elektrifizierung","8":"product_cat-elektrifizierung","9":"pa_kleur-schwarz","10":"pa_kleur-weiss","12":"first","13":"instock","14":"shipping-taxable","15":"purchasable","16":"product-type-variable","17":"has-default-attributes"},"acf":[],"_links":{"self":[{"href":"https:\/\/www.filex.nl\/de\/wp-json\/wp\/v2\/product\/53612","targetHints":{"allow":["GET"]}}],"collection":[{"href":"https:\/\/www.filex.nl\/de\/wp-json\/wp\/v2\/product"}],"about":[{"href":"https:\/\/www.filex.nl\/de\/wp-json\/wp\/v2\/types\/product"}],"wp:featuredmedia":[{"embeddable":true,"href":"https:\/\/www.filex.nl\/de\/wp-json\/wp\/v2\/media\/53578"}],"wp:attachment":[{"href":"https:\/\/www.filex.nl\/de\/wp-json\/wp\/v2\/media?parent=53612"}],"wp:term":[{"taxonomy":"product_brand","embeddable":true,"href":"https:\/\/www.filex.nl\/de\/wp-json\/wp\/v2\/product_brand?post=53612"},{"taxonomy":"product_cat","embeddable":true,"href":"https:\/\/www.filex.nl\/de\/wp-json\/wp\/v2\/product_cat?post=53612"},{"taxonomy":"product_tag","embeddable":true,"href":"https:\/\/www.filex.nl\/de\/wp-json\/wp\/v2\/product_tag?post=53612"}],"curies":[{"name":"wp","href":"https:\/\/api.w.org\/{rel}","templated":true}]}}