{"id":54509,"date":"2025-04-22T08:12:59","date_gmt":"2025-04-22T08:12:59","guid":{"rendered":"https:\/\/www.filex.nl\/?post_type=product&#038;p=54509"},"modified":"2025-04-30T07:41:52","modified_gmt":"2025-04-30T07:41:52","slug":"power-spot-slide","status":"publish","type":"product","link":"https:\/\/www.filex.nl\/de\/produkt\/power-spot-slide\/","title":{"rendered":"Power-Spot\u00ae Slide"},"content":{"rendered":"<ul>\n<li>Versenkte L\u00f6sung f\u00fcr einfachen Zugang zur Stromversorgung<\/li>\n<li>Ger\u00e4t mit einem Stromanschluss: 1 x 230V-Steckdose (Typ F), 1 x USB-A-Anschluss und 2 x USB-C<\/li>\n<li>USB-C-Anschluss l\u00e4dt bis zu 45 W, USB-A bis zu 18 W<\/li>\n<li>Platzierung in \u00f880mm Loch f\u00fcr Desktop-Durchf\u00fchrung<\/li>\n<li>Wird mit einem 1,7 m langen festen Anschlusskabel mit 3-poligem Stecker geliefert<\/li>\n<li>Erh\u00e4ltlich in Schwarz oder Wei\u00df<\/li>\n<li>5 Jahre Garantie<\/li>\n<\/ul>\n","protected":false},"excerpt":{"rendered":"<p>Einbauger\u00e4t \u00f880mm, Laden \u00fcber 230V Steckdose (Typ F), 1 x USB-A und 2x USB-C Schnellladung bis 45W. Inklusive Kabelhalterung zum Einklemmen eines separaten Kabels.<\/p>\n","protected":false},"featured_media":55220,"template":"","meta":{"_acf_changed":false},"product_brand":[],"product_cat":[657,567,568],"product_tag":[],"class_list":{"0":"post-54509","1":"product","2":"type-product","3":"status-publish","4":"has-post-thumbnail","6":"product_cat-power-spot-elektrifizierung","7":"product_cat-elektrifizierung","8":"product_cat-inbouw-de","9":"pa_kleur-schwarz","10":"pa_kleur-weiss","12":"first","13":"instock","14":"shipping-taxable","15":"purchasable","16":"product-type-variable","17":"has-default-attributes"},"acf":[],"_links":{"self":[{"href":"https:\/\/www.filex.nl\/de\/wp-json\/wp\/v2\/product\/54509","targetHints":{"allow":["GET"]}}],"collection":[{"href":"https:\/\/www.filex.nl\/de\/wp-json\/wp\/v2\/product"}],"about":[{"href":"https:\/\/www.filex.nl\/de\/wp-json\/wp\/v2\/types\/product"}],"wp:featuredmedia":[{"embeddable":true,"href":"https:\/\/www.filex.nl\/de\/wp-json\/wp\/v2\/media\/55220"}],"wp:attachment":[{"href":"https:\/\/www.filex.nl\/de\/wp-json\/wp\/v2\/media?parent=54509"}],"wp:term":[{"taxonomy":"product_brand","embeddable":true,"href":"https:\/\/www.filex.nl\/de\/wp-json\/wp\/v2\/product_brand?post=54509"},{"taxonomy":"product_cat","embeddable":true,"href":"https:\/\/www.filex.nl\/de\/wp-json\/wp\/v2\/product_cat?post=54509"},{"taxonomy":"product_tag","embeddable":true,"href":"https:\/\/www.filex.nl\/de\/wp-json\/wp\/v2\/product_tag?post=54509"}],"curies":[{"name":"wp","href":"https:\/\/api.w.org\/{rel}","templated":true}]}}