{"id":27210,"date":"2021-06-18T10:06:48","date_gmt":"2021-06-18T10:06:48","guid":{"rendered":"https:\/\/www.filex.nl\/oplossingen\/tuv-certificering\/"},"modified":"2022-05-01T14:44:56","modified_gmt":"2022-05-01T14:44:56","slug":"tuv-certification","status":"publish","type":"page","link":"https:\/\/www.filex.nl\/en\/solutions\/tuv-certification\/","title":{"rendered":"T\u00dcV Certification"},"content":{"rendered":"<p>[vc_row full_width=&#8221;stretch_row&#8221; parallax=&#8221;content-moving&#8221; css=&#8221;.vc_custom_1643384936911{padding-bottom: 85px !important;}&#8221;][vc_column][vc_row_inner][vc_column_inner css=&#8221;.vc_custom_1624015601177{padding-right: 50px !important;padding-left: 0px !important;}&#8221;]<header class=\"kd-section-title col-lg-12 text-left    \" ><h3 class=\"separator_off\" >In addition to mandatory CE certification, virtually all Filex electrification products are also T\u00dcV-certified! But what does this actually mean and why is it so important?<\/h3><\/header>[vc_custom_heading text=&#8221;Consumers and your clients need security and reliability. Quality marks make it clear at a glance that your organization meets that need.&#8221; font_container=&#8221;tag:h6|font_size:16px|text_align:left&#8221; use_theme_fonts=&#8221;yes&#8221; css_animation=&#8221;none&#8221;][vc_custom_heading text=&#8221;A T\u00dcV hallmark confirms you are supplying a product or service that meets quality criteria and is safe and\/or environmentally responsible. Quality hallmarks, safety hallmarks and environmental hallmarks are therefore the most common types. Ultimately, you also expect reliability from your suppliers and contractors.&#8221; font_container=&#8221;tag:h6|font_size:16px|text_align:left&#8221; use_theme_fonts=&#8221;yes&#8221; css_animation=&#8221;none&#8221;][vc_custom_heading text=&#8221;Hallmarks therefore provide mutual transparency. This trust ensures the risks of doing business can be minimized, with improvement of your organization outside and in as a result. A hallmark can therefore have a positive effect on your clients&#8217; and potential clients&#8217; decision to do business with your company.&#8221; font_container=&#8221;tag:h6|font_size:16px|text_align:left&#8221; use_theme_fonts=&#8221;yes&#8221; css_animation=&#8221;none&#8221;][\/vc_column_inner][\/vc_row_inner][vc_row_inner css=&#8221;.vc_custom_1624016988165{margin-top: 45px !important;margin-bottom: 65px !important;border-top-width: 1px !important;border-bottom-width: 1px !important;padding-top: 45px !important;padding-bottom: 45px !important;border-top-color: rgba(132,132,132,0.15) !important;border-top-style: solid !important;border-bottom-color: rgba(132,132,132,0.15) !important;border-bottom-style: solid !important;}&#8221;][vc_column_inner width=&#8221;1\/3&#8243;]<div class=\"key-icon-box icon-default icon-top cont-center ib-no-effect\" style=\"background-color: transparent;\" ><div class=\"tt-iconbox-customimg img_medium_size\"><img decoding=\"async\" src=\"https:\/\/www.filex.nl\/wp-content\/uploads\/2021\/06\/tuv_gecertificeerd.svg\" class=\"attachment-full\" alt=\"\" \/><\/div><h6 class=\"service-heading\" >T\u00dcV-certified<\/h6><\/div>[\/vc_column_inner][vc_column_inner width=&#8221;1\/3&#8243;]<div class=\"key-icon-box icon-default icon-top cont-center ib-no-effect\" style=\"background-color: transparent;\" ><div class=\"tt-iconbox-customimg img_medium_size\"><img decoding=\"async\" src=\"https:\/\/www.filex.nl\/wp-content\/uploads\/2021\/05\/garantie.svg\" class=\"attachment-full\" alt=\"\" \/><\/div><h6 class=\"service-heading\" >5-year warranty<\/h6><\/div>[\/vc_column_inner][vc_column_inner width=&#8221;1\/3&#8243;]<div class=\"key-icon-box icon-default icon-top cont-center ib-no-effect\" style=\"background-color: transparent;\" ><div class=\"tt-iconbox-customimg img_medium_size\"><img decoding=\"async\" src=\"https:\/\/www.filex.nl\/wp-content\/uploads\/2021\/06\/tuv_elektrificatie.svg\" class=\"attachment-full\" alt=\"\" \/><\/div><h6 class=\"service-heading\" >Safe electrification<\/h6><\/div>[\/vc_column_inner][\/vc_row_inner][vc_row_inner][vc_column_inner css=&#8221;.vc_custom_1624015601177{padding-right: 50px !important;padding-left: 0px !important;}&#8221;][vc_column_text]T\u00dcV Rheinland&#8217;s mission and guiding principle is to achieve sustainable development of safety and quality to meet the challenge that stems from the interaction between man, technology and the environment. Their goal to make lives safer demands strong principles.<br \/>\nT\u00dcV Rheinland is a leading international supplier of technical services. Their goal is to be the world&#8217;s best sustainable and independent supplier of technical services for testing, inspection, certification, advice and training.<\/p>\n<p><strong>T\u00dcV Rheinland is responsible<\/strong><\/p>\n<p>They have been developing solutions to guarantee the safety and quality of the interaction between man, technology and the environment since 1872. They are convinced that social and technological advancements are inextricably linked.[\/vc_column_text][\/vc_column_inner][\/vc_row_inner][\/vc_column][\/vc_row][vc_row full_width=&#8221;stretch_row_content_no_spaces&#8221; equal_height=&#8221;yes&#8221; css=&#8221;.vc_custom_1644175073934{background-color: #f7f7f7 !important;}&#8221; el_class=&#8221;transparent_bg_blocks&#8221;][vc_column width=&#8221;1\/2&#8243; css=&#8221;.vc_custom_1644174855929{background-image: url(https:\/\/www.filex.nl\/wp-content\/uploads\/2021\/06\/filex-tuv-01.jpg?id=7870) !important;background-position: center !important;background-repeat: no-repeat !important;background-size: cover !important;}&#8221; offset=&#8221;vc_col-lg-6 vc_col-md-6 vc_col-xs-12&#8243;][vc_empty_space height=&#8221;200px&#8221;][\/vc_column][vc_column width=&#8221;1\/2&#8243; offset=&#8221;vc_col-lg-6 vc_col-md-6 vc_col-xs-12&#8243;][vc_row_inner css=&#8221;.vc_custom_1624017488588{padding-top: 60px !important;padding-bottom: 60px !important;}&#8221;][vc_column_inner]<div class=\"key-icon-box icon-default  cont-left ib-hover-2\" style=\"background-color: transparent;\" ><div class=\"ib-wrapper\"><h6 class=\"service-heading\" >Integrity<\/h6><p >T\u00dcV Rheinland is incorruptible and acts with integrity. They uphold their values of trust and transparency. They build trust. They align all our efforts with the standards that apply to them. Their decisions are transparent and they communicate them clearly.<\/p><\/div><\/div>[\/vc_column_inner][\/vc_row_inner][\/vc_column][\/vc_row][vc_row full_width=&#8221;stretch_row_content_no_spaces&#8221; equal_height=&#8221;yes&#8221; css=&#8221;.vc_custom_1644175094438{background-color: #f7f7f7 !important;}&#8221; el_class=&#8221;transparent_bg_blocks&#8221;][vc_column width=&#8221;1\/2&#8243; css=&#8221;.vc_custom_1644174942336{padding-top: 0px !important;}&#8221; offset=&#8221;vc_col-lg-6 vc_col-md-6 vc_col-xs-12&#8243;][vc_row_inner css=&#8221;.vc_custom_1624017493554{padding-top: 60px !important;padding-bottom: 60px !important;}&#8221;][vc_column_inner]<div class=\"key-icon-box icon-default  cont-left ib-hover-2\" style=\"background-color: transparent;\" ><div class=\"ib-wrapper\"><h6 class=\"service-heading\" >Excellence<\/h6><p >They achieve excellence in all their processes and products. Only genuinely excellent work gives them satisfaction. Their extensive expertise is a precondition for this. They continue developing our products further with targeted innovations. Safety is their top priority.<\/p><\/div><\/div>[\/vc_column_inner][\/vc_row_inner][\/vc_column][vc_column width=&#8221;1\/2&#8243; offset=&#8221;vc_col-lg-6 vc_col-md-6 vc_col-xs-12&#8243; css=&#8221;.vc_custom_1644174954309{background-image: url(https:\/\/www.filex.nl\/wp-content\/uploads\/2021\/06\/filex-tuv-02.jpg?id=7882) !important;background-position: center !important;background-repeat: no-repeat !important;background-size: cover !important;}&#8221;][vc_empty_space height=&#8221;200px&#8221;][\/vc_column][\/vc_row][vc_row full_width=&#8221;stretch_row_content_no_spaces&#8221; equal_height=&#8221;yes&#8221; css=&#8221;.vc_custom_1644175089919{background-color: #f7f7f7 !important;}&#8221; el_class=&#8221;transparent_bg_blocks&#8221;][vc_column width=&#8221;1\/2&#8243; css=&#8221;.vc_custom_1644174962794{padding-top: 0px !important;background-image: url(https:\/\/www.filex.nl\/wp-content\/uploads\/2021\/06\/filex-tuv-04.jpg?id=7872) !important;background-position: center !important;background-repeat: no-repeat !important;background-size: cover !important;}&#8221; offset=&#8221;vc_col-lg-6 vc_col-md-6 vc_col-xs-12&#8243;][vc_empty_space height=&#8221;200px&#8221;][\/vc_column][vc_column width=&#8221;1\/2&#8243; offset=&#8221;vc_col-lg-6 vc_col-md-6 vc_col-xs-12&#8243;][vc_row_inner css=&#8221;.vc_custom_1624017508890{padding-top: 60px !important;padding-bottom: 60px !important;}&#8221;][vc_column_inner]<div class=\"key-icon-box icon-default  cont-left ib-hover-2\" style=\"background-color: transparent;\" ><div class=\"ib-wrapper\"><h6 class=\"service-heading\" >Skill<\/h6><p >T\u00dcV Rheinland is agile, flexible, and they respond to a changing world quickly. They respond immediately to market developments and to society as a whole. They actively manage their own changes and regard change as an opportunity. They remain flexible and continue to evolve enthusiastically.<\/p><\/div><\/div>[\/vc_column_inner][\/vc_row_inner][\/vc_column][\/vc_row][vc_row full_width=&#8221;stretch_row&#8221; css=&#8221;.vc_custom_1624018560846{padding-top: 100px !important;padding-bottom: 70px !important;}&#8221;][vc_column css=&#8221;.vc_custom_1516029502203{padding-right: 0px !important;padding-left: 0px !important;}&#8221;][vc_row_inner][vc_column_inner css=&#8221;.vc_custom_1624015601177{padding-right: 50px !important;padding-left: 0px !important;}&#8221;][vc_custom_heading text=&#8221;T\u00dcV\u00ae: registered trademark&#8221; font_container=&#8221;tag:h5|text_align:left&#8221; use_theme_fonts=&#8221;yes&#8221; css_animation=&#8221;none&#8221;][vc_column_text]Everyone knows T\u00dcV, in the Netherlands and Germany, and worldwide. For many people, T\u00dcV is justifiably synonymous with neutrally tested quality and safety. If it concerns the desired quality of products and services, you generally think of T\u00dcV. Like T\u00dcV Rheinland\u00ae, T\u00dcV\u00ae is also a registered trademark. It may only be used by T\u00dcV companies. This provides brand protection in the Netherlands, Germany, Europe and many other countries across the whole world. It is therefore guaranteed that in future, people will associate the proven quality of T\u00dcV companies with three familiar letters, and that they will associate T\u00dcV Rheinland with distinct brand engagement: T\u00dcV Rheinland\u00ae.[\/vc_column_text][\/vc_column_inner][\/vc_row_inner][\/vc_column][\/vc_row][vc_row full_width=&#8221;stretch_row&#8221; parallax=&#8221;content-moving&#8221; parallax_speed_bg=&#8221;1.4&#8243; kd_image_overlay_color=&#8221;rgba(0,0,0,0.5)&#8221; kd_image_overlay=&#8221;true&#8221; css=&#8221;.vc_custom_1624011385614{background: #1a1a1a url(https:\/\/www.filex.nl\/wp-content\/uploads\/2021\/06\/oplossingen-banner-scaled.jpg?id=7771);}&#8221;][vc_column css=&#8221;.vc_custom_1516095225433{padding-right: 0px !important;padding-left: 0px !important;}&#8221;][vc_row_inner css=&#8221;.vc_custom_1555673013129{padding-top: 150px !important;padding-bottom: 123px !important;}&#8221;][vc_column_inner width=&#8221;1\/12&#8243; css=&#8221;.vc_custom_1515166784808{padding-top: 50px !important;}&#8221;][\/vc_column_inner][vc_column_inner width=&#8221;4\/12&#8243;]<header class=\"kd-section-title col-lg-12 text-left     vc_custom_1649766947698\" ><h2 class=\"separator_off\" style=\"color: #ffffff;\">Want to remain up to date with our latest news?<\/h2><h6 class=\"subtitle \" style=\"color: #eeeeee;\">Our newsletter keeps you updated on the latest developments and product innovations in the area of workstation and ergonomic solutions.<\/h6><\/header>[\/vc_column_inner][vc_column_inner width=&#8221;1\/12&#8243;][\/vc_column_inner][vc_column_inner width=&#8221;5\/12&#8243;][vc_custom_heading text=&#8221;Subscribe to our newsletter now&#8221; font_container=&#8221;tag:h4|text_align:left|color:%23ffffff&#8221; use_theme_fonts=&#8221;yes&#8221; css_animation=&#8221;none&#8221; css=&#8221;.vc_custom_1649767076516{margin-bottom: 30px !important;}&#8221;]<div class=\"kd-contact-form full-width-cf white-input-bg\" >\n<div class=\"wpcf7 no-js\" id=\"wpcf7-f29350-o1\" lang=\"en-US\" dir=\"ltr\" data-wpcf7-id=\"29350\">\n<div class=\"screen-reader-response\"><p role=\"status\" aria-live=\"polite\" aria-atomic=\"true\"><\/p> <ul><\/ul><\/div>\n<form action=\"\/en\/wp-json\/wp\/v2\/pages\/27210#wpcf7-f29350-o1\" method=\"post\" class=\"wpcf7-form init\" aria-label=\"Contact form\" novalidate=\"novalidate\" data-status=\"init\">\n<div style=\"display: none;\">\n<input type=\"hidden\" name=\"_wpcf7\" value=\"29350\" \/>\n<input type=\"hidden\" name=\"_wpcf7_version\" value=\"6.0.6\" \/>\n<input type=\"hidden\" name=\"_wpcf7_locale\" value=\"en_US\" \/>\n<input type=\"hidden\" name=\"_wpcf7_unit_tag\" value=\"wpcf7-f29350-o1\" \/>\n<input type=\"hidden\" name=\"_wpcf7_container_post\" value=\"0\" \/>\n<input type=\"hidden\" name=\"_wpcf7_posted_data_hash\" value=\"\" \/>\n<input type=\"hidden\" name=\"_wpcf7_recaptcha_response\" value=\"\" \/>\n<\/div>\n<p><span class=\"wpcf7-form-control-wrap\" data-name=\"your-name\"><input size=\"40\" maxlength=\"400\" class=\"wpcf7-form-control wpcf7-text wpcf7-validates-as-required\" aria-required=\"true\" aria-invalid=\"false\" placeholder=\"Your name\" value=\"\" type=\"text\" name=\"your-name\" \/><\/span><br \/>\n<span class=\"wpcf7-form-control-wrap\" data-name=\"your-phone\"><input size=\"40\" maxlength=\"400\" class=\"wpcf7-form-control wpcf7-tel wpcf7-text wpcf7-validates-as-tel\" aria-invalid=\"false\" placeholder=\"Your telephone number\" value=\"\" type=\"tel\" name=\"your-phone\" \/><\/span><br \/>\n<span class=\"wpcf7-form-control-wrap\" data-name=\"your-email\"><input size=\"40\" maxlength=\"400\" class=\"wpcf7-form-control wpcf7-email wpcf7-validates-as-required wpcf7-text wpcf7-validates-as-email\" aria-required=\"true\" aria-invalid=\"false\" placeholder=\"Your email address\" value=\"\" type=\"email\" name=\"your-email\" \/><\/span><br \/>\n<input class=\"wpcf7-form-control wpcf7-submit has-spinner\" type=\"submit\" value=\"Send details\" \/>\n<\/p><div class=\"wpcf7-response-output\" aria-hidden=\"true\"><\/div>\n<\/form>\n<\/div>\n<\/div>[\/vc_column_inner][vc_column_inner width=&#8221;1\/12&#8243;][\/vc_column_inner][\/vc_row_inner][\/vc_column][\/vc_row]<\/p>\n","protected":false},"excerpt":{"rendered":"<p>[vc_row full_width=&#8221;stretch_row&#8221; parallax=&#8221;content-moving&#8221; css=&#8221;.vc_custom_1643384936911{padding-bottom: 85px !important;}&#8221;][vc_column][vc_row_inner][vc_column_inner css=&#8221;.vc_custom_1624015601177{padding-right: 50px !important;padding-left: 0px !important;}&#8221;][vc_custom_heading text=&#8221;Consumers and your clients [&hellip;]<\/p>\n","protected":false},"author":1,"featured_media":13832,"parent":27155,"menu_order":0,"comment_status":"closed","ping_status":"closed","template":"","meta":{"_acf_changed":false,"footnotes":""},"class_list":["post-27210","page","type-page","status-publish","has-post-thumbnail","hentry"],"acf":[],"_links":{"self":[{"href":"https:\/\/www.filex.nl\/en\/wp-json\/wp\/v2\/pages\/27210","targetHints":{"allow":["GET"]}}],"collection":[{"href":"https:\/\/www.filex.nl\/en\/wp-json\/wp\/v2\/pages"}],"about":[{"href":"https:\/\/www.filex.nl\/en\/wp-json\/wp\/v2\/types\/page"}],"author":[{"embeddable":true,"href":"https:\/\/www.filex.nl\/en\/wp-json\/wp\/v2\/users\/1"}],"replies":[{"embeddable":true,"href":"https:\/\/www.filex.nl\/en\/wp-json\/wp\/v2\/comments?post=27210"}],"version-history":[{"count":5,"href":"https:\/\/www.filex.nl\/en\/wp-json\/wp\/v2\/pages\/27210\/revisions"}],"predecessor-version":[{"id":29419,"href":"https:\/\/www.filex.nl\/en\/wp-json\/wp\/v2\/pages\/27210\/revisions\/29419"}],"up":[{"embeddable":true,"href":"https:\/\/www.filex.nl\/en\/wp-json\/wp\/v2\/pages\/27155"}],"wp:featuredmedia":[{"embeddable":true,"href":"https:\/\/www.filex.nl\/en\/wp-json\/wp\/v2\/media\/13832"}],"wp:attachment":[{"href":"https:\/\/www.filex.nl\/en\/wp-json\/wp\/v2\/media?parent=27210"}],"curies":[{"name":"wp","href":"https:\/\/api.w.org\/{rel}","templated":true}]}}