{"id":27145,"date":"2018-10-22T13:46:39","date_gmt":"2018-10-22T13:46:39","guid":{"rendered":"https:\/\/www.filex.nl\/ergonomie\/"},"modified":"2025-01-24T20:21:24","modified_gmt":"2025-01-24T20:21:24","slug":"ergonomie","status":"publish","type":"page","link":"https:\/\/www.filex.nl\/fr\/ergonomie\/","title":{"rendered":"Ergonomie"},"content":{"rendered":"<p>[vc_row full_width=&#8221;stretch_row&#8221; parallax=&#8221;content-moving&#8221;][vc_column]<header class=\"kd-section-title col-lg-12 text-left  kd-animated fadeIn  \" data-animation-delay=200><h3 class=\"separator_off\" >Ergonomie du poste de travail sur \u00e9cran<\/h3><\/header>[vc_row_inner][vc_column_inner css=&#8221;.vc_custom_1624015601177{padding-right: 50px !important;padding-left: 0px !important;}&#8221;][vc_column_text]Dans un monde id\u00e9al, chaque poste de travail serait pourvu de bons \u00e9quipements et de mat\u00e9riel agr\u00e9able pour cr\u00e9er un poste de travail de qualit\u00e9 et ergonomique. Un bon poste de travail emp\u00eache l&#8217;apparition de douleurs physiques. Il contribue aussi \u00e0 la sant\u00e9 mentale. Il est conseill\u00e9 de prendre r\u00e9guli\u00e8rement une pause pour quitter son \u00e9cran, pour ensuite se remettre au travail en meilleure forme, en \u00e9tant plus concentr\u00e9 et cr\u00e9atif. Tout cela augmente la productivit\u00e9 des gens. Mais en quoi consiste exactement un bon poste de travail ? De quoi faut-il tenir compte ? Nous vous aidons \u00e0 r\u00e9pondre \u00e0 ces questions.[\/vc_column_text][\/vc_column_inner][\/vc_row_inner][\/vc_column][\/vc_row][vc_row css=&#8221;.vc_custom_1624629070822{padding-bottom: 65px !important;}&#8221;][vc_column]<header class=\"kd-section-title col-lg-12 text-left     vc_custom_1698681585652\" ><h4 class=\"separator_off\" >1. Table de travail<\/h4><\/header>[vc_column_text]Hauteur de travail : de pr\u00e9f\u00e9rence r\u00e9glable de 60 \u00e0 82 cm et pour des tables assis-debout de 60 \u00e0 125 cm (de 62 \u00e0 120 cm). Placez de pr\u00e9f\u00e9rence la table dans une position neutre (sans \u00e9paules vo\u00fbt\u00e9es). Une table assis-debout est pr\u00e9f\u00e9rable \u00e0 un bureau classique.<br \/>\nUn plan de travail r\u00e9glable entre 60 et 82 cm suffit pour 90% des situations de travail. Les personnes travaillant \u00e0 une table assis-debout doivent prendre des pauses moins souvent (47% en moins) et moins longtemps (57% en moins) du fait que leur fatigue corporelle est mieux g\u00e9r\u00e9e par l&#8217;alternance assis-debout (Dainoff). De ce fait, elles peuvent travailler plus longtemps et dans de meilleures conditions.<br \/>\nIl y a \u00e9galement d&#8217;autres points \u00e0 prendre en compte pour la table de travail. Pensez aux dimensions, qui doivent \u00eatre d&#8217;au moins 120 x 80 cm. Le plan de travail doit \u00eatre antireflets pour ne pas fatiguer les yeux. Et m\u00eame si l&#8217;aspect r\u00e9glable est int\u00e9ressant, le mieux est d&#8217;opter pour un r\u00e9glage \u00e9lectrique et ultra silencieux de la table.<br \/>\nUne table assis-debout \u00e9lectrique facile \u00e0 r\u00e9gler et un entra\u00eenement sont recommand\u00e9s pour veiller \u00e0 ce que les employ\u00e9s utilisent correctement des tables assis-debout (Wilks, 206). Des entra\u00eenements et des rappels \u00e0 se lever, puis \u00e0 s&#8217;asseoir, peuvent \u00eatre donn\u00e9s par des logiciels. En collaboration avec notre partenaire BakkerElkhuizen, nous recommanderions \u2018WORK &amp; MOVE\u2019. C&#8217;est un programme pour donner des entra\u00eenements et des rappels pendant la journ\u00e9e de travail. Via un rapport central en option, il est possible de comprendre l&#8217;utilisation des tables assis-debout et de veiller \u00e0 leur utilisation optimale.[\/vc_column_text]<header class=\"kd-section-title col-lg-12 text-left     vc_custom_1698681632747\" ><h4 class=\"separator_off\" >2. Chaise<\/h4><\/header>[vc_column_text]Selon la norme NEN_EN 1335-1 et de pr\u00e9f\u00e9rence aussi la norme NPR 1813:2003, une chaise doit pouvoir basculer d&#8217;au moins 15\u00b0 vers l&#8217;arri\u00e8re. Une chaise doit \u00eatre confortable et ses dimensions doivent \u00eatre adapt\u00e9es \u00e0 la personne qui l&#8217;utilise. Les chaises de bureau sont r\u00e9glables en raison de la grande diversit\u00e9 de corpulences et de pr\u00e9f\u00e9rences personnelles. Les normes NEN encadrent cela. Une bonne chaise de bureau peut \u00eatre r\u00e9gl\u00e9e en tenant compte des param\u00e8tres ci-dessous. Un autre aspect -tout aussi important- est que le fait d&#8217;\u00eatre assis longtemps dans une seule position peut causer des tensions musculaires. Par cons\u00e9quent, nous pr\u00e9f\u00e9rons des chaises utilisables de diff\u00e9rentes mani\u00e8res, dans diff\u00e9rentes postures. \u00c9tant donn\u00e9 le grand nombre de postes de travail flexibles, il est indispensable de pouvoir r\u00e9gler facilement une chaise dans cet environnement.<br \/>\nSupport de bras : pour travailler sur un ordinateur, les bras doivent \u00eatre bien soutenus par des accoudoirs confortables et r\u00e9glables en hauteur ou \u00e9ventuellement par le plan de travail. Un bon support de bras r\u00e9duit la tension exerc\u00e9e sur le cou (Aaras, 2001, Cook, 1998, Karlqvist, 1998), notamment par une meilleure circulation sanguine (Hagberg M, 1984). De plus, le support de bras r\u00e9duit la fatigue (Arndt, 1983).[\/vc_column_text][vc_row_inner css=&#8221;.vc_custom_1637326530253{margin-top: 100px !important;}&#8221;][vc_column_inner width=&#8221;1\/3&#8243;][vc_column_text]<\/p>\n<table>\n<tbody>\n<tr>\n<td width=\"30%\"><\/td>\n<td align=\"center\" width=\"35%\"><strong>NBN-EN 1335<\/strong><\/td>\n<td align=\"center\" width=\"35%\"><strong>NPR 1813<\/strong><\/td>\n<\/tr>\n<tr>\n<td colspan=\"3\"><strong>Assise<\/strong><\/td>\n<\/tr>\n<tr>\n<td>Hauteur<\/td>\n<td align=\"center\">&lt; 40 &#8211; 51 &gt;<br \/>\nR\u00e9glable &gt; 12 cm<\/td>\n<td align=\"center\">41 &#8211; 55<\/td>\n<\/tr>\n<tr>\n<td>Largeur<\/td>\n<td align=\"center\">40 &gt;<\/td>\n<td align=\"center\">40 &gt;<\/td>\n<\/tr>\n<tr>\n<td>Profondeur<\/td>\n<td align=\"center\">&lt; 40 &#8211; 42 &gt;<br \/>\nR\u00e9glable &gt; 5 cm<\/td>\n<td align=\"center\">38 &#8211; 48<\/td>\n<\/tr>\n<tr>\n<td>Inclinaison<\/td>\n<td align=\"center\">R\u00e9glable de &lt; -2\u00b0 \u00e0 -7\u00b0<br \/>\nInclinable &gt; 6\u00b0<\/td>\n<td align=\"center\">de -7\u00b0 \u00e0 +3\u00b0<\/td>\n<\/tr>\n<\/tbody>\n<\/table>\n<p>[\/vc_column_text][\/vc_column_inner][vc_column_inner width=&#8221;1\/3&#8243;][vc_column_text]<\/p>\n<table>\n<tbody>\n<tr>\n<td width=\"30%\"><\/td>\n<td align=\"center\" width=\"35%\"><strong>NBN-EN 1335<\/strong><\/td>\n<td align=\"center\" width=\"35%\"><strong>NPR 1813<\/strong><\/td>\n<\/tr>\n<tr>\n<td colspan=\"3\"><strong>Dossier<\/strong><\/td>\n<\/tr>\n<tr>\n<td>Hauteur<\/td>\n<td align=\"center\">36 &gt;<\/td>\n<td align=\"center\">37 &gt;<\/td>\n<\/tr>\n<tr>\n<td>Largeur<\/td>\n<td align=\"center\">36 &gt;<\/td>\n<td align=\"center\">36 &#8211; 46<\/td>\n<\/tr>\n<tr>\n<td>Dossier bas<\/td>\n<td align=\"center\">&lt; 17 &#8211; 22 &gt;<\/td>\n<td align=\"center\">17 &#8211; 12<\/td>\n<\/tr>\n<tr>\n<td>Inclinaison<\/td>\n<td align=\"center\">Inclinable &gt; 15\u00b0<\/td>\n<td align=\"center\"><\/td>\n<\/tr>\n<\/tbody>\n<\/table>\n<p>[\/vc_column_text][\/vc_column_inner][vc_column_inner width=&#8221;1\/3&#8243;][vc_column_text]<\/p>\n<table>\n<tbody>\n<tr>\n<td width=\"30%\"><\/td>\n<td align=\"center\" width=\"35%\"><strong>NBN-EN 1335<\/strong><\/td>\n<td align=\"center\" width=\"35%\"><strong>NPR 1813<\/strong><\/td>\n<\/tr>\n<tr>\n<td colspan=\"3\"><strong>Accoudoirs<\/strong><\/td>\n<\/tr>\n<tr>\n<td>Hauteur<\/td>\n<td align=\"center\">Fixe : 20 &#8211; 25<br \/>\nR\u00e9glable &lt; 20 &#8211; 25 &gt;<\/td>\n<td align=\"center\">\/<br \/>\n20 &#8211; 30<\/td>\n<\/tr>\n<tr>\n<td>Largeur<\/td>\n<td align=\"center\">&gt; 4<\/td>\n<td align=\"center\">&gt; 5<\/td>\n<\/tr>\n<tr>\n<td>Espacement<\/td>\n<td align=\"center\">46 &#8211; 51<\/td>\n<td align=\"center\">36 &#8211; 51<\/td>\n<\/tr>\n<tr>\n<td>Longueur<\/td>\n<td align=\"center\">&gt; 20<\/td>\n<td align=\"center\">&gt; 20<\/td>\n<\/tr>\n<tr>\n<td>Distance jusqu&#8217;au bord d&#8217;assise<\/td>\n<td align=\"center\">&gt; 10<\/td>\n<td align=\"center\">&gt; 20<\/td>\n<\/tr>\n<\/tbody>\n<\/table>\n<p>[\/vc_column_text][\/vc_column_inner][\/vc_row_inner]<header class=\"kd-section-title col-lg-12 text-left     vc_custom_1698682184428\" ><h4 class=\"separator_off\" >3. Porte-documents<\/h4><\/header>[vc_column_text]Positionnement des documents : il est recommand\u00e9 d&#8217;aligner les documents avec l&#8217;\u00e9cran et le clavier, dans un plan l\u00e9g\u00e8rement inclin\u00e9. Lors de la lecture ou de la saisie de donn\u00e9es, il faut respecter les m\u00eames aspects que ceux pour l&#8217;angle et la distance de vision. Un plan de travail inclin\u00e9 r\u00e9duit la flexion ou le pivotement (ou la rotation) du cou (Dul 1992) et contribue ainsi \u00e0 une meilleure position du cou, r\u00e9duisant le risque de douleurs.<br \/>\nUn porte-documents met de l&#8217;ordre sur le poste de travail et assure une distance de vision confortable, ce qui est \u00e9galement bon pour les yeux. L&#8217;inconv\u00e9nient d&#8217;un porte-documents est son encombrement. Il faut donc parfois le mettre de c\u00f4t\u00e9 en effectuant des t\u00e2ches bas\u00e9es principalement sur l&#8217;\u00e9criture.[\/vc_column_text][\/vc_column][\/vc_row][vc_row full_width=&#8221;stretch_row_content_no_spaces&#8221; equal_height=&#8221;yes&#8221;][vc_column width=&#8221;1\/2&#8243; css=&#8221;.vc_custom_1737750072440{background-image: url(https:\/\/www.filex.nl\/wp-content\/uploads\/2025\/01\/ergonomie_01.jpg?id=49115) !important;background-position: center !important;background-repeat: no-repeat !important;background-size: cover !important;}&#8221;][vc_empty_space height=&#8221;400px&#8221;][\/vc_column][vc_column width=&#8221;1\/2&#8243; css=&#8221;.vc_custom_1737750082506{background-image: url(https:\/\/www.filex.nl\/wp-content\/uploads\/2025\/01\/ergonomie_02.jpg?id=49119) !important;background-position: center !important;background-repeat: no-repeat !important;background-size: cover !important;}&#8221;][vc_empty_space height=&#8221;400px&#8221;][\/vc_column][\/vc_row][vc_row full_width=&#8221;stretch_row&#8221; parallax=&#8221;content-moving&#8221; css=&#8221;.vc_custom_1624021768318{padding-top: 35px !important;padding-bottom: 45px !important;}&#8221;][vc_column]<header class=\"kd-section-title col-lg-12 text-left     vc_custom_1698682206630\" ><h4 class=\"separator_off\" >4. Repose-pieds<\/h4><\/header>[vc_column_text]Soutien des pieds : un repose-pieds doit r\u00e9pondre \u00e0 la norme DIN 4556. Un repose-pieds est n\u00e9cessaire lorsqu&#8217;il n&#8217;est pas possible de r\u00e9gler le plan de travail en hauteur, ou pas suffisamment. Ce repose-pieds doit faire au moins 45 cm de largeur, 35 cm de profondeur et avoir une plage de r\u00e9glage d&#8217;au moins 11 cm. L&#8217;angle d&#8217;inclinaison de la surface d&#8217;appui doit \u00eatre r\u00e9glable de 5 \u00e0 15 degr\u00e9s (DIN 4556). Pour des postes de travail flexibles, le repose-pieds doit pouvoir \u00eatre r\u00e9gl\u00e9 rapidement et facilement.<br \/>\nUn effet moins connu du repose-pieds est son incidence sur la posture de travail. Le fait d&#8217;avoir les jambes plac\u00e9es vers l&#8217;avant et les pieds soutenus a pour effet de plaquer litt\u00e9ralement votre torse vers l&#8217;arri\u00e8re. En cas de douleurs au bas du dos et d&#8217;instabilit\u00e9, un repose-pieds peut donc offrir un soutien, au propre comme au figur\u00e9. Enfin, la surface d&#8217;appui du repose-pieds est antid\u00e9rapante.[\/vc_column_text]<header class=\"kd-section-title col-lg-12 text-left     vc_custom_1698682301745\" ><h4 class=\"separator_off\" >5. \u00c9cran<\/h4><\/header>[vc_column_text]R\u00e9solution, taille et nombre d&#8217;\u00e9crans : En utilisant plusieurs applications en m\u00eame temps, il est recommand\u00e9 de travailler avec deux \u00e9crans ou avec 1 \u00e9cran large.<\/p>\n<p>Le r\u00e9solution de l&#8217;\u00e9cran indique le nombre de pixels de l&#8217;\u00e9cran ; plus la r\u00e9solution est \u00e9lev\u00e9e (nombre de pixels), plus l&#8217;image sera nette. Il y a toutefois un inconv\u00e9nient : une r\u00e9solution \u00e9lev\u00e9e avec une taille d&#8217;\u00e9cran inchang\u00e9e r\u00e9duit la taille des caract\u00e8res \u00e0 l&#8217;\u00e9cran. La taille des pixels \u00e0 l&#8217;\u00e9cran est \u00e9galement exprim\u00e9e en pixelpitch, qui ne doit \u00eatre inf\u00e9rieur \u00e0 0,25 mm, et qui est de pr\u00e9f\u00e9rence sup\u00e9rieur \u00e0 0,28 mm.<\/p>\n<p>Les principales sp\u00e9cifications sont les suivantes :<\/p>\n<ul>\n<li aria-level=\"1\">Bonne lisibilit\u00e9 (augmentation du contraste : de pr\u00e9f\u00e9rence 1.000:1)<\/li>\n<li aria-level=\"1\">Une image claire (clart\u00e9 : au moins 250 cd\/m2, \u00e9ventuellement sup\u00e9rieure en cas de forte luminosit\u00e9)<\/li>\n<li aria-level=\"1\">Facile \u00e0 r\u00e9gler selon les pr\u00e9f\u00e9rences personnelles<\/li>\n<\/ul>\n<p>Double \u00e9cran ?<\/p>\n<p>Le fait de travailler avec plusieurs \u00e9crans offre une meilleure vue d&#8217;ensemble et r\u00e9duit le nombre de clics \u00e0 effectuer. Des \u00e9tudes scientifiques montrent une augmentation de 10 \u00e0 15% de la productivit\u00e9 et une baisse de 33% des erreurs en cas d&#8217;utilisation de deux ou trois \u00e9crans (Research Productivity and Multiscreen Computer Displays \u2013 Janet Colvin ea). L&#8217;utilisation d&#8217;un \u00e9cran large peut \u00e9galement \u00eatre envisag\u00e9e au lieu de travailler avec deux \u00e9crans.[\/vc_column_text]<header class=\"kd-section-title col-lg-12 text-left     vc_custom_1698682352012\" ><h4 class=\"separator_off\" >6. Placement de l'\u00e9cran<\/h4><\/header>[vc_column_text]Distance de vision : Un bras pour \u00e9cran plat permet \u00e0 chaque utilisateur de r\u00e9gler la bonne distance et hauteur de vision. La distance de vision doit \u00eatre d&#8217;au moins 50 cm, mais de pr\u00e9f\u00e9rence sup\u00e9rieure \u00e0 50 cm. La hauteur des caract\u00e8res d\u00e9termine la distance de vision. La distance de vision est d&#8217;au moins 200 et si possible 150 fois la hauteur des caract\u00e8res (une hauteur des caract\u00e8res de 4 mm correspond donc \u00e0 une distance de vision de 60 cm).<br \/>\nUne distance de vision relativement grande est moins fatigante pour les yeux, car les yeux ne doivent pas s&#8217;accommoder aussi fortement, \u00e0 condition toutefois que les caract\u00e8res \u00e0 l&#8217;\u00e9cran soient agrandis en proportion (Owens and Wold Kelly 1987). Les caract\u00e8res \u00e0 l&#8217;\u00e9cran peuvent parfois \u00eatre agrandis. Ainsi, Word poss\u00e8de une fonction de zoom avant et arri\u00e8re permettant d&#8217;augmenter ou de r\u00e9duire la taille d&#8217;affichage du document actif. De grands caract\u00e8res sont lus plus rapidement que des petits (Tullis et al, 1995). Par cons\u00e9quent, de petits caract\u00e8res \u00e0 l&#8217;\u00e9cran r\u00e9duisent la productivit\u00e9 (Jaschinski-Kurza, 1988).<br \/>\nAngle de vision : Pr\u00e9voyez un angle de vision qui permet une position neutre du cou (donc pas de flexion ou d&#8217;\u00e9tirement du cou). La distance de vision est de pr\u00e9f\u00e9rence la plus \u00e9loign\u00e9e possible, tout en donnant l&#8217;impression de plonger dans l&#8217;ordinateur. En cas d&#8217;utilisation de plusieurs \u00e9crans, l&#8217;angle entre le c\u00f4t\u00e9 ext\u00e9rieur des deux \u00e9crans et le centre des yeux doit \u00eatre de 60 degr\u00e9s maximum.[\/vc_column_text]<a  href=\"https:\/\/www.filex.nl\/fr\/categorie\/bras-de-moniteur\/\"  target=\"_self\"  title=\"\" class=\"tt_button tt_primary_button btn_primary_color  pull-left button-action-link\" ><span class=\"prim_text\">Bekijk al onze monitorarmen<\/span><\/a>[\/vc_column][\/vc_row][vc_row full_width=&#8221;stretch_row_content_no_spaces&#8221; equal_height=&#8221;yes&#8221;][vc_column css=&#8221;.vc_custom_1624021485483{background-image: url(https:\/\/www.filex.nl\/wp-content\/uploads\/2021\/06\/DSC00211-scaled.jpg?id=7838) !important;background-position: center !important;background-repeat: no-repeat !important;background-size: cover !important;}&#8221;][vc_empty_space height=&#8221;400px&#8221;][\/vc_column][\/vc_row][vc_row full_width=&#8221;stretch_row&#8221; parallax=&#8221;content-moving&#8221; css=&#8221;.vc_custom_1624021768318{padding-top: 35px !important;padding-bottom: 45px !important;}&#8221;][vc_column]<header class=\"kd-section-title col-lg-12 text-left     vc_custom_1698682380030\" ><h4 class=\"separator_off\" >7. Support pour ordinateur portable<\/h4><\/header>[vc_column_text]Un clavier compact, une souris, un support pour ordinateur portable et un \u00e9cran externe contribuent \u00e0 l&#8217;utilisation confortable d&#8217;un ordinateur portable. Un support pour ordinateur portable a une incidence positive sur la posture et contribue \u00e0 l&#8217;am\u00e9lioration du confort (Boersma 2003, Lindblad 2003). Pour cr\u00e9er un poste de travail optimal, il est n\u00e9cessaire de brancher un \u00e9cran externe de 19 pouces sur l&#8217;ordinateur portable. Cette option doit \u00eatre envisag\u00e9e en travaillant pendant des p\u00e9riodes prolong\u00e9es (plus de 4 \u00e0 5 heures par jour) sur l&#8217;ordinateur portable.[\/vc_column_text]<a  href=\"https:\/\/www.filex.nl\/fr\/categorie\/fixations-et-options\/support-d-ordinateur\/\"  target=\"_self\"  title=\"\" class=\"tt_button tt_primary_button btn_primary_color  pull-left button-action-link\" ><span class=\"prim_text\">Bekijk onze laptophouders<\/span><\/a>[\/vc_column][\/vc_row][vc_row full_width=&#8221;stretch_row&#8221; parallax=&#8221;content-moving&#8221; css=&#8221;.vc_custom_1643645084887{padding-bottom: 45px !important;}&#8221;][vc_column]<header class=\"kd-section-title col-lg-12 text-left     vc_custom_1698682514778\" ><h4 class=\"separator_off\" >8. Souris<\/h4><\/header>[vc_column_text]Cliquer et faire d\u00e9filer. La souris d&#8217;ordinateur est utilis\u00e9e de mani\u00e8re intensive pendant une journ\u00e9e de travail. En utilisant la souris, il faut \u00e9viter les positions statiques non naturelles (\u00e9tirement\/flexion lat\u00e9rale ou poignet tourn\u00e9 vers l&#8217;int\u00e9rieur). Il est \u00e9galement recommand\u00e9 de placer la souris le plus pr\u00e8s possible du corps.<br \/>\nUne utilisation trop fr\u00e9quente de la souris, positionn\u00e9e trop loin du corps, provoque des douleurs au poignet et \u00e0 l&#8217;avant-bras (Jensen 1998, Fernstorm 1997, Burgess-Limmerick 1999, Armstrom 1994). Le fait de rapprocher la souris du corps diminue la tension exerc\u00e9e sur le cou et les \u00e9paules (Armstrom 1995, Cook 1998, Harvey 1997). Boules de commande et boutons de pointage peuvent engendrer une tension suppl\u00e9mentaire sur le pouce.<br \/>\nEn utilisant la souris, il est important d&#8217;int\u00e9grer de courtes pauses, lesdits \u00ab pit stops \u00bb. Pour cela, retirez votre main de la souris et laissez-la se reposer pendant un peu moins de 10 secondes pour r\u00e9duire la tension de travail.[\/vc_column_text]<header class=\"kd-section-title col-lg-12 text-left     vc_custom_1698682541610\" ><h4 class=\"separator_off\" >9. Clavier<\/h4><\/header>[vc_column_text]Le clavier est un outil de travail important. Une bonne lisibilit\u00e9, des fonctions logiques et une saisie agr\u00e9able garantissent une bonne utilisation. Ce qui vaut pour la souris s&#8217;applique \u00e9galement au clavier : laissez les mains r\u00e9guli\u00e8rement (toutes les 10 minutes) se reposer.<br \/>\nLe clavier : La distance horizontale et verticale entre les touches doit \u00eatre d&#8217;au moins 19 mm. Lors de la frappe sur la touche, il faut entendre et\/ou sentir clairement une r\u00e9troaction. Un clavier compact r\u00e9duit la distance pour atteindre la souris.<br \/>\nLorsque la r\u00e9troaction n&#8217;est pas suffisante, les utilisateurs ont tendance \u00e0 appuyer jusqu&#8217;\u00e0 3,9 fois plus fort que n\u00e9cessaire sur les touches. C&#8217;est un facteur de risque pour le d\u00e9veloppement de douleurs au niveau de l&#8217;avant-bras et de la main (Feuerstein, 1997, Gerard, 1996, 1999). Une autre cons\u00e9quence est que l&#8217;utilisateur commet plus d&#8217;erreurs, ce qui r\u00e9duit la productivit\u00e9 (Feuerstein, 1997, Yoshitake, 1995).<br \/>\nDes claviers compacts (claviers sans pav\u00e9 num\u00e9rique, mais avec une m\u00eame distance entre les touches qu&#8217;un clavier classique) r\u00e9duisent la distance pour atteindre la souris (Cook, 1998), diminuent les tensions exerc\u00e9es sur l&#8217;avant-bras et sont consid\u00e9r\u00e9s comme plus confortables que des claviers classiques (Van Lingen, 2003). Un clavier compact est une alternative valable au clavier de taille classique. Si des donn\u00e9es num\u00e9riques doivent fr\u00e9quemment \u00eatre saisies, il est possible d&#8217;utiliser un pav\u00e9 num\u00e9rique s\u00e9par\u00e9 ou un clavier compact avec un pav\u00e9 num\u00e9rique.<br \/>\nUn clavier bien con\u00e7u peut contribuer \u00e0 la pr\u00e9vention des douleurs (Moore et Svenson, 2003) par un meilleur positionnement des avant-bras et des poignets (Riezenbos, 1997).[\/vc_column_text][vc_column_text el_class=&#8221;bron_tekst&#8221;]Source: BakkerElkhuizen[\/vc_column_text][\/vc_column][\/vc_row][vc_row full_width=&#8221;stretch_row&#8221; parallax=&#8221;content-moving&#8221; parallax_speed_bg=&#8221;1.4&#8243; kd_image_overlay_color=&#8221;rgba(0,0,0,0.5)&#8221; kd_image_overlay=&#8221;true&#8221; css=&#8221;.vc_custom_1636118146547{margin-top: 35px !important;margin-bottom: 0px !important;background-image: url(https:\/\/www.filex.nl\/wp-content\/uploads\/2021\/06\/DSC00752-scaled.jpg?id=7845) !important;}&#8221;][vc_column css=&#8221;.vc_custom_1516095225433{padding-right: 0px !important;padding-left: 0px !important;}&#8221;][vc_row_inner css=&#8221;.vc_custom_1555673013129{padding-top: 150px !important;padding-bottom: 123px !important;}&#8221;][vc_column_inner width=&#8221;1\/12&#8243; css=&#8221;.vc_custom_1515166784808{padding-top: 50px !important;}&#8221;][\/vc_column_inner][vc_column_inner width=&#8221;4\/12&#8243;]<header class=\"kd-section-title col-lg-12 text-left  kd-animated fadeIn   vc_custom_1698682614776\" data-animation-delay=200><h2 class=\"separator_off\" style=\"color: #ffffff;\">Vous avez encore des questions ?<\/h2><h6 class=\"subtitle \" style=\"color: #eeeeee;\">Contactez-nous sans engagement pour discuter de la fa\u00e7on dont nous pouvons vous aider.<\/h6><\/header>[\/vc_column_inner][vc_column_inner width=&#8221;1\/12&#8243;][\/vc_column_inner][vc_column_inner width=&#8221;5\/12&#8243;][vc_custom_heading text=&#8221;&#8221; font_container=&#8221;tag:h4|text_align:left|color:%23ffffff&#8221; use_theme_fonts=&#8221;yes&#8221; css_animation=&#8221;fadeIn&#8221; css=&#8221;.vc_custom_1624023372114{margin-bottom: 30px !important;}&#8221;]<div class=\"kd-contact-form full-width-cf white-input-bg\" >\n<div class=\"wpcf7 no-js\" id=\"wpcf7-f39519-o1\" lang=\"fr-FR\" dir=\"ltr\" data-wpcf7-id=\"39519\">\n<div class=\"screen-reader-response\"><p role=\"status\" aria-live=\"polite\" aria-atomic=\"true\"><\/p> <ul><\/ul><\/div>\n<form action=\"\/fr\/wp-json\/wp\/v2\/pages\/27145#wpcf7-f39519-o1\" method=\"post\" class=\"wpcf7-form init\" aria-label=\"Formulaire de contact\" novalidate=\"novalidate\" data-status=\"init\">\n<div style=\"display: none;\">\n<input type=\"hidden\" name=\"_wpcf7\" value=\"39519\" \/>\n<input type=\"hidden\" name=\"_wpcf7_version\" value=\"6.0.6\" \/>\n<input type=\"hidden\" name=\"_wpcf7_locale\" value=\"fr_FR\" \/>\n<input type=\"hidden\" name=\"_wpcf7_unit_tag\" value=\"wpcf7-f39519-o1\" \/>\n<input type=\"hidden\" name=\"_wpcf7_container_post\" value=\"0\" \/>\n<input type=\"hidden\" name=\"_wpcf7_posted_data_hash\" value=\"\" \/>\n<input type=\"hidden\" name=\"_wpcf7_recaptcha_response\" value=\"\" \/>\n<\/div>\n<p><span class=\"wpcf7-form-control-wrap\" data-name=\"your-name\"><input size=\"40\" maxlength=\"400\" class=\"wpcf7-form-control wpcf7-text wpcf7-validates-as-required\" aria-required=\"true\" aria-invalid=\"false\" placeholder=\"Votre nom\" value=\"\" type=\"text\" name=\"your-name\" \/><\/span><br \/>\n<span class=\"wpcf7-form-control-wrap\" data-name=\"your-phone\"><input size=\"40\" maxlength=\"400\" class=\"wpcf7-form-control wpcf7-tel wpcf7-text wpcf7-validates-as-tel\" aria-invalid=\"false\" placeholder=\"Votre num\u00e9ro de t\u00e9l\u00e9phone\" value=\"\" type=\"tel\" name=\"your-phone\" \/><\/span><br \/>\n<span class=\"wpcf7-form-control-wrap\" data-name=\"your-email\"><input size=\"40\" maxlength=\"400\" class=\"wpcf7-form-control wpcf7-email wpcf7-validates-as-required wpcf7-text wpcf7-validates-as-email\" aria-required=\"true\" aria-invalid=\"false\" placeholder=\"Votre adresse e-mail\" value=\"\" type=\"email\" name=\"your-email\" \/><\/span><br \/>\n<input class=\"wpcf7-form-control wpcf7-submit has-spinner\" type=\"submit\" value=\"Envoyer les donn\u00e9es\" \/>\n<\/p><div class=\"wpcf7-response-output\" aria-hidden=\"true\"><\/div>\n<\/form>\n<\/div>\n<\/div>[\/vc_column_inner][vc_column_inner width=&#8221;1\/12&#8243;][\/vc_column_inner][\/vc_row_inner][\/vc_column][\/vc_row]<\/p>\n","protected":false},"excerpt":{"rendered":"<p>[vc_row full_width=&#8221;stretch_row&#8221; parallax=&#8221;content-moving&#8221;][vc_column][vc_row_inner][vc_column_inner css=&#8221;.vc_custom_1624015601177{padding-right: 50px !important;padding-left: 0px !important;}&#8221;][vc_column_text]Dans un monde id\u00e9al, chaque poste de travail [&hellip;]<\/p>\n","protected":false},"author":1,"featured_media":13833,"parent":0,"menu_order":0,"comment_status":"closed","ping_status":"closed","template":"","meta":{"_acf_changed":false,"footnotes":""},"class_list":["post-27145","page","type-page","status-publish","has-post-thumbnail","hentry"],"acf":[],"_links":{"self":[{"href":"https:\/\/www.filex.nl\/fr\/wp-json\/wp\/v2\/pages\/27145","targetHints":{"allow":["GET"]}}],"collection":[{"href":"https:\/\/www.filex.nl\/fr\/wp-json\/wp\/v2\/pages"}],"about":[{"href":"https:\/\/www.filex.nl\/fr\/wp-json\/wp\/v2\/types\/page"}],"author":[{"embeddable":true,"href":"https:\/\/www.filex.nl\/fr\/wp-json\/wp\/v2\/users\/1"}],"replies":[{"embeddable":true,"href":"https:\/\/www.filex.nl\/fr\/wp-json\/wp\/v2\/comments?post=27145"}],"version-history":[{"count":6,"href":"https:\/\/www.filex.nl\/fr\/wp-json\/wp\/v2\/pages\/27145\/revisions"}],"predecessor-version":[{"id":49123,"href":"https:\/\/www.filex.nl\/fr\/wp-json\/wp\/v2\/pages\/27145\/revisions\/49123"}],"wp:featuredmedia":[{"embeddable":true,"href":"https:\/\/www.filex.nl\/fr\/wp-json\/wp\/v2\/media\/13833"}],"wp:attachment":[{"href":"https:\/\/www.filex.nl\/fr\/wp-json\/wp\/v2\/media?parent=27145"}],"curies":[{"name":"wp","href":"https:\/\/api.w.org\/{rel}","templated":true}]}}