{"id":27163,"date":"2018-10-22T13:45:37","date_gmt":"2018-10-22T13:45:37","guid":{"rendered":"https:\/\/www.filex.nl\/over-ons\/"},"modified":"2025-06-10T09:18:14","modified_gmt":"2025-06-10T09:18:14","slug":"a-propos-de-nous","status":"publish","type":"page","link":"https:\/\/www.filex.nl\/fr\/a-propos-de-nous\/","title":{"rendered":"\u00c0 propos de nous"},"content":{"rendered":"<p>[vc_row css=&#8221;.vc_custom_1643207106080{margin-bottom: 50px !important;}&#8221;][vc_column][vc_custom_heading text=&#8221;Nous sommes Fellowes&#8221; use_theme_fonts=&#8221;yes&#8221;][vc_column_text]Depuis 2023, Filex Workspace Solutions fait partie de Fellowes, une entreprise familiale internationale avec plus de 100 ans d&#8217;exp\u00e9rience dans la cr\u00e9ation de solutions innovantes pour le lieu de travail. Gr\u00e2ce \u00e0 cette acquisition, nous renfor\u00e7ons notre position de sp\u00e9cialiste de l&#8217;ergonomie et du design.<\/p>\n<p>L&#8217;acquisition de Filex Workspace Solutions aux Pays-Bas souligne la strat\u00e9gie de croissance de Fellowes et son engagement \u00e0 offrir une gamme compl\u00e8te de solutions pour un lieu de travail id\u00e9al. Pour la premi\u00e8re fois, Fellowes pr\u00e9sente une gamme enti\u00e8rement int\u00e9gr\u00e9e de bras pour moniteurs, de solutions d&#8217;\u00e9lectrification et de syst\u00e8mes de gestion des c\u00e2bles. Avec cette offre unique, nous visons \u00e0 \u00e9tablir une nouvelle norme pour l&#8217;am\u00e9nagement du lieu de travail id\u00e9al.<\/p>\n<p>Nos produits allient fonctionnalit\u00e9 et esth\u00e9tique de haut niveau et contribuent \u00e0 remodeler les lieux de travail dans le monde entier. Nous sommes pr\u00eats \u00e0 partager nos connaissances et \u00e0 proposer des solutions adapt\u00e9es aux besoins de l&#8217;environnement de travail moderne.[\/vc_column_text][\/vc_column][\/vc_row]<\/p>\n","protected":false},"excerpt":{"rendered":"<p>[vc_row css=&#8221;.vc_custom_1643207106080{margin-bottom: 50px !important;}&#8221;][vc_column][vc_custom_heading text=&#8221;Nous sommes Fellowes&#8221; use_theme_fonts=&#8221;yes&#8221;][vc_column_text]Depuis 2023, Filex Workspace Solutions fait partie de [&hellip;]<\/p>\n","protected":false},"author":1,"featured_media":61007,"parent":0,"menu_order":0,"comment_status":"closed","ping_status":"closed","template":"","meta":{"_acf_changed":false,"footnotes":""},"class_list":["post-27163","page","type-page","status-publish","has-post-thumbnail","hentry"],"acf":[],"_links":{"self":[{"href":"https:\/\/www.filex.nl\/fr\/wp-json\/wp\/v2\/pages\/27163","targetHints":{"allow":["GET"]}}],"collection":[{"href":"https:\/\/www.filex.nl\/fr\/wp-json\/wp\/v2\/pages"}],"about":[{"href":"https:\/\/www.filex.nl\/fr\/wp-json\/wp\/v2\/types\/page"}],"author":[{"embeddable":true,"href":"https:\/\/www.filex.nl\/fr\/wp-json\/wp\/v2\/users\/1"}],"replies":[{"embeddable":true,"href":"https:\/\/www.filex.nl\/fr\/wp-json\/wp\/v2\/comments?post=27163"}],"version-history":[{"count":5,"href":"https:\/\/www.filex.nl\/fr\/wp-json\/wp\/v2\/pages\/27163\/revisions"}],"predecessor-version":[{"id":58668,"href":"https:\/\/www.filex.nl\/fr\/wp-json\/wp\/v2\/pages\/27163\/revisions\/58668"}],"wp:featuredmedia":[{"embeddable":true,"href":"https:\/\/www.filex.nl\/fr\/wp-json\/wp\/v2\/media\/61007"}],"wp:attachment":[{"href":"https:\/\/www.filex.nl\/fr\/wp-json\/wp\/v2\/media?parent=27163"}],"curies":[{"name":"wp","href":"https:\/\/api.w.org\/{rel}","templated":true}]}}