{"id":27187,"date":"2021-11-05T15:47:34","date_gmt":"2021-11-05T15:47:34","guid":{"rendered":"https:\/\/www.filex.nl\/ergonomie\/healthy-workplaces\/"},"modified":"2025-01-24T20:31:58","modified_gmt":"2025-01-24T20:31:58","slug":"postes-de-travail-sains","status":"publish","type":"page","link":"https:\/\/www.filex.nl\/fr\/ergonomie\/postes-de-travail-sains\/","title":{"rendered":"Postes de travail sains"},"content":{"rendered":"<p>[vc_row equal_height=&#8221;yes&#8221; el_class=&#8221;equal_height_blocks&#8221; css=&#8221;.vc_custom_1624631366247{padding-bottom: 45px !important;}&#8221;][vc_column width=&#8221;1\/3&#8243;]<div class=\"kd-photobox  \" ><a href=\"https:\/\/www.filex.nl\/fr\/ergonomie\/postes-de-travail-sains\/stimulez-le-cerveau-de-vos-employes-avec-un-espace-de-travail-enrichi\/\"  title=\"\"><div class=\"photobox-img\"><img loading=\"lazy\" decoding=\"async\" width=\"1600\" height=\"1035\" src=\"https:\/\/www.filex.nl\/wp-content\/uploads\/2025\/01\/healthy_workplaces_brein.jpg\" class=\"attachment-full\" alt=\"\" srcset=\"https:\/\/www.filex.nl\/wp-content\/uploads\/2025\/01\/healthy_workplaces_brein.jpg 1600w, https:\/\/www.filex.nl\/wp-content\/uploads\/2025\/01\/healthy_workplaces_brein-300x194.jpg 300w, https:\/\/www.filex.nl\/wp-content\/uploads\/2025\/01\/healthy_workplaces_brein-1024x662.jpg 1024w, https:\/\/www.filex.nl\/wp-content\/uploads\/2025\/01\/healthy_workplaces_brein-768x497.jpg 768w, https:\/\/www.filex.nl\/wp-content\/uploads\/2025\/01\/healthy_workplaces_brein-1536x994.jpg 1536w, https:\/\/www.filex.nl\/wp-content\/uploads\/2025\/01\/healthy_workplaces_brein-800x518.jpg 800w, https:\/\/www.filex.nl\/wp-content\/uploads\/2025\/01\/healthy_workplaces_brein-64x41.jpg 64w\" sizes=\"auto, (max-width: 1600px) 100vw, 1600px\" \/><\/div><div class=\"phb-content text-left \" >\n                  <h5 >Stimulez le cerveau de vos employ\u00e9s avec un espace de travail enrichi<\/h5>\n                  <p >Vos employ\u00e9s travaillent encore dans un bureau aux murs gris blanc, \u00e9clair\u00e9 par des n\u00e9ons et au mobilier g\u00e9n\u00e9rique ? Selon les neuroscientifiques, il s\u2019agit l\u00e0 d\u2019une occasion manqu\u00e9e. Des \u00e9tudes r\u00e9v\u00e8lent en effet que vous pouvez stimuler le cerveau de vos employ\u00e9s en \u2018enrichissant\u2019 l\u2019espace de travail. Cela permet d\u2019obtenir de meilleures performances au bureau. Dans ce livre blanc, nous vous expliquons comment proc\u00e9der et les avantages que vous en retirerez.<\/p><\/div><\/a><\/div>[\/vc_column][vc_column width=&#8221;1\/3&#8243;]<div class=\"kd-photobox  \" ><a href=\"https:\/\/www.filex.nl\/fr\/ergonomie\/postes-de-travail-sains\/travail-assis-debout-quel-est-le-veritable-impact\/\"  title=\"\"><div class=\"photobox-img\"><img loading=\"lazy\" decoding=\"async\" width=\"1600\" height=\"1067\" src=\"https:\/\/www.filex.nl\/wp-content\/uploads\/2025\/01\/healthy_workplaces_staan_zitten.jpg\" class=\"attachment-full\" alt=\"\" srcset=\"https:\/\/www.filex.nl\/wp-content\/uploads\/2025\/01\/healthy_workplaces_staan_zitten.jpg 1600w, https:\/\/www.filex.nl\/wp-content\/uploads\/2025\/01\/healthy_workplaces_staan_zitten-300x200.jpg 300w, https:\/\/www.filex.nl\/wp-content\/uploads\/2025\/01\/healthy_workplaces_staan_zitten-1024x683.jpg 1024w, https:\/\/www.filex.nl\/wp-content\/uploads\/2025\/01\/healthy_workplaces_staan_zitten-768x512.jpg 768w, https:\/\/www.filex.nl\/wp-content\/uploads\/2025\/01\/healthy_workplaces_staan_zitten-1536x1024.jpg 1536w, https:\/\/www.filex.nl\/wp-content\/uploads\/2025\/01\/healthy_workplaces_staan_zitten-800x534.jpg 800w, https:\/\/www.filex.nl\/wp-content\/uploads\/2025\/01\/healthy_workplaces_staan_zitten-64x43.jpg 64w\" sizes=\"auto, (max-width: 1600px) 100vw, 1600px\" \/><\/div><div class=\"phb-content text-left \" >\n                  <h5 >Travail assis-debout : quel est le v\u00e9ritable impact ?<\/h5>\n                  <p >Le travail assis-debout ne cesse de gagner en popularit\u00e9. Mais quels sont les r\u00e9els effets du travail en alternance assis-debout ? Contribue-t-il uniquement \u00e0 la sant\u00e9 ou \u00e9galement \u00e0 d\u2019autres facteurs ? Cet impact est \u00e9tudi\u00e9 au moyen de diff\u00e9rentes enqu\u00eates men\u00e9es parmi des collaborateurs de centre d'appels.<\/p><\/div><\/a><\/div>[\/vc_column][vc_column width=&#8221;1\/3&#8243;]<div class=\"kd-photobox  \" ><a href=\"https:\/\/www.filex.nl\/fr\/ergonomie\/postes-de-travail-sains\/nouvelle-loi-arbowet\/\"  title=\"\"><div class=\"photobox-img\"><img loading=\"lazy\" decoding=\"async\" width=\"1600\" height=\"1067\" src=\"https:\/\/www.filex.nl\/wp-content\/uploads\/2025\/01\/healthy_workplaces_arbowet.jpg\" class=\"attachment-full\" alt=\"\" srcset=\"https:\/\/www.filex.nl\/wp-content\/uploads\/2025\/01\/healthy_workplaces_arbowet.jpg 1600w, https:\/\/www.filex.nl\/wp-content\/uploads\/2025\/01\/healthy_workplaces_arbowet-300x200.jpg 300w, https:\/\/www.filex.nl\/wp-content\/uploads\/2025\/01\/healthy_workplaces_arbowet-1024x683.jpg 1024w, https:\/\/www.filex.nl\/wp-content\/uploads\/2025\/01\/healthy_workplaces_arbowet-768x512.jpg 768w, https:\/\/www.filex.nl\/wp-content\/uploads\/2025\/01\/healthy_workplaces_arbowet-1536x1024.jpg 1536w, https:\/\/www.filex.nl\/wp-content\/uploads\/2025\/01\/healthy_workplaces_arbowet-800x534.jpg 800w, https:\/\/www.filex.nl\/wp-content\/uploads\/2025\/01\/healthy_workplaces_arbowet-64x43.jpg 64w\" sizes=\"auto, (max-width: 1600px) 100vw, 1600px\" \/><\/div><div class=\"phb-content text-left \" >\n                  <h5 >Nouvelle loi Arbowet<\/h5>\n                  <p >La Loi sur les conditions de travail (Arbowet) a \u00e9t\u00e9 modifi\u00e9e le 1er juillet 2017. Dans la nouvelle loi, employeurs et employ\u00e9s participent davantage \u00e0 la politique sur les conditions de travail. Ces modifications ont une incidence sur l'employeur, l'employ\u00e9, le m\u00e9decin du travail et l'agent de pr\u00e9vention, mais aussi sur l'organe de participation sous la forme d'un comit\u00e9 d'entreprise (CE) ou la repr\u00e9sentation du personnel (RP).<\/p><\/div><\/a><\/div>[\/vc_column][\/vc_row]<\/p>\n","protected":false},"excerpt":{"rendered":"<p>[vc_row equal_height=&#8221;yes&#8221; el_class=&#8221;equal_height_blocks&#8221; css=&#8221;.vc_custom_1624631366247{padding-bottom: 45px !important;}&#8221;][vc_column width=&#8221;1\/3&#8243;][\/vc_column][vc_column width=&#8221;1\/3&#8243;][\/vc_column][vc_column width=&#8221;1\/3&#8243;][\/vc_column][\/vc_row]<\/p>\n","protected":false},"author":1,"featured_media":49141,"parent":27145,"menu_order":0,"comment_status":"closed","ping_status":"closed","template":"","meta":{"_acf_changed":false,"footnotes":""},"class_list":["post-27187","page","type-page","status-publish","has-post-thumbnail","hentry"],"acf":[],"_links":{"self":[{"href":"https:\/\/www.filex.nl\/fr\/wp-json\/wp\/v2\/pages\/27187","targetHints":{"allow":["GET"]}}],"collection":[{"href":"https:\/\/www.filex.nl\/fr\/wp-json\/wp\/v2\/pages"}],"about":[{"href":"https:\/\/www.filex.nl\/fr\/wp-json\/wp\/v2\/types\/page"}],"author":[{"embeddable":true,"href":"https:\/\/www.filex.nl\/fr\/wp-json\/wp\/v2\/users\/1"}],"replies":[{"embeddable":true,"href":"https:\/\/www.filex.nl\/fr\/wp-json\/wp\/v2\/comments?post=27187"}],"version-history":[{"count":7,"href":"https:\/\/www.filex.nl\/fr\/wp-json\/wp\/v2\/pages\/27187\/revisions"}],"predecessor-version":[{"id":49146,"href":"https:\/\/www.filex.nl\/fr\/wp-json\/wp\/v2\/pages\/27187\/revisions\/49146"}],"up":[{"embeddable":true,"href":"https:\/\/www.filex.nl\/fr\/wp-json\/wp\/v2\/pages\/27145"}],"wp:featuredmedia":[{"embeddable":true,"href":"https:\/\/www.filex.nl\/fr\/wp-json\/wp\/v2\/media\/49141"}],"wp:attachment":[{"href":"https:\/\/www.filex.nl\/fr\/wp-json\/wp\/v2\/media?parent=27187"}],"curies":[{"name":"wp","href":"https:\/\/api.w.org\/{rel}","templated":true}]}}