{"id":27190,"date":"2021-11-15T08:46:44","date_gmt":"2021-11-15T08:46:44","guid":{"rendered":"https:\/\/www.filex.nl\/ergonomie\/optimizing-solutions\/"},"modified":"2023-10-30T13:41:42","modified_gmt":"2023-10-30T13:41:42","slug":"solutions-doptimisation","status":"publish","type":"page","link":"https:\/\/www.filex.nl\/fr\/ergonomie\/solutions-doptimisation\/","title":{"rendered":"Solutions d&#8217;optimisation"},"content":{"rendered":"<p>[vc_row][vc_column width=&#8221;3\/4&#8243;][vc_custom_heading text=&#8221;Solutions d&#8217;optimisation&#8221; use_theme_fonts=&#8221;yes&#8221;][vc_column_text]Pour vous donner une meilleure id\u00e9e de ce que nous pouvons vous apporter, nous avons compos\u00e9 une galerie avec toutes sortes de solutions pour le poste de travail. Naturellement, nous vous donnons un conseil personnalis\u00e9. Vous souhaitez plus d&#8217;informations et obtenir un conseil judicieux sur votre poste de travail ?[\/vc_column_text]<a  href=\"https:\/\/www.filex.nl\/fr\/contactez\/\"  target=\"_self\"  title=\"\" class=\"tt_button tt_primary_button btn_primary_color  pull-left button-action-link\" ><span class=\"prim_text\">Contactez-nous directement<\/span><\/a>[\/vc_column][vc_column width=&#8221;1\/4&#8243;][vc_single_image image=&#8221;28859&#8243; img_size=&#8221;&#8221;][\/vc_column][\/vc_row][vc_row css=&#8221;.vc_custom_1643315366028{margin-top: 75px !important;margin-bottom: 100px !important;}&#8221;][vc_column][vc_gallery type=&#8221;image_grid&#8221; images=&#8221;10511,10521,10520,10519,10518,10516,10517,10515,10514,10513,10512,10652&#8243; img_size=&#8221;400&#215;300&#8243; onclick=&#8221;custom_link&#8221; custom_links=&#8221;#E-8_aHR0cHMlM0ElMkYlMkZ3d3cuZmlsZXgubmwlMkZmciUyRmNhdGVnb3JpZSUyRmdyb3VwZXMtZGUtcHJvZHVpdHMlMkZnYWxheHktdG9vbGJhcnMtZnIlMkYlMkNodHRwcyUzQSUyRiUyRnd3dy5maWxleC5ubCUyRmZyJTJGY2F0ZWdvcmllJTJGZ3JvdXBlcy1kZS1wcm9kdWl0cyUyRmdhbGF4eS10b29sYmFycy1mciUyRiUyQ2h0dHBzJTNBJTJGJTJGd3d3LmZpbGV4Lm5sJTJGZnIlMkZjYXRlZ29yaWUlMkZncm91cGVzLWRlLXByb2R1aXRzJTJGZGVzay11cC0xLTAtZWxla3RyaWZpY2F0aWUtZnIlMkYlMkNodHRwcyUzQSUyRiUyRnd3dy5maWxleC5ubCUyRmZyJTJGY2F0ZWdvcmllJTJGZ2VzdGlvbi1kZXMtY2FibGVzJTJGJTJDaHR0cHMlM0ElMkYlMkZ3d3cuZmlsZXgubmwlMkZmciUyRnByb2R1aXQlMkZkZXNrLWluLXNsaWRlJTJGJTJDaHR0cHMlM0ElMkYlMkZ3d3cuZmlsZXgubmwlMkZmciUyRmNhdGVnb3JpZSUyRmdyb3VwZXMtZGUtcHJvZHVpdHMlMkZkZXNrLXVwLTItMC1lbGVrdHJpZmljYXRpZS1mciUyRiUyQ2h0dHBzJTNBJTJGJTJGd3d3LmZpbGV4Lm5sJTJGZnIlMkZwcm9kdWl0cyUyRmdhbGF4eSUyRiUyQ2h0dHBzJTNBJTJGJTJGd3d3LmZpbGV4Lm5sJTJGZnIlMkZwcm9kdWl0JTJGc3VwcG9ydC1kb3JkaW5hdGV1ci1wb3J0YWJsZS1nYWxheHktbm9pciUyRiUyQ2h0dHBzJTNBJTJGJTJGd3d3LmZpbGV4Lm5sJTJGZnIlMkZjYXRlZ29yaWUlMkZnZXN0aW9uLWRlcy1jYWJsZXMlMkYlMkNodHRwcyUzQSUyRiUyRnd3dy5maWxleC5ubCUyRmZyJTJGY2F0ZWdvcmllJTJGZ3JvdXBlcy1kZS1wcm9kdWl0cyUyRmRlc2stdXAtMS0wLWVsZWt0cmlmaWNhdGllLWZyJTJGJTJDaHR0cHMlM0ElMkYlMkZ3d3cuZmlsZXgubmwlMkZmciUyRmNhdGVnb3JpZSUyRmdyb3VwZXMtZGUtcHJvZHVpdHMlMkZicmFzLWRlLW1vbml0ZXVyLWNoaWNhZ28lMkYlMkNodHRwcyUzQSUyRiUyRnd3dy5maWxleC5ubCUyRmZyJTJGY2F0ZWdvcmllJTJGZ3JvdXBlcy1kZS1wcm9kdWl0cyUyRmJyYXMtZGUtbW9uaXRldXItY2hpY2FnbyUyRg==&#8221;][\/vc_column][\/vc_row][vc_row full_width=&#8221;stretch_row&#8221; parallax=&#8221;content-moving&#8221; parallax_speed_bg=&#8221;1.4&#8243; kd_image_overlay_color=&#8221;rgba(0,0,0,0.5)&#8221; kd_image_overlay=&#8221;true&#8221; css=&#8221;.vc_custom_1636118146547{margin-top: 35px !important;margin-bottom: 0px !important;background-image: url(https:\/\/www.filex.nl\/wp-content\/uploads\/2021\/06\/DSC00752-scaled.jpg?id=7845) !important;}&#8221;][vc_column css=&#8221;.vc_custom_1516095225433{padding-right: 0px !important;padding-left: 0px !important;}&#8221;][vc_row_inner css=&#8221;.vc_custom_1555673013129{padding-top: 150px !important;padding-bottom: 123px !important;}&#8221;][vc_column_inner width=&#8221;1\/12&#8243; css=&#8221;.vc_custom_1515166784808{padding-top: 50px !important;}&#8221;][\/vc_column_inner][vc_column_inner width=&#8221;4\/12&#8243;]<header class=\"kd-section-title col-lg-12 text-left  kd-animated fadeIn   vc_custom_1698673114795\" data-animation-delay=200><h2 class=\"separator_off\" style=\"color: #ffffff;\">Vous manquez d'inspiration ?<\/h2><h6 class=\"subtitle \" style=\"color: #eeeeee;\">Contactez-nous pour obtenir un conseil judicieux.<\/h6><\/header>[\/vc_column_inner][vc_column_inner width=&#8221;1\/12&#8243;][\/vc_column_inner][vc_column_inner width=&#8221;5\/12&#8243;][vc_custom_heading text=&#8221;&#8221; font_container=&#8221;tag:h4|text_align:left|color:%23ffffff&#8221; use_theme_fonts=&#8221;yes&#8221; css_animation=&#8221;fadeIn&#8221; css=&#8221;.vc_custom_1624023372114{margin-bottom: 30px !important;}&#8221;]<div class=\"kd-contact-form full-width-cf white-input-bg\" >\n<div class=\"wpcf7 no-js\" id=\"wpcf7-f39519-o1\" lang=\"fr-FR\" dir=\"ltr\" data-wpcf7-id=\"39519\">\n<div class=\"screen-reader-response\"><p role=\"status\" aria-live=\"polite\" aria-atomic=\"true\"><\/p> <ul><\/ul><\/div>\n<form action=\"\/fr\/wp-json\/wp\/v2\/pages\/27190#wpcf7-f39519-o1\" method=\"post\" class=\"wpcf7-form init\" aria-label=\"Formulaire de contact\" novalidate=\"novalidate\" data-status=\"init\">\n<div style=\"display: none;\">\n<input type=\"hidden\" name=\"_wpcf7\" value=\"39519\" \/>\n<input type=\"hidden\" name=\"_wpcf7_version\" value=\"6.0.6\" \/>\n<input type=\"hidden\" name=\"_wpcf7_locale\" value=\"fr_FR\" \/>\n<input type=\"hidden\" name=\"_wpcf7_unit_tag\" value=\"wpcf7-f39519-o1\" \/>\n<input type=\"hidden\" name=\"_wpcf7_container_post\" value=\"0\" \/>\n<input type=\"hidden\" name=\"_wpcf7_posted_data_hash\" value=\"\" \/>\n<input type=\"hidden\" name=\"_wpcf7_recaptcha_response\" value=\"\" \/>\n<\/div>\n<p><span class=\"wpcf7-form-control-wrap\" data-name=\"your-name\"><input size=\"40\" maxlength=\"400\" class=\"wpcf7-form-control wpcf7-text wpcf7-validates-as-required\" aria-required=\"true\" aria-invalid=\"false\" placeholder=\"Votre nom\" value=\"\" type=\"text\" name=\"your-name\" \/><\/span><br \/>\n<span class=\"wpcf7-form-control-wrap\" data-name=\"your-phone\"><input size=\"40\" maxlength=\"400\" class=\"wpcf7-form-control wpcf7-tel wpcf7-text wpcf7-validates-as-tel\" aria-invalid=\"false\" placeholder=\"Votre num\u00e9ro de t\u00e9l\u00e9phone\" value=\"\" type=\"tel\" name=\"your-phone\" \/><\/span><br \/>\n<span class=\"wpcf7-form-control-wrap\" data-name=\"your-email\"><input size=\"40\" maxlength=\"400\" class=\"wpcf7-form-control wpcf7-email wpcf7-validates-as-required wpcf7-text wpcf7-validates-as-email\" aria-required=\"true\" aria-invalid=\"false\" placeholder=\"Votre adresse e-mail\" value=\"\" type=\"email\" name=\"your-email\" \/><\/span><br \/>\n<input class=\"wpcf7-form-control wpcf7-submit has-spinner\" type=\"submit\" value=\"Envoyer les donn\u00e9es\" \/>\n<\/p><div class=\"wpcf7-response-output\" aria-hidden=\"true\"><\/div>\n<\/form>\n<\/div>\n<\/div>[\/vc_column_inner][vc_column_inner width=&#8221;1\/12&#8243;][\/vc_column_inner][\/vc_row_inner][\/vc_column][\/vc_row]<\/p>\n","protected":false},"excerpt":{"rendered":"<p>[vc_row][vc_column width=&#8221;3\/4&#8243;][vc_custom_heading text=&#8221;Solutions d&#8217;optimisation&#8221; use_theme_fonts=&#8221;yes&#8221;][vc_column_text]Pour vous donner une meilleure id\u00e9e de ce que nous pouvons [&hellip;]<\/p>\n","protected":false},"author":1,"featured_media":14695,"parent":27145,"menu_order":0,"comment_status":"closed","ping_status":"closed","template":"","meta":{"_acf_changed":false,"footnotes":""},"class_list":["post-27190","page","type-page","status-publish","has-post-thumbnail","hentry"],"acf":[],"_links":{"self":[{"href":"https:\/\/www.filex.nl\/fr\/wp-json\/wp\/v2\/pages\/27190","targetHints":{"allow":["GET"]}}],"collection":[{"href":"https:\/\/www.filex.nl\/fr\/wp-json\/wp\/v2\/pages"}],"about":[{"href":"https:\/\/www.filex.nl\/fr\/wp-json\/wp\/v2\/types\/page"}],"author":[{"embeddable":true,"href":"https:\/\/www.filex.nl\/fr\/wp-json\/wp\/v2\/users\/1"}],"replies":[{"embeddable":true,"href":"https:\/\/www.filex.nl\/fr\/wp-json\/wp\/v2\/comments?post=27190"}],"version-history":[{"count":8,"href":"https:\/\/www.filex.nl\/fr\/wp-json\/wp\/v2\/pages\/27190\/revisions"}],"predecessor-version":[{"id":39631,"href":"https:\/\/www.filex.nl\/fr\/wp-json\/wp\/v2\/pages\/27190\/revisions\/39631"}],"up":[{"embeddable":true,"href":"https:\/\/www.filex.nl\/fr\/wp-json\/wp\/v2\/pages\/27145"}],"wp:featuredmedia":[{"embeddable":true,"href":"https:\/\/www.filex.nl\/fr\/wp-json\/wp\/v2\/media\/14695"}],"wp:attachment":[{"href":"https:\/\/www.filex.nl\/fr\/wp-json\/wp\/v2\/media?parent=27190"}],"curies":[{"name":"wp","href":"https:\/\/api.w.org\/{rel}","templated":true}]}}