{"id":27193,"date":"2022-02-22T13:33:44","date_gmt":"2022-02-22T13:33:44","guid":{"rendered":"https:\/\/www.filex.nl\/?page_id=27193"},"modified":"2025-01-24T19:30:16","modified_gmt":"2025-01-24T19:30:16","slug":"home","status":"publish","type":"page","link":"https:\/\/www.filex.nl\/fr\/","title":{"rendered":"Home"},"content":{"rendered":"<p>[vc_row full_width=&#8221;stretch_row&#8221;][vc_column][rev_slider_vc alias=&#8221;home-slider&#8221;][\/vc_column][\/vc_row][vc_row css=&#8221;.vc_custom_1644173761447{padding-top: 0px !important;padding-bottom: 35px !important;}&#8221;][vc_column css=&#8221;.vc_custom_1515687105834{padding-right: 0px !important;padding-left: 0px !important;}&#8221;][vc_row_inner equal_height=&#8221;yes&#8221; css=&#8221;.vc_custom_1644173755266{padding-bottom: 40px !important;}&#8221; el_class=&#8221;equal_height_blocks slider_content_blocks&#8221;][vc_column_inner width=&#8221;1\/3&#8243;]<div class=\"key-icon-box icon-default icon-top cont-left ib-hover-2\" style=\"background-color: #ffffff;\" ><a href=\"https:\/\/www.filex.nl\/fr\/categorie\/bras-de-moniteur\/\" target=\"\"><div class=\"ib-wrapper\"><div class=\"tt-iconbox-customimg img_medium_size\"><img decoding=\"async\" src=\"https:\/\/www.filex.nl\/wp-content\/uploads\/2021\/03\/monitorarmen.svg\" class=\"attachment-full\" alt=\"\" \/><\/div><h5 class=\"service-heading\" >Bras de moniteur<\/h5><p >Syst\u00e8mes modulaires \/ 5 ans de garantie \/ fabrication \u00e9cologique<\/p><\/div><\/a><\/div>[\/vc_column_inner][vc_column_inner width=&#8221;1\/3&#8243;]<div class=\"key-icon-box icon-default icon-top cont-left ib-hover-2\" style=\"background-color: #ffffff;\" ><a href=\"https:\/\/www.filex.nl\/fr\/categorie\/electrification\/\" target=\"\"><div class=\"ib-wrapper\"><div class=\"tt-iconbox-customimg img_medium_size\"><img decoding=\"async\" src=\"https:\/\/www.filex.nl\/wp-content\/uploads\/2021\/03\/elektrificatie.svg\" class=\"attachment-full\" alt=\"\" \/><\/div><h5 class=\"service-heading\" >\u00c9lectrification<\/h5><p >Unit\u00e9s en saillie, encastr\u00e9es et en sous-structure \/ Gestion des c\u00e2bles \/ Certifi\u00e9e T\u00dcV<\/p><\/div><\/a><\/div>[\/vc_column_inner][vc_column_inner width=&#8221;1\/3&#8243;]<div class=\"key-icon-box icon-default icon-top cont-left ib-hover-2\" style=\"background-color: #ffffff;\" ><a href=\"https:\/\/www.filex.nl\/fr\/categorie\/supports-pour-unite-centrale\/\" target=\"\"><div class=\"ib-wrapper\"><div class=\"tt-iconbox-customimg img_medium_size\"><img decoding=\"async\" src=\"https:\/\/www.filex.nl\/wp-content\/uploads\/2021\/03\/cpu_houders.svg\" class=\"attachment-full\" alt=\"\" \/><\/div><h5 class=\"service-heading\" >Supports pour unit\u00e9 centrale<\/h5><p >Pour chaque format d'ordinateur \/ supports pour unit\u00e9 centrale sur des bras de moniteur<\/p><\/div><\/a><\/div>[\/vc_column_inner][\/vc_row_inner][\/vc_column][\/vc_row][vc_row full_width=&#8221;stretch_row_content&#8221; equal_height=&#8221;yes&#8221; css=&#8221;.vc_custom_1622202593622{padding-bottom: 100px !important;background-color: #f3f3f3 !important;}&#8221;][vc_column offset=&#8221;vc_col-lg-12 vc_col-md-12&#8243; css=&#8221;.vc_custom_1622202906281{padding-right: 0px !important;padding-left: 0px !important;}&#8221;][vc_row_inner equal_height=&#8221;yes&#8221;][vc_column_inner css=&#8221;.vc_custom_1644167648208{padding-top: 140px !important;padding-bottom: 138px !important;background-image: url(https:\/\/www.filex.nl\/wp-content\/uploads\/2021\/05\/filex_video_modal.jpg?id=7577) !important;background-position: center !important;background-repeat: no-repeat !important;background-size: cover !important;}&#8221; offset=&#8221;vc_col-lg-6&#8243;][\/vc_column_inner][vc_column_inner css=&#8221;.vc_custom_1644169054238{padding-top: 50px !important;padding-right: 70px !important;padding-bottom: 50px !important;padding-left: 50px !important;background-color: #218fcf !important;}&#8221; offset=&#8221;vc_col-lg-offset-0 vc_col-lg-6&#8243;]<header class=\"kd-section-title col-lg-12 text-left     vc_custom_1697834051256\" ><h2 class=\"separator_off\" style=\"color: #ffffff;font-size: 30px;\">Composez en ligne votre propre configuration !<\/h2><\/header>[vc_column_text el_class=&#8221;light_text_block&#8221; css=&#8221;.vc_custom_1697834078225{margin-bottom: 30px !important;}&#8221;]Des souhaits particuliers ?<br \/>\nLe bras de moniteur Filex Galaxy offre \u00e9norm\u00e9ment d&#8217;options pour composer enti\u00e8rement votre propre bras de moniteur. Un seul &#8216;look and feel&#8217; pour tous vos souhaits et besoins sp\u00e9cifiques.[\/vc_column_text]<a  href=\"https:\/\/www.filex.nl\/fr\/configurateur\/\"  target=\"_self\"  title=\"Galaxy Configurateur\" class=\"tt_button tt_secondary_button btn_secondary_color  pull-left button-action-link\" ><span class=\"prim_text\">Configurez ici vous-m\u00eame votre bras de moniteur id\u00e9al!<\/span><\/a>[\/vc_column_inner][\/vc_row_inner][\/vc_column][\/vc_row][vc_row full_width=&#8221;stretch_row&#8221; css=&#8221;.vc_custom_1644259417893{padding-bottom: 100px !important;}&#8221;][vc_column][vc_row_inner][vc_column_inner el_class=&#8221;news_overview&#8221;]<header class=\"kd-section-title col-lg-12 text-left    \" ><h3 class=\"separator_off\" >Nos derni\u00e8res nouveaut\u00e9s<\/h3><\/header>[vc_basic_grid post_type=&#8221;post&#8221; max_items=&#8221;10&#8243; item=&#8221;3729&#8243; grid_id=&#8221;vc_gid:1737746989778-21fe2e4c-6fab-0&#8243;][\/vc_column_inner][\/vc_row_inner][\/vc_column][\/vc_row][vc_row full_width=&#8221;stretch_row_content&#8221; equal_height=&#8221;yes&#8221; css=&#8221;.vc_custom_1622202593622{padding-bottom: 100px !important;background-color: #f3f3f3 !important;}&#8221;][vc_column offset=&#8221;vc_col-lg-12 vc_col-md-12&#8243; css=&#8221;.vc_custom_1622202906281{padding-right: 0px !important;padding-left: 0px !important;}&#8221;][vc_row_inner equal_height=&#8221;yes&#8221;][vc_column_inner css=&#8221;.vc_custom_1737747012217{padding-top: 100px !important;padding-right: 0px !important;padding-bottom: 100px !important;padding-left: 0px !important;background-image: url(https:\/\/www.filex.nl\/wp-content\/uploads\/2025\/01\/filex_home_banner_03.jpg?id=49090) !important;background-position: center !important;background-repeat: no-repeat !important;background-size: cover !important;}&#8221; offset=&#8221;vc_col-lg-offset-0&#8243;][vc_empty_space height=&#8221;100px&#8221;][\/vc_column_inner][\/vc_row_inner][\/vc_column][\/vc_row][vc_row full_width=&#8221;stretch_row&#8221; css=&#8221;.vc_custom_1551188517250{background-color: #f3f3f3 !important;}&#8221;][vc_column css=&#8221;.vc_custom_1516008777154{padding-right: 0px !important;padding-left: 0px !important;}&#8221;][vc_row_inner][vc_column_inner]<header class=\"kd-section-title vc_col-lg-6 vc_col-sm-8 text-left    \" ><h3 class=\"separator_off\" >Pourquoi Filex ?<\/h3><\/header>[\/vc_column_inner][\/vc_row_inner][vc_row_inner equal_height=&#8221;yes&#8221; css=&#8221;.vc_custom_1644225448124{margin-bottom: 30px !important;}&#8221; el_class=&#8221;equal_height_blocks content_blocks&#8221;][vc_column_inner width=&#8221;1\/2&#8243; offset=&#8221;vc_col-md-3&#8243;]<div class=\"key-icon-box icon-default icon-top cont-left ib-hover-2\" style=\"background-color: #ffffff;\" ><a href=\"https:\/\/www.filex.nl\/fr\/a-propos-de-nous\/studio-de-design\/\" target=\"\"><div class=\"ib-wrapper\"><div class=\"tt-iconbox-customimg img_small_size\"><img decoding=\"async\" src=\"https:\/\/www.filex.nl\/wp-content\/uploads\/2021\/06\/dutch_design.svg\" class=\"attachment-full\" alt=\"\" \/><\/div><h5 class=\"service-heading\" >Dutch Design<\/h5><p >Imagin\u00e9 et con\u00e7u aux Pays-Bas en tenant compte des moindres d\u00e9tails pour pouvoir vous fournir les produits les plus innovants.<\/p><\/div><\/a><\/div>[\/vc_column_inner][vc_column_inner width=&#8221;1\/2&#8243; offset=&#8221;vc_col-md-3&#8243;]<div class=\"key-icon-box icon-default icon-top cont-left ib-hover-2\" style=\"background-color: #ffffff;\" ><a href=\"https:\/\/www.filex.nl\/fr\/produits\/\" target=\"\"><div class=\"ib-wrapper\"><div class=\"tt-iconbox-customimg img_small_size\"><img decoding=\"async\" src=\"https:\/\/www.filex.nl\/wp-content\/uploads\/2021\/05\/garantie.svg\" class=\"attachment-full\" alt=\"\" \/><\/div><h5 class=\"service-heading\" >5 ans de garantie<\/h5><p >Chez nous, vous b\u00e9n\u00e9ficiez toujours de 5 ans de garantie, car nous croyons en la qualit\u00e9 avant la quantit\u00e9, ce que nous aimerions vous faire d\u00e9couvrir.<\/p><\/div><\/a><\/div>[\/vc_column_inner][vc_column_inner width=&#8221;1\/2&#8243; offset=&#8221;vc_col-md-3&#8243;]<div class=\"key-icon-box icon-default icon-top cont-left ib-hover-2\" style=\"background-color: #ffffff;\" ><a href=\"https:\/\/www.filex.nl\/fr\/categorie\/bras-de-moniteur\/\" target=\"\"><div class=\"ib-wrapper\"><div class=\"tt-iconbox-customimg img_small_size\"><img decoding=\"async\" src=\"https:\/\/www.filex.nl\/wp-content\/uploads\/2021\/05\/circulair.svg\" class=\"attachment-full\" alt=\"\" \/><\/div><h5 class=\"service-heading\" >Circulaire<\/h5><p >Recyclable et fabriqu\u00e9 \u00e0 partir de mat\u00e9riaux recycl\u00e9s. Avec vous, nous pensons \u00e0 l'avenir.<\/p><\/div><\/a><\/div>[\/vc_column_inner][vc_column_inner width=&#8221;1\/2&#8243; offset=&#8221;vc_col-md-3&#8243;]<div class=\"key-icon-box icon-default icon-top cont-left ib-hover-2\" style=\"background-color: #ffffff;\" ><a href=\"https:\/\/www.filex.nl\/fr\/ergonomie\/ergonomie-sur-le-lieu-de-travail\/\" target=\"\"><div class=\"ib-wrapper\"><div class=\"tt-iconbox-customimg img_small_size\"><img decoding=\"async\" src=\"https:\/\/www.filex.nl\/wp-content\/uploads\/2021\/05\/healthy.svg\" class=\"attachment-full\" alt=\"\" \/><\/div><h5 class=\"service-heading\" >Solutions saines<\/h5><p >Tout pour un poste de travail sain ! Que ce soit \u00e0 la maison ou au bureau. D\u00e9couvrez nos solutions et am\u00e9nagez correctement votre poste de travail.<\/p><\/div><\/a><\/div>[\/vc_column_inner][\/vc_row_inner][vc_row_inner equal_height=&#8221;yes&#8221; css=&#8221;.vc_custom_1644225476572{padding-bottom: 100px !important;}&#8221; el_class=&#8221;equal_height_blocks content_blocks&#8221;][vc_column_inner width=&#8221;1\/2&#8243; offset=&#8221;vc_col-md-3&#8243;]<div class=\"key-icon-box icon-default icon-top cont-left ib-hover-2\" style=\"background-color: #ffffff;\" ><a href=\"https:\/\/www.filex.nl\/fr\/ergonomie\/conseil-ergonomique\/\" target=\"\"><div class=\"ib-wrapper\"><div class=\"tt-iconbox-customimg img_small_size\"><img decoding=\"async\" src=\"https:\/\/www.filex.nl\/wp-content\/uploads\/2021\/06\/ervaring.svg\" class=\"attachment-full\" alt=\"\" \/><\/div><h5 class=\"service-heading\" >Exp\u00e9rience<\/h5><p >Un nouveau projet o\u00f9 vous pouvez \u00e9quiper un nouveau bureau des produits appropri\u00e9s ? Avec plus de 35 ans d'exp\u00e9rience, nous nous faisons un plaisir de vous aider.<\/p><\/div><\/a><\/div>[\/vc_column_inner][vc_column_inner width=&#8221;1\/2&#8243; offset=&#8221;vc_col-md-3&#8243;]<div class=\"key-icon-box icon-default icon-top cont-left ib-hover-2\" style=\"background-color: #ffffff;\" ><a href=\"https:\/\/www.filex.nl\/fr\/produits\/\" target=\"\"><div class=\"ib-wrapper\"><div class=\"tt-iconbox-customimg img_small_size\"><img decoding=\"async\" src=\"https:\/\/www.filex.nl\/wp-content\/uploads\/2021\/06\/alles_onder_een_dak.svg\" class=\"attachment-full\" alt=\"\" \/><\/div><h5 class=\"service-heading\" >Tout sous un seul et m\u00eame toit<\/h5><p >Supports pour unit\u00e9 centrale, \u00e9lectrification, bras de moniteur et tout ce qui s'ensuit. Nous transformons un poste de travail en poste fonctionnel.<\/p><\/div><\/a><\/div>[\/vc_column_inner][vc_column_inner width=&#8221;1\/2&#8243; offset=&#8221;vc_col-md-3&#8243;]<div class=\"key-icon-box icon-default icon-top cont-left ib-hover-2\" style=\"background-color: #ffffff;\" ><a href=\"https:\/\/www.filex.nl\/fr\/solutions\/certification-tuv\/\" target=\"\"><div class=\"ib-wrapper\"><div class=\"tt-iconbox-customimg img_small_size\"><img decoding=\"async\" src=\"https:\/\/www.filex.nl\/wp-content\/uploads\/2021\/06\/prijs_kwaliteit_verhouding.svg\" class=\"attachment-full\" alt=\"\" \/><\/div><h6 class=\"service-heading\" >Rapport qualit\u00e9-prix<\/h6><p >Tout est ax\u00e9 sur la bonne posture de travail ergonomique. Comme notre rapport qualit\u00e9-prix.<\/p><\/div><\/a><\/div>[\/vc_column_inner][vc_column_inner width=&#8221;1\/2&#8243; offset=&#8221;vc_col-md-3&#8243;]<div class=\"key-icon-box icon-default icon-top cont-left ib-hover-2\" style=\"background-color: #ffffff;\" ><a href=\"https:\/\/www.filex.nl\/fr\/a-propos-de-nous\/\" target=\"\"><div class=\"ib-wrapper\"><div class=\"tt-iconbox-customimg img_small_size\"><img decoding=\"async\" src=\"https:\/\/www.filex.nl\/wp-content\/uploads\/2021\/05\/eigen_productie.svg\" class=\"attachment-full\" alt=\"\" \/><\/div><h5 class=\"service-heading\" >Propre production<\/h5><p >Nous r\u00e9pondons \u00e0 l'\u00e9volution rapide des besoins du client et aux d\u00e9veloppements sur le march\u00e9 gr\u00e2ce \u00e0 notre propre production et \u00e0 des lignes courtes avec nos usines.<\/p><\/div><\/a><\/div>[\/vc_column_inner][\/vc_row_inner][\/vc_column][\/vc_row][vc_row full_width=&#8221;stretch_row&#8221; parallax=&#8221;content-moving&#8221; parallax_speed_bg=&#8221;1.4&#8243; kd_image_overlay_color=&#8221;rgba(0,0,0,0.5)&#8221; kd_image_overlay=&#8221;true&#8221; css=&#8221;.vc_custom_1637311783891{background: #1a1a1a url(https:\/\/www.filex.nl\/wp-content\/uploads\/2021\/11\/filex_footer_bg.jpg?id=8353);}&#8221;][vc_column css=&#8221;.vc_custom_1516095225433{padding-right: 0px !important;padding-left: 0px !important;}&#8221;][vc_row_inner css=&#8221;.vc_custom_1555673013129{padding-top: 150px !important;padding-bottom: 123px !important;}&#8221;][vc_column_inner width=&#8221;1\/12&#8243; css=&#8221;.vc_custom_1515166784808{padding-top: 50px !important;}&#8221;][\/vc_column_inner][vc_column_inner width=&#8221;4\/12&#8243;]<header class=\"kd-section-title col-lg-12 text-left     vc_custom_1698053802682\" ><h2 class=\"separator_off\" style=\"color: #ffffff;\">Vous voulez rester au courant de notre actualit\u00e9 ?<\/h2><h6 class=\"subtitle \" style=\"color: #eeeeee;\">Avec notre lettre d'information, restez au courant de nos derni\u00e8res nouvelles et nouveaut\u00e9s dans le domaine des solutions ergonomiques pour postes de travail.<\/h6><\/header>[\/vc_column_inner][vc_column_inner width=&#8221;1\/12&#8243;][\/vc_column_inner][vc_column_inner width=&#8221;5\/12&#8243;][vc_custom_heading text=&#8221;Inscrivez-vous \u00e0 notre lettre d\u2019information&#8221; font_container=&#8221;tag:h4|text_align:left|color:%23ffffff&#8221; use_theme_fonts=&#8221;yes&#8221; css_animation=&#8221;none&#8221; css=&#8221;.vc_custom_1698053817033{margin-bottom: 30px !important;}&#8221;]<div class=\"kd-contact-form full-width-cf white-input-bg\" >\n<div class=\"wpcf7 no-js\" id=\"wpcf7-f39519-o1\" lang=\"fr-FR\" dir=\"ltr\" data-wpcf7-id=\"39519\">\n<div class=\"screen-reader-response\"><p role=\"status\" aria-live=\"polite\" aria-atomic=\"true\"><\/p> <ul><\/ul><\/div>\n<form action=\"\/fr\/wp-json\/wp\/v2\/pages\/27193#wpcf7-f39519-o1\" method=\"post\" class=\"wpcf7-form init\" aria-label=\"Formulaire de contact\" novalidate=\"novalidate\" data-status=\"init\">\n<div style=\"display: none;\">\n<input type=\"hidden\" name=\"_wpcf7\" value=\"39519\" \/>\n<input type=\"hidden\" name=\"_wpcf7_version\" value=\"6.0.6\" \/>\n<input type=\"hidden\" name=\"_wpcf7_locale\" value=\"fr_FR\" \/>\n<input type=\"hidden\" name=\"_wpcf7_unit_tag\" value=\"wpcf7-f39519-o1\" \/>\n<input type=\"hidden\" name=\"_wpcf7_container_post\" value=\"0\" \/>\n<input type=\"hidden\" name=\"_wpcf7_posted_data_hash\" value=\"\" \/>\n<input type=\"hidden\" name=\"_wpcf7_recaptcha_response\" value=\"\" \/>\n<\/div>\n<p><span class=\"wpcf7-form-control-wrap\" data-name=\"your-name\"><input size=\"40\" maxlength=\"400\" class=\"wpcf7-form-control wpcf7-text wpcf7-validates-as-required\" aria-required=\"true\" aria-invalid=\"false\" placeholder=\"Votre nom\" value=\"\" type=\"text\" name=\"your-name\" \/><\/span><br \/>\n<span class=\"wpcf7-form-control-wrap\" data-name=\"your-phone\"><input size=\"40\" maxlength=\"400\" class=\"wpcf7-form-control wpcf7-tel wpcf7-text wpcf7-validates-as-tel\" aria-invalid=\"false\" placeholder=\"Votre num\u00e9ro de t\u00e9l\u00e9phone\" value=\"\" type=\"tel\" name=\"your-phone\" \/><\/span><br \/>\n<span class=\"wpcf7-form-control-wrap\" data-name=\"your-email\"><input size=\"40\" maxlength=\"400\" class=\"wpcf7-form-control wpcf7-email wpcf7-validates-as-required wpcf7-text wpcf7-validates-as-email\" aria-required=\"true\" aria-invalid=\"false\" placeholder=\"Votre adresse e-mail\" value=\"\" type=\"email\" name=\"your-email\" \/><\/span><br \/>\n<input class=\"wpcf7-form-control wpcf7-submit has-spinner\" type=\"submit\" value=\"Envoyer les donn\u00e9es\" \/>\n<\/p><div class=\"wpcf7-response-output\" aria-hidden=\"true\"><\/div>\n<\/form>\n<\/div>\n<\/div>[\/vc_column_inner][vc_column_inner width=&#8221;1\/12&#8243;][\/vc_column_inner][\/vc_row_inner][\/vc_column][\/vc_row]<\/p>\n","protected":false},"excerpt":{"rendered":"<p>[vc_row full_width=&#8221;stretch_row&#8221;][vc_column][rev_slider_vc alias=&#8221;home-slider&#8221;][\/vc_column][\/vc_row][vc_row css=&#8221;.vc_custom_1644173761447{padding-top: 0px !important;padding-bottom: 35px !important;}&#8221;][vc_column css=&#8221;.vc_custom_1515687105834{padding-right: 0px !important;padding-left: 0px !important;}&#8221;][vc_row_inner equal_height=&#8221;yes&#8221; css=&#8221;.vc_custom_1644173755266{padding-bottom: [&hellip;]<\/p>\n","protected":false},"author":1,"featured_media":0,"parent":0,"menu_order":0,"comment_status":"closed","ping_status":"closed","template":"","meta":{"_acf_changed":false,"footnotes":""},"class_list":["post-27193","page","type-page","status-publish","hentry"],"acf":[],"_links":{"self":[{"href":"https:\/\/www.filex.nl\/fr\/wp-json\/wp\/v2\/pages\/27193","targetHints":{"allow":["GET"]}}],"collection":[{"href":"https:\/\/www.filex.nl\/fr\/wp-json\/wp\/v2\/pages"}],"about":[{"href":"https:\/\/www.filex.nl\/fr\/wp-json\/wp\/v2\/types\/page"}],"author":[{"embeddable":true,"href":"https:\/\/www.filex.nl\/fr\/wp-json\/wp\/v2\/users\/1"}],"replies":[{"embeddable":true,"href":"https:\/\/www.filex.nl\/fr\/wp-json\/wp\/v2\/comments?post=27193"}],"version-history":[{"count":18,"href":"https:\/\/www.filex.nl\/fr\/wp-json\/wp\/v2\/pages\/27193\/revisions"}],"predecessor-version":[{"id":49095,"href":"https:\/\/www.filex.nl\/fr\/wp-json\/wp\/v2\/pages\/27193\/revisions\/49095"}],"wp:attachment":[{"href":"https:\/\/www.filex.nl\/fr\/wp-json\/wp\/v2\/media?parent=27193"}],"curies":[{"name":"wp","href":"https:\/\/api.w.org\/{rel}","templated":true}]}}