{"id":27201,"date":"2021-11-15T10:30:07","date_gmt":"2021-11-15T10:30:07","guid":{"rendered":"https:\/\/www.filex.nl\/ergonomie\/healthy-workplaces\/staand-zittend-werken-wat-is-nu-echt-de-impact\/"},"modified":"2023-10-30T16:59:43","modified_gmt":"2023-10-30T16:59:43","slug":"travail-assis-debout-quel-est-le-veritable-impact","status":"publish","type":"page","link":"https:\/\/www.filex.nl\/fr\/ergonomie\/postes-de-travail-sains\/travail-assis-debout-quel-est-le-veritable-impact\/","title":{"rendered":"Travail assis-debout : quel est le v\u00e9ritable impact ?"},"content":{"rendered":"<p>[vc_row][vc_column][vc_custom_heading text=&#8221;Travail assis-debout : quel est le v\u00e9ritable impact ?&#8221; use_theme_fonts=&#8221;yes&#8221;][vc_column_text]<strong>Introduction<\/strong><\/p>\n<p>Le travail assis-debout ne cesse de gagner en popularit\u00e9. Mais quels sont les r\u00e9els effets du travail en alternance assis-debout ? Contribue-t-il uniquement \u00e0 la sant\u00e9 ou \u00e9galement \u00e0 d\u2019autres facteurs ? Cet impact est \u00e9tudi\u00e9 au moyen de diff\u00e9rentes enqu\u00eates men\u00e9es parmi des collaborateurs de centre d&#8217;appels.<\/p>\n<p><strong>Optimisation de processus et pr\u00e9cision des objectifs<\/strong><\/p>\n<p>Optimisation de processus et pr\u00e9cision des objectifs<\/p>\n<p>L\u2019optimisation de processus et la pr\u00e9cision des objectifs am\u00e9liorent les performances des collaborateurs de centre d&#8217;appels. Mais la pression exerc\u00e9e sur les collaborateurs de centre d&#8217;appels augmente en raison des r\u00e9ductions du personnel. Comment am\u00e9liorer les performances des collaborateurs de centre d&#8217;appels de mani\u00e8re durable et agr\u00e9able ?<\/p>\n<p>L\u2019approche standard appliqu\u00e9e dans les centres d&#8217;appels est la mesure stricte du nombre d\u2019appels r\u00e9alis\u00e9s par heure et la satisfaction client sur le service fourni. Les d\u00e9partements ont des objectifs pr\u00e9cis pour respecter le budget par rapport \u00e0 la qualit\u00e9 fix\u00e9e. Gr\u00e2ce \u00e0 l\u2019optimisation des syst\u00e8mes informatiques et des processus, l\u2019efficacit\u00e9 et la satisfaction client s\u2019am\u00e9liorent.<\/p>\n<p>D\u2019autres am\u00e9liorations des performances sont possibles en am\u00e9liorant la concentration et la cr\u00e9ativit\u00e9, en offrant des possibilit\u00e9s pour g\u00e9rer plus facilement les \u00e9motions et en am\u00e9liorant l\u2019\u00e9thique professionnelle en g\u00e9n\u00e9ral.<\/p>\n<p><strong>L\u2019am\u00e9lioration de la concentration et de la cr\u00e9ativit\u00e9<\/strong><\/p>\n<p>Il est possible d\u2019am\u00e9liorer la concentration et la cr\u00e9ativit\u00e9 en pr\u00e9voyant des moments de r\u00e9cup\u00e9ration pendant le travail et en bougeant pendant le travail (Oppezzo &amp; Schwarz, 2014; Chang et al., 2014). Mais pour les collaborateurs de centre d&#8217;appels, il n\u2019est g\u00e9n\u00e9ralement pas possible de quitter le poste de travail.<\/p>\n<p>Une alternative pour bouger davantage pendant un appel t\u00e9l\u00e9phonique est l\u2019utilisation d\u2019une table permettant le travail assis-debout. L\u2019avantage : les gens s\u2019activent litt\u00e9ralement en se mettant debout, ce qui permet aux collaborateurs d\u2019\u00eatre plus attentifs et plus rapides (Ebara et al., 2008; Choi, 2010).<\/p>\n<p>Par ailleurs, les gens parlent diff\u00e9remment lorsqu\u2019ils sont debout. Dans une position debout, les collaborateurs de centre d&#8217;appels peuvent bouger avec tout leur corps et donc mieux g\u00e9rer les \u00e9motions (Cakir, 2016).[\/vc_column_text][\/vc_column][\/vc_row][vc_row css=&#8221;.vc_custom_1637337178267{margin-top: 45px !important;margin-bottom: 65px !important;}&#8221;][vc_column css=&#8221;.vc_custom_1637337150889{background-image: url(https:\/\/www.filex.nl\/wp-content\/uploads\/2021\/11\/healthy_workplaces_staandzittend_02.jpg?id=8481) !important;background-position: center !important;background-repeat: no-repeat !important;background-size: cover !important;}&#8221;][vc_empty_space height=&#8221;300px&#8221;][\/vc_column][\/vc_row][vc_row css=&#8221;.vc_custom_1643385132731{margin-bottom: 50px !important;}&#8221;][vc_column][vc_column_text]<strong>\u00c9thique professionnelle et productivit\u00e9<\/strong><\/p>\n<p>L\u2019engagement du collaborateur est un indice important de ses performances professionnelles. Une r\u00e9cente enqu\u00eate montre que l\u2019\u00e9thique professionnelle est inf\u00e9rieure dans des lieux de travail o\u00f9 les collaborateurs restent longtemps assis (Munir et al., 2015). Serait-il possible d\u2019am\u00e9liorer les performances des collaborateurs de centre d&#8217;appels en leur permettant un travail assis-debout ?<\/p>\n<p>De r\u00e9centes \u00e9tudes confirment en effet les effets positifs de l&#8217;alternance assis-debout chez le collaborateur de centre d&#8217;appels. Josephine Chau de l\u2019Universit\u00e9 de Sydney a d\u00e9clar\u00e9 qu&#8217;avec l\u2019introduction des tables assis-debout, jusqu&#8217;\u00e0 38% de collaborateurs suppl\u00e9mentaires pr\u00e9sentaient un niveau d\u2019\u00e9nergie \u00e9lev\u00e9 tout au long de la journ\u00e9e de travail.<\/p>\n<p>Gregory Garrett et ses coll\u00e8gues de l\u2019Universit\u00e9 du Texas ont mis \u00e0 la disposition d\u2019un groupe de collaborateurs de centre d&#8217;appels une table assis-debout. Par rapport aux coll\u00e8gues assis, ils \u00e9taient 23% plus productifs apr\u00e8s 1 mois et cette diff\u00e9rence atteignait m\u00eame les 53% dans les 5 mois suivants (voir Figure 2). La productivit\u00e9 a \u00e9t\u00e9 mesur\u00e9e par le nombre d\u2019appels r\u00e9ussis par heure.<\/p>\n<p><strong>Effets secondaires du travail assis-debout<\/strong><\/p>\n<p>Outre les effets positifs des tables assis-debout sur les performances, ces tables contribuent \u00e9galement \u00e0 am\u00e9liorer les conditions de travail et la protection de la sant\u00e9. En utilisant ces tables, le temps en position assise diminue et donc le risque de d\u00e9velopper des douleurs musculo-squelettiques, un diab\u00e8te de type 2, ainsi qu&#8217;une maladie cardiaque et vasculaire.<\/p>\n<p>Le d\u00e9fi consiste toutefois \u00e0 laisser les collaborateurs utiliser les tables assis-debout de mani\u00e8re optimale et \u00e0 garantir un rendement maximal en mati\u00e8re de performances et de sant\u00e9. Les rappels logiciels faciles \u00e0 utiliser peuvent garantir une utilisation correcte de ces tables (Donath et al.).<\/p>\n<p><strong>Conclusion<\/strong><\/p>\n<p>Encourager \u00e0 bouger davantage dans les centres d&#8217;appels pr\u00e9sente un certain potentiel pour am\u00e9liorer durablement les performances et les conditions de travail des collaborateurs de centre d&#8217;appels. Les tables assis-debout constituent une solution pratique pour bouger davantage, en particulier dans les centres d&#8217;appels.[\/vc_column_text][\/vc_column][\/vc_row][vc_row full_width=&#8221;stretch_row&#8221; parallax=&#8221;content-moving&#8221; parallax_speed_bg=&#8221;1.4&#8243; kd_image_overlay_color=&#8221;rgba(0,0,0,0.5)&#8221; kd_image_overlay=&#8221;true&#8221; css=&#8221;.vc_custom_1624011385614{background: #1a1a1a url(https:\/\/www.filex.nl\/wp-content\/uploads\/2021\/06\/oplossingen-banner-scaled.jpg?id=7771);}&#8221;][vc_column css=&#8221;.vc_custom_1516095225433{padding-right: 0px !important;padding-left: 0px !important;}&#8221;][vc_row_inner css=&#8221;.vc_custom_1555673013129{padding-top: 150px !important;padding-bottom: 123px !important;}&#8221;][vc_column_inner width=&#8221;1\/12&#8243; css=&#8221;.vc_custom_1515166784808{padding-top: 50px !important;}&#8221;][\/vc_column_inner][vc_column_inner width=&#8221;4\/12&#8243;]<header class=\"kd-section-title col-lg-12 text-left  kd-animated fadeIn   vc_custom_1698684954702\" data-animation-delay=200><h2 class=\"separator_off\" style=\"color: #ffffff;\">Vous voulez rester au courant de notre actualit\u00e9 ?<\/h2><h6 class=\"subtitle \" style=\"color: #eeeeee;\">Avec notre lettre d'information, restez au courant de nos derni\u00e8res nouvelles et nouveaut\u00e9s dans le domaine des solutions ergonomiques pour postes de travail.<\/h6><\/header>[\/vc_column_inner][vc_column_inner width=&#8221;1\/12&#8243;][\/vc_column_inner][vc_column_inner width=&#8221;5\/12&#8243;][vc_custom_heading text=&#8221;Inscrivez-vous \u00e0 notre lettre d\u2019information&#8221; font_container=&#8221;tag:h4|text_align:left|color:%23ffffff&#8221; use_theme_fonts=&#8221;yes&#8221; css_animation=&#8221;fadeIn&#8221; css=&#8221;.vc_custom_1698684966399{margin-bottom: 30px !important;}&#8221;]<div class=\"kd-contact-form full-width-cf white-input-bg\" >\n<div class=\"wpcf7 no-js\" id=\"wpcf7-f39519-o1\" lang=\"fr-FR\" dir=\"ltr\" data-wpcf7-id=\"39519\">\n<div class=\"screen-reader-response\"><p role=\"status\" aria-live=\"polite\" aria-atomic=\"true\"><\/p> <ul><\/ul><\/div>\n<form action=\"\/fr\/wp-json\/wp\/v2\/pages\/27201#wpcf7-f39519-o1\" method=\"post\" class=\"wpcf7-form init\" aria-label=\"Formulaire de contact\" novalidate=\"novalidate\" data-status=\"init\">\n<div style=\"display: none;\">\n<input type=\"hidden\" name=\"_wpcf7\" value=\"39519\" \/>\n<input type=\"hidden\" name=\"_wpcf7_version\" value=\"6.0.6\" \/>\n<input type=\"hidden\" name=\"_wpcf7_locale\" value=\"fr_FR\" \/>\n<input type=\"hidden\" name=\"_wpcf7_unit_tag\" value=\"wpcf7-f39519-o1\" \/>\n<input type=\"hidden\" name=\"_wpcf7_container_post\" value=\"0\" \/>\n<input type=\"hidden\" name=\"_wpcf7_posted_data_hash\" value=\"\" \/>\n<input type=\"hidden\" name=\"_wpcf7_recaptcha_response\" value=\"\" \/>\n<\/div>\n<p><span class=\"wpcf7-form-control-wrap\" data-name=\"your-name\"><input size=\"40\" maxlength=\"400\" class=\"wpcf7-form-control wpcf7-text wpcf7-validates-as-required\" aria-required=\"true\" aria-invalid=\"false\" placeholder=\"Votre nom\" value=\"\" type=\"text\" name=\"your-name\" \/><\/span><br \/>\n<span class=\"wpcf7-form-control-wrap\" data-name=\"your-phone\"><input size=\"40\" maxlength=\"400\" class=\"wpcf7-form-control wpcf7-tel wpcf7-text wpcf7-validates-as-tel\" aria-invalid=\"false\" placeholder=\"Votre num\u00e9ro de t\u00e9l\u00e9phone\" value=\"\" type=\"tel\" name=\"your-phone\" \/><\/span><br \/>\n<span class=\"wpcf7-form-control-wrap\" data-name=\"your-email\"><input size=\"40\" maxlength=\"400\" class=\"wpcf7-form-control wpcf7-email wpcf7-validates-as-required wpcf7-text wpcf7-validates-as-email\" aria-required=\"true\" aria-invalid=\"false\" placeholder=\"Votre adresse e-mail\" value=\"\" type=\"email\" name=\"your-email\" \/><\/span><br \/>\n<input class=\"wpcf7-form-control wpcf7-submit has-spinner\" type=\"submit\" value=\"Envoyer les donn\u00e9es\" \/>\n<\/p><div class=\"wpcf7-response-output\" aria-hidden=\"true\"><\/div>\n<\/form>\n<\/div>\n<\/div>[\/vc_column_inner][vc_column_inner width=&#8221;1\/12&#8243;][\/vc_column_inner][\/vc_row_inner][\/vc_column][\/vc_row]<\/p>\n","protected":false},"excerpt":{"rendered":"<p>[vc_row][vc_column][vc_custom_heading text=&#8221;Travail assis-debout : quel est le v\u00e9ritable impact ?&#8221; use_theme_fonts=&#8221;yes&#8221;][vc_column_text]Introduction Le travail assis-debout ne [&hellip;]<\/p>\n","protected":false},"author":1,"featured_media":49185,"parent":27187,"menu_order":0,"comment_status":"closed","ping_status":"closed","template":"","meta":{"_acf_changed":false,"footnotes":""},"class_list":["post-27201","page","type-page","status-publish","has-post-thumbnail","hentry"],"acf":[],"_links":{"self":[{"href":"https:\/\/www.filex.nl\/fr\/wp-json\/wp\/v2\/pages\/27201","targetHints":{"allow":["GET"]}}],"collection":[{"href":"https:\/\/www.filex.nl\/fr\/wp-json\/wp\/v2\/pages"}],"about":[{"href":"https:\/\/www.filex.nl\/fr\/wp-json\/wp\/v2\/types\/page"}],"author":[{"embeddable":true,"href":"https:\/\/www.filex.nl\/fr\/wp-json\/wp\/v2\/users\/1"}],"replies":[{"embeddable":true,"href":"https:\/\/www.filex.nl\/fr\/wp-json\/wp\/v2\/comments?post=27201"}],"version-history":[{"count":10,"href":"https:\/\/www.filex.nl\/fr\/wp-json\/wp\/v2\/pages\/27201\/revisions"}],"predecessor-version":[{"id":39751,"href":"https:\/\/www.filex.nl\/fr\/wp-json\/wp\/v2\/pages\/27201\/revisions\/39751"}],"up":[{"embeddable":true,"href":"https:\/\/www.filex.nl\/fr\/wp-json\/wp\/v2\/pages\/27187"}],"wp:featuredmedia":[{"embeddable":true,"href":"https:\/\/www.filex.nl\/fr\/wp-json\/wp\/v2\/media\/49185"}],"wp:attachment":[{"href":"https:\/\/www.filex.nl\/fr\/wp-json\/wp\/v2\/media?parent=27201"}],"curies":[{"name":"wp","href":"https:\/\/api.w.org\/{rel}","templated":true}]}}