{"id":27204,"date":"2021-11-15T10:15:56","date_gmt":"2021-11-15T10:15:56","guid":{"rendered":"https:\/\/www.filex.nl\/ergonomie\/healthy-workplaces\/stimuleer-het-brein-van-uw-medewerkers-met-een-verrijkte-werkomgeving\/"},"modified":"2023-10-30T16:55:11","modified_gmt":"2023-10-30T16:55:11","slug":"stimulez-le-cerveau-de-vos-employes-avec-un-espace-de-travail-enrichi","status":"publish","type":"page","link":"https:\/\/www.filex.nl\/fr\/ergonomie\/postes-de-travail-sains\/stimulez-le-cerveau-de-vos-employes-avec-un-espace-de-travail-enrichi\/","title":{"rendered":"Stimulez le cerveau de vos employ\u00e9s avec un espace de travail enrichi"},"content":{"rendered":"<p>[vc_row][vc_column][vc_custom_heading text=&#8221;Stimulez le cerveau de vos employ\u00e9s avec un espace de travail enrichi&#8221; use_theme_fonts=&#8221;yes&#8221;][vc_column_text]Vos employ\u00e9s travaillent encore dans un bureau aux murs gris blanc, \u00e9clair\u00e9 par des n\u00e9ons et au mobilier g\u00e9n\u00e9rique ? Selon les neuroscientifiques, il s\u2019agit l\u00e0 d\u2019une occasion manqu\u00e9e. Des \u00e9tudes r\u00e9v\u00e8lent en effet que vous pouvez stimuler le cerveau de vos employ\u00e9s en \u2018enrichissant\u2019 l\u2019espace de travail. Cela permet d\u2019obtenir de meilleures performances au bureau. Dans ce livre blanc, nous vous expliquons comment proc\u00e9der et les avantages que vous en retirerez.<\/p>\n<p><strong>Qu\u2019entendons-nous exactement par espace de travail \u2018enrichi\u2019 ?<\/strong><\/p>\n<p>Quel espace de travail peut stimuler vos employ\u00e9s ? Un environnement enrichi \u2013 Enriched Environment \u2013 est un environnement qui permet de ressentir diff\u00e9rentes stimulations sensorielles. Pensez, par exemple, \u00e0 un espace qui invite les personnes pr\u00e9sentes \u00e0 bouger davantage. Ou \u00e0 un espace qui encourage une attitude positive au moyen de diff\u00e9rents sons, couleurs et parfums. Ou encore \u00e0 un espace qui favorise l\u2019interaction sociale. Un tel environnement s\u2019av\u00e8re non seulement moins ennuyeux, mais contribue \u00e9galement au fonctionnement cognitif des personnes qui y travaillent.<\/p>\n<p><em>\u00ab Des activit\u00e9s saines et stimulantes ont \u00e9galement un effet positif sur le stress. \u00bb<\/em><\/p>\n<p><strong>Elles cr\u00e9ent de nouvelles cellules et connexions<\/strong><\/p>\n<p>Des scientifiques, dont Eriksson (1998), ont d\u00e9couvert que le cerveau change en l&#8217;espace d&#8217;une vie humaine et qu&#8217;il peut m\u00eame se r\u00e9parer et s\u2019am\u00e9liorer au fil des ann\u00e9es. Cela s\u2019applique notamment \u00e0 l\u2019hippocampe, une r\u00e9gion \u00e9galement importante pour la m\u00e9moire \u00e0 court terme et pour la r\u00e9gulation du stress. L\u2019hippocampe peut g\u00e9n\u00e9rer des neurones par l\u2019ex\u00e9cution de nouvelles activit\u00e9s stimulantes. Ce processus autour de l&#8217;apparition de nouvelles cellules et connexions est appel\u00e9 neurog\u00e9n\u00e8se.<\/p>\n<p><strong>Vieillir de mani\u00e8re active et stimulante<\/strong><\/p>\n<p>En parcourant l\u2019histoire de la recherche sur les effets de l\u2019environnement sur notre cerveau et sur notre fonctionnement, un nom s\u2019impose dans les ann\u00e9es 1940, celui de Donald Hebb. Dans son laboratoire, il a s\u00e9par\u00e9 des rats en deux groupes. Un groupe a \u00e9t\u00e9 plac\u00e9 dans un espace comportant des jouets, des \u00e9chelles, des tunnels et des roues. Il a mis l\u2019autre groupe de rats dans une cage sans jouets, sans trop de possibilit\u00e9s de bouger et sans contact avec des semblables.<\/p>\n<p><em>\u00ab Un espace stimulant am\u00e9liore \u00e9galement le comportement d\u2019apprentissage. \u00bb<\/em><\/p>\n<p>Ce qui est ressorti de ces recherches, et d\u2019autres recherches similaires ? Dans un environnement enrichi, des chercheurs ont constat\u00e9 une diminution du vieillissement neuronal, des am\u00e9liorations du comportement d\u2019apprentissage et une r\u00e9sistance plus \u00e9lev\u00e9e aux substances addictives (Nithianantharajah &amp; Hannan, 2006). Dans certaines \u00e9tudes, les animaux affichaient m\u00eame une r\u00e9sistance accrue aux maladies et une am\u00e9lioration de la long\u00e9vit\u00e9.<br \/>\nEn menant une vie active et stimulante, les signes de vieillissement neuronal peuvent diminuer. M\u00eame lorsque le mode de vie actif et enrichi d\u00e9bute \u00e0 l\u2019\u00e2ge adulte. \u00c0 cet \u00e9gard, les r\u00e9sultats des recherches sont \u00e9galement int\u00e9ressants pour le lieu de travail.[\/vc_column_text][\/vc_column][\/vc_row][vc_row css=&#8221;.vc_custom_1637336520709{margin-top: 45px !important;margin-bottom: 65px !important;}&#8221;][vc_column css=&#8221;.vc_custom_1637336549068{background-image: url(https:\/\/www.filex.nl\/wp-content\/uploads\/2021\/11\/healthy_workplaces_brein_02.jpg?id=8469) !important;background-position: center !important;background-repeat: no-repeat !important;background-size: cover !important;}&#8221;][vc_empty_space height=&#8221;300px&#8221;][\/vc_column][\/vc_row][vc_row css=&#8221;.vc_custom_1643206406149{margin-bottom: 50px !important;}&#8221;][vc_column][vc_column_text]<strong>D\u2019un bureau gris \u00e0 un environnement stimulant<\/strong><\/p>\n<p>Le bureau a longtemps \u00e9t\u00e9 un lieu appauvri, et il en est toujours ainsi dans certaines entreprises. Alors qu\u2019un environnement enrichi rev\u00eat une si grande importance. Comme le pr\u00e9cise Erik Scherder, Professeur en Neuropsychologie Clinique \u00e0 l\u2019Universit\u00e9 Libre d\u2019Amsterdam : \u00ab Le cerveau r\u00e9agit le mieux \u00e0 la nouveaut\u00e9 et au d\u00e9fi. Un environnement enrichi est un environnement qui doit proposer un peu d\u2019incertitude pour maintenir une certaine curiosit\u00e9 et faire appel \u00e0 la flexibilit\u00e9 cognitive des employ\u00e9s (Scherder, 2014). \u00bb<\/p>\n<p><em>\u00ab On aimerait des choses un peu plus excitantes. \u00bb<\/em><\/p>\n<p>Bouger est l\u2019une des mani\u00e8res d\u2019enrichir le cerveau, mais il est aussi possible d\u2019obtenir les m\u00eames r\u00e9sultats avec de la musique, par exemple. L\u2019environnement professionnel n\u2019est pas une salle de sport ou de concert, mais il y a suffisamment d\u2019options pour offrir aux employ\u00e9s davantage de stimulations environnantes. En fait, les possibilit\u00e9s de cr\u00e9er un environnement plus actif et plus stimulant sont multiples.<\/p>\n<p><strong>Voici comment cr\u00e9er un environnement de bureau plus actif<\/strong><\/p>\n<p>Par le biais des enrichissements, nous entra\u00eenons notre cerveau et cr\u00e9ons de nouvelles connexions entre les r\u00e9gions c\u00e9r\u00e9brales. Ainsi, notre cerveau demeure en forme et nous devenons plus performants, m\u00eame au travail. L\u2019enrichissement de l\u2019environnement de bureau permet aussi d\u2019entra\u00eener notre \u2018t\u00eate\u2019. Il peut s\u2019agir de d\u00e9fis visuels (donc plus de tons p\u00e2les et gris), mais aussi de d\u00e9fis actifs et sensoriels. Pour ce faire, nous ne devons pas am\u00e9nager un espace de travail pour un usage statique, mais au contraire pour un usage convivial, divers et dynamique.<\/p>\n<p><em>\u00ab Les gens ont besoin de beaucoup plus de diversit\u00e9. \u00bb<\/em><\/p>\n<p>Concr\u00e8tement, pensez \u00e0 un bureau assis-debout. En alternant les positions assis-debout, nous transformons nos stimuli visuels tout en ayant plus d&#8217;espace pour d\u2019autres types de postures et de mouvements. Mais il existe \u00e9galement des solutions assises dynamiques, qui garantissent plus de vari\u00e9t\u00e9 dans les postures, sans sacrifier le confort de travail.<\/p>\n<p><strong>Le bras de moniteur ad\u00e9quat<\/strong><\/p>\n<p>Qui vous permet de travailler \u00e0 la hauteur et \u00e0 l&#8217;angle de vision corrects. Avec les innombrables possibilit\u00e9s qui existent, nous comprenons que vous ne vous en sortiez pas. Nous nous faisons un plaisir de vous conseiller correctement.[\/vc_column_text]<a  href=\"https:\/\/www.filex.nl\/fr\/categorie\/bras-de-moniteur\/\"  target=\"_self\"  title=\"\" class=\"tt_button tt_secondary_button btn_primary_color  pull-left button-action-link\" ><span class=\"prim_text\">D\u00e9couvrez nos bras de moniteur<\/span><\/a>[\/vc_column][\/vc_row][vc_row full_width=&#8221;stretch_row&#8221; parallax=&#8221;content-moving&#8221; parallax_speed_bg=&#8221;1.4&#8243; kd_image_overlay_color=&#8221;rgba(0,0,0,0.5)&#8221; kd_image_overlay=&#8221;true&#8221; css=&#8221;.vc_custom_1624011385614{background: #1a1a1a url(https:\/\/www.filex.nl\/wp-content\/uploads\/2021\/06\/oplossingen-banner-scaled.jpg?id=7771);}&#8221;][vc_column css=&#8221;.vc_custom_1516095225433{padding-right: 0px !important;padding-left: 0px !important;}&#8221;][vc_row_inner css=&#8221;.vc_custom_1555673013129{padding-top: 150px !important;padding-bottom: 123px !important;}&#8221;][vc_column_inner width=&#8221;1\/12&#8243; css=&#8221;.vc_custom_1515166784808{padding-top: 50px !important;}&#8221;][\/vc_column_inner][vc_column_inner width=&#8221;4\/12&#8243;]<header class=\"kd-section-title col-lg-12 text-left  kd-animated fadeIn   vc_custom_1698684897885\" data-animation-delay=200><h2 class=\"separator_off\" style=\"color: #ffffff;\">Vous voulez rester au courant de notre actualit\u00e9 ?<\/h2><h6 class=\"subtitle \" style=\"color: #eeeeee;\">Avec notre lettre d'information, restez au courant de nos derni\u00e8res nouvelles et nouveaut\u00e9s dans le domaine des solutions ergonomiques pour postes de travail.<\/h6><\/header>[\/vc_column_inner][vc_column_inner width=&#8221;1\/12&#8243;][\/vc_column_inner][vc_column_inner width=&#8221;5\/12&#8243;][vc_custom_heading text=&#8221;Inscrivez-vous \u00e0 notre lettre d\u2019information&#8221; font_container=&#8221;tag:h4|text_align:left|color:%23ffffff&#8221; use_theme_fonts=&#8221;yes&#8221; css_animation=&#8221;fadeIn&#8221; css=&#8221;.vc_custom_1698684905048{margin-bottom: 30px !important;}&#8221;]<div class=\"kd-contact-form full-width-cf white-input-bg\" >\n<div class=\"wpcf7 no-js\" id=\"wpcf7-f39519-o1\" lang=\"fr-FR\" dir=\"ltr\" data-wpcf7-id=\"39519\">\n<div class=\"screen-reader-response\"><p role=\"status\" aria-live=\"polite\" aria-atomic=\"true\"><\/p> <ul><\/ul><\/div>\n<form action=\"\/fr\/wp-json\/wp\/v2\/pages\/27204#wpcf7-f39519-o1\" method=\"post\" class=\"wpcf7-form init\" aria-label=\"Formulaire de contact\" novalidate=\"novalidate\" data-status=\"init\">\n<div style=\"display: none;\">\n<input type=\"hidden\" name=\"_wpcf7\" value=\"39519\" \/>\n<input type=\"hidden\" name=\"_wpcf7_version\" value=\"6.0.6\" \/>\n<input type=\"hidden\" name=\"_wpcf7_locale\" value=\"fr_FR\" \/>\n<input type=\"hidden\" name=\"_wpcf7_unit_tag\" value=\"wpcf7-f39519-o1\" \/>\n<input type=\"hidden\" name=\"_wpcf7_container_post\" value=\"0\" \/>\n<input type=\"hidden\" name=\"_wpcf7_posted_data_hash\" value=\"\" \/>\n<input type=\"hidden\" name=\"_wpcf7_recaptcha_response\" value=\"\" \/>\n<\/div>\n<p><span class=\"wpcf7-form-control-wrap\" data-name=\"your-name\"><input size=\"40\" maxlength=\"400\" class=\"wpcf7-form-control wpcf7-text wpcf7-validates-as-required\" aria-required=\"true\" aria-invalid=\"false\" placeholder=\"Votre nom\" value=\"\" type=\"text\" name=\"your-name\" \/><\/span><br \/>\n<span class=\"wpcf7-form-control-wrap\" data-name=\"your-phone\"><input size=\"40\" maxlength=\"400\" class=\"wpcf7-form-control wpcf7-tel wpcf7-text wpcf7-validates-as-tel\" aria-invalid=\"false\" placeholder=\"Votre num\u00e9ro de t\u00e9l\u00e9phone\" value=\"\" type=\"tel\" name=\"your-phone\" \/><\/span><br \/>\n<span class=\"wpcf7-form-control-wrap\" data-name=\"your-email\"><input size=\"40\" maxlength=\"400\" class=\"wpcf7-form-control wpcf7-email wpcf7-validates-as-required wpcf7-text wpcf7-validates-as-email\" aria-required=\"true\" aria-invalid=\"false\" placeholder=\"Votre adresse e-mail\" value=\"\" type=\"email\" name=\"your-email\" \/><\/span><br \/>\n<input class=\"wpcf7-form-control wpcf7-submit has-spinner\" type=\"submit\" value=\"Envoyer les donn\u00e9es\" \/>\n<\/p><div class=\"wpcf7-response-output\" aria-hidden=\"true\"><\/div>\n<\/form>\n<\/div>\n<\/div>[\/vc_column_inner][vc_column_inner width=&#8221;1\/12&#8243;][\/vc_column_inner][\/vc_row_inner][\/vc_column][\/vc_row]<\/p>\n","protected":false},"excerpt":{"rendered":"<p>[vc_row][vc_column][vc_custom_heading text=&#8221;Stimulez le cerveau de vos employ\u00e9s avec un espace de travail enrichi&#8221; use_theme_fonts=&#8221;yes&#8221;][vc_column_text]Vos employ\u00e9s [&hellip;]<\/p>\n","protected":false},"author":1,"featured_media":49181,"parent":27187,"menu_order":0,"comment_status":"closed","ping_status":"closed","template":"","meta":{"_acf_changed":false,"footnotes":""},"class_list":["post-27204","page","type-page","status-publish","has-post-thumbnail","hentry"],"acf":[],"_links":{"self":[{"href":"https:\/\/www.filex.nl\/fr\/wp-json\/wp\/v2\/pages\/27204","targetHints":{"allow":["GET"]}}],"collection":[{"href":"https:\/\/www.filex.nl\/fr\/wp-json\/wp\/v2\/pages"}],"about":[{"href":"https:\/\/www.filex.nl\/fr\/wp-json\/wp\/v2\/types\/page"}],"author":[{"embeddable":true,"href":"https:\/\/www.filex.nl\/fr\/wp-json\/wp\/v2\/users\/1"}],"replies":[{"embeddable":true,"href":"https:\/\/www.filex.nl\/fr\/wp-json\/wp\/v2\/comments?post=27204"}],"version-history":[{"count":7,"href":"https:\/\/www.filex.nl\/fr\/wp-json\/wp\/v2\/pages\/27204\/revisions"}],"predecessor-version":[{"id":39741,"href":"https:\/\/www.filex.nl\/fr\/wp-json\/wp\/v2\/pages\/27204\/revisions\/39741"}],"up":[{"embeddable":true,"href":"https:\/\/www.filex.nl\/fr\/wp-json\/wp\/v2\/pages\/27187"}],"wp:featuredmedia":[{"embeddable":true,"href":"https:\/\/www.filex.nl\/fr\/wp-json\/wp\/v2\/media\/49181"}],"wp:attachment":[{"href":"https:\/\/www.filex.nl\/fr\/wp-json\/wp\/v2\/media?parent=27204"}],"curies":[{"name":"wp","href":"https:\/\/api.w.org\/{rel}","templated":true}]}}