{"id":27208,"date":"2021-06-18T12:17:54","date_gmt":"2021-06-18T12:17:54","guid":{"rendered":"https:\/\/www.filex.nl\/oplossingen\/thuiswerken\/"},"modified":"2025-01-24T21:13:13","modified_gmt":"2025-01-24T21:13:13","slug":"teletravail","status":"publish","type":"page","link":"https:\/\/www.filex.nl\/fr\/solutions\/teletravail\/","title":{"rendered":"T\u00e9l\u00e9travail"},"content":{"rendered":"<p>[vc_row full_width=&#8221;stretch_row&#8221; parallax=&#8221;content-moving&#8221; css=&#8221;.vc_custom_1643384910125{padding-bottom: 45px !important;}&#8221;][vc_column width=&#8221;3\/4&#8243;]<header class=\"kd-section-title col-lg-12 text-left    \" ><h3 class=\"separator_off\" >T\u00e9l\u00e9travail. Toujours plus de personnes font du t\u00e9l\u00e9travail. On sous-estime souvent l'importance d'un poste de travail ergonomique.<\/h3><\/header>[vc_row_inner][vc_column_inner css=&#8221;.vc_custom_1624015601177{padding-right: 50px !important;padding-left: 0px !important;}&#8221;][vc_column_text]<span style=\"font-size: 16px;\">Nous pouvons vous aider \u00e0 trouver les bons produits pour des postes de t\u00e9l\u00e9travail. Pour vous simplifier la vie, nous vous avons compos\u00e9 3 packs.<br \/>\n<\/span><\/p>\n<p><span style=\"font-size: 16px;\">Vous ne vous en sortez pas ? Ou peut-\u00eatre cherchez-vous quand m\u00eame une autre solution ? <a href=\"https:\/\/www.filex.nl\/fr\/contactez\/\">Dans ce cas, contactez-nous !<\/a><\/span>[\/vc_column_text][\/vc_column_inner][\/vc_row_inner][\/vc_column][vc_column width=&#8221;1\/4&#8243;][vc_single_image image=&#8221;28835&#8243; img_size=&#8221;&#8221;][\/vc_column][\/vc_row][vc_row css=&#8221;.vc_custom_1624629070822{padding-bottom: 65px !important;}&#8221;][vc_column]<header class=\"kd-section-title col-lg-12 text-left     vc_custom_1698675297417\" ><h3 class=\"separator_off\" >Nos packs t\u00e9l\u00e9travail<\/h3><\/header>[vc_row_inner equal_height=&#8221;yes&#8221; css=&#8221;.vc_custom_1624629245843{border-top-width: 1px !important;border-bottom-width: 1px !important;padding-top: 65px !important;padding-bottom: 85px !important;border-top-color: rgba(132,132,132,0.15) !important;border-top-style: solid !important;border-bottom-color: rgba(132,132,132,0.15) !important;border-bottom-style: solid !important;}&#8221; el_class=&#8221;thuiswerkpakketten&#8221;][vc_column_inner width=&#8221;1\/3&#8243;]<div class=\"kd-photobox  \" ><a href=\"https:\/\/www.filex.nl\/fr\/solutions\/teletravail\/pack-teletravail-basic\/\"  title=\"Pack t\u00e9l\u00e9travail basic\"><div class=\"photobox-img\"><img loading=\"lazy\" decoding=\"async\" width=\"1200\" height=\"741\" src=\"https:\/\/www.filex.nl\/wp-content\/uploads\/2021\/09\/filex-thuiswerkpakket-basic.jpg\" class=\"attachment-full\" alt=\"\" srcset=\"https:\/\/www.filex.nl\/wp-content\/uploads\/2021\/09\/filex-thuiswerkpakket-basic.jpg 1200w, https:\/\/www.filex.nl\/wp-content\/uploads\/2021\/09\/filex-thuiswerkpakket-basic-800x494.jpg 800w, https:\/\/www.filex.nl\/wp-content\/uploads\/2021\/09\/filex-thuiswerkpakket-basic-64x40.jpg 64w, https:\/\/www.filex.nl\/wp-content\/uploads\/2021\/09\/filex-thuiswerkpakket-basic-300x185.jpg 300w, https:\/\/www.filex.nl\/wp-content\/uploads\/2021\/09\/filex-thuiswerkpakket-basic-1024x632.jpg 1024w, https:\/\/www.filex.nl\/wp-content\/uploads\/2021\/09\/filex-thuiswerkpakket-basic-768x474.jpg 768w\" sizes=\"auto, (max-width: 1200px) 100vw, 1200px\" \/><\/div><div class=\"phb-content text-left \" >\n                  <h5 >Pack t\u00e9l\u00e9travail basic<\/h5>\n                  <p ><\/p>\n<ul>\n<li>Lampe de bureau MAUL Puck<\/li>\n<li>Bras de moniteur simple Filex Focus<\/li>\n<li>Repose-pieds ergonomique<\/li>\n<li>\u00c9lectrification Filex Power Desk Up<strong>\u00ae<\/strong><br \/>\navec c\u00e2ble avec prise de terre 1,5 m\u00e8tre<\/li>\n<\/ul>\n<p><\/p><\/div><\/a><\/div>[\/vc_column_inner][vc_column_inner width=&#8221;1\/3&#8243;]<div class=\"kd-photobox  \" ><a href=\"https:\/\/www.filex.nl\/fr\/solutions\/teletravail\/pack-teletravail-premium\/\"  title=\"Pack t\u00e9l\u00e9travail premium\"><div class=\"photobox-img\"><img loading=\"lazy\" decoding=\"async\" width=\"1200\" height=\"741\" src=\"https:\/\/www.filex.nl\/wp-content\/uploads\/2021\/09\/filex-thuiswerkpakket-premium.jpg\" class=\"attachment-full\" alt=\"\" srcset=\"https:\/\/www.filex.nl\/wp-content\/uploads\/2021\/09\/filex-thuiswerkpakket-premium.jpg 1200w, https:\/\/www.filex.nl\/wp-content\/uploads\/2021\/09\/filex-thuiswerkpakket-premium-800x494.jpg 800w, https:\/\/www.filex.nl\/wp-content\/uploads\/2021\/09\/filex-thuiswerkpakket-premium-64x40.jpg 64w, https:\/\/www.filex.nl\/wp-content\/uploads\/2021\/09\/filex-thuiswerkpakket-premium-300x185.jpg 300w, https:\/\/www.filex.nl\/wp-content\/uploads\/2021\/09\/filex-thuiswerkpakket-premium-1024x632.jpg 1024w, https:\/\/www.filex.nl\/wp-content\/uploads\/2021\/09\/filex-thuiswerkpakket-premium-768x474.jpg 768w\" sizes=\"auto, (max-width: 1200px) 100vw, 1200px\" \/><\/div><div class=\"phb-content text-left \" >\n                  <h5 >Pack t\u00e9l\u00e9travail premium<\/h5>\n                  <p ><\/p>\n<ul>\n<li>Lampe de bureau MAUL Pearly<\/li>\n<li>Bras de moniteur double Filex Focus<\/li>\n<li>Repose-pieds ergonomique<\/li>\n<li>\u00c9lectrification Filex Power Desk Up<strong>\u00ae<\/strong><br \/>\navec c\u00e2ble avec prise de terre 1,5 m\u00e8tre<\/li>\n<\/ul>\n<p><\/p><\/div><\/a><\/div>[\/vc_column_inner][vc_column_inner width=&#8221;1\/3&#8243;]<div class=\"kd-photobox  \" ><a href=\"https:\/\/www.filex.nl\/fr\/solutions\/teletravail\/pack-teletravail-professional\/\"  title=\"Pack t\u00e9l\u00e9travail professional\"><div class=\"photobox-img\"><img loading=\"lazy\" decoding=\"async\" width=\"1200\" height=\"741\" src=\"https:\/\/www.filex.nl\/wp-content\/uploads\/2021\/09\/filex-thuiswerkpakket-professional.jpg\" class=\"attachment-full\" alt=\"\" srcset=\"https:\/\/www.filex.nl\/wp-content\/uploads\/2021\/09\/filex-thuiswerkpakket-professional.jpg 1200w, https:\/\/www.filex.nl\/wp-content\/uploads\/2021\/09\/filex-thuiswerkpakket-professional-800x494.jpg 800w, https:\/\/www.filex.nl\/wp-content\/uploads\/2021\/09\/filex-thuiswerkpakket-professional-64x40.jpg 64w, https:\/\/www.filex.nl\/wp-content\/uploads\/2021\/09\/filex-thuiswerkpakket-professional-300x185.jpg 300w, https:\/\/www.filex.nl\/wp-content\/uploads\/2021\/09\/filex-thuiswerkpakket-professional-1024x632.jpg 1024w, https:\/\/www.filex.nl\/wp-content\/uploads\/2021\/09\/filex-thuiswerkpakket-professional-768x474.jpg 768w\" sizes=\"auto, (max-width: 1200px) 100vw, 1200px\" \/><\/div><div class=\"phb-content text-left \" >\n                  <h5 >Pack t\u00e9l\u00e9travail professional<\/h5>\n                  <p ><\/p>\n<ul>\n<li>Lampe de bureau MAUL Stella<\/li>\n<li>Bras de moniteur double Filex Galaxy<\/li>\n<li>Repose-pieds ergonomique<\/li>\n<li>\u00c9lectrification Filex Power Desk Up<strong>\u00ae<\/strong><br \/>\navec c\u00e2ble avec prise de terre 1,5 m\u00e8tre<\/li>\n<\/ul>\n<p><\/p><\/div><\/a><\/div>[\/vc_column_inner][\/vc_row_inner][\/vc_column][\/vc_row][vc_row css=&#8221;.vc_custom_1624629070822{padding-bottom: 65px !important;}&#8221;][vc_column]<header class=\"kd-section-title col-lg-12 text-left  kd-animated fadeIn  \" data-animation-delay=200><h3 class=\"separator_off\" >10 conseils de productivit\u00e9 pour les t\u00e9l\u00e9travailleurs<\/h3><\/header>[vc_column_text]Le t\u00e9l\u00e9travail n&#8217;a cess\u00e9 de gagner en popularit\u00e9 ces derni\u00e8res ann\u00e9es. Dans les conditions actuelles, les t\u00e9l\u00e9travailleurs sont de plus en plus nombreux.<\/p>\n<p>Mais travailler \u00e0 domicile pr\u00e9sente certaines difficult\u00e9s. Au bureau, vous pouvez plus facilement vous retirer un instant dans un local ou un bureau inoccup\u00e9. \u00c0 la maison, vous \u00eates souvent tenu au poste de travail que vous avez choisi. Par cons\u00e9quent, pour pouvoir travailler confortablement \u00e0 la maison et \u00eatre au moins aussi productif qu&#8217;au bureau, vous devrez remplir un certain nombre de conditions pr\u00e9alables.<\/p>\n<p>Que vous travailliez \u00e0 la maison de mani\u00e8re structurelle ou seulement de temps en temps, un poste de t\u00e9l\u00e9travail ax\u00e9 sur la personne est une condition pr\u00e9alable \u00e0 un travail sur \u00e9cran structurellement sain et confortable. Nous vous donnons plusieurs conseils pour pouvoir travailler de mani\u00e8re confortable et productive \u00e0 la maison.[\/vc_column_text]<header class=\"kd-section-title col-lg-12 text-left     vc_custom_1698677749124\" ><h4 class=\"separator_off\" >1. Commencez et terminez votre journ\u00e9e \u00e0 une heure fixe<\/h4><\/header>[vc_column_text]En gardant des habitudes de travail fixes pour commencer et arr\u00eater de travailler, vous obtiendrez de meilleurs r\u00e9sultats pendant ces heures-l\u00e0. Lorsque vous travaillez au bureau, votre famille et vos amis respectent le fait que vous soyez en train de travailler. Ils \u00e9viteront de vous d\u00e9ranger. D\u00e8s que vous travaillez \u00e0 la maison, ils sont tout \u00e0 coup devant la porte ou s&#8217;attendent, par exemple \u00e0 ce que vous fassiez une course parce que vous \u00eates quand m\u00eame en train de travailler \u00e0 la maison. Par cons\u00e9quent, pr\u00e9voyez combien de temps vous pouvez consacrer \u00e0 ces choses-l\u00e0 sur une journ\u00e9e. Il est important de fixer des limites quand cela est n\u00e9cessaire. Vous ne pouvez demander aux gens de respecter votre temps que si vous le respectez et surveillez vous-m\u00eame.[\/vc_column_text]<header class=\"kd-section-title col-lg-12 text-left     vc_custom_1698677764455\" ><h4 class=\"separator_off\" >2. Pr\u00e9voyez un poste de travail rien qu'\u00e0 vous<\/h4><\/header>[vc_column_text]Choisissez une pi\u00e8ce dans votre maison pour y travailler et am\u00e9nagez-y votre propre poste de travail. Faites comprendre aux membres de votre famille que lorsque vous \u00eates assis \u00e0 cet endroit, vous pr\u00e9f\u00e9rez ne pas \u00eatre d\u00e9rang\u00e9. Travailler sur le canap\u00e9 ou sur une table de cuisine bancale est mauvais pour votre corps et vous emp\u00eache de vous concentrer. Vous ne savez pas comment am\u00e9nager correctement votre poste de travail ? Consultez le conseil 3 ou <a href=\"https:\/\/www.filex.nl\/fr\/contactez\/\">contactez-nous<\/a>, nous nous ferons un plaisir de vous aider ![\/vc_column_text]<header class=\"kd-section-title col-lg-12 text-left     vc_custom_1698677798272\" ><h4 class=\"separator_off\" >3. L'importance de l'exercice mental et physique<\/h4><\/header>[vc_column_text]Votre employeur attache une grande importance \u00e0 des employ\u00e9s en bonne sant\u00e9, mais \u00e9galement productifs, qui effectuent leur travail de mani\u00e8re durable et am\u00e9liorent ainsi structurellement leurs performances. Il est prouv\u00e9 que suffisamment d&#8217;exercice mental et physique contribue \u00e0 cette am\u00e9lioration durable des performances. Cependant, la hauteur de vision de vos \u00e9crans d&#8217;ordinateur est un autre facteur non n\u00e9gligeable ! Un\u00a0<a href=\"https:\/\/www.filex.nl\/fr\/categorie\/bras-de-moniteur\/\">bras de moniteur<\/a>\u00a0de qualit\u00e9 et r\u00e9gl\u00e9 \u00e0 la bonne hauteur contribue donc \u00e9galement \u00e0 un travail sur \u00e9cran concentr\u00e9. Vous avez besoin de notre aide ? \u00a0<a href=\"https:\/\/www.filex.nl\/fr\/contactez\/\">Contactez<\/a>\u00a0nos sp\u00e9cialistes en ergonomie pour obtenir un conseil judicieux ![\/vc_column_text][\/vc_column][\/vc_row][vc_row full_width=&#8221;stretch_row_content_no_spaces&#8221; equal_height=&#8221;yes&#8221;][vc_column width=&#8221;1\/2&#8243; css=&#8221;.vc_custom_1737749727272{background-image: url(https:\/\/www.filex.nl\/wp-content\/uploads\/2025\/01\/filex_thuiswerken_01.jpg?id=49103) !important;background-position: center !important;background-repeat: no-repeat !important;background-size: cover !important;}&#8221;][vc_empty_space height=&#8221;400px&#8221;][\/vc_column][vc_column width=&#8221;1\/2&#8243; css=&#8221;.vc_custom_1737749736473{background-image: url(https:\/\/www.filex.nl\/wp-content\/uploads\/2025\/01\/filex_thuiswerken_02.jpg?id=49107) !important;background-position: center !important;background-repeat: no-repeat !important;background-size: cover !important;}&#8221;][vc_empty_space height=&#8221;400px&#8221;][\/vc_column][\/vc_row][vc_row full_width=&#8221;stretch_row&#8221; parallax=&#8221;content-moving&#8221; css=&#8221;.vc_custom_1624021768318{padding-top: 35px !important;padding-bottom: 45px !important;}&#8221;][vc_column]<header class=\"kd-section-title col-lg-12 text-left     vc_custom_1698677861405\" ><h4 class=\"separator_off\" >4. Travaillez avec les bons accessoires ergonomiques<\/h4><\/header>[vc_column_text]Une chaise ergonomique et un bureau assis-debout vous offrent le confort ad\u00e9quat et la possibilit\u00e9 d&#8217;alterner entre position debout et assise. Un exercice mental et physique r\u00e9gulier (m\u00eame si vous n&#8217;avez pas de bureau assis-debout) pendant que vous travaillez sur \u00e9cran est une condition pr\u00e9alable pour terminer votre journ\u00e9e de travail avec le m\u00eame niveau d&#8217;\u00e9nergie.<\/p>\n<p>De plus, les accessoires suivants sont essentiels pour un bon poste de t\u00e9l\u00e9travail :<\/p>\n<ul>\n<li>Une <a href=\"https:\/\/www.filex.nl\/fr\/categorie\/groupes-de-produits\/electrification-desk-up\/\">\u00e9lectrification<\/a>\u00a0s\u00fbre sur votre bureau, qui vous \u00e9vite d&#8217;avoir des c\u00e2bles qui jonchent le sol ou peuvent faire tomber les membres de votre famille.<\/li>\n<li>Un <a href=\"https:\/\/www.filex.nl\/fr\/solutions\/teletravail\/\">\u00e9clairage<\/a>\u00a0pour \u00e9viter de vous fatiguer les yeux.<\/li>\n<li>Des <a href=\"https:\/\/www.filex.nl\/fr\/categorie\/supports-pour-unite-centrale\/\">supports pour unit\u00e9 centrale<\/a>\u00a0pour cr\u00e9er un poste de travail bien rang\u00e9, qui contribue au repos de l&#8217;esprit pendant le travail.<\/li>\n<\/ul>\n<p>[\/vc_column_text]<header class=\"kd-section-title col-lg-12 text-left     vc_custom_1698678132341\" ><h4 class=\"separator_off\" >5. \u00c9vitez les distractions<\/h4><\/header>[vc_column_text]Travailler demande g\u00e9n\u00e9ralement une bonne concentration. Que vous travailliez \u00e0 la maison ou au bureau, ne laissez pas des sources potentielles de distraction vous d\u00e9concentrer.<\/p>\n<p>Veillez entre autres aux points suivants :<\/p>\n<ul>\n<li aria-level=\"1\">Rangez votre smartphone pendant vos activit\u00e9s ;<\/li>\n<li aria-level=\"1\">D\u00e9sactivez les notifications par e-mail sur votre smartphone, tablette, ordinateur portable ou de bureau pour un minimum de distraction ;<\/li>\n<li aria-level=\"1\">Cr\u00e9ez un environnement de travail calme. De pr\u00e9f\u00e9rence pas de musique ou, sinon, tr\u00e8s discr\u00e8tement en arri\u00e8re-plan ;<\/li>\n<li aria-level=\"1\">Appliquez la\u00a0<a href=\"https:\/\/timemanagement.nl\/pomodoro-techniek\/\" target=\"_blank\" rel=\"noopener\">technique de Pomodoro<\/a>\u00a0pour mettre de l&#8217;ordre dans votre gestion du temps ;<\/li>\n<li aria-level=\"1\">Soyez frais et repos\u00e9 quand vous commencez vos activit\u00e9s ;<\/li>\n<li aria-level=\"1\">\u00c9teignez ou ignorez les flashs d&#8217;information pendant un certain temps.<\/li>\n<\/ul>\n<p>[\/vc_column_text]<header class=\"kd-section-title col-lg-12 text-left     vc_custom_1698678178926\" ><h4 class=\"separator_off\" >6. Faites chaque jour une liste des choses \u00e0 faire<\/h4><\/header>[vc_column_text]Commencez la journ\u00e9e en dressant une liste de ce que vous voulez faire ce jour-l\u00e0. Le mieux est d&#8217;appliquer la m\u00e9thode\u00a0<a href=\"https:\/\/sochicken.nl\/getting-things-done\" target=\"_blank\" rel=\"noopener\">Getting Things Done<\/a>\u00a0pour actualiser chaque jour votre liste de choses \u00e0 faire. Si vous n&#8217;\u00eates pas s\u00fbr de ce que vous devez faire un jour sp\u00e9cifique, il devient tentant de ne rien faire du tout. Dans tous les cas, d\u00e9cidez des t\u00e2ches plus importantes que vous voulez terminer ce jour-l\u00e0. Effectuez ensuite les petites t\u00e2ches, si vous en avez le temps.[\/vc_column_text][\/vc_column][\/vc_row][vc_row full_width=&#8221;stretch_row_content_no_spaces&#8221; equal_height=&#8221;yes&#8221;][vc_column css=&#8221;.vc_custom_1737753191725{background-image: url(https:\/\/www.filex.nl\/wp-content\/uploads\/2025\/01\/thuiswerken_banner.jpg?id=49166) !important;background-position: center !important;background-repeat: no-repeat !important;background-size: cover !important;}&#8221;][vc_empty_space height=&#8221;400px&#8221;][\/vc_column][\/vc_row][vc_row full_width=&#8221;stretch_row&#8221; parallax=&#8221;content-moving&#8221; css=&#8221;.vc_custom_1624021768318{padding-top: 35px !important;padding-bottom: 45px !important;}&#8221;][vc_column]<header class=\"kd-section-title col-lg-12 text-left     vc_custom_1698678208693\" ><h4 class=\"separator_off\" >7. Limitez le temps que vous consacrez \u00e0 une t\u00e2che particuli\u00e8re<\/h4><\/header>[vc_column_text]De nos jours, les gens sont facilement distraits, surtout lorsque vous avez une t\u00e2che assez difficile \u00e0 accomplir ou un peu ennuyeuse. Si vous vous surprenez \u00e0 r\u00eavasser, forcez-vous \u00e0 faire ce travail en blocs de 10 ou 15 minutes ou utilisez la <a href=\"https:\/\/timemanagement.nl\/pomodoro-techniek\/\" target=\"_blank\" rel=\"noopener\">technique de Pomodoro<\/a>. Le fait de se fixer un d\u00e9lai peur fournir un regain d&#8217;\u00e9nergie. Dans les cas extr\u00eames, vous cesserez de r\u00eavasser et continuerez sur une autre t\u00e2che. Vous pourrez toujours reprendre le travail que vous faisiez si vous vous sentez mieux.[\/vc_column_text]<header class=\"kd-section-title col-lg-12 text-left     vc_custom_1698678231274\" ><h4 class=\"separator_off\" >8. Octroyez-vous suffisamment de temps de r\u00e9cup\u00e9ration<\/h4><\/header>[vc_column_text]Ce n&#8217;est pas parce que vous travaillez \u00e0 la maison que vous ne devez pas faire de courtes pauses. Allez vous promener, prenez un caf\u00e9, regardez les nouvelles ou prenez le temps de d\u00e9jeuner. Ces courtes pauses sont importantes, car elles vous permettent de vous vider la t\u00eate. Et en tant qu&#8217;ergonome, il faut remarquer que le fait de rester assis devant un \u00e9cran n&#8217;est pas tr\u00e8s bon pour votre sant\u00e9. D&#8217;autant plus si votre poste de travail n&#8217;est pas optimal.<br \/>\nConseil : prenez une pause de 5 \u00e0 10 minutes toutes les heures. Ne restez pas sur votre poste de travail. De courtes pauses sont meilleures pour vous qu&#8217;un nombre limit\u00e9 de plus longues pauses. Si vous utilisez la\u00a0<a href=\"https:\/\/timemanagement.nl\/pomodoro-techniek\/\" target=\"_blank\" rel=\"noopener\">technique de Pomodoro<\/a>, ces courtes pauses se feront automatiquement.[\/vc_column_text]<header class=\"kd-section-title col-lg-12 text-left     vc_custom_1698678255609\" ><h4 class=\"separator_off\" >9. S\u00e9parez vie professionnelle et vie priv\u00e9e<\/h4><\/header>[vc_column_text]Il est essentiel de bien s\u00e9parer votre vie professionnelle de votre vie priv\u00e9e. Lorsque vous \u00eates au travail, r\u00e9alisez que vous \u00eates l\u00e0 pour travailler. Cela vous aidera \u00e0 ne plus penser \u00ab je travaille \u00e0 la maison \u00bb, mais plut\u00f4t \u00ab je suis au travail \u00bb. Si vous devez \u00e9galement \u00eatre joignable sur une ligne t\u00e9l\u00e9phonique fixe, demandez un num\u00e9ro de t\u00e9l\u00e9phone distinct \u00e0 votre employeur.[\/vc_column_text]<header class=\"kd-section-title col-lg-12 text-left     vc_custom_1698678278659\" ><h4 class=\"separator_off\" >10. Assurez-vous d'avoir un espace bien am\u00e9nag\u00e9<\/h4><\/header>[vc_column_text]Une pi\u00e8ce \u00e0 temp\u00e9rature r\u00e9gul\u00e9e avec suffisamment de lumi\u00e8re (du jour), ventil\u00e9e et o\u00f9 il est possible de se concentrer est fondamentale pour votre poste de travail ax\u00e9 sur la personne.[\/vc_column_text][\/vc_column][\/vc_row][vc_row full_width=&#8221;stretch_row&#8221; parallax=&#8221;content-moving&#8221; parallax_speed_bg=&#8221;1.4&#8243; kd_image_overlay_color=&#8221;rgba(0,0,0,0.5)&#8221; kd_image_overlay=&#8221;true&#8221; css=&#8221;.vc_custom_1636118146547{margin-top: 35px !important;margin-bottom: 0px !important;background-image: url(https:\/\/www.filex.nl\/wp-content\/uploads\/2021\/06\/DSC00752-scaled.jpg?id=7845) !important;}&#8221;][vc_column css=&#8221;.vc_custom_1516095225433{padding-right: 0px !important;padding-left: 0px !important;}&#8221;][vc_row_inner css=&#8221;.vc_custom_1555673013129{padding-top: 150px !important;padding-bottom: 123px !important;}&#8221;][vc_column_inner width=&#8221;1\/12&#8243; css=&#8221;.vc_custom_1515166784808{padding-top: 50px !important;}&#8221;][\/vc_column_inner][vc_column_inner width=&#8221;4\/12&#8243;]<header class=\"kd-section-title col-lg-12 text-left  kd-animated fadeIn   vc_custom_1698678420575\" data-animation-delay=200><h2 class=\"separator_off\" style=\"color: #ffffff;\">Vous avez encore des questions ?<\/h2><h6 class=\"subtitle \" style=\"color: #eeeeee;\">Contactez-nous sans engagement pour discuter de la fa\u00e7on dont nous pouvons vous aider.<\/h6><\/header>[\/vc_column_inner][vc_column_inner width=&#8221;1\/12&#8243;][\/vc_column_inner][vc_column_inner width=&#8221;5\/12&#8243;][vc_custom_heading text=&#8221;&#8221; font_container=&#8221;tag:h4|text_align:left|color:%23ffffff&#8221; use_theme_fonts=&#8221;yes&#8221; css_animation=&#8221;fadeIn&#8221; css=&#8221;.vc_custom_1624023372114{margin-bottom: 30px !important;}&#8221;]<div class=\"kd-contact-form full-width-cf white-input-bg\" >\n<div class=\"wpcf7 no-js\" id=\"wpcf7-f39519-o1\" lang=\"fr-FR\" dir=\"ltr\" data-wpcf7-id=\"39519\">\n<div class=\"screen-reader-response\"><p role=\"status\" aria-live=\"polite\" aria-atomic=\"true\"><\/p> <ul><\/ul><\/div>\n<form action=\"\/fr\/wp-json\/wp\/v2\/pages\/27208#wpcf7-f39519-o1\" method=\"post\" class=\"wpcf7-form init\" aria-label=\"Formulaire de contact\" novalidate=\"novalidate\" data-status=\"init\">\n<div style=\"display: none;\">\n<input type=\"hidden\" name=\"_wpcf7\" value=\"39519\" \/>\n<input type=\"hidden\" name=\"_wpcf7_version\" value=\"6.0.6\" \/>\n<input type=\"hidden\" name=\"_wpcf7_locale\" value=\"fr_FR\" \/>\n<input type=\"hidden\" name=\"_wpcf7_unit_tag\" value=\"wpcf7-f39519-o1\" \/>\n<input type=\"hidden\" name=\"_wpcf7_container_post\" value=\"0\" \/>\n<input type=\"hidden\" name=\"_wpcf7_posted_data_hash\" value=\"\" \/>\n<input type=\"hidden\" name=\"_wpcf7_recaptcha_response\" value=\"\" \/>\n<\/div>\n<p><span class=\"wpcf7-form-control-wrap\" data-name=\"your-name\"><input size=\"40\" maxlength=\"400\" class=\"wpcf7-form-control wpcf7-text wpcf7-validates-as-required\" aria-required=\"true\" aria-invalid=\"false\" placeholder=\"Votre nom\" value=\"\" type=\"text\" name=\"your-name\" \/><\/span><br \/>\n<span class=\"wpcf7-form-control-wrap\" data-name=\"your-phone\"><input size=\"40\" maxlength=\"400\" class=\"wpcf7-form-control wpcf7-tel wpcf7-text wpcf7-validates-as-tel\" aria-invalid=\"false\" placeholder=\"Votre num\u00e9ro de t\u00e9l\u00e9phone\" value=\"\" type=\"tel\" name=\"your-phone\" \/><\/span><br \/>\n<span class=\"wpcf7-form-control-wrap\" data-name=\"your-email\"><input size=\"40\" maxlength=\"400\" class=\"wpcf7-form-control wpcf7-email wpcf7-validates-as-required wpcf7-text wpcf7-validates-as-email\" aria-required=\"true\" aria-invalid=\"false\" placeholder=\"Votre adresse e-mail\" value=\"\" type=\"email\" name=\"your-email\" \/><\/span><br \/>\n<input class=\"wpcf7-form-control wpcf7-submit has-spinner\" type=\"submit\" value=\"Envoyer les donn\u00e9es\" \/>\n<\/p><div class=\"wpcf7-response-output\" aria-hidden=\"true\"><\/div>\n<\/form>\n<\/div>\n<\/div>[\/vc_column_inner][vc_column_inner width=&#8221;1\/12&#8243;][\/vc_column_inner][\/vc_row_inner][\/vc_column][\/vc_row]<\/p>\n","protected":false},"excerpt":{"rendered":"<p>[vc_row full_width=&#8221;stretch_row&#8221; parallax=&#8221;content-moving&#8221; css=&#8221;.vc_custom_1643384910125{padding-bottom: 45px !important;}&#8221;][vc_column width=&#8221;3\/4&#8243;][vc_row_inner][vc_column_inner css=&#8221;.vc_custom_1624015601177{padding-right: 50px !important;padding-left: 0px !important;}&#8221;][vc_column_text]Nous pouvons vous aider [&hellip;]<\/p>\n","protected":false},"author":1,"featured_media":49171,"parent":27156,"menu_order":0,"comment_status":"closed","ping_status":"closed","template":"","meta":{"_acf_changed":false,"footnotes":""},"class_list":["post-27208","page","type-page","status-publish","has-post-thumbnail","hentry"],"acf":[],"_links":{"self":[{"href":"https:\/\/www.filex.nl\/fr\/wp-json\/wp\/v2\/pages\/27208","targetHints":{"allow":["GET"]}}],"collection":[{"href":"https:\/\/www.filex.nl\/fr\/wp-json\/wp\/v2\/pages"}],"about":[{"href":"https:\/\/www.filex.nl\/fr\/wp-json\/wp\/v2\/types\/page"}],"author":[{"embeddable":true,"href":"https:\/\/www.filex.nl\/fr\/wp-json\/wp\/v2\/users\/1"}],"replies":[{"embeddable":true,"href":"https:\/\/www.filex.nl\/fr\/wp-json\/wp\/v2\/comments?post=27208"}],"version-history":[{"count":23,"href":"https:\/\/www.filex.nl\/fr\/wp-json\/wp\/v2\/pages\/27208\/revisions"}],"predecessor-version":[{"id":49177,"href":"https:\/\/www.filex.nl\/fr\/wp-json\/wp\/v2\/pages\/27208\/revisions\/49177"}],"up":[{"embeddable":true,"href":"https:\/\/www.filex.nl\/fr\/wp-json\/wp\/v2\/pages\/27156"}],"wp:featuredmedia":[{"embeddable":true,"href":"https:\/\/www.filex.nl\/fr\/wp-json\/wp\/v2\/media\/49171"}],"wp:attachment":[{"href":"https:\/\/www.filex.nl\/fr\/wp-json\/wp\/v2\/media?parent=27208"}],"curies":[{"name":"wp","href":"https:\/\/api.w.org\/{rel}","templated":true}]}}