{"id":27211,"date":"2021-06-18T10:06:48","date_gmt":"2021-06-18T10:06:48","guid":{"rendered":"https:\/\/www.filex.nl\/oplossingen\/tuv-certificering\/"},"modified":"2023-10-23T13:49:58","modified_gmt":"2023-10-23T13:49:58","slug":"certification-tuv","status":"publish","type":"page","link":"https:\/\/www.filex.nl\/fr\/solutions\/certification-tuv\/","title":{"rendered":"Certification T\u00dcV"},"content":{"rendered":"<p>[vc_row full_width=&#8221;stretch_row&#8221; parallax=&#8221;content-moving&#8221; css=&#8221;.vc_custom_1643384936911{padding-bottom: 85px !important;}&#8221;][vc_column][vc_row_inner][vc_column_inner css=&#8221;.vc_custom_1624015601177{padding-right: 50px !important;padding-left: 0px !important;}&#8221;]<header class=\"kd-section-title col-lg-12 text-left    \" ><h3 class=\"separator_off\" >Pratiquement tous les produits d'\u00e9lectrification de Filex portent non seulement la certification CE obligatoire, mais aussi la certification T\u00dcV ! Mais que cela veut-il dire exactement et pourquoi est-ce si important ?<\/h3><\/header>[vc_custom_heading text=&#8221;Le consommateur et vos clients ont besoin de s\u00e9curit\u00e9 et de fiabilit\u00e9. Des labels montrent clairement que votre organisation r\u00e9pond \u00e0 ce besoin.&#8221; font_container=&#8221;tag:h6|font_size:16px|text_align:left&#8221; use_theme_fonts=&#8221;yes&#8221; css_animation=&#8221;none&#8221;][vc_custom_heading text=&#8221;Un label T\u00dcV est une confirmation qu\u2019un produit ou service r\u00e9pond aux exigences de qualit\u00e9, est s\u00fbr et\/ou respectueux de l\u2019environnement. Labels de qualit\u00e9, labels de s\u00e9curit\u00e9 et labels environnementaux sont donc \u00e9galement les formes les plus courantes. Car en fin de compte, vous aussi attendez la m\u00eame fiabilit\u00e9 de la part de vos fournisseurs et sous-traitants.&#8221; font_container=&#8221;tag:h6|font_size:16px|text_align:left&#8221; use_theme_fonts=&#8221;yes&#8221; css_animation=&#8221;none&#8221;][vc_custom_heading text=&#8221;Des labels sont donc un gage de transparence r\u00e9ciproque. Cette confiance permet de r\u00e9duire les risques d&#8217;entreprise, avec une am\u00e9lioration de votre organisation \u00e0 l&#8217;ext\u00e9rieur et \u00e0 l&#8217;int\u00e9rieur \u00e0 la cl\u00e9. Un label peut avoir une incidence positive sur la d\u00e9cision de vos clients, mais aussi de clients potentiels, de faire affaire avec votre entreprise.&#8221; font_container=&#8221;tag:h6|font_size:16px|text_align:left&#8221; use_theme_fonts=&#8221;yes&#8221; css_animation=&#8221;none&#8221;][\/vc_column_inner][\/vc_row_inner][vc_row_inner css=&#8221;.vc_custom_1624016988165{margin-top: 45px !important;margin-bottom: 65px !important;border-top-width: 1px !important;border-bottom-width: 1px !important;padding-top: 45px !important;padding-bottom: 45px !important;border-top-color: rgba(132,132,132,0.15) !important;border-top-style: solid !important;border-bottom-color: rgba(132,132,132,0.15) !important;border-bottom-style: solid !important;}&#8221;][vc_column_inner width=&#8221;1\/3&#8243;]<div class=\"key-icon-box icon-default icon-top cont-center ib-no-effect\" style=\"background-color: transparent;\" ><div class=\"tt-iconbox-customimg img_medium_size\"><img decoding=\"async\" src=\"https:\/\/www.filex.nl\/wp-content\/uploads\/2021\/06\/tuv_gecertificeerd.svg\" class=\"attachment-full\" alt=\"\" \/><\/div><h6 class=\"service-heading\" >Certifi\u00e9e T\u00dcV<\/h6><\/div>[\/vc_column_inner][vc_column_inner width=&#8221;1\/3&#8243;]<div class=\"key-icon-box icon-default icon-top cont-center ib-no-effect\" style=\"background-color: transparent;\" ><div class=\"tt-iconbox-customimg img_medium_size\"><img decoding=\"async\" src=\"https:\/\/www.filex.nl\/wp-content\/uploads\/2021\/05\/garantie.svg\" class=\"attachment-full\" alt=\"\" \/><\/div><h6 class=\"service-heading\" >5 ans de garantie<\/h6><\/div>[\/vc_column_inner][vc_column_inner width=&#8221;1\/3&#8243;]<div class=\"key-icon-box icon-default icon-top cont-center ib-no-effect\" style=\"background-color: transparent;\" ><div class=\"tt-iconbox-customimg img_medium_size\"><img decoding=\"async\" src=\"https:\/\/www.filex.nl\/wp-content\/uploads\/2021\/06\/tuv_elektrificatie.svg\" class=\"attachment-full\" alt=\"\" \/><\/div><h6 class=\"service-heading\" >\u00c9lectrification s\u00fbre<\/h6><\/div>[\/vc_column_inner][\/vc_row_inner][vc_row_inner][vc_column_inner css=&#8221;.vc_custom_1624015601177{padding-right: 50px !important;padding-left: 0px !important;}&#8221;][vc_column_text]La mission et le principe directeur de T\u00dcV Rheinland sont le d\u00e9veloppement durable de la s\u00e9curit\u00e9 et de la qualit\u00e9 pour relever le d\u00e9fi qui d\u00e9coule de l&#8217;interaction entre homme, technologie et environnement. Leur objectif pour rendre les vies plus s\u00fbres requiert de solides principes.<br \/>\nT\u00dcV Rheinland est un prestataire international de premier plan de services techniques. Leur objectif est de devenir le meilleur prestataire durable et ind\u00e9pendant au monde de services techniques pour l&#8217;essai, l&#8217;inspection, la certification, le conseil et la formation.<\/p>\n<p><strong>T\u00dcV Rheinland assume ses responsabilit\u00e9s<\/strong><\/p>\n<p>Depuis 1872, ils d\u00e9veloppent des solutions pour garantir la s\u00e9curit\u00e9 et la qualit\u00e9 de l&#8217;interaction entre homme, technologie et environnement. Ils sont convaincus que les progr\u00e8s sociaux et technologiques sont \u00e9troitement li\u00e9s.[\/vc_column_text][\/vc_column_inner][\/vc_row_inner][\/vc_column][\/vc_row][vc_row full_width=&#8221;stretch_row_content_no_spaces&#8221; equal_height=&#8221;yes&#8221; css=&#8221;.vc_custom_1644175073934{background-color: #f7f7f7 !important;}&#8221; el_class=&#8221;transparent_bg_blocks&#8221;][vc_column width=&#8221;1\/2&#8243; css=&#8221;.vc_custom_1644174855929{background-image: url(https:\/\/www.filex.nl\/wp-content\/uploads\/2021\/06\/filex-tuv-01.jpg?id=7870) !important;background-position: center !important;background-repeat: no-repeat !important;background-size: cover !important;}&#8221; offset=&#8221;vc_col-lg-6 vc_col-md-6 vc_col-xs-12&#8243;][vc_empty_space height=&#8221;200px&#8221;][\/vc_column][vc_column width=&#8221;1\/2&#8243; offset=&#8221;vc_col-lg-6 vc_col-md-6 vc_col-xs-12&#8243;][vc_row_inner css=&#8221;.vc_custom_1624017488588{padding-top: 60px !important;padding-bottom: 60px !important;}&#8221;][vc_column_inner]<div class=\"key-icon-box icon-default  cont-left ib-hover-2\" style=\"background-color: transparent;\" ><div class=\"ib-wrapper\"><h6 class=\"service-heading\" >Int\u00e9grit\u00e9<\/h6><p >T\u00dcV Rheinland est incorruptible et agit honn\u00eatement. Ils vivent selon leurs valeurs bas\u00e9es sur la confiance et la transparence. Ils b\u00e2tissent la confiance. Ils alignent tous nos efforts sur les normes qu'ils s'appliquent. Ils rendent leurs d\u00e9cisions transparentes et les communiquent clairement.<\/p><\/div><\/div>[\/vc_column_inner][\/vc_row_inner][\/vc_column][\/vc_row][vc_row full_width=&#8221;stretch_row_content_no_spaces&#8221; equal_height=&#8221;yes&#8221; css=&#8221;.vc_custom_1644175094438{background-color: #f7f7f7 !important;}&#8221; el_class=&#8221;transparent_bg_blocks&#8221;][vc_column width=&#8221;1\/2&#8243; css=&#8221;.vc_custom_1644174942336{padding-top: 0px !important;}&#8221; offset=&#8221;vc_col-lg-6 vc_col-md-6 vc_col-xs-12&#8243;][vc_row_inner css=&#8221;.vc_custom_1624017493554{padding-top: 60px !important;padding-bottom: 60px !important;}&#8221;][vc_column_inner]<div class=\"key-icon-box icon-default  cont-left ib-hover-2\" style=\"background-color: transparent;\" ><div class=\"ib-wrapper\"><h6 class=\"service-heading\" >Excellence<\/h6><p >Ils atteignent l'excellence dans tous leurs processus et produits. Seul du bon travail les satisfait. Leurs vastes comp\u00e9tences sont une condition \u00e0 cet effet. Ils continuent \u00e0 perfectionner nos produits avec des innovations cibl\u00e9es. Pour eux, la s\u00e9curit\u00e9 passe avant tout.<\/p><\/div><\/div>[\/vc_column_inner][\/vc_row_inner][\/vc_column][vc_column width=&#8221;1\/2&#8243; offset=&#8221;vc_col-lg-6 vc_col-md-6 vc_col-xs-12&#8243; css=&#8221;.vc_custom_1644174954309{background-image: url(https:\/\/www.filex.nl\/wp-content\/uploads\/2021\/06\/filex-tuv-02.jpg?id=7882) !important;background-position: center !important;background-repeat: no-repeat !important;background-size: cover !important;}&#8221;][vc_empty_space height=&#8221;200px&#8221;][\/vc_column][\/vc_row][vc_row full_width=&#8221;stretch_row_content_no_spaces&#8221; equal_height=&#8221;yes&#8221; css=&#8221;.vc_custom_1644175089919{background-color: #f7f7f7 !important;}&#8221; el_class=&#8221;transparent_bg_blocks&#8221;][vc_column width=&#8221;1\/2&#8243; css=&#8221;.vc_custom_1644174962794{padding-top: 0px !important;background-image: url(https:\/\/www.filex.nl\/wp-content\/uploads\/2021\/06\/filex-tuv-04.jpg?id=7872) !important;background-position: center !important;background-repeat: no-repeat !important;background-size: cover !important;}&#8221; offset=&#8221;vc_col-lg-6 vc_col-md-6 vc_col-xs-12&#8243;][vc_empty_space height=&#8221;200px&#8221;][\/vc_column][vc_column width=&#8221;1\/2&#8243; offset=&#8221;vc_col-lg-6 vc_col-md-6 vc_col-xs-12&#8243;][vc_row_inner css=&#8221;.vc_custom_1624017508890{padding-top: 60px !important;padding-bottom: 60px !important;}&#8221;][vc_column_inner]<div class=\"key-icon-box icon-default  cont-left ib-hover-2\" style=\"background-color: transparent;\" ><div class=\"ib-wrapper\"><h6 class=\"service-heading\" >Agilit\u00e9<\/h6><p >Chez T\u00dcV Rheinland, ils sont agiles, flexibles et r\u00e9agissent vite dans un monde en \u00e9volution. Ils r\u00e9agissent imm\u00e9diatement aux d\u00e9veloppements sur le march\u00e9 et dans la soci\u00e9t\u00e9 dans son ensemble. Ils g\u00e8rent activement leurs propres changements et consid\u00e8rent le changement comme une opportunit\u00e9. Ils restent flexibles et continuent \u00e0 \u00e9voluer de fa\u00e7on dynamique.<\/p><\/div><\/div>[\/vc_column_inner][\/vc_row_inner][\/vc_column][\/vc_row][vc_row full_width=&#8221;stretch_row&#8221; css=&#8221;.vc_custom_1624018560846{padding-top: 100px !important;padding-bottom: 70px !important;}&#8221;][vc_column css=&#8221;.vc_custom_1516029502203{padding-right: 0px !important;padding-left: 0px !important;}&#8221;][vc_row_inner][vc_column_inner css=&#8221;.vc_custom_1624015601177{padding-right: 50px !important;padding-left: 0px !important;}&#8221;][vc_custom_heading text=&#8221;T\u00dcV\u00ae : une marque d\u00e9pos\u00e9e&#8221; font_container=&#8221;tag:h5|text_align:left&#8221; use_theme_fonts=&#8221;yes&#8221; css_animation=&#8221;none&#8221;][vc_column_text]Tout le monde conna\u00eet T\u00dcV, que ce soit aux Pays-Bas, en Allemagne ou dans le monde entier. Pour beaucoup de gens, T\u00dcV est, \u00e0 juste titre, synonyme de qualit\u00e9 et de s\u00e9curit\u00e9 soumises \u00e0 un test neutre. Quand il est question de qualit\u00e9 souhait\u00e9e de produits et de services, on pense g\u00e9n\u00e9ralement au T\u00dcV. Tout comme T\u00dcV Rheinland\u00ae, la marque T\u00dcV\u00ae est \u00e9galement d\u00e9pos\u00e9e. Elle peut \u00eatre utilis\u00e9e uniquement par des entreprises T\u00dcV. Cela assure la protection des marques aux Pays-Bas, en Allemagne, en Europe et dans beaucoup de pays aux quatre coins du monde. Il est donc garanti qu&#8217;\u00e0 l&#8217;avenir, les gens reconna\u00eetront la qualit\u00e9 test\u00e9e des entreprises T\u00dcV aux trois lettres bien connues, et qu&#8217;ils associeront T\u00dcV Rheinland \u00e0 un engagement prononc\u00e9 des marques : T\u00dcV Rheinland\u00ae.[\/vc_column_text][\/vc_column_inner][\/vc_row_inner][\/vc_column][\/vc_row][vc_row full_width=&#8221;stretch_row&#8221; parallax=&#8221;content-moving&#8221; parallax_speed_bg=&#8221;1.4&#8243; kd_image_overlay_color=&#8221;rgba(0,0,0,0.5)&#8221; kd_image_overlay=&#8221;true&#8221; css=&#8221;.vc_custom_1624011385614{background: #1a1a1a url(https:\/\/www.filex.nl\/wp-content\/uploads\/2021\/06\/oplossingen-banner-scaled.jpg?id=7771);}&#8221;][vc_column css=&#8221;.vc_custom_1516095225433{padding-right: 0px !important;padding-left: 0px !important;}&#8221;][vc_row_inner css=&#8221;.vc_custom_1555673013129{padding-top: 150px !important;padding-bottom: 123px !important;}&#8221;][vc_column_inner width=&#8221;1\/12&#8243; css=&#8221;.vc_custom_1515166784808{padding-top: 50px !important;}&#8221;][\/vc_column_inner][vc_column_inner width=&#8221;4\/12&#8243;]<header class=\"kd-section-title col-lg-12 text-left     vc_custom_1698068988464\" ><h2 class=\"separator_off\" style=\"color: #ffffff;\">Vous voulez rester au courant de notre actualit\u00e9 ?<\/h2><h6 class=\"subtitle \" style=\"color: #eeeeee;\">Avec notre lettre d'information, restez au courant de nos derni\u00e8res nouvelles et nouveaut\u00e9s dans le domaine des solutions ergonomiques pour postes de travail.<\/h6><\/header>[\/vc_column_inner][vc_column_inner width=&#8221;1\/12&#8243;][\/vc_column_inner][vc_column_inner width=&#8221;5\/12&#8243;][vc_custom_heading text=&#8221;Inscrivez-vous \u00e0 notre lettre d\u2019information&#8221; font_container=&#8221;tag:h4|text_align:left|color:%23ffffff&#8221; use_theme_fonts=&#8221;yes&#8221; css_animation=&#8221;none&#8221; css=&#8221;.vc_custom_1698068995965{margin-bottom: 30px !important;}&#8221;]<div class=\"kd-contact-form full-width-cf white-input-bg\" >\n<div class=\"wpcf7 no-js\" id=\"wpcf7-f39519-o1\" lang=\"fr-FR\" dir=\"ltr\" data-wpcf7-id=\"39519\">\n<div class=\"screen-reader-response\"><p role=\"status\" aria-live=\"polite\" aria-atomic=\"true\"><\/p> <ul><\/ul><\/div>\n<form action=\"\/fr\/wp-json\/wp\/v2\/pages\/27211#wpcf7-f39519-o1\" method=\"post\" class=\"wpcf7-form init\" aria-label=\"Formulaire de contact\" novalidate=\"novalidate\" data-status=\"init\">\n<div style=\"display: none;\">\n<input type=\"hidden\" name=\"_wpcf7\" value=\"39519\" \/>\n<input type=\"hidden\" name=\"_wpcf7_version\" value=\"6.0.6\" \/>\n<input type=\"hidden\" name=\"_wpcf7_locale\" value=\"fr_FR\" \/>\n<input type=\"hidden\" name=\"_wpcf7_unit_tag\" value=\"wpcf7-f39519-o1\" \/>\n<input type=\"hidden\" name=\"_wpcf7_container_post\" value=\"0\" \/>\n<input type=\"hidden\" name=\"_wpcf7_posted_data_hash\" value=\"\" \/>\n<input type=\"hidden\" name=\"_wpcf7_recaptcha_response\" value=\"\" \/>\n<\/div>\n<p><span class=\"wpcf7-form-control-wrap\" data-name=\"your-name\"><input size=\"40\" maxlength=\"400\" class=\"wpcf7-form-control wpcf7-text wpcf7-validates-as-required\" aria-required=\"true\" aria-invalid=\"false\" placeholder=\"Votre nom\" value=\"\" type=\"text\" name=\"your-name\" \/><\/span><br \/>\n<span class=\"wpcf7-form-control-wrap\" data-name=\"your-phone\"><input size=\"40\" maxlength=\"400\" class=\"wpcf7-form-control wpcf7-tel wpcf7-text wpcf7-validates-as-tel\" aria-invalid=\"false\" placeholder=\"Votre num\u00e9ro de t\u00e9l\u00e9phone\" value=\"\" type=\"tel\" name=\"your-phone\" \/><\/span><br \/>\n<span class=\"wpcf7-form-control-wrap\" data-name=\"your-email\"><input size=\"40\" maxlength=\"400\" class=\"wpcf7-form-control wpcf7-email wpcf7-validates-as-required wpcf7-text wpcf7-validates-as-email\" aria-required=\"true\" aria-invalid=\"false\" placeholder=\"Votre adresse e-mail\" value=\"\" type=\"email\" name=\"your-email\" \/><\/span><br \/>\n<input class=\"wpcf7-form-control wpcf7-submit has-spinner\" type=\"submit\" value=\"Envoyer les donn\u00e9es\" \/>\n<\/p><div class=\"wpcf7-response-output\" aria-hidden=\"true\"><\/div>\n<\/form>\n<\/div>\n<\/div>[\/vc_column_inner][vc_column_inner width=&#8221;1\/12&#8243;][\/vc_column_inner][\/vc_row_inner][\/vc_column][\/vc_row]<\/p>\n","protected":false},"excerpt":{"rendered":"<p>[vc_row full_width=&#8221;stretch_row&#8221; parallax=&#8221;content-moving&#8221; css=&#8221;.vc_custom_1643384936911{padding-bottom: 85px !important;}&#8221;][vc_column][vc_row_inner][vc_column_inner css=&#8221;.vc_custom_1624015601177{padding-right: 50px !important;padding-left: 0px !important;}&#8221;][vc_custom_heading text=&#8221;Le consommateur et vos [&hellip;]<\/p>\n","protected":false},"author":1,"featured_media":13833,"parent":27156,"menu_order":0,"comment_status":"closed","ping_status":"closed","template":"","meta":{"_acf_changed":false,"footnotes":""},"class_list":["post-27211","page","type-page","status-publish","has-post-thumbnail","hentry"],"acf":[],"_links":{"self":[{"href":"https:\/\/www.filex.nl\/fr\/wp-json\/wp\/v2\/pages\/27211","targetHints":{"allow":["GET"]}}],"collection":[{"href":"https:\/\/www.filex.nl\/fr\/wp-json\/wp\/v2\/pages"}],"about":[{"href":"https:\/\/www.filex.nl\/fr\/wp-json\/wp\/v2\/types\/page"}],"author":[{"embeddable":true,"href":"https:\/\/www.filex.nl\/fr\/wp-json\/wp\/v2\/users\/1"}],"replies":[{"embeddable":true,"href":"https:\/\/www.filex.nl\/fr\/wp-json\/wp\/v2\/comments?post=27211"}],"version-history":[{"count":12,"href":"https:\/\/www.filex.nl\/fr\/wp-json\/wp\/v2\/pages\/27211\/revisions"}],"predecessor-version":[{"id":39561,"href":"https:\/\/www.filex.nl\/fr\/wp-json\/wp\/v2\/pages\/27211\/revisions\/39561"}],"up":[{"embeddable":true,"href":"https:\/\/www.filex.nl\/fr\/wp-json\/wp\/v2\/pages\/27156"}],"wp:featuredmedia":[{"embeddable":true,"href":"https:\/\/www.filex.nl\/fr\/wp-json\/wp\/v2\/media\/13833"}],"wp:attachment":[{"href":"https:\/\/www.filex.nl\/fr\/wp-json\/wp\/v2\/media?parent=27211"}],"curies":[{"name":"wp","href":"https:\/\/api.w.org\/{rel}","templated":true}]}}