{"id":27215,"date":"2021-06-25T14:06:18","date_gmt":"2021-06-25T14:06:18","guid":{"rendered":"https:\/\/www.filex.nl\/oplossingen\/office\/"},"modified":"2024-09-14T12:24:56","modified_gmt":"2024-09-14T12:24:56","slug":"office","status":"publish","type":"page","link":"https:\/\/www.filex.nl\/fr\/solutions\/office\/","title":{"rendered":"Office"},"content":{"rendered":"<p>[vc_row equal_height=&#8221;yes&#8221; el_class=&#8221;equal_height_blocks content_blocks&#8221; css=&#8221;.vc_custom_1644174620045{padding-bottom: 45px !important;}&#8221;][vc_column width=&#8221;1\/3&#8243;]<div class=\"kd-photobox  \" ><a href=\"https:\/\/www.filex.nl\/fr\/solutions\/office\/le-bureau-du-futur-nest-quun-lieu-de-reunion\/\"  title=\"Le bureau du futur n'est qu'un lieu de r\u00e9union ?\"><div class=\"photobox-img\"><img loading=\"lazy\" decoding=\"async\" width=\"1920\" height=\"1280\" src=\"https:\/\/www.filex.nl\/wp-content\/uploads\/2021\/06\/filex-office-01.jpg\" class=\"attachment-full\" alt=\"\" srcset=\"https:\/\/www.filex.nl\/wp-content\/uploads\/2021\/06\/filex-office-01.jpg 1920w, https:\/\/www.filex.nl\/wp-content\/uploads\/2021\/06\/filex-office-01-800x533.jpg 800w, https:\/\/www.filex.nl\/wp-content\/uploads\/2021\/06\/filex-office-01-64x43.jpg 64w, https:\/\/www.filex.nl\/wp-content\/uploads\/2021\/06\/filex-office-01-300x200.jpg 300w, https:\/\/www.filex.nl\/wp-content\/uploads\/2021\/06\/filex-office-01-1024x683.jpg 1024w, https:\/\/www.filex.nl\/wp-content\/uploads\/2021\/06\/filex-office-01-768x512.jpg 768w, https:\/\/www.filex.nl\/wp-content\/uploads\/2021\/06\/filex-office-01-1536x1024.jpg 1536w\" sizes=\"auto, (max-width: 1920px) 100vw, 1920px\" \/><\/div><div class=\"phb-content text-left \" >\n                  <h5 >Le bureau du futur n'est qu'un lieu de r\u00e9union ?<\/h5>\n                  <p >Nous avons v\u00e9cu une p\u00e9riode pleine d'incertitudes, d'environnements de travail changeants et de r\u00e9flexions sur l'avenir. Et ces r\u00e9flexions, nous les faisons tr\u00e8s souvent. Nous entendons des signaux du march\u00e9, des \u00e9tudes sont men\u00e9es sur le retour au bureau et le terme qui revient le plus souvent, c'est : \u2018Hybrid Working\u2019.<\/p><\/div><\/a><\/div>[\/vc_column][vc_column width=&#8221;1\/3&#8243;]<div class=\"kd-photobox  \" ><a href=\"https:\/\/www.filex.nl\/fr\/solutions\/office\/un-bras-de-moniteur-pour-chaque-lieu-de-travail\/\"  title=\"\"><div class=\"photobox-img\"><img loading=\"lazy\" decoding=\"async\" width=\"1920\" height=\"1280\" src=\"https:\/\/www.filex.nl\/wp-content\/uploads\/2021\/06\/filex-office-02.jpg\" class=\"attachment-full\" alt=\"\" srcset=\"https:\/\/www.filex.nl\/wp-content\/uploads\/2021\/06\/filex-office-02.jpg 1920w, https:\/\/www.filex.nl\/wp-content\/uploads\/2021\/06\/filex-office-02-800x533.jpg 800w, https:\/\/www.filex.nl\/wp-content\/uploads\/2021\/06\/filex-office-02-64x43.jpg 64w, https:\/\/www.filex.nl\/wp-content\/uploads\/2021\/06\/filex-office-02-300x200.jpg 300w, https:\/\/www.filex.nl\/wp-content\/uploads\/2021\/06\/filex-office-02-1024x683.jpg 1024w, https:\/\/www.filex.nl\/wp-content\/uploads\/2021\/06\/filex-office-02-768x512.jpg 768w, https:\/\/www.filex.nl\/wp-content\/uploads\/2021\/06\/filex-office-02-1536x1024.jpg 1536w\" sizes=\"auto, (max-width: 1920px) 100vw, 1920px\" \/><\/div><div class=\"phb-content text-left \" >\n                  <h5 >Un bras de moniteur pour chaque lieu de travail<\/h5>\n                  <p >Een ergonomische werkplek bevordert het comfort en de productiviteit van beeldscherm medewerkers. Met wat kleine aanpassingen is het eenvoudig om de ideale werkplek te cre\u00ebren. Filex ontwikkelt en levert hoogwaardige monitorarmen en vele andere oplossingen voor mooiere en gezondere werkplekken.<\/p><\/div><\/a><\/div>[\/vc_column][vc_column width=&#8221;1\/3&#8243;]<div class=\"kd-photobox  \" ><a href=\"https:\/\/www.filex.nl\/fr\/solutions\/office\/comment-favoriser-des-performances-durables-au-bureau\/\"  title=\"\"><div class=\"photobox-img\"><img loading=\"lazy\" decoding=\"async\" width=\"1920\" height=\"1280\" src=\"https:\/\/www.filex.nl\/wp-content\/uploads\/2021\/06\/filex-office-03.jpg\" class=\"attachment-full\" alt=\"\" srcset=\"https:\/\/www.filex.nl\/wp-content\/uploads\/2021\/06\/filex-office-03.jpg 1920w, https:\/\/www.filex.nl\/wp-content\/uploads\/2021\/06\/filex-office-03-800x533.jpg 800w, https:\/\/www.filex.nl\/wp-content\/uploads\/2021\/06\/filex-office-03-64x43.jpg 64w, https:\/\/www.filex.nl\/wp-content\/uploads\/2021\/06\/filex-office-03-300x200.jpg 300w, https:\/\/www.filex.nl\/wp-content\/uploads\/2021\/06\/filex-office-03-1024x683.jpg 1024w, https:\/\/www.filex.nl\/wp-content\/uploads\/2021\/06\/filex-office-03-768x512.jpg 768w, https:\/\/www.filex.nl\/wp-content\/uploads\/2021\/06\/filex-office-03-1536x1024.jpg 1536w\" sizes=\"auto, (max-width: 1920px) 100vw, 1920px\" \/><\/div><div class=\"phb-content text-left \" >\n                  <h5 >Comment favoriser des performances durables au bureau ?<\/h5>\n                  <p >Sous l'effet de la num\u00e9risation croissante, nous ressentons une (trop) forte charge de travail et un manque d\u2019exercice physique. Mais malgr\u00e9 ces effets n\u00e9gatifs de la num\u00e9risation, il y a quand m\u00eame des effets positifs. Ainsi, la num\u00e9risation se montre n\u00e9cessaire pour contr\u00f4ler les co\u00fbts au sein des entreprises. Une tension semble donc se former entre les besoins des entreprises et ceux des employ\u00e9s. Comment veiller \u00e0 la fois aux int\u00e9r\u00eats des employ\u00e9s et \u00e0 ceux de l\u2019entreprise ?<\/p><\/div><\/a><\/div>[\/vc_column][\/vc_row]<\/p>\n","protected":false},"excerpt":{"rendered":"<p>[vc_row equal_height=&#8221;yes&#8221; el_class=&#8221;equal_height_blocks content_blocks&#8221; css=&#8221;.vc_custom_1644174620045{padding-bottom: 45px !important;}&#8221;][vc_column width=&#8221;1\/3&#8243;][\/vc_column][vc_column width=&#8221;1\/3&#8243;][\/vc_column][vc_column width=&#8221;1\/3&#8243;][\/vc_column][\/vc_row]<\/p>\n","protected":false},"author":1,"featured_media":13890,"parent":27156,"menu_order":0,"comment_status":"closed","ping_status":"closed","template":"","meta":{"_acf_changed":false,"footnotes":""},"class_list":["post-27215","page","type-page","status-publish","has-post-thumbnail","hentry"],"acf":[],"_links":{"self":[{"href":"https:\/\/www.filex.nl\/fr\/wp-json\/wp\/v2\/pages\/27215","targetHints":{"allow":["GET"]}}],"collection":[{"href":"https:\/\/www.filex.nl\/fr\/wp-json\/wp\/v2\/pages"}],"about":[{"href":"https:\/\/www.filex.nl\/fr\/wp-json\/wp\/v2\/types\/page"}],"author":[{"embeddable":true,"href":"https:\/\/www.filex.nl\/fr\/wp-json\/wp\/v2\/users\/1"}],"replies":[{"embeddable":true,"href":"https:\/\/www.filex.nl\/fr\/wp-json\/wp\/v2\/comments?post=27215"}],"version-history":[{"count":16,"href":"https:\/\/www.filex.nl\/fr\/wp-json\/wp\/v2\/pages\/27215\/revisions"}],"predecessor-version":[{"id":44712,"href":"https:\/\/www.filex.nl\/fr\/wp-json\/wp\/v2\/pages\/27215\/revisions\/44712"}],"up":[{"embeddable":true,"href":"https:\/\/www.filex.nl\/fr\/wp-json\/wp\/v2\/pages\/27156"}],"wp:featuredmedia":[{"embeddable":true,"href":"https:\/\/www.filex.nl\/fr\/wp-json\/wp\/v2\/media\/13890"}],"wp:attachment":[{"href":"https:\/\/www.filex.nl\/fr\/wp-json\/wp\/v2\/media?parent=27215"}],"curies":[{"name":"wp","href":"https:\/\/api.w.org\/{rel}","templated":true}]}}