{"id":27218,"date":"2022-01-26T13:36:41","date_gmt":"2022-01-26T13:36:41","guid":{"rendered":"https:\/\/www.filex.nl\/oplossingen\/projecten\/"},"modified":"2023-10-23T13:36:36","modified_gmt":"2023-10-23T13:36:36","slug":"projets","status":"publish","type":"page","link":"https:\/\/www.filex.nl\/fr\/solutions\/projets\/","title":{"rendered":"Projets"},"content":{"rendered":"<p>[vc_row css=&#8221;.vc_custom_1643370203246{margin-bottom: 50px !important;}&#8221;][vc_column][vc_column_text]Filex se fait un plaisir de vous pr\u00e9senter des projets que nous avons r\u00e9alis\u00e9s avec nos revendeurs et distributeurs. Les images des diff\u00e9rents projets vous donnent un petit aper\u00e7u de toutes les possibilit\u00e9s.[\/vc_column_text][\/vc_column][\/vc_row][vc_row css=&#8221;.vc_custom_1643370203246{margin-bottom: 50px !important;}&#8221;][vc_column][vc_custom_heading text=&#8221;Ahrend&#8221; use_theme_fonts=&#8221;yes&#8221;][vc_gallery type=&#8221;image_grid&#8221; images=&#8221;10698,10699,10700,10701,10702,10703,10704,10705,10706,10707&#8243; img_size=&#8221;300&#215;200&#8243;][\/vc_column][\/vc_row][vc_row css=&#8221;.vc_custom_1643370203246{margin-bottom: 50px !important;}&#8221;][vc_column][vc_custom_heading text=&#8221;Ahrend France&#8221; use_theme_fonts=&#8221;yes&#8221;][vc_gallery type=&#8221;image_grid&#8221; images=&#8221;10712,10713,10715,10716,10717&#8243; img_size=&#8221;300&#215;200&#8243;][\/vc_column][\/vc_row][vc_row css=&#8221;.vc_custom_1643370203246{margin-bottom: 50px !important;}&#8221;][vc_column][vc_custom_heading text=&#8221;Comatters&#8221; use_theme_fonts=&#8221;yes&#8221;][vc_gallery type=&#8221;image_grid&#8221; images=&#8221;10719,10720,10721,10722,10723,10724,10725,10726,10727,10728&#8243; img_size=&#8221;300&#215;200&#8243;][\/vc_column][\/vc_row][vc_row css=&#8221;.vc_custom_1643370203246{margin-bottom: 50px !important;}&#8221;][vc_column][vc_custom_heading text=&#8221;Comatters&#8221; use_theme_fonts=&#8221;yes&#8221;][vc_gallery type=&#8221;image_grid&#8221; images=&#8221;10730,10731,10732,10733,10734,10735&#8243; img_size=&#8221;300&#215;200&#8243;][\/vc_column][\/vc_row][vc_row css=&#8221;.vc_custom_1643370203246{margin-bottom: 50px !important;}&#8221;][vc_column][vc_custom_heading text=&#8221;Comatters&#8221; use_theme_fonts=&#8221;yes&#8221;][vc_gallery type=&#8221;image_grid&#8221; images=&#8221;10736,10737,10738,10739&#8243; img_size=&#8221;300&#215;200&#8243;][\/vc_column][\/vc_row][vc_row css=&#8221;.vc_custom_1643370203246{margin-bottom: 50px !important;}&#8221;][vc_column][vc_custom_heading text=&#8221;Comatters&#8221; use_theme_fonts=&#8221;yes&#8221;][vc_gallery type=&#8221;image_grid&#8221; images=&#8221;10740,10741&#8243; img_size=&#8221;300&#215;200&#8243;][\/vc_column][\/vc_row][vc_row css=&#8221;.vc_custom_1643370203246{margin-bottom: 50px !important;}&#8221;][vc_column][vc_custom_heading text=&#8221;Comatters&#8221; use_theme_fonts=&#8221;yes&#8221;][vc_gallery type=&#8221;image_grid&#8221; images=&#8221;10742,10743,10744,10745,10746,10747,10748,10749,10750,10751,10752,10753,10754,10755,10756,10757,10758,10759,10760,10761,10762,10763,10764,10765,10766,10767,10768,10769,10770,10771,10772,10773,10774,10776&#8243; img_size=&#8221;200&#215;150&#8243;][\/vc_column][\/vc_row][vc_row css=&#8221;.vc_custom_1643370203246{margin-bottom: 50px !important;}&#8221;][vc_column][vc_custom_heading text=&#8221;IVA Office en Comatters&#8221; use_theme_fonts=&#8221;yes&#8221;][vc_gallery type=&#8221;image_grid&#8221; images=&#8221;10779,10780,10781&#8243; img_size=&#8221;300&#215;200&#8243;][\/vc_column][\/vc_row][vc_row css=&#8221;.vc_custom_1643370203246{margin-bottom: 50px !important;}&#8221;][vc_column][vc_custom_heading text=&#8221;KVS&#8221; use_theme_fonts=&#8221;yes&#8221;][vc_gallery type=&#8221;image_grid&#8221; images=&#8221;10782,10783,10784,10785,10786,10787&#8243; img_size=&#8221;300&#215;200&#8243;][\/vc_column][\/vc_row][vc_row css=&#8221;.vc_custom_1643370203246{margin-bottom: 50px !important;}&#8221;][vc_column][vc_custom_heading text=&#8221;KVS&#8221; use_theme_fonts=&#8221;yes&#8221;][vc_gallery type=&#8221;image_grid&#8221; images=&#8221;10789,10790,10791,10792,10793,10794,10796,10797,10798,10799,10800,10801,10802,10803,10804,10805&#8243; img_size=&#8221;300&#215;200&#8243;][\/vc_column][\/vc_row][vc_row css=&#8221;.vc_custom_1643370203246{margin-bottom: 50px !important;}&#8221;][vc_column][vc_custom_heading text=&#8221;KVS&#8221; use_theme_fonts=&#8221;yes&#8221;][vc_gallery type=&#8221;image_grid&#8221; images=&#8221;10808,10809,10810,10811,10812,10813,10814,10815,10816,10817,10818&#8243; img_size=&#8221;300&#215;200&#8243;][\/vc_column][\/vc_row][vc_row css=&#8221;.vc_custom_1643370203246{margin-bottom: 50px !important;}&#8221;][vc_column][vc_custom_heading text=&#8221;Lensen Projectinrichters&#8221; use_theme_fonts=&#8221;yes&#8221;][vc_gallery type=&#8221;image_grid&#8221; images=&#8221;10828,10829,10830,10831,10832,10833,10834,10835,10836,10837&#8243; img_size=&#8221;300&#215;200&#8243;][\/vc_column][\/vc_row][vc_row css=&#8221;.vc_custom_1643370203246{margin-bottom: 50px !important;}&#8221;][vc_column][vc_custom_heading text=&#8221;Martin Cuypers&#8221; use_theme_fonts=&#8221;yes&#8221;][vc_gallery type=&#8221;image_grid&#8221; images=&#8221;10839,10840,10841,10842,10843,10844,10845,10846,10847,10848&#8243; img_size=&#8221;300&#215;200&#8243;][\/vc_column][\/vc_row][vc_row css=&#8221;.vc_custom_1643370203246{margin-bottom: 50px !important;}&#8221;][vc_column][vc_custom_heading text=&#8221;OCS&#8221; use_theme_fonts=&#8221;yes&#8221;][vc_gallery type=&#8221;image_grid&#8221; images=&#8221;10851,10852,10853&#8243; img_size=&#8221;300&#215;200&#8243;][\/vc_column][\/vc_row][vc_row css=&#8221;.vc_custom_1643370203246{margin-bottom: 50px !important;}&#8221;][vc_column][vc_custom_heading text=&#8221;Trompenburg Interieurconcepter&#8221; use_theme_fonts=&#8221;yes&#8221;][vc_gallery type=&#8221;image_grid&#8221; images=&#8221;10854,10855,10856,10857,10858,10859,10860,10861,10862,10863&#8243; img_size=&#8221;300&#215;200&#8243;][\/vc_column][\/vc_row][vc_row css=&#8221;.vc_custom_1643370203246{margin-bottom: 50px !important;}&#8221;][vc_column][vc_custom_heading text=&#8221;Twowork&#8221; use_theme_fonts=&#8221;yes&#8221;][vc_gallery type=&#8221;image_grid&#8221; images=&#8221;10864,10865,10866,10867,10868,10869,10870,10871,10872,10873,10874,10875,10876,10877,10878,10879,10880,10881,10882,10883&#8243; img_size=&#8221;300&#215;200&#8243;][\/vc_column][\/vc_row][vc_row css=&#8221;.vc_custom_1643370203246{margin-bottom: 50px !important;}&#8221;][vc_column][vc_custom_heading text=&#8221;Twowork&#8221; use_theme_fonts=&#8221;yes&#8221;][vc_gallery type=&#8221;image_grid&#8221; images=&#8221;10884,10885,10886,10887,10888,10889,10890,10891,10892,10893&#8243; img_size=&#8221;300&#215;200&#8243;][\/vc_column][\/vc_row][vc_row css=&#8221;.vc_custom_1643370203246{margin-bottom: 50px !important;}&#8221;][vc_column][vc_custom_heading text=&#8221;Up Kantoorinrichting&#8221; use_theme_fonts=&#8221;yes&#8221;][vc_gallery type=&#8221;image_grid&#8221; images=&#8221;10895,10896,10897,10898&#8243; img_size=&#8221;300&#215;200&#8243;][\/vc_column][\/vc_row][vc_row css=&#8221;.vc_custom_1643370203246{margin-bottom: 50px !important;}&#8221;][vc_column][vc_custom_heading text=&#8221;Up Kantoorinrichting&#8221; use_theme_fonts=&#8221;yes&#8221;][vc_gallery type=&#8221;image_grid&#8221; images=&#8221;10899,10900,10901,10902,10903,10904,10905,10906,10907,10908,10909,10910,10911,10912,10913,10914,10915,10916,10917,10918,10919,10920,10921,10922,10923&#8243; img_size=&#8221;300&#215;200&#8243;][\/vc_column][\/vc_row][vc_row css=&#8221;.vc_custom_1643370203246{margin-bottom: 50px !important;}&#8221;][vc_column][vc_custom_heading text=&#8221;Up Kantoorinrichting&#8221; use_theme_fonts=&#8221;yes&#8221;][vc_gallery type=&#8221;image_grid&#8221; images=&#8221;10924,10925,10926,10927,10928,10930,10931,10932,10933,10934,10935,10936,10937,10938,10939,10940,10941,10942,10943,10944,10945,10946,10947&#8243; img_size=&#8221;300&#215;200&#8243;][\/vc_column][\/vc_row][vc_row css=&#8221;.vc_custom_1643370203246{margin-bottom: 50px !important;}&#8221;][vc_column][vc_custom_heading text=&#8221;Up Kantoorinrichting&#8221; use_theme_fonts=&#8221;yes&#8221;][vc_gallery type=&#8221;image_grid&#8221; images=&#8221;10950,10951,10952,10953,10954,10955,10956,10957,10958,10959,10960&#8243; img_size=&#8221;300&#215;200&#8243;][\/vc_column][\/vc_row][vc_row css=&#8221;.vc_custom_1643370203246{margin-bottom: 50px !important;}&#8221;][vc_column][vc_custom_heading text=&#8221;Zevenbergen Kantoorefficiency&#8221; use_theme_fonts=&#8221;yes&#8221;][vc_gallery type=&#8221;image_grid&#8221; images=&#8221;10961,10962,10963&#8243; img_size=&#8221;300&#215;200&#8243;][\/vc_column][\/vc_row]<\/p>\n","protected":false},"excerpt":{"rendered":"<p>[vc_row css=&#8221;.vc_custom_1643370203246{margin-bottom: 50px !important;}&#8221;][vc_column][vc_column_text]Filex se fait un plaisir de vous pr\u00e9senter des projets que nous [&hellip;]<\/p>\n","protected":false},"author":1,"featured_media":17862,"parent":27156,"menu_order":0,"comment_status":"closed","ping_status":"closed","template":"","meta":{"_acf_changed":false,"footnotes":""},"class_list":["post-27218","page","type-page","status-publish","has-post-thumbnail","hentry"],"acf":[],"_links":{"self":[{"href":"https:\/\/www.filex.nl\/fr\/wp-json\/wp\/v2\/pages\/27218","targetHints":{"allow":["GET"]}}],"collection":[{"href":"https:\/\/www.filex.nl\/fr\/wp-json\/wp\/v2\/pages"}],"about":[{"href":"https:\/\/www.filex.nl\/fr\/wp-json\/wp\/v2\/types\/page"}],"author":[{"embeddable":true,"href":"https:\/\/www.filex.nl\/fr\/wp-json\/wp\/v2\/users\/1"}],"replies":[{"embeddable":true,"href":"https:\/\/www.filex.nl\/fr\/wp-json\/wp\/v2\/comments?post=27218"}],"version-history":[{"count":3,"href":"https:\/\/www.filex.nl\/fr\/wp-json\/wp\/v2\/pages\/27218\/revisions"}],"predecessor-version":[{"id":39550,"href":"https:\/\/www.filex.nl\/fr\/wp-json\/wp\/v2\/pages\/27218\/revisions\/39550"}],"up":[{"embeddable":true,"href":"https:\/\/www.filex.nl\/fr\/wp-json\/wp\/v2\/pages\/27156"}],"wp:featuredmedia":[{"embeddable":true,"href":"https:\/\/www.filex.nl\/fr\/wp-json\/wp\/v2\/media\/17862"}],"wp:attachment":[{"href":"https:\/\/www.filex.nl\/fr\/wp-json\/wp\/v2\/media?parent=27218"}],"curies":[{"name":"wp","href":"https:\/\/api.w.org\/{rel}","templated":true}]}}