{"id":27222,"date":"2021-11-15T10:46:05","date_gmt":"2021-11-15T10:46:05","guid":{"rendered":"https:\/\/www.filex.nl\/over-ons\/dealers-distributeurs\/"},"modified":"2023-11-01T15:54:37","modified_gmt":"2023-11-01T15:54:37","slug":"revendeurs-et-distributeurs","status":"publish","type":"page","link":"https:\/\/www.filex.nl\/fr\/a-propos-de-nous\/revendeurs-et-distributeurs\/","title":{"rendered":"Revendeurs et distributeurs"},"content":{"rendered":"<p>[vc_row][vc_column][vc_custom_heading text=&#8221;Revendeurs et distributeurs&#8221; use_theme_fonts=&#8221;yes&#8221;][\/vc_column][\/vc_row][vc_row][vc_column width=&#8221;3\/4&#8243;][vc_column_text]<b>Devenez membre de la communaut\u00e9 Filex<\/b><\/p>\n<p>Devenez \u00e9galement revendeur Filex<\/p>\n<p>De produits ergonomiques sp\u00e9cifiques \u00e0 des solutions personnalis\u00e9es pour vos clients : Filex r\u00e9fl\u00e9chit avec vous et vous aide \u00e0 faire le bon choix !<\/p>\n<p>[\/vc_column_text]<a  href=\"https:\/\/www.filex.nl\/fr\/a-propos-de-nous\/devenir-revendeur-filex\/\"  target=\"_self\"  title=\"\" class=\"tt_button tt_primary_button btn_primary_color  pull-left button-action-link\" ><span class=\"prim_text\">Devenez membre de la communaut\u00e9 Filex<\/span><\/a><a  href=\"https:\/\/www.filex.nl\/fr\/a-propos-de-nous\/trouvez-un-revendeur-ou-un-distributeur\/\"  target=\"_self\"  title=\"Trouvez un revendeur ou un distributeur\" class=\"tt_button tt_primary_button btn_primary_color  pull-left button-action-link\" ><span class=\"prim_text\">Trouvez un revendeur ou un distributeur<\/span><\/a>[\/vc_column][vc_column width=&#8221;1\/4&#8243;][vc_single_image image=&#8221;28851&#8243; img_size=&#8221;&#8221;][\/vc_column][\/vc_row][vc_row css=&#8221;.vc_custom_1643207619858{margin-bottom: 50px !important;}&#8221;][vc_column][vc_single_image image=&#8221;10995&#8243; img_size=&#8221;full&#8221; alignment=&#8221;center&#8221; css=&#8221;.vc_custom_1643382753891{margin-top: 30px !important;margin-bottom: 30px !important;}&#8221;][\/vc_column][\/vc_row]<\/p>\n","protected":false},"excerpt":{"rendered":"<p>[vc_row][vc_column][vc_custom_heading text=&#8221;Revendeurs et distributeurs&#8221; use_theme_fonts=&#8221;yes&#8221;][\/vc_column][\/vc_row][vc_row][vc_column width=&#8221;3\/4&#8243;][vc_column_text]Devenez membre de la communaut\u00e9 Filex Devenez \u00e9galement revendeur Filex [&hellip;]<\/p>\n","protected":false},"author":1,"featured_media":14821,"parent":27163,"menu_order":0,"comment_status":"closed","ping_status":"closed","template":"","meta":{"_acf_changed":false,"footnotes":""},"class_list":["post-27222","page","type-page","status-publish","has-post-thumbnail","hentry"],"acf":[],"_links":{"self":[{"href":"https:\/\/www.filex.nl\/fr\/wp-json\/wp\/v2\/pages\/27222","targetHints":{"allow":["GET"]}}],"collection":[{"href":"https:\/\/www.filex.nl\/fr\/wp-json\/wp\/v2\/pages"}],"about":[{"href":"https:\/\/www.filex.nl\/fr\/wp-json\/wp\/v2\/types\/page"}],"author":[{"embeddable":true,"href":"https:\/\/www.filex.nl\/fr\/wp-json\/wp\/v2\/users\/1"}],"replies":[{"embeddable":true,"href":"https:\/\/www.filex.nl\/fr\/wp-json\/wp\/v2\/comments?post=27222"}],"version-history":[{"count":9,"href":"https:\/\/www.filex.nl\/fr\/wp-json\/wp\/v2\/pages\/27222\/revisions"}],"predecessor-version":[{"id":39811,"href":"https:\/\/www.filex.nl\/fr\/wp-json\/wp\/v2\/pages\/27222\/revisions\/39811"}],"up":[{"embeddable":true,"href":"https:\/\/www.filex.nl\/fr\/wp-json\/wp\/v2\/pages\/27163"}],"wp:featuredmedia":[{"embeddable":true,"href":"https:\/\/www.filex.nl\/fr\/wp-json\/wp\/v2\/media\/14821"}],"wp:attachment":[{"href":"https:\/\/www.filex.nl\/fr\/wp-json\/wp\/v2\/media?parent=27222"}],"curies":[{"name":"wp","href":"https:\/\/api.w.org\/{rel}","templated":true}]}}