{"id":27225,"date":"2021-11-15T10:43:02","date_gmt":"2021-11-15T10:43:02","guid":{"rendered":"https:\/\/www.filex.nl\/over-ons\/design-studio\/"},"modified":"2023-10-30T14:08:51","modified_gmt":"2023-10-30T14:08:51","slug":"studio-de-design","status":"publish","type":"page","link":"https:\/\/www.filex.nl\/fr\/a-propos-de-nous\/studio-de-design\/","title":{"rendered":"Studio de design"},"content":{"rendered":"<p>[vc_row css=&#8221;.vc_custom_1643207551394{margin-bottom: 50px !important;}&#8221;][vc_column][vc_custom_heading text=&#8221;Studio de design&#8221; use_theme_fonts=&#8221;yes&#8221;][vc_column_text]Filex\u2019s Design Philosophy.<\/p>\n<p>Filex a \u00e9t\u00e9 cr\u00e9\u00e9e en 1985 et est pass\u00e9e d&#8217;un petit concepteur \u00e0 une \u00e9quipe ambitieuse de concepteurs, d&#8217;ing\u00e9nieurs et de prototypistes. Le studio est le centre de la cr\u00e9ativit\u00e9 et de nouvelles innovations.<\/p>\n<p>Les produits les plus innovants, les designs \u00e9pur\u00e9s, la meilleure qualit\u00e9, les designs minces, bas\u00e9s sur des fonctionnalit\u00e9s et des solutions innovantes. Nous voulons surtout vous faciliter le travail et estimons qu&#8217;un poste de travail appropri\u00e9 en fait partie. Avec tout le confort n\u00e9cessaire et qui facilite votre journ\u00e9e de travail.<\/p>\n<p>Nous essayons de combiner \u00e9l\u00e9gance et fonctionnalit\u00e9 gr\u00e2ce \u00e0 un design intemporel. Nous ne faisons aucun compromis, mais optons pour des solutions qui font vraiment la diff\u00e9rence.<\/p>\n<p>Pour le choix de nos mat\u00e9riaux, nous examinons leur durabilit\u00e9 et leur recyclabilit\u00e9. Pour l&#8217;ensemble du processus, de la table de dessin \u00e0 la livraison de tous les produits Filex, en passant par la fabrication, notre priorit\u00e9 est le choix du mat\u00e9riau. Nous avons les yeux tourn\u00e9s vers le futur. Non seulement avec un nouveau poste de travail, mais d\u00e8s la ligne de d\u00e9part o\u00f9 tout commence.<\/p>\n<p>Chacun de nos produits ergonomiques est con\u00e7u pour un confort optimal, une longue dur\u00e9e de vie et une empreinte \u00e9cologique minimale.<\/p>\n<p>We make work easy. Together.[\/vc_column_text][vc_gallery type=&#8221;image_grid&#8221; images=&#8221;10539,10540,10541&#8243; img_size=&#8221;400&#215;300&#8243; css=&#8221;.vc_custom_1643321340600{margin-top: 25px !important;margin-bottom: 25px !important;}&#8221;][\/vc_column][\/vc_row]<\/p>\n","protected":false},"excerpt":{"rendered":"<p>[vc_row css=&#8221;.vc_custom_1643207551394{margin-bottom: 50px !important;}&#8221;][vc_column][vc_custom_heading text=&#8221;Studio de design&#8221; use_theme_fonts=&#8221;yes&#8221;][vc_column_text]Filex\u2019s Design Philosophy. Filex a \u00e9t\u00e9 cr\u00e9\u00e9e en [&hellip;]<\/p>\n","protected":false},"author":1,"featured_media":14761,"parent":27163,"menu_order":0,"comment_status":"closed","ping_status":"closed","template":"","meta":{"_acf_changed":false,"footnotes":""},"class_list":["post-27225","page","type-page","status-publish","has-post-thumbnail","hentry"],"acf":[],"_links":{"self":[{"href":"https:\/\/www.filex.nl\/fr\/wp-json\/wp\/v2\/pages\/27225","targetHints":{"allow":["GET"]}}],"collection":[{"href":"https:\/\/www.filex.nl\/fr\/wp-json\/wp\/v2\/pages"}],"about":[{"href":"https:\/\/www.filex.nl\/fr\/wp-json\/wp\/v2\/types\/page"}],"author":[{"embeddable":true,"href":"https:\/\/www.filex.nl\/fr\/wp-json\/wp\/v2\/users\/1"}],"replies":[{"embeddable":true,"href":"https:\/\/www.filex.nl\/fr\/wp-json\/wp\/v2\/comments?post=27225"}],"version-history":[{"count":4,"href":"https:\/\/www.filex.nl\/fr\/wp-json\/wp\/v2\/pages\/27225\/revisions"}],"predecessor-version":[{"id":39650,"href":"https:\/\/www.filex.nl\/fr\/wp-json\/wp\/v2\/pages\/27225\/revisions\/39650"}],"up":[{"embeddable":true,"href":"https:\/\/www.filex.nl\/fr\/wp-json\/wp\/v2\/pages\/27163"}],"wp:featuredmedia":[{"embeddable":true,"href":"https:\/\/www.filex.nl\/fr\/wp-json\/wp\/v2\/media\/14761"}],"wp:attachment":[{"href":"https:\/\/www.filex.nl\/fr\/wp-json\/wp\/v2\/media?parent=27225"}],"curies":[{"name":"wp","href":"https:\/\/api.w.org\/{rel}","templated":true}]}}