{"id":27239,"date":"2021-11-15T10:33:04","date_gmt":"2021-11-15T10:33:04","guid":{"rendered":"https:\/\/www.filex.nl\/over-ons\/vacatures\/"},"modified":"2023-11-01T15:56:13","modified_gmt":"2023-11-01T15:56:13","slug":"offres-demploi","status":"publish","type":"page","link":"https:\/\/www.filex.nl\/fr\/a-propos-de-nous\/offres-demploi\/","title":{"rendered":"Offres d&#8217;emploi"},"content":{"rendered":"<p>[vc_row][vc_column][vc_custom_heading text=&#8221;Offres d\u2019emploi&#8221; use_theme_fonts=&#8221;yes&#8221;][vc_column_text]Innovate with Us!<\/p>\n<p>Design et esprit innovant, c&#8217;est le moteur de Filex. Nous n\u2019avons pas d\u2019offres d\u2019emploi pour l\u2019instant. Il est toujours possible d&#8217;envoyer une candidature spontan\u00e9e via <a href=\"https:\/\/www.filex.nl\/fr\/contactez\/\">contact<\/a> et de devenir membre de notre \u00e9quipe croissante et de la communaut\u00e9 Filex.<\/p>\n<p><strong>We make work easy. Together.<\/strong>[\/vc_column_text][\/vc_column][\/vc_row][vc_row css=&#8221;.vc_custom_1643207194193{margin-bottom: 50px !important;}&#8221;][vc_column]<ul class=\"kd-icon-list\" ><li class=\"kd-icon-list-item\"><span class=\"kd-list-text\" ><strong>Nos employ\u00e9s :<\/strong><\/p>\n<p>Chez Filex, nous voulons inspirer les gens avec de nouvelles innovations et de nouveaux d\u00e9veloppements dans le secteur. Notre \u00e9quipe cr\u00e9e le poste de travail le plus ergonomique possible. Il est tourn\u00e9 vers le futur, le plus facile possible \u00e0 installer et dot\u00e9 de tout le confort n\u00e9cessaire \u00e0 l&#8217;aide des techniques Filex brevet\u00e9es dernier cri. Nos produits sont con\u00e7us par notre \u00e9quipe de conception aux Pays-Bas et d\u00e9velopp\u00e9s conjointement avec nos sp\u00e9cialistes de produits dans nos propres usines. Notre \u00e9quipe est compos\u00e9e de personnes avec des talents et des perspectives uniques qui donnent un nouvel \u00e9clairage sur le poste de travail du futur. Nous avons le souci du d\u00e9tail et visons 1 objectif commun : &#8220;We make work easy. Together with you.&#8221;<\/li><li class=\"kd-icon-list-item\"><span class=\"kd-list-text\" ><strong>Nos produits :<\/strong><\/p>\n<p>Lorsque vous rejoignez notre \u00e9quipe, il est important de d\u00e9couvrir imm\u00e9diatement le monde de nos clients et de notre secteur. Nous vous faisons d\u00e9couvrir le monde de Filex et notre assortiment complet de produits ergonomiques. Nous avons un large assortiment, de produits ergonomiques \u00e0 des supports pour unit\u00e9 centrale, \u00e9lectrification, et tout ce qui va avec. Ensemble, nous transformons un poste de travail en poste fonctionnel.<\/li><li class=\"kd-icon-list-item\"><span class=\"kd-list-text\" ><strong>Philosophie de design :<\/strong><\/p>\n<p>Nous concentrons sur un design \u00e9pur\u00e9, des finitions \u00e9lanc\u00e9es et un look \u00e9l\u00e9gant. Nous accordons beaucoup d&#8217;importance \u00e0 la qualit\u00e9 et au sens du service et offrons donc pas moins de 5 ans de garantie \u00e0 nos clients. Nous produisons tout en tenant compte de l&#8217;environnement et de la durabilit\u00e9. En tant que membres de l&#8217;\u00e9quipe, nous appr\u00e9cions tout particuli\u00e8rement que vous r\u00e9fl\u00e9chissiez avec nous et partagiez les points de vue de vos exp\u00e9riences et de votre connaissance du march\u00e9. Ainsi, nous pouvons discuter avec vous de toutes les possibilit\u00e9s et des conceptions ax\u00e9es sur le futur.<\/li><li class=\"kd-icon-list-item\"><span class=\"kd-list-text\" ><strong>Opportunit\u00e9s de croissance :<\/strong><\/p>\n<p>Chez Filex, nous trouvons qu&#8217;il est important que les membres de notre \u00e9quipe aient la possibilit\u00e9 de se d\u00e9velopper et de perfectionner leurs comp\u00e9tences. Les membres de notre \u00e9quipe ont l&#8217;occasion d&#8217;am\u00e9liorer \u00e0 tout moment leurs performances. En effet, nous aimons sortir des sentiers battus pour voir ensemble de nouveaux d\u00e9veloppement se r\u00e9aliser.<\/li><li class=\"kd-icon-list-item\"><span class=\"kd-list-text\" ><strong>Port\u00e9e internationale :<\/strong><\/p>\n<p>Filex est une marque qui op\u00e8re dans le monde entier. De ce fait, vous avez l&#8217;occasion de nouer beaucoup de nouveaux contacts, non seulement aux Pays-Bas, dans le Benelux ou en Europe, mais aussi dans toutes les autres parties du monde. Nous offrons des opportunit\u00e9s de croissance infinies aux membres de notre \u00e9quipe. Pour nous, il n&#8217;y a pas de limites !<\/li><\/ul>[\/vc_column][\/vc_row]<\/p>\n","protected":false},"excerpt":{"rendered":"<p>[vc_row][vc_column][vc_custom_heading text=&#8221;Offres d\u2019emploi&#8221; use_theme_fonts=&#8221;yes&#8221;][vc_column_text]Innovate with Us! Design et esprit innovant, c&#8217;est le moteur de Filex. [&hellip;]<\/p>\n","protected":false},"author":1,"featured_media":14713,"parent":27163,"menu_order":0,"comment_status":"closed","ping_status":"closed","template":"","meta":{"_acf_changed":false,"footnotes":""},"class_list":["post-27239","page","type-page","status-publish","has-post-thumbnail","hentry"],"acf":[],"_links":{"self":[{"href":"https:\/\/www.filex.nl\/fr\/wp-json\/wp\/v2\/pages\/27239","targetHints":{"allow":["GET"]}}],"collection":[{"href":"https:\/\/www.filex.nl\/fr\/wp-json\/wp\/v2\/pages"}],"about":[{"href":"https:\/\/www.filex.nl\/fr\/wp-json\/wp\/v2\/types\/page"}],"author":[{"embeddable":true,"href":"https:\/\/www.filex.nl\/fr\/wp-json\/wp\/v2\/users\/1"}],"replies":[{"embeddable":true,"href":"https:\/\/www.filex.nl\/fr\/wp-json\/wp\/v2\/comments?post=27239"}],"version-history":[{"count":10,"href":"https:\/\/www.filex.nl\/fr\/wp-json\/wp\/v2\/pages\/27239\/revisions"}],"predecessor-version":[{"id":39812,"href":"https:\/\/www.filex.nl\/fr\/wp-json\/wp\/v2\/pages\/27239\/revisions\/39812"}],"up":[{"embeddable":true,"href":"https:\/\/www.filex.nl\/fr\/wp-json\/wp\/v2\/pages\/27163"}],"wp:featuredmedia":[{"embeddable":true,"href":"https:\/\/www.filex.nl\/fr\/wp-json\/wp\/v2\/media\/14713"}],"wp:attachment":[{"href":"https:\/\/www.filex.nl\/fr\/wp-json\/wp\/v2\/media?parent=27239"}],"curies":[{"name":"wp","href":"https:\/\/api.w.org\/{rel}","templated":true}]}}