{"id":27242,"date":"2021-11-25T14:30:29","date_gmt":"2021-11-25T14:30:29","guid":{"rendered":"https:\/\/www.filex.nl\/over-ons\/waar-te-koop\/"},"modified":"2023-10-30T17:02:53","modified_gmt":"2023-10-30T17:02:53","slug":"ou-acheter","status":"publish","type":"page","link":"https:\/\/www.filex.nl\/fr\/a-propos-de-nous\/ou-acheter\/","title":{"rendered":"O\u00f9 acheter"},"content":{"rendered":"<p>[vc_row][vc_column][vc_custom_heading text=&#8221;O\u00f9 acheter ?&#8221; use_theme_fonts=&#8221;yes&#8221;][\/vc_column][\/vc_row][vc_row css=&#8221;.vc_custom_1643645249261{margin-bottom: 30px !important;}&#8221;][vc_column width=&#8221;3\/4&#8243;][vc_column_text]<strong>Nos revendeurs et points de vente<\/strong><\/p>\n<p>Vous avez besoin d&#8217;un conseil ou \u00eates int\u00e9ress\u00e9 par une d\u00e9monstration ou une formation ? Nos sp\u00e9cialiste des produits Filex sont \u00e0 votre service !<br \/>\nContactez-nous pour \u00eatre orient\u00e9 vers le partenaire Filex le plus proche et obtenir une r\u00e9ponse \u00e0 votre demande.[\/vc_column_text]<a  href=\"https:\/\/www.filex.nl\/fr\/a-propos-de-nous\/trouvez-un-revendeur-ou-un-distributeur\/\"  target=\"_self\"  title=\"\" class=\"tt_button tt_primary_button btn_primary_color  pull-left button-action-link\" ><span class=\"prim_text\">Rechercher un revendeur ou un distributeur<\/span><\/a>[\/vc_column][vc_column width=&#8221;1\/4&#8243;][vc_single_image image=&#8221;28843&#8243; img_size=&#8221;&#8221;][\/vc_column][\/vc_row][vc_row css=&#8221;.vc_custom_1643207619858{margin-bottom: 50px !important;}&#8221;][vc_column][vc_single_image image=&#8221;28709&#8243; img_size=&#8221;full&#8221; onclick=&#8221;link_image&#8221; css=&#8221;.vc_custom_1648648629662{margin-top: 30px !important;}&#8221;][\/vc_column][\/vc_row]<\/p>\n","protected":false},"excerpt":{"rendered":"<p>[vc_row][vc_column][vc_custom_heading text=&#8221;O\u00f9 acheter ?&#8221; use_theme_fonts=&#8221;yes&#8221;][\/vc_column][\/vc_row][vc_row css=&#8221;.vc_custom_1643645249261{margin-bottom: 30px !important;}&#8221;][vc_column width=&#8221;3\/4&#8243;][vc_column_text]Nos revendeurs et points de vente Vous [&hellip;]<\/p>\n","protected":false},"author":1,"featured_media":49151,"parent":27163,"menu_order":0,"comment_status":"closed","ping_status":"closed","template":"","meta":{"_acf_changed":false,"footnotes":""},"class_list":["post-27242","page","type-page","status-publish","has-post-thumbnail","hentry"],"acf":[],"_links":{"self":[{"href":"https:\/\/www.filex.nl\/fr\/wp-json\/wp\/v2\/pages\/27242","targetHints":{"allow":["GET"]}}],"collection":[{"href":"https:\/\/www.filex.nl\/fr\/wp-json\/wp\/v2\/pages"}],"about":[{"href":"https:\/\/www.filex.nl\/fr\/wp-json\/wp\/v2\/types\/page"}],"author":[{"embeddable":true,"href":"https:\/\/www.filex.nl\/fr\/wp-json\/wp\/v2\/users\/1"}],"replies":[{"embeddable":true,"href":"https:\/\/www.filex.nl\/fr\/wp-json\/wp\/v2\/comments?post=27242"}],"version-history":[{"count":8,"href":"https:\/\/www.filex.nl\/fr\/wp-json\/wp\/v2\/pages\/27242\/revisions"}],"predecessor-version":[{"id":39757,"href":"https:\/\/www.filex.nl\/fr\/wp-json\/wp\/v2\/pages\/27242\/revisions\/39757"}],"up":[{"embeddable":true,"href":"https:\/\/www.filex.nl\/fr\/wp-json\/wp\/v2\/pages\/27163"}],"wp:featuredmedia":[{"embeddable":true,"href":"https:\/\/www.filex.nl\/fr\/wp-json\/wp\/v2\/media\/49151"}],"wp:attachment":[{"href":"https:\/\/www.filex.nl\/fr\/wp-json\/wp\/v2\/media?parent=27242"}],"curies":[{"name":"wp","href":"https:\/\/api.w.org\/{rel}","templated":true}]}}