{"id":27266,"date":"2021-11-15T11:04:53","date_gmt":"2021-11-15T11:04:53","guid":{"rendered":"https:\/\/www.filex.nl\/support\/offerte-aanvragen-form\/"},"modified":"2023-11-01T15:58:36","modified_gmt":"2023-11-01T15:58:36","slug":"demander-un-devis","status":"publish","type":"page","link":"https:\/\/www.filex.nl\/fr\/assistance\/demander-un-devis\/","title":{"rendered":"Demander un devis"},"content":{"rendered":"<p>[vc_row css=&#8221;.vc_custom_1643385313282{margin-bottom: 50px !important;}&#8221;][vc_column width=&#8221;3\/4&#8243;][vc_custom_heading text=&#8221;Demander un devis&#8221; use_theme_fonts=&#8221;yes&#8221;][vc_column_text]<span lang=\"en-US\">Nous nous ferons un plaisir de vous \u00e9tablir un devis appropri\u00e9 ! Nous examinerons ensuite avec vous vos besoins sp\u00e9cifiques. N&#8217;h\u00e9sitez pas \u00e0 nous faire part de toute autre question pour laquelle nous pourrions vous aider. <\/span>Notre \u00e9quipe de sp\u00e9cialistes en ergonomie est \u00e0 votre disposition ![\/vc_column_text][vc_column_text]Vismeerstraat 3A<br \/>\n5384 VL Heesch<br \/>\nPays-Bas<\/p>\n<p>T\u00e9l\u00e9phone: +31 (0)85 4883666<br \/>\nE-mail: info@filex.nl[\/vc_column_text]<a  href=\"https:\/\/www.filex.nl\/fr\/contactez\/\"  target=\"_self\"  title=\"\" class=\"tt_button tt_primary_button btn_primary_color  pull-left button-action-link\" ><span class=\"prim_text\">Cliquez ici pour nous contacter<\/span><\/a>[\/vc_column][vc_column width=&#8221;1\/4&#8243;][vc_single_image image=&#8221;28875&#8243; img_size=&#8221;&#8221;][\/vc_column][\/vc_row]<\/p>\n","protected":false},"excerpt":{"rendered":"<p>[vc_row css=&#8221;.vc_custom_1643385313282{margin-bottom: 50px !important;}&#8221;][vc_column width=&#8221;3\/4&#8243;][vc_custom_heading text=&#8221;Demander un devis&#8221; use_theme_fonts=&#8221;yes&#8221;][vc_column_text]Nous nous ferons un plaisir de vous [&hellip;]<\/p>\n","protected":false},"author":1,"featured_media":17774,"parent":27170,"menu_order":0,"comment_status":"closed","ping_status":"closed","template":"","meta":{"_acf_changed":false,"footnotes":""},"class_list":["post-27266","page","type-page","status-publish","has-post-thumbnail","hentry"],"acf":[],"_links":{"self":[{"href":"https:\/\/www.filex.nl\/fr\/wp-json\/wp\/v2\/pages\/27266","targetHints":{"allow":["GET"]}}],"collection":[{"href":"https:\/\/www.filex.nl\/fr\/wp-json\/wp\/v2\/pages"}],"about":[{"href":"https:\/\/www.filex.nl\/fr\/wp-json\/wp\/v2\/types\/page"}],"author":[{"embeddable":true,"href":"https:\/\/www.filex.nl\/fr\/wp-json\/wp\/v2\/users\/1"}],"replies":[{"embeddable":true,"href":"https:\/\/www.filex.nl\/fr\/wp-json\/wp\/v2\/comments?post=27266"}],"version-history":[{"count":5,"href":"https:\/\/www.filex.nl\/fr\/wp-json\/wp\/v2\/pages\/27266\/revisions"}],"predecessor-version":[{"id":39814,"href":"https:\/\/www.filex.nl\/fr\/wp-json\/wp\/v2\/pages\/27266\/revisions\/39814"}],"up":[{"embeddable":true,"href":"https:\/\/www.filex.nl\/fr\/wp-json\/wp\/v2\/pages\/27170"}],"wp:featuredmedia":[{"embeddable":true,"href":"https:\/\/www.filex.nl\/fr\/wp-json\/wp\/v2\/media\/17774"}],"wp:attachment":[{"href":"https:\/\/www.filex.nl\/fr\/wp-json\/wp\/v2\/media?parent=27266"}],"curies":[{"name":"wp","href":"https:\/\/api.w.org\/{rel}","templated":true}]}}