{"id":27269,"date":"2021-11-15T10:58:39","date_gmt":"2021-11-15T10:58:39","guid":{"rendered":"https:\/\/www.filex.nl\/support\/pcon-toepassing\/"},"modified":"2023-10-30T21:42:52","modified_gmt":"2023-10-30T21:42:52","slug":"application-pcon","status":"publish","type":"page","link":"https:\/\/www.filex.nl\/fr\/assistance\/application-pcon\/","title":{"rendered":"Application pCon"},"content":{"rendered":"<p>[vc_row][vc_column width=&#8221;3\/4&#8243;][vc_custom_heading text=&#8221;Outil de configuration de produit pCon&#8221; use_theme_fonts=&#8221;yes&#8221;][vc_column_text]Vous souhaitez \u00e9galement avoir notre configurateur Filex sur votre site Web ? C&#8217;est possible ! Conjointement avec EaternGraphics\/pCo, nous avons cr\u00e9\u00e9 une action sp\u00e9cialement pour vous, client Filex.<br \/>\nPlus d\u2019informations ? Jetez un \u0153il \u00e0 notre brochure d&#8217;information et <a href=\"https:\/\/www.filex.nl\/fr\/contactez\/\">contactez-nous<\/a>.[\/vc_column_text][\/vc_column][vc_column width=&#8221;1\/4&#8243;][vc_single_image image=&#8221;28887&#8243; img_size=&#8221;&#8221;][\/vc_column][\/vc_row][vc_row css=&#8221;.vc_custom_1643384313061{margin-bottom: 50px !important;}&#8221;][vc_column][vc_row_inner css=&#8221;.vc_custom_1643650148600{margin-bottom: 50px !important;padding-left: 0px !important;}&#8221;][vc_column_inner css=&#8221;.vc_custom_1640340376507{padding-left: 0px !important;}&#8221;]<a  href=\"https:\/\/www.filex.nl\/wp-content\/uploads\/2021\/12\/Filex-Configurator-op-uw-website-info-form-Online.pdf\"  target=\"_blank\"  title=\"\" class=\"tt_button tt_secondary_button btn_primary_color hover_solid_primary pull-left button-action-link\" ><span class=\"prim_text\">T\u00e9l\u00e9chargez ici notre brochure pCon<\/span><\/a>[\/vc_column_inner][\/vc_row_inner][vc_column_text]<strong>Configurez votre propre poste de travail avec pCon<\/strong><\/p>\n<p>Nos produits vous offrent beaucoup plus de possibilit\u00e9s que la simple composition de produits dans un mod\u00e8le 3D. Nous avons compil\u00e9 toutes les donn\u00e9es disponibles, dont dessins techniques, manuels, images, certificats, descriptions, etc., dans cet environnement en ligne. Ainsi, nous vous cr\u00e9ons un seul et m\u00eame environnement o\u00f9 vous pouvez tout retrouver.[\/vc_column_text][vc_column_text]<strong>Votre propre int\u00e9rieur avec ajout de nos produits<\/strong><\/p>\n<p>pCon compte plusieurs outils vous permettant de visualiser facilement votre propre nouvel environnement de bureau avec l&#8217;ajout de nos produits. Ainsi, vous pouvez cr\u00e9er de magnifiques images d&#8217;int\u00e9rieur et d&#8217;inspiration. M\u00eame en tant que concepteur, vous pouvez les pr\u00e9senter imm\u00e9diatement \u00e0 votre client. Votre client, ou vous en tant que futur propri\u00e9taire d&#8217;un nouvel am\u00e9nagement, avez ainsi une id\u00e9e du r\u00e9sultat final du nouvel am\u00e9nagement, avec tous les d\u00e9tails sur les postes de travail.[\/vc_column_text][vc_gallery type=&#8221;image_grid&#8221; images=&#8221;11540,11543,11542,11541&#8243; img_size=&#8221;300&#215;200&#8243; css=&#8221;.vc_custom_1643667551435{margin-bottom: 25px !important;}&#8221;][vc_column_text]<strong>Concevoir facilement, \u00e9tablir des devis ou images en r\u00e9alit\u00e9 augment\u00e9e<\/strong><\/p>\n<p>L&#8217;application pCon rec\u00e8le tant de possibilit\u00e9s ! Nous vous expliquons ci-dessous les utilisations et avantages des applications. Vous pouvez y cr\u00e9er facilement des fiches de produits de votre propre configuration ou des images en r\u00e9alit\u00e9 augment\u00e9e (RA) sur le bureau de votre client avec la configuration que vous avez con\u00e7ue. Tout est possible\u00a0! D&#8217;une simple remise au go\u00fbt du jour de votre int\u00e9rieur \u00e0 un tout nouvel environnement de bureau. Nous vous facilitons la vie ![\/vc_column_text][vc_row_inner css=&#8221;.vc_custom_1640341747627{margin-bottom: 60px !important;padding-left: 0px !important;}&#8221;][vc_column_inner css=&#8221;.vc_custom_1640340337432{padding-left: 0px !important;}&#8221;]<a  href=\"https:\/\/login.pcon-solutions.com\/nl\/catalog\/EXHWXU\/accept\"  target=\"_blank\"  title=\"\" class=\"tt_button tt_secondary_button btn_primary_color  pull-left button-action-link\" ><span class=\"prim_text\">Travaillez avec Filex dans votre environnement pCon<\/span><\/a>[\/vc_column_inner][\/vc_row_inner][vc_column_text]<strong>Applications indispensables !<\/strong><\/p>\n<p>Utilisez l&#8217;application pour \u00e9tablir rapidement des devis et bien d&#8217;autres choses encore ![\/vc_column_text][vc_row_inner css=&#8221;.vc_custom_1643384509350{margin-top: 10px !important;margin-bottom: 30px !important;}&#8221;][vc_column_inner width=&#8221;1\/4&#8243;][vc_single_image image=&#8221;11019&#8243; img_size=&#8221;&#8221;][\/vc_column_inner][vc_column_inner width=&#8221;1\/4&#8243;][vc_single_image image=&#8221;11020&#8243; img_size=&#8221;&#8221;][\/vc_column_inner][vc_column_inner width=&#8221;1\/4&#8243;][\/vc_column_inner][vc_column_inner width=&#8221;1\/4&#8243;][\/vc_column_inner][\/vc_row_inner][vc_column_text]<strong>pCon.box:\u00a0<\/strong>Conception ultra rapide !<\/p>\n<p>pCon.box est une application interactive vous permettant d&#8217;utiliser toutes les donn\u00e9es 3D Filex pendant la pr\u00e9sentation \u00e0 votre client. L&#8217;utilisation de pCon.box dans votre processus de vente permet non seulement de soutenir, mais aussi d&#8217;acc\u00e9l\u00e9rer et de faciliter la configuration et la pr\u00e9sentation de produits et le partage d&#8217;informations d\u00e9taill\u00e9es sur les produits et les prix avec vos clients, que ce soit en d\u00e9placement ou au bureau. Les produits Filex que vous avez s\u00e9lectionn\u00e9s directement avec toutes les images et informations n\u00e9cessaires sur les produits et les prix ![\/vc_column_text][vc_row_inner css=&#8221;.vc_custom_1643384509350{margin-top: 10px !important;margin-bottom: 30px !important;}&#8221;][vc_column_inner width=&#8221;1\/4&#8243;][vc_single_image image=&#8221;11018&#8243; img_size=&#8221;&#8221;][\/vc_column_inner][vc_column_inner width=&#8221;1\/4&#8243;][vc_single_image image=&#8221;11017&#8243; img_size=&#8221;&#8221;][\/vc_column_inner][vc_column_inner width=&#8221;1\/4&#8243;][\/vc_column_inner][vc_column_inner width=&#8221;1\/4&#8243;][\/vc_column_inner][\/vc_row_inner][vc_column_text]<strong>pCon.facts:\u00a0<\/strong>Marquez les esprits avec la r\u00e9alit\u00e9 augment\u00e9e !<\/p>\n<p>pCon.facts, l&#8217;application commerciale innovante, apporte toutes les connaissances du produit dans le point de vente. Configurez tous les articles Filex avec de simples interactions, pr\u00e9sentez-les en 3D et en r\u00e9alit\u00e9 augment\u00e9e, cr\u00e9ez des listes d&#8217;articles et b\u00e9n\u00e9ficiez d&#8217;un acc\u00e8s rapide \u00e0 des informations pr\u00e9cieuses, telles qu&#8217;images de produits, brochures, certificats, instructions de montage, etc. La fonction de partage pratique vous permet de rester facilement en contact avec vos clients, coll\u00e8gues et partenaires.[\/vc_column_text][vc_column_text]Vous ne vous en sortez pas ? Interrogez Felix ou <a href=\"https:\/\/www.filex.nl\/fr\/contactez\/\">contactez-nous<\/a>[\/vc_column_text][vc_row_inner css=&#8221;.vc_custom_1640341774338{margin-bottom: 60px !important;padding-left: 0px !important;}&#8221;][vc_column_inner css=&#8221;.vc_custom_1640340337432{padding-left: 0px !important;}&#8221;]<a  href=\"https:\/\/pcon-solutions.com\/nl\/download-area\/\"  target=\"_blank\"  title=\"\" class=\"tt_button tt_secondary_button btn_primary_color  pull-left button-action-link\" ><span class=\"prim_text\">Plus d\u2019informations sur les applications pCon<\/span><\/a>[\/vc_column_inner][\/vc_row_inner][vc_column_text]pCon est encore beaucoup plus polyvalente avec nos produits. <a href=\"https:\/\/www.filex.nl\/fr\/contactez\/\">Demandez-nous toutes les options !<\/a>[\/vc_column_text][vc_single_image image=&#8221;10627&#8243; img_size=&#8221;655&#215;313&#8243; css=&#8221;.vc_custom_1643667318502{margin-top: 25px !important;margin-bottom: 25px !important;}&#8221;][\/vc_column][\/vc_row]<\/p>\n","protected":false},"excerpt":{"rendered":"<p>[vc_row][vc_column width=&#8221;3\/4&#8243;][vc_custom_heading text=&#8221;Outil de configuration de produit pCon&#8221; use_theme_fonts=&#8221;yes&#8221;][vc_column_text]Vous souhaitez \u00e9galement avoir notre configurateur Filex [&hellip;]<\/p>\n","protected":false},"author":1,"featured_media":19226,"parent":27170,"menu_order":0,"comment_status":"closed","ping_status":"closed","template":"","meta":{"_acf_changed":false,"footnotes":""},"class_list":["post-27269","page","type-page","status-publish","has-post-thumbnail","hentry"],"acf":[],"_links":{"self":[{"href":"https:\/\/www.filex.nl\/fr\/wp-json\/wp\/v2\/pages\/27269","targetHints":{"allow":["GET"]}}],"collection":[{"href":"https:\/\/www.filex.nl\/fr\/wp-json\/wp\/v2\/pages"}],"about":[{"href":"https:\/\/www.filex.nl\/fr\/wp-json\/wp\/v2\/types\/page"}],"author":[{"embeddable":true,"href":"https:\/\/www.filex.nl\/fr\/wp-json\/wp\/v2\/users\/1"}],"replies":[{"embeddable":true,"href":"https:\/\/www.filex.nl\/fr\/wp-json\/wp\/v2\/comments?post=27269"}],"version-history":[{"count":9,"href":"https:\/\/www.filex.nl\/fr\/wp-json\/wp\/v2\/pages\/27269\/revisions"}],"predecessor-version":[{"id":39787,"href":"https:\/\/www.filex.nl\/fr\/wp-json\/wp\/v2\/pages\/27269\/revisions\/39787"}],"up":[{"embeddable":true,"href":"https:\/\/www.filex.nl\/fr\/wp-json\/wp\/v2\/pages\/27170"}],"wp:featuredmedia":[{"embeddable":true,"href":"https:\/\/www.filex.nl\/fr\/wp-json\/wp\/v2\/media\/19226"}],"wp:attachment":[{"href":"https:\/\/www.filex.nl\/fr\/wp-json\/wp\/v2\/media?parent=27269"}],"curies":[{"name":"wp","href":"https:\/\/api.w.org\/{rel}","templated":true}]}}