{"id":27280,"date":"2022-01-29T10:44:10","date_gmt":"2022-01-29T10:44:10","guid":{"rendered":"https:\/\/www.filex.nl\/oplossingen\/thuiswerken\/basic-thuiswerkpakket\/"},"modified":"2023-10-30T15:20:26","modified_gmt":"2023-10-30T15:20:26","slug":"pack-teletravail-basic","status":"publish","type":"page","link":"https:\/\/www.filex.nl\/fr\/solutions\/teletravail\/pack-teletravail-basic\/","title":{"rendered":"Pack t\u00e9l\u00e9travail basic"},"content":{"rendered":"<p>[vc_row full_width=&#8221;stretch_row&#8221; parallax=&#8221;content-moving&#8221;][vc_column][vc_custom_heading text=&#8221;Pack t\u00e9l\u00e9travail basic&#8221; use_theme_fonts=&#8221;yes&#8221;][\/vc_column][\/vc_row][vc_row css=&#8221;.vc_custom_1643453691517{margin-bottom: 50px !important;}&#8221;][vc_column width=&#8221;1\/3&#8243;][vc_single_image image=&#8221;7968&#8243; img_size=&#8221;full&#8221;][\/vc_column][vc_column width=&#8221;2\/3&#8243;][vc_column_text]Avec le &#8216;pack t\u00e9l\u00e9travail basic&#8217; de Filex, vous recevez les produits suivants :<\/p>\n<ul>\n<li>Lampe de bureau MAUL Puck. Couleur : Noir<\/li>\n<li>Bras de moniteur simple Filex Focus. Couleur : Noir<\/li>\n<li>Repose-pieds ergonomique<\/li>\n<li>Electrification Filex Power Desk Up<strong>\u00ae<\/strong>. 1 x 230v + 1x charge USB-A+C. Couleur: Noir<br \/>\nAvec 1,5 m\u00e8tre de c\u00e2ble avec fiche Schuko<\/li>\n<\/ul>\n<p>[\/vc_column_text][\/vc_column][\/vc_row][vc_row css=&#8221;.vc_custom_1643453691517{margin-bottom: 50px !important;}&#8221;][vc_column]<header class=\"kd-section-title col-lg-12 text-left     vc_custom_1698678626445\" ><h4 class=\"separator_off\" >Lampe de bureau MAUL Puck. Couleur : Noir<\/h4><\/header>[vc_row_inner][vc_column_inner width=&#8221;1\/3&#8243; css=&#8221;.vc_custom_1643465149141{padding-left: 0px !important;}&#8221;][vc_single_image image=&#8221;11199&#8243; img_size=&#8221;280&#215;420&#8243; onclick=&#8221;link_image&#8221;][\/vc_column_inner][vc_column_inner width=&#8221;2\/3&#8243;][vc_column_text]Design tendance en noir. Double bras t\u00e9lescopique en acier stable. Pliable, elle rentre dans un tiroir s&#8217;il n&#8217;y a pas de poste de travail \u00e0 domicile ou dans une mallette si l&#8217;\u00e9clairage d&#8217;h\u00f4tel n&#8217;est pas suffisant. Bonne luminosit\u00e9 : lumi\u00e8re du jour. Concept de s\u00e9curit\u00e9 technique Made by MAUL. Forme compacte : gain de place et maniabilit\u00e9. Bras t\u00e9lescopique \u00e0 hauteur r\u00e9glable.<\/p>\n<table>\n<tbody>\n<tr>\n<td>Intensit\u00e9 lumineuse lampe :<\/td>\n<td>1.260 lux \u00e0 30 cm de distance<\/td>\n<\/tr>\n<tr>\n<td>Nombre de sources lumineuses :<\/td>\n<td>6500 Kelvin (daglicht wit)<\/td>\n<\/tr>\n<tr>\n<td>Aantal lichtbronnen:<\/td>\n<td>1<\/td>\n<\/tr>\n<tr>\n<td>Classe d&#8217;efficacit\u00e9 \u00e9nerg\u00e9tique par source lumineuse :<\/td>\n<td>E (spectre A \u00e0 G)<\/td>\n<\/tr>\n<tr>\n<td>Consommation d&#8217;\u00e9nergie pond\u00e9r\u00e9e par source lumineuse :<\/td>\n<td>3 kWh\/1.000 h<\/td>\n<\/tr>\n<tr>\n<td>Dur\u00e9e de vie par source lumineuse (L70B50) :<\/td>\n<td>50.000 h<\/td>\n<\/tr>\n<tr>\n<td>Flux lumineux utile par source lumineuse :<\/td>\n<td>367 Lumens<\/td>\n<\/tr>\n<tr>\n<td>Socle:<\/td>\n<td>socle fixe<\/td>\n<\/tr>\n<tr>\n<td>Mat\u00e9riau :<\/td>\n<td>Bras : m\u00e9tal \u2013 Socle : ballast, rev\u00eatement inf\u00e9rieur de protection du plan de travail<\/td>\n<\/tr>\n<tr>\n<td>Dimensions :<\/td>\n<td>Hauteur\u00a0: 33 cm \u2013 Bras : longueur 33 cm \u2013 T\u00eate : \u00d8 10 cm \u2013 Socle : \u00d8 13 cm<\/td>\n<\/tr>\n<tr>\n<td>Mobilit\u00e9 :<\/td>\n<td>T\u00eate : inclinable \u2013 Bras : inclinable<\/td>\n<\/tr>\n<tr>\n<td>Emplacement du commutateur :<\/td>\n<td>Socle<\/td>\n<\/tr>\n<\/tbody>\n<\/table>\n<p>Emballage \u00e9cologique et s\u00fbr, recyclable. Concept de s\u00e9curit\u00e9 technique Made by MAUL : seuls des luminaires et des lampes ayant \u00e9t\u00e9 soumis \u00e0 des essais intensifs et homologu\u00e9s sont repris dans notre programme. Une \u00e9quipe avec des connaissances en optique, \u00e9lectronique, m\u00e9canique, ainsi qu&#8217;en technique de production, garantit la s\u00e9curit\u00e9 de la lampe de bureau LED MAUL Puck.[\/vc_column_text][\/vc_column_inner][\/vc_row_inner][\/vc_column][\/vc_row][vc_row css=&#8221;.vc_custom_1643453691517{margin-bottom: 50px !important;}&#8221;][vc_column]<header class=\"kd-section-title col-lg-12 text-left     vc_custom_1698678885812\" ><h4 class=\"separator_off\" >Bras de moniteur simple Filex Focus. Couleur : Noir<\/h4><\/header>[vc_row_inner][vc_column_inner width=&#8221;1\/3&#8243; css=&#8221;.vc_custom_1643465169609{padding-left: 0px !important;}&#8221;][vc_single_image image=&#8221;10210&#8243; img_size=&#8221;360&#215;270&#8243; onclick=&#8221;link_image&#8221;][\/vc_column_inner][vc_column_inner width=&#8221;2\/3&#8243;][vc_column_text]Le bras de moniteur Filex Focus pour 1 \u00e9cran : un rapport qualit\u00e9-prix unique ! Id\u00e9al pour chaque poste de t\u00e9l\u00e9travail ou poste de travail classique o\u00f9 le prix est d\u00e9cisif !<\/p>\n<p>Le Filex Focus est un bras support d\u2019\u00e9cran au design \u00e9pur\u00e9 et moderne qui convient pour 1 moniteur. Gr\u00e2ce \u00e0 sa conception astucieuse, le bras est \u00e0 un prix tr\u00e8s avantageux mais r\u00e9pond aussi \u00e0 toutes les exigences ergonomiques !<\/p>\n<p>Ce bras support d\u2019\u00e9cran est r\u00e9glable en hauteur de mani\u00e8re progressive et gr\u00e2ce \u00e0 son double bras articul\u00e9, il se r\u00e8gle facilement en profondeur pour adopter la meilleure posture de travail.<\/p>\n<p>Etant livr\u00e9 de s\u00e9rie avec un passe-c\u00e2bles et une pince pour plateau (10 \u00e0 88 mm d\u2019\u00e9paisseur), il peut \u00eatre mont\u00e9 sans surprises sur tous les postes de travail et vous disposez rapidement d\u2019une magnifique solution compacte et ergonomique !<\/p>\n<p>Pour acc\u00e9l\u00e9rer et faciliter encore davantage le montage, ce bras est \u00e9galement \u00e9quip\u00e9 de s\u00e9rie d\u2019une fixation Quick Release VESA (VESA 75 x 75 et 100 x 100) universelle. Ce syst\u00e8me est dot\u00e9 d\u2019un verrou antivol.<\/p>\n<p>Assurant une finition propre de votre installation, le bras est \u00e9galement livr\u00e9 de s\u00e9rie avec un syst\u00e8me pratique de gestion des c\u00e2bles.<\/p>\n<p>Les bras de moniteur Filex Focus sont disponibles dans les finitions : noir, blanc et aluminium. Ils peuvent \u00e9galement \u00eatre command\u00e9s dans la variante pour 2 \u00e9crans ! Options disponibles : le Slider VESA, un support d\u2019ordinateur portable, de tablette ou d\u2019unit\u00e9 centrale Thin Client. Le bras convient pour 1 moniteur entre 13 et 32 pouces et pr\u00e9sente une capacit\u00e9 de charge de 8 kg.<\/p>\n<p>Le Filex Focus est \u00e9quip\u00e9 d\u2019une t\u00eate VESA qui peut \u00eatre tourn\u00e9e \u00e0 360\u00b0. d\u2019un point de fixation rotatif \u00e0 180\u00b0 et d\u2019un point de fixation VESA inclinable \u00e0 90\u00b0. Ainsi, vous l\u2019orientez comme vous le voulez![\/vc_column_text][\/vc_column_inner][\/vc_row_inner][\/vc_column][\/vc_row][vc_row css=&#8221;.vc_custom_1643453691517{margin-bottom: 50px !important;}&#8221;][vc_column]<header class=\"kd-section-title col-lg-12 text-left     vc_custom_1698678899328\" ><h4 class=\"separator_off\" >Repose-pieds ergonomique<\/h4><\/header>[vc_row_inner][vc_column_inner width=&#8221;1\/3&#8243; css=&#8221;.vc_custom_1643465177933{padding-left: 0px !important;}&#8221;][vc_single_image image=&#8221;11198&#8243; img_size=&#8221;320&#215;240&#8243; onclick=&#8221;link_image&#8221;][\/vc_column_inner][vc_column_inner width=&#8221;2\/3&#8243;][vc_column_text]Gr\u00e2ce \u00e0 la finition antid\u00e9rapante de ce repose-pieds ergonomique et r\u00e9glable, vos pieds ne glissent pas. Pour r\u00e9gler ce repose-pieds en fonction de votre propre longueur de jambe, appuyez l\u00e9g\u00e8rement avec votre pied sur le plateau pour obtenir la hauteur et la position correctes. Facile \u00e0 nettoyer et \u00e0 d\u00e9placer.[\/vc_column_text][\/vc_column_inner][\/vc_row_inner][\/vc_column][\/vc_row][vc_row css=&#8221;.vc_custom_1643453691517{margin-bottom: 50px !important;}&#8221;][vc_column]<header class=\"kd-section-title col-lg-12 text-left     vc_custom_1698678921980\" ><h4 class=\"separator_off\" >\u00c9lectrification Filex Power Desk Up\u00ae<\/h4><\/header>[vc_row_inner][vc_column_inner width=&#8221;1\/3&#8243; css=&#8221;.vc_custom_1643465183846{padding-left: 0px !important;}&#8221;][vc_single_image image=&#8221;10290&#8243; img_size=&#8221;400&#215;300&#8243; onclick=&#8221;link_image&#8221;][\/vc_column_inner][vc_column_inner width=&#8221;2\/3&#8243;][vc_column_text]La s\u00e9rie Filex Desk Up\u00ae 2.0 ! L\u2019unit\u00e9 d\u2019\u00e9lectrification en saillie polyvalente de r\u00e9f\u00e9rence, qui peut \u00eatre fix\u00e9e aussi bien sur votre bureau, que sur un plateau biseaut\u00e9 ! D\u00e9couvrez toutes nos possibilit\u00e9s et nos nombreuses options pour trouver l\u2019unit\u00e9 qui r\u00e9pond \u00e0 vos souhaits sp\u00e9cifiques !<\/p>\n<p>S\u00e9rie Filex Desk Up\u00ae 2.0. Une nouvelle unit\u00e9 en saillie au design nouveau, mince et moderne, fabriqu\u00e9e en tenant compte de vous, utilisateur. Ainsi, elle est tr\u00e8s facile d\u2019utilisation !<\/p>\n<p>Cette unit\u00e9 en saillie \u00e9pur\u00e9e est \u00e9quip\u00e9e de s\u00e9rie de 2 pinces pour des \u00e9paisseurs de plateau de 0 \u00e0 50 mm. L\u2019unit\u00e9 se fixe facilement d\u2019en haut et est dot\u00e9e d\u2019un cordon de raccordement fixe \u00e0 l\u2019arri\u00e8re d\u2019une longueur de 1,5 m\u00e8tre avec fiche Schuko. De ce fait, vous ne devez plus commander de cordon de raccordement et pouvez brancher directement votre Filex Desk Up\u00ae sur un point d\u2019alimentation !<\/p>\n<p>Vous avez un plateau biseaut\u00e9 ? \u00c7a non plus, ce n\u2019est pas un probl\u00e8me avec cette s\u00e9rie Filex Desk Up\u00ae 2.0 !<\/p>\n<p>Cette unit\u00e9 en saillie est \u00e9quip\u00e9e de 1 x fiche 230V et d\u2019un double chargeur USB, dont 1 x 5V-2,4A et 1 x USB-C (5,0V \u2013 3,1A \u2013 15,5W).<\/p>\n<p>Vous pr\u00e9f\u00e9rez quand m\u00eame cette unit\u00e9 d\u2019alimentation avec une fiche eGST\u00ae ? Jetez un \u0153il \u00e0 nos num\u00e9ros d\u2019articles suivants : 681046 et 681047.<\/p>\n<p>Et qui plus est, cette unit\u00e9 en saillie Filex Power Desk Up\u00ae est naturellement certifi\u00e9e CE, et maintenant aussi T\u00dcV ! Pour nous, la s\u00e9curit\u00e9 et la qualit\u00e9 passent avant tout ![\/vc_column_text][\/vc_column_inner][\/vc_row_inner][\/vc_column][\/vc_row]<\/p>\n","protected":false},"excerpt":{"rendered":"<p>[vc_row full_width=&#8221;stretch_row&#8221; parallax=&#8221;content-moving&#8221;][vc_column][vc_custom_heading text=&#8221;Pack t\u00e9l\u00e9travail basic&#8221; use_theme_fonts=&#8221;yes&#8221;][\/vc_column][\/vc_row][vc_row css=&#8221;.vc_custom_1643453691517{margin-bottom: 50px !important;}&#8221;][vc_column width=&#8221;1\/3&#8243;][vc_single_image image=&#8221;7968&#8243; img_size=&#8221;full&#8221;][\/vc_column][vc_column width=&#8221;2\/3&#8243;][vc_column_text]Avec le [&hellip;]<\/p>\n","protected":false},"author":1,"featured_media":13893,"parent":27208,"menu_order":0,"comment_status":"closed","ping_status":"closed","template":"","meta":{"_acf_changed":false,"footnotes":""},"class_list":["post-27280","page","type-page","status-publish","has-post-thumbnail","hentry"],"acf":[],"_links":{"self":[{"href":"https:\/\/www.filex.nl\/fr\/wp-json\/wp\/v2\/pages\/27280","targetHints":{"allow":["GET"]}}],"collection":[{"href":"https:\/\/www.filex.nl\/fr\/wp-json\/wp\/v2\/pages"}],"about":[{"href":"https:\/\/www.filex.nl\/fr\/wp-json\/wp\/v2\/types\/page"}],"author":[{"embeddable":true,"href":"https:\/\/www.filex.nl\/fr\/wp-json\/wp\/v2\/users\/1"}],"replies":[{"embeddable":true,"href":"https:\/\/www.filex.nl\/fr\/wp-json\/wp\/v2\/comments?post=27280"}],"version-history":[{"count":12,"href":"https:\/\/www.filex.nl\/fr\/wp-json\/wp\/v2\/pages\/27280\/revisions"}],"predecessor-version":[{"id":39692,"href":"https:\/\/www.filex.nl\/fr\/wp-json\/wp\/v2\/pages\/27280\/revisions\/39692"}],"up":[{"embeddable":true,"href":"https:\/\/www.filex.nl\/fr\/wp-json\/wp\/v2\/pages\/27208"}],"wp:featuredmedia":[{"embeddable":true,"href":"https:\/\/www.filex.nl\/fr\/wp-json\/wp\/v2\/media\/13893"}],"wp:attachment":[{"href":"https:\/\/www.filex.nl\/fr\/wp-json\/wp\/v2\/media?parent=27280"}],"curies":[{"name":"wp","href":"https:\/\/api.w.org\/{rel}","templated":true}]}}