{"id":27283,"date":"2021-11-15T13:51:27","date_gmt":"2021-11-15T13:51:27","guid":{"rendered":"https:\/\/www.filex.nl\/oplossingen\/office\/een-monitorarm-voor-elke-werkplek\/"},"modified":"2023-10-23T15:03:45","modified_gmt":"2023-10-23T15:03:45","slug":"un-bras-de-moniteur-pour-chaque-lieu-de-travail","status":"publish","type":"page","link":"https:\/\/www.filex.nl\/fr\/solutions\/office\/un-bras-de-moniteur-pour-chaque-lieu-de-travail\/","title":{"rendered":"Un bras de moniteur pour chaque lieu de travail"},"content":{"rendered":"<p>[vc_row][vc_column][vc_custom_heading text=&#8221;Un bras de moniteur pour chaque lieu de travail&#8221; use_theme_fonts=&#8221;yes&#8221;][vc_column_text]<span style=\"font-weight: 400;\">Un poste de travail ergonomique am\u00e9liore le confort et la productivit\u00e9 des travailleurs sur \u00e9cran. Moyennant quelques petites modifications, il est tr\u00e8s facile de cr\u00e9er un poste de travail id\u00e9al. Filex d\u00e9veloppe et livre des bras supports d&#8217;\u00e9cran de qualit\u00e9 pour des postes de travail plus jolis et plus sains.<\/span>[\/vc_column_text][\/vc_column][\/vc_row][vc_row css=&#8221;.vc_custom_1643384775285{margin-bottom: 50px !important;}&#8221;][vc_column][vc_column_text]<strong>Pourquoi un bras support d&#8217;\u00e9cran ?<\/strong><\/p>\n<p>Un \u00e9cran mal positionn\u00e9 provoque des douleurs au cou et aux \u00e9paules. Un bras support d&#8217;\u00e9cran de qualit\u00e9 peut \u00eatre r\u00e9gl\u00e9 \u00e0 la hauteur de travail la plus confortable. Un \u00e9cran \u00e9quip\u00e9 d&#8217;un pied ne peut g\u00e9n\u00e9ralement pas \u00eatre r\u00e9gl\u00e9 \u00e0 la bonne hauteur.[\/vc_column_text][vc_column_text]<em>Un \u00e9cran mal positionn\u00e9 provoque des douleurs au cou et aux \u00e9paules.<\/em>[\/vc_column_text][vc_column_text css=&#8221;.vc_custom_1698072939884{margin-bottom: 20px !important;}&#8221;]<strong>Quels sont les avantages d\u2019un bras support d&#8217;\u00e9cran ?<\/strong><\/p>\n<ul>\n<li>Moins de douleurs physiques<\/li>\n<li>R\u00e9glable \u00e0 la hauteur de vision souhait\u00e9e<\/li>\n<li>Les employ\u00e9s deviennent plus productifs<\/li>\n<li>Moins d&#8217;absent\u00e9isme pour cause de douleurs physiques<\/li>\n<\/ul>\n<p>[\/vc_column_text]<a  href=\"https:\/\/www.filex.nl\/fr\/categorie\/bras-de-moniteur\/\"  target=\"_self\"  title=\"\" class=\"tt_button tt_primary_button btn_primary_color  pull-left button-action-link\" ><span class=\"prim_text\">D\u00e9couvrez notre collection de bras supports d'\u00e9cran<\/span><\/a>[\/vc_column][\/vc_row][vc_row css=&#8221;.vc_custom_1643384775285{margin-bottom: 50px !important;}&#8221;][vc_column][vc_column_text]<strong>Hausse de la productivit\u00e9<\/strong><\/p>\n<p>Les bras supports d&#8217;\u00e9cran Filex aident \u00e0 pr\u00e9venir les douleurs au cou et aux \u00e9paules et contribuent \u00e0 une posture de travail confortable. Une position optimale de l&#8217;\u00e9cran am\u00e9liore nettement le confort et augmente la productivit\u00e9 de 10% par rapport \u00e0 une position incorrecte.[\/vc_column_text][vc_column_text]<strong>Quelles sont la hauteur et la distance de vision correctes ?<\/strong><\/p>\n<p>La distance jusqu&#8217;\u00e0 l&#8217;\u00e9cran doit \u00eatre d&#8217;au moins 60 cm (1 longueur de bras), mais de pr\u00e9f\u00e9rence sup\u00e9rieure \u00e0 60 cm. La hauteur de l&#8217;\u00e9cran doit \u00eatre telle, que l&#8217;angle de vision est 10 \u00e0 20\u00b0 sous la hauteur des yeux. La distance de vision est d\u00e9termin\u00e9e par la hauteur des caract\u00e8res, o\u00f9 la distance est d&#8217;au moins 200 et si possible 150 fois la hauteur des caract\u00e8res (une hauteur des caract\u00e8res de 4 mm correspond donc \u00e0 une distance de vision de 60 cm).<\/p>\n<p>Une distance de vision relativement grande est moins fatigante pour les yeux, car les yeux ne doivent pas s&#8217;accommoder aussi fortement, \u00e0 condition toutefois que les caract\u00e8res \u00e0 l&#8217;\u00e9cran soient agrandis en proportion. Les caract\u00e8res \u00e0 l&#8217;\u00e9cran peuvent parfois \u00eatre agrandis. Ainsi, Word poss\u00e8de une fonction de zoom avant et arri\u00e8re permettant d&#8217;augmenter ou de r\u00e9duire la taille d&#8217;affichage du document actif. De grands caract\u00e8res sont lus plus rapidement que des petits.<\/p>\n<p>L&#8217;\u00e9cran complet doit se trouver dans une zone \u00e0 10 \u00e0 20\u00b0 sous la hauteur des yeux. Avec cette position d&#8217;\u00e9cran, les yeux peuvent mieux s&#8217;accommoder et converger, ce qui r\u00e9duit la charge globale sur les yeux.[\/vc_column_text][vc_column_text css=&#8221;.vc_custom_1698073171711{margin-bottom: 20px !important;}&#8221;]<strong>Comment r\u00e9gler un poste de travail ergonomique ?<\/strong><\/p>\n<ol>\n<li>R\u00e9glez d&#8217;abord votre bureau et votre chaise de bureau \u00e0 la bonne hauteur.<\/li>\n<li>Asseyez-vous correctement sur votre chaise de bureau.<\/li>\n<li>Asseyez-vous droit devant votre \u00e9cran.<\/li>\n<li>Mettez le bras support d&#8217;\u00e9cran \u00e0 la bonne distance. La bonne distance de vision doit \u00eatre d&#8217;au moins 60 cm (1 longueur de bras).<\/li>\n<li>R\u00e9glez le dessus des \u00e9crans \u00e0 la hauteur des yeux. Jusqu&#8217;\u00e0 max. 10 cm sous la hauteur des yeux.<\/li>\n<\/ol>\n<p>Pour r\u00e9gler vos \u00e9crans ind\u00e9pendamment l&#8217;un de l&#8217;autre ou lib\u00e9rer de l&#8217;espace sur votre bureau, le simple fait de passer \u00e0 un bras de moniteur offre beaucoup plus de possibilit\u00e9s.[\/vc_column_text]<a  href=\"https:\/\/www.filex.nl\/fr\/categorie\/bras-de-moniteur\/\"  target=\"_self\"  title=\"\" class=\"tt_button tt_primary_button btn_primary_color  pull-left button-action-link\" ><span class=\"prim_text\">D\u00e9couvrez notre collection de bras supports d'\u00e9cran<\/span><\/a>[\/vc_column][\/vc_row][vc_row full_width=&#8221;stretch_row&#8221; parallax=&#8221;content-moving&#8221; parallax_speed_bg=&#8221;1.4&#8243; kd_image_overlay_color=&#8221;rgba(0,0,0,0.5)&#8221; kd_image_overlay=&#8221;true&#8221; css=&#8221;.vc_custom_1624011385614{background: #1a1a1a url(https:\/\/www.filex.nl\/wp-content\/uploads\/2021\/06\/oplossingen-banner-scaled.jpg?id=7771);}&#8221;][vc_column css=&#8221;.vc_custom_1516095225433{padding-right: 0px !important;padding-left: 0px !important;}&#8221;][vc_row_inner css=&#8221;.vc_custom_1555673013129{padding-top: 150px !important;padding-bottom: 123px !important;}&#8221;][vc_column_inner width=&#8221;1\/12&#8243; css=&#8221;.vc_custom_1515166784808{padding-top: 50px !important;}&#8221;][\/vc_column_inner][vc_column_inner width=&#8221;4\/12&#8243;]<header class=\"kd-section-title col-lg-12 text-left  kd-animated fadeIn   vc_custom_1698073256738\" data-animation-delay=200><h2 class=\"separator_off\" style=\"color: #ffffff;\">Vous voulez rester au courant de notre actualit\u00e9 ?<\/h2><h6 class=\"subtitle \" style=\"color: #eeeeee;\">Avec notre lettre d'information, restez au courant de nos derni\u00e8res nouvelles et nouveaut\u00e9s dans le domaine des solutions ergonomiques pour postes de travail.<\/h6><\/header>[\/vc_column_inner][vc_column_inner width=&#8221;1\/12&#8243;][\/vc_column_inner][vc_column_inner width=&#8221;5\/12&#8243;][vc_custom_heading text=&#8221;Inscrivez-vous \u00e0 notre lettre d\u2019information&#8221; font_container=&#8221;tag:h4|text_align:left|color:%23ffffff&#8221; use_theme_fonts=&#8221;yes&#8221; css_animation=&#8221;fadeIn&#8221; css=&#8221;.vc_custom_1698073265873{margin-bottom: 30px !important;}&#8221;]<div class=\"kd-contact-form full-width-cf white-input-bg\" >\n<div class=\"wpcf7 no-js\" id=\"wpcf7-f39519-o1\" lang=\"fr-FR\" dir=\"ltr\" data-wpcf7-id=\"39519\">\n<div class=\"screen-reader-response\"><p role=\"status\" aria-live=\"polite\" aria-atomic=\"true\"><\/p> <ul><\/ul><\/div>\n<form action=\"\/fr\/wp-json\/wp\/v2\/pages\/27283#wpcf7-f39519-o1\" method=\"post\" class=\"wpcf7-form init\" aria-label=\"Formulaire de contact\" novalidate=\"novalidate\" data-status=\"init\">\n<div style=\"display: none;\">\n<input type=\"hidden\" name=\"_wpcf7\" value=\"39519\" \/>\n<input type=\"hidden\" name=\"_wpcf7_version\" value=\"6.0.6\" \/>\n<input type=\"hidden\" name=\"_wpcf7_locale\" value=\"fr_FR\" \/>\n<input type=\"hidden\" name=\"_wpcf7_unit_tag\" value=\"wpcf7-f39519-o1\" \/>\n<input type=\"hidden\" name=\"_wpcf7_container_post\" value=\"0\" \/>\n<input type=\"hidden\" name=\"_wpcf7_posted_data_hash\" value=\"\" \/>\n<input type=\"hidden\" name=\"_wpcf7_recaptcha_response\" value=\"\" \/>\n<\/div>\n<p><span class=\"wpcf7-form-control-wrap\" data-name=\"your-name\"><input size=\"40\" maxlength=\"400\" class=\"wpcf7-form-control wpcf7-text wpcf7-validates-as-required\" aria-required=\"true\" aria-invalid=\"false\" placeholder=\"Votre nom\" value=\"\" type=\"text\" name=\"your-name\" \/><\/span><br \/>\n<span class=\"wpcf7-form-control-wrap\" data-name=\"your-phone\"><input size=\"40\" maxlength=\"400\" class=\"wpcf7-form-control wpcf7-tel wpcf7-text wpcf7-validates-as-tel\" aria-invalid=\"false\" placeholder=\"Votre num\u00e9ro de t\u00e9l\u00e9phone\" value=\"\" type=\"tel\" name=\"your-phone\" \/><\/span><br \/>\n<span class=\"wpcf7-form-control-wrap\" data-name=\"your-email\"><input size=\"40\" maxlength=\"400\" class=\"wpcf7-form-control wpcf7-email wpcf7-validates-as-required wpcf7-text wpcf7-validates-as-email\" aria-required=\"true\" aria-invalid=\"false\" placeholder=\"Votre adresse e-mail\" value=\"\" type=\"email\" name=\"your-email\" \/><\/span><br \/>\n<input class=\"wpcf7-form-control wpcf7-submit has-spinner\" type=\"submit\" value=\"Envoyer les donn\u00e9es\" \/>\n<\/p><div class=\"wpcf7-response-output\" aria-hidden=\"true\"><\/div>\n<\/form>\n<\/div>\n<\/div>[\/vc_column_inner][vc_column_inner width=&#8221;1\/12&#8243;][\/vc_column_inner][\/vc_row_inner][\/vc_column][\/vc_row]<\/p>\n","protected":false},"excerpt":{"rendered":"<p>[vc_row][vc_column][vc_custom_heading text=&#8221;Un bras de moniteur pour chaque lieu de travail&#8221; use_theme_fonts=&#8221;yes&#8221;][vc_column_text]Un poste de travail ergonomique [&hellip;]<\/p>\n","protected":false},"author":1,"featured_media":13974,"parent":27215,"menu_order":0,"comment_status":"closed","ping_status":"closed","template":"","meta":{"_acf_changed":false,"footnotes":""},"class_list":["post-27283","page","type-page","status-publish","has-post-thumbnail","hentry"],"acf":[],"_links":{"self":[{"href":"https:\/\/www.filex.nl\/fr\/wp-json\/wp\/v2\/pages\/27283","targetHints":{"allow":["GET"]}}],"collection":[{"href":"https:\/\/www.filex.nl\/fr\/wp-json\/wp\/v2\/pages"}],"about":[{"href":"https:\/\/www.filex.nl\/fr\/wp-json\/wp\/v2\/types\/page"}],"author":[{"embeddable":true,"href":"https:\/\/www.filex.nl\/fr\/wp-json\/wp\/v2\/users\/1"}],"replies":[{"embeddable":true,"href":"https:\/\/www.filex.nl\/fr\/wp-json\/wp\/v2\/comments?post=27283"}],"version-history":[{"count":11,"href":"https:\/\/www.filex.nl\/fr\/wp-json\/wp\/v2\/pages\/27283\/revisions"}],"predecessor-version":[{"id":39589,"href":"https:\/\/www.filex.nl\/fr\/wp-json\/wp\/v2\/pages\/27283\/revisions\/39589"}],"up":[{"embeddable":true,"href":"https:\/\/www.filex.nl\/fr\/wp-json\/wp\/v2\/pages\/27215"}],"wp:featuredmedia":[{"embeddable":true,"href":"https:\/\/www.filex.nl\/fr\/wp-json\/wp\/v2\/media\/13974"}],"wp:attachment":[{"href":"https:\/\/www.filex.nl\/fr\/wp-json\/wp\/v2\/media?parent=27283"}],"curies":[{"name":"wp","href":"https:\/\/api.w.org\/{rel}","templated":true}]}}