{"id":27293,"date":"2021-06-25T14:41:29","date_gmt":"2021-06-25T14:41:29","guid":{"rendered":"https:\/\/www.filex.nl\/oplossingen\/office\/kantoor-van-de-toekomst-alleen-maar-een-plek-om-samen-te-komen\/"},"modified":"2024-09-14T12:26:42","modified_gmt":"2024-09-14T12:26:42","slug":"le-bureau-du-futur-nest-quun-lieu-de-reunion","status":"publish","type":"page","link":"https:\/\/www.filex.nl\/fr\/solutions\/office\/le-bureau-du-futur-nest-quun-lieu-de-reunion\/","title":{"rendered":"Le bureau du futur n&#8217;est qu&#8217;un lieu de r\u00e9union ?"},"content":{"rendered":"<p>[vc_row][vc_column][vc_custom_heading text=&#8221;Le bureau du futur n&#8217;est qu&#8217;un lieu de r\u00e9union ?&#8221; use_theme_fonts=&#8221;yes&#8221;][vc_column_text]Nous avons v\u00e9cu une p\u00e9riode pleine d&#8217;incertitudes, d&#8217;environnements de travail changeants et de r\u00e9flexions sur l&#8217;avenir. Et ces r\u00e9flexions, nous les faisons tr\u00e8s souvent. Nous entendons des signaux du march\u00e9, des \u00e9tudes sont men\u00e9es sur le retour au bureau et le terme qui revient le plus souvent, c&#8217;est : \u2018Hybrid Working\u2019.<\/p>\n<p>La plupart des entreprises ne laisseront pas leurs employ\u00e9s revenir \u00e0 temps plein au bureau. Le t\u00e9l\u00e9travail s&#8217;est bien pass\u00e9. Mais cela veut-il dire que le t\u00e9l\u00e9travail sera la norme et que les bureaux seront inutiles ?<\/p>\n<p>Aussi vite que nous sommes pass\u00e9s au t\u00e9l\u00e9travail (\u00e0 temps plein ou partiel), nous ne passerons pas si rapidement \u00e0 un environnement de bureau diff\u00e9rent. Nous avons d\u00fb faire du t\u00e9l\u00e9travail du jour au lendemain. Nous n&#8217;avions pas le choix, alors qu&#8217;aujourd&#8217;hui, nous avons le temps de r\u00e9fl\u00e9chir comment organiser le retour du travail au bureau.[\/vc_column_text][\/vc_column][\/vc_row][vc_row css=&#8221;.vc_custom_1624632385665{margin-top: 45px !important;margin-bottom: 65px !important;}&#8221;][vc_column css=&#8221;.vc_custom_1637315232110{background-image: url(https:\/\/www.filex.nl\/wp-content\/uploads\/2021\/11\/office_kantoor_toekomst_01.jpg?id=8378) !important;background-position: center !important;background-repeat: no-repeat !important;background-size: cover !important;}&#8221;][vc_empty_space height=&#8221;300px&#8221;][\/vc_column][\/vc_row][vc_row][vc_column][vc_column_text]<strong>Le bureau pour se r\u00e9unir<\/strong><\/p>\n<p>Une \u00e9tude de PwC r\u00e9v\u00e8le que si tous les employ\u00e9s font du t\u00e9l\u00e9travail un jour de plus, cela peut entra\u00eener une hausse des co\u00fbts \u00e0 long terme. Cette hausse est due surtout aux effets d&#8217;une baisse de la collaboration et \u00e0 une participation moins active \u00e0 l&#8217;organisation.<\/p>\n<p>Cette \u00e9tude de PwC r\u00e9v\u00e8le que la collaboration la plus efficace a lieu \u00e0 des endroits (physiques) qui stimulent l&#8217;\u00e9change d&#8217;id\u00e9es. Un autre manque immense est l&#8217;absence de contact \u00e0 la machine \u00e0 caf\u00e9. Ces rencontres impr\u00e9vues sont souvent \u00e0 l&#8217;origine de nouvelles id\u00e9es. Nous sommes donc convaincus que le travail hybride deviendra le nouveau mode de travail, o\u00f9 vous faites le travail de concentration \u00e0 la maison, pour rechercher la collaboration au bureau. Le bureau devient un lieu de r\u00e9union pour des sessions de brainstorming cr\u00e9atives, des lancements inspirants, un lieu pour rencontrer des clients dans des salles d&#8217;exposition et pour garder le sentiment du nous.[\/vc_column_text][vc_custom_heading text=&#8221;\u2018\u2019Bref, le bureau pour rencontrer, la maison pour livrer.\u2019\u2019&#8221; font_container=&#8221;tag:h3|font_size:35px|text_align:center&#8221; use_theme_fonts=&#8221;yes&#8221; css=&#8221;.vc_custom_1698069562943{margin-top: 50px !important;margin-bottom: 50px !important;}&#8221;][vc_column_text]<strong>Quoi, quoi, o\u00f9 et comment ?<\/strong><\/p>\n<p>Les entreprises devront trouver le moyen d&#8217;organiser le bureau comme un lieu de rencontre en combinaison avec le desksharing. Mais le bureau du futur id\u00e9al, il ressemble \u00e0 quoi exactement ? Les organisations devront se poser des questions, telles que :<\/p>\n<ul>\n<li>Quand travailler \u00e0 la maison et pour quelles t\u00e2ches aller au bureau ?<\/li>\n<li>Pour qui le t\u00e9l\u00e9travail est-il indiqu\u00e9 et qui sera mieux au bureau ?<\/li>\n<li>Comment d\u00e9terminer les diff\u00e9rentes fonctions dans le b\u00e2timent ? Quelles sont les fonctions n\u00e9cessaires ?<\/li>\n<li>Y a-t-il suffisamment d&#8217;outils pour travailler \u00e0 la maison et au bureau ? Et quels outils dois-je mettre \u00e0 la disposition de mes employ\u00e9s ? (Bras de moniteur, supports pour ordinateur portable, \u00e9lectrification pour un poste de travail, \u00e9clairage).<\/li>\n<li>Quelles sont les r\u00e8gles n\u00e9cessaires lorsque nous nous r\u00e9unissons ?<\/li>\n<li>Comment coacher vos employ\u00e9s \u00e0 distance ou en direct ?<\/li>\n<li>Comment contribuer \u00e0 une bonne collaboration interne ?<\/li>\n<li>Qu&#8217;est-ce qui est important pour vos employ\u00e9s ?<\/li>\n<li>Est-il suffisant d&#8217;offrir un pack t\u00e9l\u00e9travail ? Ou devez-vous \u00e9galement donner le bon conseil ergonomique adapt\u00e9 \u00e0 chaque employ\u00e9 ?<\/li>\n<\/ul>\n<p>[\/vc_column_text][\/vc_column][\/vc_row][vc_row css=&#8221;.vc_custom_1624632385665{margin-top: 45px !important;margin-bottom: 65px !important;}&#8221;][vc_column css=&#8221;.vc_custom_1637315253555{background-image: url(https:\/\/www.filex.nl\/wp-content\/uploads\/2021\/11\/office_kantoor_toekomst_02.jpg?id=8382) !important;background-position: center !important;background-repeat: no-repeat !important;background-size: cover !important;}&#8221;][vc_empty_space height=&#8221;300px&#8221;][\/vc_column][\/vc_row][vc_row css=&#8221;.vc_custom_1643384815461{margin-bottom: 50px !important;}&#8221;][vc_column][vc_column_text]<strong>\u00c0 quoi ressemble votre bureau du futur ?<\/strong><\/p>\n<p>Le bureau comme lieu de rencontre ou la maison pour faire le travail de concentration. Quoi qu&#8217;il en soit, chaque poste de travail devra r\u00e9pondre \u00e0 plusieurs conditions de base. Ainsi, chaque poste de travail doit \u00eatre \u00e9quip\u00e9 de plusieurs \u00e9l\u00e9ments fixes. Chaque employ\u00e9 utilise une souris et un clavier individuels et les emporte partout avec lui. C&#8217;est la seule fa\u00e7on de garantir flexibilit\u00e9, hygi\u00e8ne et ergonomie. Mais \u00e0 la maison aussi, tout comme au bureau, il faut un bureau, une chaise et des \u00e9crans (suppl\u00e9mentaires) de qualit\u00e9 (qui ne sont pas pos\u00e9s sur des livres ou des paquets de papier, mais qui sont suspendus \u00e0 un bras de moniteur correctement r\u00e9gl\u00e9). L&#8217;am\u00e9nagement \u00e0 la maison peut \u00eatre diff\u00e9rent de celui au bureau (en raison de l&#8217;espace disponible, entre autres), mais pour chaque situation et chaque utilisation, il existe une solution pratique.<\/p>\n<p>Vous voulez en savoir plus sur la fa\u00e7on d&#8217;am\u00e9nager de mani\u00e8re optimale les postes de t\u00e9l\u00e9travail de vos employ\u00e9s ? Contactez-nous pour recevoir un conseil bas\u00e9 sur votre situation sp\u00e9cifique.[\/vc_column_text][\/vc_column][\/vc_row][vc_row full_width=&#8221;stretch_row&#8221; parallax=&#8221;content-moving&#8221; parallax_speed_bg=&#8221;1.4&#8243; kd_image_overlay_color=&#8221;rgba(0,0,0,0.5)&#8221; kd_image_overlay=&#8221;true&#8221; css=&#8221;.vc_custom_1624011385614{background: #1a1a1a url(https:\/\/www.filex.nl\/wp-content\/uploads\/2021\/06\/oplossingen-banner-scaled.jpg?id=7771);}&#8221;][vc_column css=&#8221;.vc_custom_1516095225433{padding-right: 0px !important;padding-left: 0px !important;}&#8221;][vc_row_inner css=&#8221;.vc_custom_1555673013129{padding-top: 150px !important;padding-bottom: 123px !important;}&#8221;][vc_column_inner width=&#8221;1\/12&#8243; css=&#8221;.vc_custom_1515166784808{padding-top: 50px !important;}&#8221;][\/vc_column_inner][vc_column_inner width=&#8221;4\/12&#8243;]<header class=\"kd-section-title col-lg-12 text-left  kd-animated fadeIn   vc_custom_1698072715639\" data-animation-delay=200><h2 class=\"separator_off\" style=\"color: #ffffff;\">Vous voulez rester au courant de notre actualit\u00e9 ?<\/h2><h6 class=\"subtitle \" style=\"color: #eeeeee;\">Avec notre lettre d'information, restez au courant de nos derni\u00e8res nouvelles et nouveaut\u00e9s dans le domaine des solutions ergonomiques pour postes de travail.<\/h6><\/header>[\/vc_column_inner][vc_column_inner width=&#8221;1\/12&#8243;][\/vc_column_inner][vc_column_inner width=&#8221;5\/12&#8243;][vc_custom_heading text=&#8221;Inscrivez-vous \u00e0 notre lettre d\u2019information&#8221; font_container=&#8221;tag:h4|text_align:left|color:%23ffffff&#8221; use_theme_fonts=&#8221;yes&#8221; css_animation=&#8221;fadeIn&#8221; css=&#8221;.vc_custom_1698072724491{margin-bottom: 30px !important;}&#8221;]<div class=\"kd-contact-form full-width-cf white-input-bg\" >\n<div class=\"wpcf7 no-js\" id=\"wpcf7-f39519-o1\" lang=\"fr-FR\" dir=\"ltr\" data-wpcf7-id=\"39519\">\n<div class=\"screen-reader-response\"><p role=\"status\" aria-live=\"polite\" aria-atomic=\"true\"><\/p> <ul><\/ul><\/div>\n<form action=\"\/fr\/wp-json\/wp\/v2\/pages\/27293#wpcf7-f39519-o1\" method=\"post\" class=\"wpcf7-form init\" aria-label=\"Formulaire de contact\" novalidate=\"novalidate\" data-status=\"init\">\n<div style=\"display: none;\">\n<input type=\"hidden\" name=\"_wpcf7\" value=\"39519\" \/>\n<input type=\"hidden\" name=\"_wpcf7_version\" value=\"6.0.6\" \/>\n<input type=\"hidden\" name=\"_wpcf7_locale\" value=\"fr_FR\" \/>\n<input type=\"hidden\" name=\"_wpcf7_unit_tag\" value=\"wpcf7-f39519-o1\" \/>\n<input type=\"hidden\" name=\"_wpcf7_container_post\" value=\"0\" \/>\n<input type=\"hidden\" name=\"_wpcf7_posted_data_hash\" value=\"\" \/>\n<input type=\"hidden\" name=\"_wpcf7_recaptcha_response\" value=\"\" \/>\n<\/div>\n<p><span class=\"wpcf7-form-control-wrap\" data-name=\"your-name\"><input size=\"40\" maxlength=\"400\" class=\"wpcf7-form-control wpcf7-text wpcf7-validates-as-required\" aria-required=\"true\" aria-invalid=\"false\" placeholder=\"Votre nom\" value=\"\" type=\"text\" name=\"your-name\" \/><\/span><br \/>\n<span class=\"wpcf7-form-control-wrap\" data-name=\"your-phone\"><input size=\"40\" maxlength=\"400\" class=\"wpcf7-form-control wpcf7-tel wpcf7-text wpcf7-validates-as-tel\" aria-invalid=\"false\" placeholder=\"Votre num\u00e9ro de t\u00e9l\u00e9phone\" value=\"\" type=\"tel\" name=\"your-phone\" \/><\/span><br \/>\n<span class=\"wpcf7-form-control-wrap\" data-name=\"your-email\"><input size=\"40\" maxlength=\"400\" class=\"wpcf7-form-control wpcf7-email wpcf7-validates-as-required wpcf7-text wpcf7-validates-as-email\" aria-required=\"true\" aria-invalid=\"false\" placeholder=\"Votre adresse e-mail\" value=\"\" type=\"email\" name=\"your-email\" \/><\/span><br \/>\n<input class=\"wpcf7-form-control wpcf7-submit has-spinner\" type=\"submit\" value=\"Envoyer les donn\u00e9es\" \/>\n<\/p><div class=\"wpcf7-response-output\" aria-hidden=\"true\"><\/div>\n<\/form>\n<\/div>\n<\/div>[\/vc_column_inner][vc_column_inner width=&#8221;1\/12&#8243;][\/vc_column_inner][\/vc_row_inner][\/vc_column][\/vc_row]<\/p>\n","protected":false},"excerpt":{"rendered":"<p>[vc_row][vc_column][vc_custom_heading text=&#8221;Le bureau du futur n&#8217;est qu&#8217;un lieu de r\u00e9union ?&#8221; use_theme_fonts=&#8221;yes&#8221;][vc_column_text]Nous avons v\u00e9cu une [&hellip;]<\/p>\n","protected":false},"author":1,"featured_media":13980,"parent":27215,"menu_order":0,"comment_status":"closed","ping_status":"closed","template":"","meta":{"_acf_changed":false,"footnotes":""},"class_list":["post-27293","page","type-page","status-publish","has-post-thumbnail","hentry"],"acf":[],"_links":{"self":[{"href":"https:\/\/www.filex.nl\/fr\/wp-json\/wp\/v2\/pages\/27293","targetHints":{"allow":["GET"]}}],"collection":[{"href":"https:\/\/www.filex.nl\/fr\/wp-json\/wp\/v2\/pages"}],"about":[{"href":"https:\/\/www.filex.nl\/fr\/wp-json\/wp\/v2\/types\/page"}],"author":[{"embeddable":true,"href":"https:\/\/www.filex.nl\/fr\/wp-json\/wp\/v2\/users\/1"}],"replies":[{"embeddable":true,"href":"https:\/\/www.filex.nl\/fr\/wp-json\/wp\/v2\/comments?post=27293"}],"version-history":[{"count":10,"href":"https:\/\/www.filex.nl\/fr\/wp-json\/wp\/v2\/pages\/27293\/revisions"}],"predecessor-version":[{"id":44717,"href":"https:\/\/www.filex.nl\/fr\/wp-json\/wp\/v2\/pages\/27293\/revisions\/44717"}],"up":[{"embeddable":true,"href":"https:\/\/www.filex.nl\/fr\/wp-json\/wp\/v2\/pages\/27215"}],"wp:featuredmedia":[{"embeddable":true,"href":"https:\/\/www.filex.nl\/fr\/wp-json\/wp\/v2\/media\/13980"}],"wp:attachment":[{"href":"https:\/\/www.filex.nl\/fr\/wp-json\/wp\/v2\/media?parent=27293"}],"curies":[{"name":"wp","href":"https:\/\/api.w.org\/{rel}","templated":true}]}}