{"id":27301,"date":"2022-01-29T14:08:12","date_gmt":"2022-01-29T14:08:12","guid":{"rendered":"https:\/\/www.filex.nl\/oplossingen\/thuiswerken\/professional-thuiswerkpakket\/"},"modified":"2023-10-30T15:54:40","modified_gmt":"2023-10-30T15:54:40","slug":"pack-teletravail-professional","status":"publish","type":"page","link":"https:\/\/www.filex.nl\/fr\/solutions\/teletravail\/pack-teletravail-professional\/","title":{"rendered":"Pack t\u00e9l\u00e9travail professional"},"content":{"rendered":"<p>[vc_row full_width=&#8221;stretch_row&#8221; parallax=&#8221;content-moving&#8221;][vc_column][vc_custom_heading text=&#8221;Pack t\u00e9l\u00e9travail professional&#8221; use_theme_fonts=&#8221;yes&#8221;][\/vc_column][\/vc_row][vc_row css=&#8221;.vc_custom_1643453691517{margin-bottom: 50px !important;}&#8221;][vc_column width=&#8221;1\/3&#8243;][vc_single_image image=&#8221;8208&#8243; img_size=&#8221;full&#8221;][\/vc_column][vc_column width=&#8221;2\/3&#8243;][vc_column_text]Avec le &#8216;pack t\u00e9l\u00e9travail professional&#8217; de Filex, vous recevez les produits suivants :<\/p>\n<ul>\n<li>Lampe de bureau MAUL Stella. Couleur : Gris<\/li>\n<li>Bras de moniteur double Filex Galaxy. Couleur : Noir<\/li>\n<li>Repose-pieds ergonomique<\/li>\n<li>Electrification Filex Power Desk Up<strong>\u00ae<\/strong>. 1 x 230v + 1x charge USB-A+C. Couleur: Noir<br \/>\nAvec 1,5 m\u00e8tre de c\u00e2ble avec fiche Schuko<\/li>\n<\/ul>\n<p>[\/vc_column_text][\/vc_column][\/vc_row][vc_row css=&#8221;.vc_custom_1643453691517{margin-bottom: 50px !important;}&#8221;][vc_column]<header class=\"kd-section-title col-lg-12 text-left     vc_custom_1698680076985\" ><h4 class=\"separator_off\" >Lampe de bureau MAUL Stella. Couleur : Gris<\/h4><\/header>[vc_row_inner][vc_column_inner width=&#8221;1\/3&#8243; css=&#8221;.vc_custom_1643465149141{padding-left: 0px !important;}&#8221;][vc_single_image image=&#8221;11270&#8243; img_size=&#8221;360&#215;420&#8243; onclick=&#8221;link_image&#8221;][\/vc_column_inner][vc_column_inner width=&#8221;2\/3&#8243;][vc_column_text]Intensit\u00e9 lumineuse et couleur r\u00e9glables, blanc chaud \u2013 jusqu&#8217;\u00e0 la lumi\u00e8re du jour. Le socle est dot\u00e9 d&#8217;une station de charge sans fil pour smartphones, certifi\u00e9e QI. Port USB dans le pied pour charger, 5V, max. 500 ma USB type A 2 options de recharge, port USB et QI sans fil en la posant simplement dessus. Des \u00e9l\u00e9ments du bras sont en aluminium anodis\u00e9. Extr\u00eamement \u00e9conomique gr\u00e2ce \u00e0 la technologie LED moderne\u00a0 Facilement gradable en 3 \u00e9tapes, couleur de la lumi\u00e8re r\u00e9glable sur 3 niveaux. Convient aussi comme station de charge pour smartphones et smartwatches. Lampe de bureau certifi\u00e9e Qi, charge inductive, type Classe 0, version 1.2.4, compatible avec tous les appareils certifi\u00e9s Qi. D\u00e9marrage automatique de la station de charge QI lorsqu&#8217;un appareil QI est pos\u00e9 dessus. Plus de c\u00e2bles emm\u00eal\u00e9s, plus besoin de chercher la bonne prise de chargement, moins d\u2019usure des contacts de la prise. Commande tactile sur le socle pour r\u00e9gler l&#8217;intensit\u00e9 lumineuse souhait\u00e9e.<\/p>\n<table>\n<tbody>\n<tr>\n<td>Intensit\u00e9 lumineuse lampe :<\/td>\n<td>1.480 lux \u00e0 35 cm de distance<\/td>\n<\/tr>\n<tr>\n<td>Temp\u00e9rature de couleur par source lumineuse :<\/td>\n<td>3.000 Kelvin (blanc chaud) \u00e0 6.500 Kelvin (blanc lumi\u00e8re du jour)<\/td>\n<\/tr>\n<tr>\n<td>Nombre de sources lumineuses :<\/td>\n<td>1<\/td>\n<\/tr>\n<tr>\n<td>Classe d&#8217;efficacit\u00e9 \u00e9nerg\u00e9tique par source lumineuse :<\/td>\n<td>D (spectre A \u00e0 G)<\/td>\n<\/tr>\n<tr>\n<td>Consommation d&#8217;\u00e9nergie pond\u00e9r\u00e9e par source lumineuse :<\/td>\n<td>5 kWh\/1.000 h<\/td>\n<\/tr>\n<tr>\n<td>Dur\u00e9e de vie par source lumineuse (L70B50) :<\/td>\n<td>20.000 h<\/td>\n<\/tr>\n<tr>\n<td>Flux lumineux utile par source lumineuse :<\/td>\n<td>733 Lumens<\/td>\n<\/tr>\n<tr>\n<td>Socle :<\/td>\n<td>socle fixe<\/td>\n<\/tr>\n<tr>\n<td>Mat\u00e9riau :<\/td>\n<td>T\u00eate : aluminium anodis\u00e9 \u2013 Bras : aluminium anodis\u00e9 \u2013 Socle : ballast, rev\u00eatement inf\u00e9rieur de protection du plan de travail<\/td>\n<\/tr>\n<tr>\n<td>Dimensions\u00a0:<\/td>\n<td>Hauteur\u00a0: 41 cm \u2013 Bras : longueur 38 cm \u2013 T\u00eate : 23\u00d75 cm \u2013 Socle : 18\u00d711 cm<\/td>\n<\/tr>\n<tr>\n<td>Mobilit\u00e9 :<\/td>\n<td>T\u00eate : inclinable \u2013 Bras : inclinable<\/td>\n<\/tr>\n<tr>\n<td>Emplacement du commutateur :<\/td>\n<td>Socle<\/td>\n<\/tr>\n<\/tbody>\n<\/table>\n<p>Emballage \u00e9cologique et s\u00fbr, recyclable. Concept de s\u00e9curit\u00e9 technique Made by MAUL : seuls des luminaires et des lampes ayant \u00e9t\u00e9 soumis \u00e0 des essais intensifs et homologu\u00e9s sont repris dans notre programme. Une \u00e9quipe avec des connaissances en optique, \u00e9lectronique, m\u00e9canique, ainsi qu&#8217;en technique de production, garantit la s\u00e9curit\u00e9 de la lampe de bureau LED MAUL Stella.[\/vc_column_text][\/vc_column_inner][\/vc_row_inner][\/vc_column][\/vc_row][vc_row css=&#8221;.vc_custom_1643453691517{margin-bottom: 50px !important;}&#8221;][vc_column]<header class=\"kd-section-title col-lg-12 text-left     vc_custom_1698680136855\" ><h4 class=\"separator_off\" >Double bras de moniteur Filex Galaxy pour 2 \u00e9crans. Couleur : Noir<\/h4><\/header>[vc_row_inner][vc_column_inner width=&#8221;1\/3&#8243; css=&#8221;.vc_custom_1643465169609{padding-left: 0px !important;}&#8221;][vc_single_image image=&#8221;10332&#8243; img_size=&#8221;360&#215;270&#8243; onclick=&#8221;link_image&#8221;][\/vc_column_inner][vc_column_inner width=&#8221;2\/3&#8243;][vc_column_text]Le bras support d\u2019\u00e9cran Filex Galaxy pour 2 \u00e9crans ! L\u2019une de nos configurations pr\u00e9f\u00e9r\u00e9e et standard de la s\u00e9rie de bras Filex Galaxy modulaires (et circulaires) ! Gr\u00e2ce aux \u00e9l\u00e9ments de bras statiques, attach\u00e9s au Connector Galaxy brevet\u00e9, le bras est facile \u00e0 r\u00e9gler manuellement \u00e0 la hauteur souhait\u00e9e. Gr\u00e2ceaux joints \u00e0 rotule des t\u00eates VESA, ce bras peut \u00eatre r\u00e9gl\u00e9 directement \u00e0 l\u2019angle de vision ergonomique correct !<\/p>\n<p>Une composition fixe de la famille de bras support d\u2019\u00e9cran modulaires et circulaires Filex Galaxy ! En faisant l\u2019acquisition de ce bras, vous avez directement une configuration pour 1 moniteur, facile \u00e0 d\u00e9velopper (maintenant ou dans le futur) en une configuration pour 2 moniteurs. Cette configuration Filex Galaxy contient 2 \u00e9l\u00e9ments statiques (24 cm x 2). Gr\u00e2ce aux 3 points d\u2019articulation, cette configuration est r\u00e9glable de mani\u00e8re flexible dans tous les angles de vision souhait\u00e9.<\/p>\n<p>Cette configuration est \u00e9galement dot\u00e9e d\u2019une t\u00eate VESA avec un syst\u00e8me de fixation Quick Release permettant de placer facilement les \u00e9crans qui peuvent \u00eatre utilis\u00e9s aussi bien horizontalement que verticalement.<\/p>\n<p>Avec la t\u00eate VESA, vous pouvez raccorder directement votre \u00e9cran mais aussi notre support d\u2019ordinateur portable Galaxy ou un support de tablette universel. Vous comptez modifier le poste de travail ou acheter d\u2019autres appareils ? Il vous suffit d\u2019adapter le Filex Galaxy en fonction de vos besoins du moment. La s\u00e9rie de bras Filex Galaxy est enti\u00e8rement modulaire, ce qui signifie qu\u2019elle peut \u00eatre enti\u00e8rement modifi\u00e9e en ajoutant ou en changeant de nouvelles pi\u00e8ces. Toutes ces pi\u00e8ces sont \u00e9galement disponibles s\u00e9par\u00e9ment.<\/p>\n<p>Vous pouvez aussi monter une unit\u00e9 d\u2019\u00e9lectrification sur le poste. Pour cela, utilisez notre pince d\u2019\u00e9lectrification Galaxy et notre s\u00e9rie d\u2019unit\u00e9s d\u2019alimentation en saillie Filex Desk Up\u00ae 1.0 (qui se fixent \u00e9galement sur votre bureau). USB-A, USB-C, connexion HDMI ou plut\u00f4t de donn\u00e9es ? Tout est possible !<\/p>\n<p>Le Filex Galaxy est un syst\u00e8me de bras de moniteur enti\u00e8rement circulaire et modulaire qui permet de r\u00e9aliser toutes les configurations souhait\u00e9es. Gr\u00e2ce \u00e0 ce bras support d\u2019\u00e9cran, nous r\u00e9pondons \u00e0 tous vos souhaits ! La capacit\u00e9 de charge maximale est de 12 kg. La hauteur de la colonne est de 45 cm et au moyen du Connector brevet\u00e9, vous r\u00e9glez manuellement et sans outils la heuteur de vos \u00e9crans. Il vous suffit d\u2019enfoncer le bouton Filex pour d\u00e9placer les Connectors selon votre d\u00e9sir.<\/p>\n<p>Le Filex Galaxy est 100% recyclable et fabriqu\u00e9 \u00e0 partir de mat\u00e9riaux durables. Ajoutez-y la garantie de 5 ans et vous ne voudrez plus jamais un autre bras que le Filex Galaxy !<\/p>\n<p>[\/vc_column_text][\/vc_column_inner][\/vc_row_inner][\/vc_column][\/vc_row][vc_row css=&#8221;.vc_custom_1643453691517{margin-bottom: 50px !important;}&#8221;][vc_column]<header class=\"kd-section-title col-lg-12 text-left     vc_custom_1698678899328\" ><h4 class=\"separator_off\" >Repose-pieds ergonomique<\/h4><\/header>[vc_row_inner][vc_column_inner width=&#8221;1\/3&#8243; css=&#8221;.vc_custom_1643465177933{padding-left: 0px !important;}&#8221;][vc_single_image image=&#8221;11198&#8243; img_size=&#8221;320&#215;240&#8243; onclick=&#8221;link_image&#8221;][\/vc_column_inner][vc_column_inner width=&#8221;2\/3&#8243;][vc_column_text]Gr\u00e2ce \u00e0 la finition antid\u00e9rapante de ce repose-pieds ergonomique et r\u00e9glable, vos pieds ne glissent pas. Pour r\u00e9gler ce repose-pieds en fonction de votre propre longueur de jambe, appuyez l\u00e9g\u00e8rement avec votre pied sur le plateau pour obtenir la hauteur et la position correctes. Facile \u00e0 nettoyer et \u00e0 d\u00e9placer.[\/vc_column_text][\/vc_column_inner][\/vc_row_inner][\/vc_column][\/vc_row][vc_row css=&#8221;.vc_custom_1643453691517{margin-bottom: 50px !important;}&#8221;][vc_column]<header class=\"kd-section-title col-lg-12 text-left     vc_custom_1698678921980\" ><h4 class=\"separator_off\" >\u00c9lectrification Filex Power Desk Up\u00ae<\/h4><\/header>[vc_row_inner][vc_column_inner width=&#8221;1\/3&#8243; css=&#8221;.vc_custom_1643465183846{padding-left: 0px !important;}&#8221;][vc_single_image image=&#8221;10290&#8243; img_size=&#8221;400&#215;300&#8243; onclick=&#8221;link_image&#8221;][\/vc_column_inner][vc_column_inner width=&#8221;2\/3&#8243;][vc_column_text]La s\u00e9rie Filex Desk Up\u00ae 2.0 ! L\u2019unit\u00e9 d\u2019\u00e9lectrification en saillie polyvalente de r\u00e9f\u00e9rence, qui peut \u00eatre fix\u00e9e aussi bien sur votre bureau, que sur un plateau biseaut\u00e9 ! D\u00e9couvrez toutes nos possibilit\u00e9s et nos nombreuses options pour trouver l\u2019unit\u00e9 qui r\u00e9pond \u00e0 vos souhaits sp\u00e9cifiques !<\/p>\n<p>S\u00e9rie Filex Desk Up\u00ae 2.0. Une nouvelle unit\u00e9 en saillie au design nouveau, mince et moderne, fabriqu\u00e9e en tenant compte de vous, utilisateur. Ainsi, elle est tr\u00e8s facile d\u2019utilisation !<\/p>\n<p>Cette unit\u00e9 en saillie \u00e9pur\u00e9e est \u00e9quip\u00e9e de s\u00e9rie de 2 pinces pour des \u00e9paisseurs de plateau de 0 \u00e0 50 mm. L\u2019unit\u00e9 se fixe facilement d\u2019en haut et est dot\u00e9e d\u2019un cordon de raccordement fixe \u00e0 l\u2019arri\u00e8re d\u2019une longueur de 1,5 m\u00e8tre avec fiche Schuko. De ce fait, vous ne devez plus commander de cordon de raccordement et pouvez brancher directement votre Filex Desk Up\u00ae sur un point d\u2019alimentation !<\/p>\n<p>Vous avez un plateau biseaut\u00e9 ? \u00c7a non plus, ce n\u2019est pas un probl\u00e8me avec cette s\u00e9rie Filex Desk Up\u00ae 2.0 !<\/p>\n<p>Cette unit\u00e9 en saillie est \u00e9quip\u00e9e de 1 x fiche 230V et d\u2019un double chargeur USB, dont 1 x 5V-2,4A et 1 x USB-C (5,0V \u2013 3,1A \u2013 15,5W).<\/p>\n<p>Vous pr\u00e9f\u00e9rez quand m\u00eame cette unit\u00e9 d\u2019alimentation avec une fiche eGST\u00ae ? Jetez un \u0153il \u00e0 nos num\u00e9ros d\u2019articles suivants : 681046 et 681047.<\/p>\n<p>Et qui plus est, cette unit\u00e9 en saillie Filex Power Desk Up\u00ae est naturellement certifi\u00e9e CE, et maintenant aussi T\u00dcV ! Pour nous, la s\u00e9curit\u00e9 et la qualit\u00e9 passent avant tout ![\/vc_column_text][\/vc_column_inner][\/vc_row_inner][\/vc_column][\/vc_row]<\/p>\n","protected":false},"excerpt":{"rendered":"<p>[vc_row full_width=&#8221;stretch_row&#8221; parallax=&#8221;content-moving&#8221;][vc_column][vc_custom_heading text=&#8221;Pack t\u00e9l\u00e9travail professional&#8221; use_theme_fonts=&#8221;yes&#8221;][\/vc_column][\/vc_row][vc_row css=&#8221;.vc_custom_1643453691517{margin-bottom: 50px !important;}&#8221;][vc_column width=&#8221;1\/3&#8243;][vc_single_image image=&#8221;8208&#8243; img_size=&#8221;full&#8221;][\/vc_column][vc_column width=&#8221;2\/3&#8243;][vc_column_text]Avec le [&hellip;]<\/p>\n","protected":false},"author":1,"featured_media":13893,"parent":27208,"menu_order":0,"comment_status":"closed","ping_status":"closed","template":"","meta":{"_acf_changed":false,"footnotes":""},"class_list":["post-27301","page","type-page","status-publish","has-post-thumbnail","hentry"],"acf":[],"_links":{"self":[{"href":"https:\/\/www.filex.nl\/fr\/wp-json\/wp\/v2\/pages\/27301","targetHints":{"allow":["GET"]}}],"collection":[{"href":"https:\/\/www.filex.nl\/fr\/wp-json\/wp\/v2\/pages"}],"about":[{"href":"https:\/\/www.filex.nl\/fr\/wp-json\/wp\/v2\/types\/page"}],"author":[{"embeddable":true,"href":"https:\/\/www.filex.nl\/fr\/wp-json\/wp\/v2\/users\/1"}],"replies":[{"embeddable":true,"href":"https:\/\/www.filex.nl\/fr\/wp-json\/wp\/v2\/comments?post=27301"}],"version-history":[{"count":13,"href":"https:\/\/www.filex.nl\/fr\/wp-json\/wp\/v2\/pages\/27301\/revisions"}],"predecessor-version":[{"id":39710,"href":"https:\/\/www.filex.nl\/fr\/wp-json\/wp\/v2\/pages\/27301\/revisions\/39710"}],"up":[{"embeddable":true,"href":"https:\/\/www.filex.nl\/fr\/wp-json\/wp\/v2\/pages\/27208"}],"wp:featuredmedia":[{"embeddable":true,"href":"https:\/\/www.filex.nl\/fr\/wp-json\/wp\/v2\/media\/13893"}],"wp:attachment":[{"href":"https:\/\/www.filex.nl\/fr\/wp-json\/wp\/v2\/media?parent=27301"}],"curies":[{"name":"wp","href":"https:\/\/api.w.org\/{rel}","templated":true}]}}