{"id":32385,"date":"2022-10-17T21:38:32","date_gmt":"2022-10-17T21:38:32","guid":{"rendered":"https:\/\/www.filex.nl\/?page_id=32385"},"modified":"2023-10-30T21:36:42","modified_gmt":"2023-10-30T21:36:42","slug":"groupes-de-produits","status":"publish","type":"page","link":"https:\/\/www.filex.nl\/fr\/produits\/groupes-de-produits\/","title":{"rendered":"Groupes de produits"},"content":{"rendered":"<p>[vc_row][vc_column el_class=&#8221;shop-category-overview&#8221;]<div class=\"woocommerce columns-3\"><ul class=\"products columns-3\">\n<li class=\"product-category product first\">\n\t<a aria-label=\"Acc\u00e9der \u00e0 la cat\u00e9gorie de produits Bras de moniteur Galaxy\" href=\"https:\/\/www.filex.nl\/fr\/categorie\/groupes-de-produits\/bras-de-moniteur-galaxy\/\"><img loading=\"lazy\" decoding=\"async\" src=\"https:\/\/www.filex.nl\/wp-content\/uploads\/2022\/01\/filex_producten_galaxy-800x600.jpg\" alt=\"Bras de moniteur Galaxy\" width=\"800\" height=\"600\" \/>\t\t<h2 class=\"woocommerce-loop-category__title\">\n\t\t\tBras de moniteur Galaxy <mark class=\"count\">(15)<\/mark>\t\t<\/h2>\n\t\t<\/a><\/li>\n<li class=\"product-category product\">\n\t<a aria-label=\"Acc\u00e9der \u00e0 la cat\u00e9gorie de produits Bras de moniteur Chicago\" href=\"https:\/\/www.filex.nl\/fr\/categorie\/groupes-de-produits\/bras-de-moniteur-chicago\/\"><img loading=\"lazy\" decoding=\"async\" src=\"https:\/\/www.filex.nl\/wp-content\/uploads\/2022\/01\/filex_producten_chicago-800x600.jpg\" alt=\"Bras de moniteur Chicago\" width=\"800\" height=\"600\" \/>\t\t<h2 class=\"woocommerce-loop-category__title\">\n\t\t\tBras de moniteur Chicago <mark class=\"count\">(4)<\/mark>\t\t<\/h2>\n\t\t<\/a><\/li>\n<li class=\"product-category product last\">\n\t<a aria-label=\"Acc\u00e9der \u00e0 la cat\u00e9gorie de produits Bras de moniteur Focus\" href=\"https:\/\/www.filex.nl\/fr\/categorie\/groupes-de-produits\/bras-de-moniteur-focus\/\"><img loading=\"lazy\" decoding=\"async\" src=\"https:\/\/www.filex.nl\/wp-content\/uploads\/2022\/01\/filex_producten_focus-800x600.jpg\" alt=\"Bras de moniteur Focus\" width=\"800\" height=\"600\" \/>\t\t<h2 class=\"woocommerce-loop-category__title\">\n\t\t\tBras de moniteur Focus <mark class=\"count\">(3)<\/mark>\t\t<\/h2>\n\t\t<\/a><\/li>\n<li class=\"product-category product first\">\n\t<a aria-label=\"Acc\u00e9der \u00e0 la cat\u00e9gorie de produits Bras de moniteur Swing\" href=\"https:\/\/www.filex.nl\/fr\/categorie\/groupes-de-produits\/bras-de-moniteur-swing\/\"><img loading=\"lazy\" decoding=\"async\" src=\"https:\/\/www.filex.nl\/wp-content\/uploads\/2022\/01\/filex_producten_swing-800x600.jpg\" alt=\"Bras de moniteur Swing\" width=\"800\" height=\"600\" \/>\t\t<h2 class=\"woocommerce-loop-category__title\">\n\t\t\tBras de moniteur Swing <mark class=\"count\">(2)<\/mark>\t\t<\/h2>\n\t\t<\/a><\/li>\n<li class=\"product-category product\">\n\t<a aria-label=\"Acc\u00e9der \u00e0 la cat\u00e9gorie de produits \u00c9lectrification Desk Up\u00ae\" href=\"https:\/\/www.filex.nl\/fr\/categorie\/groupes-de-produits\/electrification-desk-up\/\"><img loading=\"lazy\" decoding=\"async\" src=\"https:\/\/www.filex.nl\/wp-content\/uploads\/2022\/01\/filex_producten_deskup2-800x600.jpg\" alt=\"\u00c9lectrification Desk Up\u00ae\" width=\"800\" height=\"600\" \/>\t\t<h2 class=\"woocommerce-loop-category__title\">\n\t\t\t\u00c9lectrification Desk Up\u00ae <mark class=\"count\">(28)<\/mark>\t\t<\/h2>\n\t\t<\/a><\/li>\n<li class=\"product-category product last\">\n\t<a aria-label=\"Acc\u00e9der \u00e0 la cat\u00e9gorie de produits \u00c9lectrification Power Spot\u00ae\" href=\"https:\/\/www.filex.nl\/fr\/categorie\/groupes-de-produits\/electrification-power-spot\/\"><img loading=\"lazy\" decoding=\"async\" src=\"https:\/\/www.filex.nl\/wp-content\/uploads\/2021\/12\/681077-1-800x600.jpg\" alt=\"\u00c9lectrification Power Spot\u00ae\" width=\"800\" height=\"600\" \/>\t\t<h2 class=\"woocommerce-loop-category__title\">\n\t\t\t\u00c9lectrification Power Spot\u00ae <mark class=\"count\">(16)<\/mark>\t\t<\/h2>\n\t\t<\/a><\/li>\n<li class=\"product-category product first\">\n\t<a aria-label=\"Acc\u00e9der \u00e0 la cat\u00e9gorie de produits \u00c9lectrification Desk In\" href=\"https:\/\/www.filex.nl\/fr\/categorie\/groupes-de-produits\/electrification-desk-in\/\"><img loading=\"lazy\" decoding=\"async\" src=\"https:\/\/www.filex.nl\/wp-content\/uploads\/2023\/06\/filex_producten_deskin-800x600.jpg\" alt=\"\u00c9lectrification Desk In\" width=\"800\" height=\"600\" \/>\t\t<h2 class=\"woocommerce-loop-category__title\">\n\t\t\t\u00c9lectrification Desk In <mark class=\"count\">(7)<\/mark>\t\t<\/h2>\n\t\t<\/a><\/li>\n<\/ul>\n<\/div>[\/vc_column][\/vc_row][vc_row full_width=&#8221;stretch_row&#8221; parallax=&#8221;content-moving&#8221; parallax_speed_bg=&#8221;1.4&#8243; kd_image_overlay_color=&#8221;rgba(0,0,0,0.5)&#8221; kd_image_overlay=&#8221;true&#8221; css=&#8221;.vc_custom_1636118146547{margin-top: 35px !important;margin-bottom: 0px !important;background-image: url(https:\/\/www.filex.nl\/wp-content\/uploads\/2021\/06\/DSC00752-scaled.jpg?id=7845) !important;}&#8221;][vc_column css=&#8221;.vc_custom_1516095225433{padding-right: 0px !important;padding-left: 0px !important;}&#8221;][vc_row_inner css=&#8221;.vc_custom_1555673013129{padding-top: 150px !important;padding-bottom: 123px !important;}&#8221;][vc_column_inner width=&#8221;1\/12&#8243; css=&#8221;.vc_custom_1515166784808{padding-top: 50px !important;}&#8221;][\/vc_column_inner][vc_column_inner width=&#8221;4\/12&#8243;]<header class=\"kd-section-title col-lg-12 text-left  kd-animated fadeIn   vc_custom_1698701798690\" data-animation-delay=200><h2 class=\"separator_off\" style=\"color: #ffffff;\">Vous avez encore des questions ?<\/h2><h6 class=\"subtitle \" style=\"color: #eeeeee;\">Contactez-nous sans engagement pour discuter de la fa\u00e7on dont nous pouvons vous aider.<\/h6><\/header>[\/vc_column_inner][vc_column_inner width=&#8221;1\/12&#8243;][\/vc_column_inner][vc_column_inner width=&#8221;5\/12&#8243;][vc_custom_heading text=&#8221;&#8221; font_container=&#8221;tag:h4|text_align:left|color:%23ffffff&#8221; use_theme_fonts=&#8221;yes&#8221; css_animation=&#8221;fadeIn&#8221; css=&#8221;.vc_custom_1624023372114{margin-bottom: 30px !important;}&#8221;]<div class=\"kd-contact-form full-width-cf white-input-bg\" >\n<div class=\"wpcf7 no-js\" id=\"wpcf7-f39519-o1\" lang=\"fr-FR\" dir=\"ltr\" data-wpcf7-id=\"39519\">\n<div class=\"screen-reader-response\"><p role=\"status\" aria-live=\"polite\" aria-atomic=\"true\"><\/p> <ul><\/ul><\/div>\n<form action=\"\/fr\/wp-json\/wp\/v2\/pages\/32385#wpcf7-f39519-o1\" method=\"post\" class=\"wpcf7-form init\" aria-label=\"Formulaire de contact\" novalidate=\"novalidate\" data-status=\"init\">\n<div style=\"display: none;\">\n<input type=\"hidden\" name=\"_wpcf7\" value=\"39519\" \/>\n<input type=\"hidden\" name=\"_wpcf7_version\" value=\"6.0.6\" \/>\n<input type=\"hidden\" name=\"_wpcf7_locale\" value=\"fr_FR\" \/>\n<input type=\"hidden\" name=\"_wpcf7_unit_tag\" value=\"wpcf7-f39519-o1\" \/>\n<input type=\"hidden\" name=\"_wpcf7_container_post\" value=\"0\" \/>\n<input type=\"hidden\" name=\"_wpcf7_posted_data_hash\" value=\"\" \/>\n<input type=\"hidden\" name=\"_wpcf7_recaptcha_response\" value=\"\" \/>\n<\/div>\n<p><span class=\"wpcf7-form-control-wrap\" data-name=\"your-name\"><input size=\"40\" maxlength=\"400\" class=\"wpcf7-form-control wpcf7-text wpcf7-validates-as-required\" aria-required=\"true\" aria-invalid=\"false\" placeholder=\"Votre nom\" value=\"\" type=\"text\" name=\"your-name\" \/><\/span><br \/>\n<span class=\"wpcf7-form-control-wrap\" data-name=\"your-phone\"><input size=\"40\" maxlength=\"400\" class=\"wpcf7-form-control wpcf7-tel wpcf7-text wpcf7-validates-as-tel\" aria-invalid=\"false\" placeholder=\"Votre num\u00e9ro de t\u00e9l\u00e9phone\" value=\"\" type=\"tel\" name=\"your-phone\" \/><\/span><br \/>\n<span class=\"wpcf7-form-control-wrap\" data-name=\"your-email\"><input size=\"40\" maxlength=\"400\" class=\"wpcf7-form-control wpcf7-email wpcf7-validates-as-required wpcf7-text wpcf7-validates-as-email\" aria-required=\"true\" aria-invalid=\"false\" placeholder=\"Votre adresse e-mail\" value=\"\" type=\"email\" name=\"your-email\" \/><\/span><br \/>\n<input class=\"wpcf7-form-control wpcf7-submit has-spinner\" type=\"submit\" value=\"Envoyer les donn\u00e9es\" \/>\n<\/p><div class=\"wpcf7-response-output\" aria-hidden=\"true\"><\/div>\n<\/form>\n<\/div>\n<\/div>[\/vc_column_inner][vc_column_inner width=&#8221;1\/12&#8243;][\/vc_column_inner][\/vc_row_inner][\/vc_column][\/vc_row]<\/p>\n","protected":false},"excerpt":{"rendered":"<p>[vc_row][vc_column el_class=&#8221;shop-category-overview&#8221;][\/vc_column][\/vc_row][vc_row full_width=&#8221;stretch_row&#8221; parallax=&#8221;content-moving&#8221; parallax_speed_bg=&#8221;1.4&#8243; kd_image_overlay_color=&#8221;rgba(0,0,0,0.5)&#8221; kd_image_overlay=&#8221;true&#8221; css=&#8221;.vc_custom_1636118146547{margin-top: 35px !important;margin-bottom: 0px !important;background-image: url(https:\/\/www.filex.nl\/wp-content\/uploads\/2021\/06\/DSC00752-scaled.jpg?id=7845) !important;}&#8221;][vc_column css=&#8221;.vc_custom_1516095225433{padding-right: [&hellip;]<\/p>\n","protected":false},"author":1,"featured_media":17867,"parent":27166,"menu_order":0,"comment_status":"closed","ping_status":"closed","template":"","meta":{"_acf_changed":false,"footnotes":""},"class_list":["post-32385","page","type-page","status-publish","has-post-thumbnail","hentry"],"acf":[],"_links":{"self":[{"href":"https:\/\/www.filex.nl\/fr\/wp-json\/wp\/v2\/pages\/32385","targetHints":{"allow":["GET"]}}],"collection":[{"href":"https:\/\/www.filex.nl\/fr\/wp-json\/wp\/v2\/pages"}],"about":[{"href":"https:\/\/www.filex.nl\/fr\/wp-json\/wp\/v2\/types\/page"}],"author":[{"embeddable":true,"href":"https:\/\/www.filex.nl\/fr\/wp-json\/wp\/v2\/users\/1"}],"replies":[{"embeddable":true,"href":"https:\/\/www.filex.nl\/fr\/wp-json\/wp\/v2\/comments?post=32385"}],"version-history":[{"count":5,"href":"https:\/\/www.filex.nl\/fr\/wp-json\/wp\/v2\/pages\/32385\/revisions"}],"predecessor-version":[{"id":39781,"href":"https:\/\/www.filex.nl\/fr\/wp-json\/wp\/v2\/pages\/32385\/revisions\/39781"}],"up":[{"embeddable":true,"href":"https:\/\/www.filex.nl\/fr\/wp-json\/wp\/v2\/pages\/27166"}],"wp:featuredmedia":[{"embeddable":true,"href":"https:\/\/www.filex.nl\/fr\/wp-json\/wp\/v2\/media\/17867"}],"wp:attachment":[{"href":"https:\/\/www.filex.nl\/fr\/wp-json\/wp\/v2\/media?parent=32385"}],"curies":[{"name":"wp","href":"https:\/\/api.w.org\/{rel}","templated":true}]}}