{"id":27490,"date":"2022-01-07T18:10:02","date_gmt":"2023-10-23T11:47:05","guid":{"rendered":"https:\/\/www.filex.nl\/product\/chicago-monitorarm-met-crossbar-zwart\/"},"modified":"2024-10-18T15:35:14","modified_gmt":"2024-10-18T15:35:14","slug":"bras-support-decran-chicago-avec-crossbar-noire","status":"publish","type":"product","link":"https:\/\/www.filex.nl\/fr\/produit\/bras-support-decran-chicago-avec-crossbar-noire\/","title":{"rendered":"Bras support d&#8217;\u00e9cran Chicago avec Crossbar (noire)"},"content":{"rendered":"<p>Le Filex Chicago avec Crossbar est la meilleure solution pour utiliser 2 \u00e9crans sur un bras avec v\u00e9rin \u00e0 gaz et qui combine pour chacun un design moderne  avec la posture de travail la plus ergonomique.<\/p>\n<p>Naturellement, le Filex Chicago est fabriqu\u00e9 \u00e0 partir de mati\u00e8res premi\u00e8res haut de gamme (aluminium), certifi\u00e9 circulaire (15 ans de garantie de recyclage) et est assorti d&#8217;une garantie d&#8217;\u00e9change de 5 ans sur toutes les pi\u00e8ces.<\/p>\n<p>Gr\u00e2ce \u00e0 une t\u00eate VESA stable suppl\u00e9mentaire fournie de s\u00e9rie avec le Filex Chicago, vous pouvez monter directement et rapidement la Filex Crossbar sur votre bras. Le bras \u00e0 v\u00e9rin \u00e0 gaz haut de gamme a une capacit\u00e9 de charge de 2 \u00e0 12 kg et se r\u00e8gle de mani\u00e8re optimale et facilement \u00e0 la hauteur et la profondeur que vous souhaitez.<\/p>\n<p>La Crossbar Filex Galaxy vous permet de r\u00e9gler les moniteurs \u00e0 l&#8217;angle de vision souhait\u00e9 de mani\u00e8re enti\u00e8rement ind\u00e9pendante l&#8217;un de l&#8217;autre gr\u00e2ce aux articulations \u00e0 rotule int\u00e9gr\u00e9es dans les t\u00eates VESA. En utilisant la poign\u00e9e pratique int\u00e9gr\u00e9e \u00e0 la Crossbar, vous pouvez modifier la position des \u00e9crans d&#8217;une seule main et sans les toucher.<\/p>\n<p>Le Filex Chicago avec Crossbar est livr\u00e9 de s\u00e9rie avec un connecteur Quick Release VESA (VESA 75\u00d775 et 100\u00d7100) pour les deux \u00e9crans et une pince de plateau \u00e0 montage Topdown qui vous \u00e9vite de devoir passer sous le bureau pour monter la pince. Ainsi, un montage facile et rapide est maintenant \u00e0 la port\u00e9e de tous !<\/p>\n","protected":false},"excerpt":{"rendered":"<p>Bras support d&#8217;\u00e9cran Filex Chicago avec Crossbar ! Une composition unique qui vous permet de travailler avec 2 moniteurs sur votre poste ! Facile \u00e0 r\u00e9gler \u00e0 l&#8217;angle de vision et la hauteur souhait\u00e9e pour une posture de travail ergonomique correcte !<\/p>\n","protected":false},"featured_media":54631,"template":"","meta":{"_acf_changed":false},"product_brand":[],"product_cat":[606,612,630],"product_tag":[],"class_list":{"0":"post-27490","1":"product","2":"type-product","3":"status-publish","4":"has-post-thumbnail","6":"product_cat-bras-de-moniteur","7":"product_cat-2-schermen-fr","8":"product_cat-bras-de-moniteur-chicago","9":"pa_kleur-argent","10":"pa_kleur-blanc","11":"pa_kleur-chrome-fr","12":"pa_kleur-noir","14":"first","15":"instock","16":"shipping-taxable","17":"purchasable","18":"product-type-variable","19":"has-default-attributes"},"acf":[],"_links":{"self":[{"href":"https:\/\/www.filex.nl\/fr\/wp-json\/wp\/v2\/product\/27490","targetHints":{"allow":["GET"]}}],"collection":[{"href":"https:\/\/www.filex.nl\/fr\/wp-json\/wp\/v2\/product"}],"about":[{"href":"https:\/\/www.filex.nl\/fr\/wp-json\/wp\/v2\/types\/product"}],"wp:featuredmedia":[{"embeddable":true,"href":"https:\/\/www.filex.nl\/fr\/wp-json\/wp\/v2\/media\/54631"}],"wp:attachment":[{"href":"https:\/\/www.filex.nl\/fr\/wp-json\/wp\/v2\/media?parent=27490"}],"wp:term":[{"taxonomy":"product_brand","embeddable":true,"href":"https:\/\/www.filex.nl\/fr\/wp-json\/wp\/v2\/product_brand?post=27490"},{"taxonomy":"product_cat","embeddable":true,"href":"https:\/\/www.filex.nl\/fr\/wp-json\/wp\/v2\/product_cat?post=27490"},{"taxonomy":"product_tag","embeddable":true,"href":"https:\/\/www.filex.nl\/fr\/wp-json\/wp\/v2\/product_tag?post=27490"}],"curies":[{"name":"wp","href":"https:\/\/api.w.org\/{rel}","templated":true}]}}