{"id":27504,"date":"2022-01-07T18:10:02","date_gmt":"2022-01-07T18:10:02","guid":{"rendered":"https:\/\/www.filex.nl\/product\/galaxy-zit-sta-healthy-cpu-houder-opstelling\/"},"modified":"2025-01-24T22:00:55","modified_gmt":"2025-01-24T22:00:55","slug":"configuration-support-pour-unite-centrale-healthy-assis-debout-galaxy","status":"publish","type":"product","link":"https:\/\/www.filex.nl\/fr\/produit\/configuration-support-pour-unite-centrale-healthy-assis-debout-galaxy\/","title":{"rendered":"Configuration support pour unit\u00e9 centrale Healthy Assis Debout Galaxy"},"content":{"rendered":"<p>Solution Assis Debout et Healthcare compl\u00e8te Filex Galaxy avec support de clavier et de souris ! En utilisant cette configuration de la famille des bras support d&#8217;\u00e9cran modulaires Galaxy que nous avons compos\u00e9e pour vous, vous pouvez commencer \u00e0 travailler directement ! Le plateau de travail vous permet d&#8217;utiliser votre clavier avec votre souris \u00e0 la hauteur et position souhait\u00e9es pour adopter la posture la plus ergonomique possible pendant votre travail. La configuration comprend \u00e9galement un support pour unit\u00e9 centrale Thin Client Galaxy que vous pouvez dissimuler proprement derri\u00e8re votre moniteur. Ainsi, vous b\u00e9n\u00e9ficiez directement d&#8217;un poste de travail bien rang\u00e9 !<\/p>\n<p>Gr\u00e2ce \u00e0 sa construction astucieuse qui combine le bras support d&#8217;\u00e9cran et le support pour unit\u00e9 centrale Thin Client, vous pouvez , vous-m\u00eame, rapidement et facilement, d\u00e9terminer la posture qui vous convient le mieux et travailler en position ergonomiques (peut tourner ou s&#8217;incliner \u00e0 180 degr\u00e9s).<\/p>\n<p>Le plateau est \u00e9galement livr\u00e9 avec un repose-poignet gel pour clavier et souris. La solution id\u00e9ale ! \u00c9galement pour alterner entre travail assis et debout, tout avoir \u00e0 port\u00e9e de main et mais aussi pour partager des informations avec un client ou un coll\u00e8gue.<\/p>\n<p>Disponible en noir et en blanc.<\/p>\n<p>Vous pr\u00e9f\u00e9rez cr\u00e9er vous-m\u00eame votre ensemble ? C&#8217;est tout aussi possible ! Configurez vous-m\u00eame votre bras support d&#8217;\u00e9cran Galaxy id\u00e9al avec plateau de travail ou contactez-nous. Nous nous ferons un plaisir de vous aider\u00a0!<\/p>\n","protected":false},"excerpt":{"rendered":"<p>La solution Assis Debout et Healthcare compl\u00e8te Filex Galaxy avec support de clavier et de souris !Gr\u00e2ce l&#8217;acquisition de ce produit, vous avez tout ce dont vous avez besoin pour cr\u00e9er un poste de travail ergonomique et en ordre ! Nous vous avons compos\u00e9 le pack le plus complet. En faisant l&#8217;acquisition de ce produit, vous avez directement tout en un !<\/p>\n","protected":false},"featured_media":17523,"template":"","meta":{"_acf_changed":false},"product_brand":[],"product_cat":[606,554,651],"product_tag":[],"class_list":{"0":"post-27504","1":"product","2":"type-product","3":"status-publish","4":"has-post-thumbnail","6":"product_cat-bras-de-moniteur","7":"product_cat-zit-sta-plateaus-fr","8":"product_cat-galaxy-serie-fr","9":"pa_kleur-blanc","10":"pa_kleur-noir","12":"first","13":"instock","14":"shipping-taxable","15":"purchasable","16":"product-type-variable","17":"has-default-attributes"},"acf":[],"_links":{"self":[{"href":"https:\/\/www.filex.nl\/fr\/wp-json\/wp\/v2\/product\/27504","targetHints":{"allow":["GET"]}}],"collection":[{"href":"https:\/\/www.filex.nl\/fr\/wp-json\/wp\/v2\/product"}],"about":[{"href":"https:\/\/www.filex.nl\/fr\/wp-json\/wp\/v2\/types\/product"}],"wp:featuredmedia":[{"embeddable":true,"href":"https:\/\/www.filex.nl\/fr\/wp-json\/wp\/v2\/media\/17523"}],"wp:attachment":[{"href":"https:\/\/www.filex.nl\/fr\/wp-json\/wp\/v2\/media?parent=27504"}],"wp:term":[{"taxonomy":"product_brand","embeddable":true,"href":"https:\/\/www.filex.nl\/fr\/wp-json\/wp\/v2\/product_brand?post=27504"},{"taxonomy":"product_cat","embeddable":true,"href":"https:\/\/www.filex.nl\/fr\/wp-json\/wp\/v2\/product_cat?post=27504"},{"taxonomy":"product_tag","embeddable":true,"href":"https:\/\/www.filex.nl\/fr\/wp-json\/wp\/v2\/product_tag?post=27504"}],"curies":[{"name":"wp","href":"https:\/\/api.w.org\/{rel}","templated":true}]}}