{"id":27515,"date":"2022-01-07T18:10:01","date_gmt":"2023-10-23T11:48:22","guid":{"rendered":"https:\/\/www.filex.nl\/product\/galaxy-toolbar-opstelling\/"},"modified":"2025-01-24T22:01:05","modified_gmt":"2025-01-24T22:01:05","slug":"configuration-toolbar-galaxy","status":"publish","type":"product","link":"https:\/\/www.filex.nl\/fr\/produit\/configuration-toolbar-galaxy\/","title":{"rendered":"Configuration Toolbar Galaxy"},"content":{"rendered":"<p>La configuration de base Toolbar Filex Galaxy ! La configuration id\u00e9ale pour une solution Multi-screen, compl\u00e8te avec les pinces de plateau, les poteaux et la Toolbar.<\/p>\n<p>Vous comptez am\u00e9nager une salle de contr\u00f4le ou un centre d&#8217;appels ? Ou \u00eates-vous un gamer passionn\u00e9 ? Quelle que soit votre usage, vous utilisez plus de 2 moniteurs et aimeriez les monter le plus esth\u00e9tiquement possible, avec les \u00e9crans correctement superpos\u00e9s ! Notre Toolbar Galaxy permet de positionner de 2 \u00e0 10 \u00e9crans (selon la taille de l&#8217;\u00e9cran), aussi bien sur 1 que sur 2 hauteurs superpos\u00e9es. La Toolbar se monte sur les poteaux Galaxy (45 cm ou 70 cm) ou sur le mur.<\/p>\n<p>Gr\u00e2ce \u00e0 cette Toolbar, esth\u00e9tique et de qualit\u00e9, vous disposez d&#8217;une solution unique et professionnelle, tant pour votre propre poste de travail, que pour un poste de travail que vous am\u00e9nagez pour votre client. Cette Toolbar fait partie de la famille des bras support d&#8217;\u00e9cran modulaires et circulaires Filex Galaxy.<\/p>\n<p>La longueur standard de cette Toolbar est de 150 cm. En utilisant les pinces Toolbar, vous glissez facilement tous les \u00e9l\u00e9ments de bras possibles. Gr\u00e2ce \u00e0 la modularit\u00e9 du syst\u00e8me, vous pouvez naturellement aussi continuer \u00e0 aggrandir la longueur \u00e0 l&#8217;infini en combinant les poteaux et les Toolbar \u00e0 l&#8217;infini.<\/p>\n<p>En positionnant des \u00e9l\u00e9ments de bras \u00e0 l&#8217;ext\u00e9rieur sur les poteaux, vous pouvez m\u00eame \u00e9tendre \u00e0 2 \u00e9crans par c\u00f4t\u00e9 la configuration dans la largeur ou cr\u00e9er une configuration cockpit. En optant pour un Poste tr\u00e8s haut (70 cm) ou en couplant 2 Postes (2 x 22 cm, 2 x 45 cm ou 2 x 70 cm) l&#8217;un sur l&#8217;autre, vous pouvez m\u00eame superposer plusieurs \u00e9crans ou cr\u00e9er une configuration Dealingroom. Disponibles en fintion : noir, blanc et aluminium.<\/p>\n<p>Cette barre d&#8217;outils peut \u00eatre plac\u00e9e sur un bureau de 170 cm de large.<\/p>\n<p>Cr\u00e9er vous-m\u00eame une configuration ? Utilisez notre configurateur !<br \/>\nVous ne vous en sortez pas vraiment ? Nous nous ferons un plaisir de vous aider!<\/p>\n","protected":false},"excerpt":{"rendered":"<p>La configuration de base Toolbar Filex Galaxy ! La solution id\u00e9ale la plus courante pour l&#8217;utilisation de nombreux \u00e9crans ! Vous pouvez bien s\u00fbr composer vous-m\u00eame l&#8217;ensemble de cette configuration de base mais nous vous avons d\u00e9j\u00e0 pr\u00e9par\u00e9 le travail!<\/p>\n","protected":false},"featured_media":16072,"template":"","meta":{"_acf_changed":false},"product_brand":[],"product_cat":[651,654,662],"product_tag":[],"class_list":{"0":"post-27515","1":"product","2":"type-product","3":"status-publish","4":"has-post-thumbnail","6":"product_cat-galaxy-serie-fr","7":"product_cat-galaxy-toolbars-fr","8":"product_cat-toolbars","9":"pa_kleur-argent","10":"pa_kleur-blanc","11":"pa_kleur-noir","13":"first","14":"instock","15":"shipping-taxable","16":"purchasable","17":"product-type-variable","18":"has-default-attributes"},"acf":[],"_links":{"self":[{"href":"https:\/\/www.filex.nl\/fr\/wp-json\/wp\/v2\/product\/27515","targetHints":{"allow":["GET"]}}],"collection":[{"href":"https:\/\/www.filex.nl\/fr\/wp-json\/wp\/v2\/product"}],"about":[{"href":"https:\/\/www.filex.nl\/fr\/wp-json\/wp\/v2\/types\/product"}],"wp:featuredmedia":[{"embeddable":true,"href":"https:\/\/www.filex.nl\/fr\/wp-json\/wp\/v2\/media\/16072"}],"wp:attachment":[{"href":"https:\/\/www.filex.nl\/fr\/wp-json\/wp\/v2\/media?parent=27515"}],"wp:term":[{"taxonomy":"product_brand","embeddable":true,"href":"https:\/\/www.filex.nl\/fr\/wp-json\/wp\/v2\/product_brand?post=27515"},{"taxonomy":"product_cat","embeddable":true,"href":"https:\/\/www.filex.nl\/fr\/wp-json\/wp\/v2\/product_cat?post=27515"},{"taxonomy":"product_tag","embeddable":true,"href":"https:\/\/www.filex.nl\/fr\/wp-json\/wp\/v2\/product_tag?post=27515"}],"curies":[{"name":"wp","href":"https:\/\/api.w.org\/{rel}","templated":true}]}}