{"id":27519,"date":"2022-01-07T18:10:01","date_gmt":"2023-10-23T11:48:20","guid":{"rendered":"https:\/\/www.filex.nl\/product\/galaxy-topdown-klem-doorvoer-en-adapter\/"},"modified":"2025-01-24T22:01:16","modified_gmt":"2025-01-24T22:01:16","slug":"pince-topdown-passe-cables-et-adapter-galaxy","status":"publish","type":"product","link":"https:\/\/www.filex.nl\/fr\/produit\/pince-topdown-passe-cables-et-adapter-galaxy\/","title":{"rendered":"Pince Topdown\/passe-c\u00e2bles et Adapter Galaxy"},"content":{"rendered":"<p>La pince Topdown Filex Galaxy avec Adapter ! La r\u00e9f\u00e9rence compos\u00e9e qui vous permet d&#8217;acheter la pince Topdown Galaxy et l&#8217;Adapter Galaxy en une fois. Cr\u00e9\u00e9 pour vous, afin de vous faciliter quelque peu la vie et \u00eatre certain que vous n&#8217;avez pas oubli\u00e9 l&#8217;Adapter Galaxy lors de votre achat. Ainsi, vous pouvez monter directement tous les \u00e9l\u00e9ments possibles sur votre pince Topdown mais \u00e9galement monter la pince par le dessus gr\u00e2ce \u00e0 sa conception unique !<\/p>\n<p>Vous ne vous en sortez pas vraiment ? N\u2019h\u00e9sitez pas \u00e0 nous contacter\u00a0!<br \/>\nVous souhaitez des informations suppl\u00e9mentaires sur la pince et l&#8217;Adapter ? Vous trouverez ci-dessous toutes les informations concernant les deux produits.<\/p>\n<p>Informations suppl\u00e9mentaires pince Topdown Galaxy :<br \/>\nLa pince pour plateau Topdown Filex Galaxy avec passe-c\u00e2bles est la solution parfaite pour fixer tous les poteaux Galaxy (22, 45 et 70 cm). La particularit\u00e9 de ce syst\u00e8me est que vous montez la pince de mani\u00e8re rapide, ais\u00e9e et ergonomique par le dessus. Ainsi, vous ne devez plus passer sous votre bureau pour la visser. Gr\u00e2ce \u00e0 sa technique de fixation astucieuse, cette pince peut \u00eatre utilis\u00e9e pour presque tous les types de plateau de bureau, y compris les plateaux coulissants et biseaut\u00e9s d&#8217;une profondeur de 6 \u00e0 45 mm. Afin d&#8217;exploiter toutes les possibilit\u00e9s d&#8217;un bras modulaire, nous avons ajout\u00e9 un Adapter Galaxy (en option \u00e0 notre assortiment &#8211; num\u00e9ros d&#8217;articles 809523, 809524 et 809525). En ajoutant cet Adapter \u00e0 la pince Topdown, vous positionnez directement un \u00e9l\u00e9ment de bras sur la pince + Adapter au lieu d&#8217;utiliser un poteau. Cet Adapter vous permet, entre autres, de fixer directement un \u00e9l\u00e9ment de bras inclin\u00e9 sur la pince. De ce fait, l&#8217;aspect reste le m\u00eame sur chaque bureau pour chaque installation alors que l&#8217;utilisation de cette installation peut \u00eatre totalement diff\u00e9rente pour chaque personne.<\/p>\n<p>Informations suppl\u00e9mentaires Adapter Galaxy :<br \/>\nL&#8217;Adapter Filex Galaxy est le module compl\u00e9mentaire pour la pince de plateau Topdown Filex Galaxy. C&#8217;est le compl\u00e9ment de r\u00e9f\u00e9rence quand vous utilisez une pince Topdown qui vous permet de placer directement un \u00e9l\u00e9ment de bras (droit statique, inclin\u00e9 statique ou \u00e0 v\u00e9rin \u00e0 gaz) sur la pince sans utiliser de poteau ! Vous voulez un \u00e9cran un peu plus en retrait par rapport \u00e0 votre bureau ? Vous conserverez toute la flexibilit\u00e9 possible pour r\u00e9gler la distance de vision parfaite pour vous.<\/p>\n","protected":false},"excerpt":{"rendered":"<p>La pince Topdown Filex Galaxy avec Adapter ! Vous pouvez \u00e9galement commander s\u00e9par\u00e9ment ces 2 produits mais nous vous rendons la t\u00e2che plus facile ! En combinant les deux \u00e9l\u00e9ments, vous pouvez placer un \u00e9l\u00e9ment de bras Galaxy directement sur l&#8217;Adapter. Vous avez peur d&#8217;oublier une pi\u00e8ce ? Nous vous aidons \u00e0 l&#8217;aide de cet ensemble !<\/p>\n","protected":false},"featured_media":19397,"template":"","meta":{"_acf_changed":false},"product_brand":[],"product_cat":[623,651],"product_tag":[],"class_list":{"0":"post-27519","1":"product","2":"type-product","3":"status-publish","4":"has-post-thumbnail","6":"product_cat-galaxy-onderdelen-fr","7":"product_cat-galaxy-serie-fr","8":"pa_kleur-argent","9":"pa_kleur-blanc","10":"pa_kleur-noir","12":"first","13":"instock","14":"shipping-taxable","15":"purchasable","16":"product-type-variable","17":"has-default-attributes"},"acf":[],"_links":{"self":[{"href":"https:\/\/www.filex.nl\/fr\/wp-json\/wp\/v2\/product\/27519","targetHints":{"allow":["GET"]}}],"collection":[{"href":"https:\/\/www.filex.nl\/fr\/wp-json\/wp\/v2\/product"}],"about":[{"href":"https:\/\/www.filex.nl\/fr\/wp-json\/wp\/v2\/types\/product"}],"wp:featuredmedia":[{"embeddable":true,"href":"https:\/\/www.filex.nl\/fr\/wp-json\/wp\/v2\/media\/19397"}],"wp:attachment":[{"href":"https:\/\/www.filex.nl\/fr\/wp-json\/wp\/v2\/media?parent=27519"}],"wp:term":[{"taxonomy":"product_brand","embeddable":true,"href":"https:\/\/www.filex.nl\/fr\/wp-json\/wp\/v2\/product_brand?post=27519"},{"taxonomy":"product_cat","embeddable":true,"href":"https:\/\/www.filex.nl\/fr\/wp-json\/wp\/v2\/product_cat?post=27519"},{"taxonomy":"product_tag","embeddable":true,"href":"https:\/\/www.filex.nl\/fr\/wp-json\/wp\/v2\/product_tag?post=27519"}],"curies":[{"name":"wp","href":"https:\/\/api.w.org\/{rel}","templated":true}]}}