{"id":27535,"date":"2022-01-07T18:10:01","date_gmt":"2023-10-23T11:48:21","guid":{"rendered":"https:\/\/www.filex.nl\/product\/galaxy-dubbel-monitorarm-met-crossbar-2\/"},"modified":"2025-01-24T22:01:27","modified_gmt":"2025-01-24T22:01:27","slug":"bras-support-decran-double-galaxy-avec-crossbar","status":"publish","type":"product","link":"https:\/\/www.filex.nl\/fr\/produit\/bras-support-decran-double-galaxy-avec-crossbar\/","title":{"rendered":"Bras support d&#8217;\u00e9cran double Galaxy avec Crossbar"},"content":{"rendered":"<p>Cette configuration convient pour 2 \u00e9crans. Cette configuration Filex Galaxy contient 1 x une Crossbar plac\u00e9e sur le poteau avec 2 t\u00eates VESA et propose donc 1 point d&#8217;articulation. La configuration est r\u00e9alis\u00e9e avec une pince Topdown permettant un montage rapide par le dessus<\/p>\n<p>Gr\u00e2ce aux articulations \u00e0 rotule int\u00e9gr\u00e9es aux t\u00eates VESA, ce bras de moniteur Filex Galaxy est r\u00e9glable de mani\u00e8re flexible \u00e0 l&#8217;angle de vision souhait\u00e9.<\/p>\n<p>Cette configuration est \u00e9galement dot\u00e9e d&#8217;une fixation Quick Release VESA (VESA 75 x 75 et 100 x 100) universelle. Les \u00e9crans peuvent \u00eatre utilis\u00e9s aussi bien horizontalement que verticalement. Vous pouvez raccorder directement votre \u00e9cran sur cette t\u00eate VESA.<\/p>\n<p>Vous comptez \u00e0 l&#8217;avenir modifier le poste de travail ou acheter d&#8217;autres appareils ? Il vous suffira d&#8217;adapter le Filex Galaxy en fonction de vos besoins du moment. Vous pouvez par exemple \u00e9galement monter une unit\u00e9 d&#8217;alimentation avec chargeur USB ou une connexion r\u00e9seau sur le poteau.<\/p>\n<p>Le Filex Galaxy est un syst\u00e8me support d&#8217;\u00e9cran enti\u00e8rement modulaire qui permet de r\u00e9aliser toutes les configurations souhait\u00e9es. Gr\u00e2ce \u00e0 ce bras, nous r\u00e9pondons \u00e0 tous vos souhaits !<\/p>\n<p>La capacit\u00e9 de charge maximale est de 12 kg.<\/p>\n<p>La hauteur de ce support est de 45 cm et vous r\u00e9glez facilement la hauteur de votre \u00e9cran au moyen du Connecteur brevet\u00e9, et ce, sans aucun outils.<\/p>\n<p>Le Filex Galaxy est 100% recyclable et fabriqu\u00e9 \u00e0 partir de mat\u00e9riaux durables. Ajoutez-y la garantie de 5 ans et vous ne voudrez plus jamais d&#8217;un  autre bras que le Filex Galaxy !<\/p>\n<p>Disponible en finitions blanc, aluminium et noir.<\/p>\n","protected":false},"excerpt":{"rendered":"<p>La configuration de base Filex Galaxy avec Crossbar et pince Topdown !  Nous vous avons cr\u00e9\u00e9 cette configuration id\u00e9ale pour vous permettre de travailler imm\u00e9diatement si vous avez 2 \u00e9crans ! Gr\u00e2ce \u00e0 cette solution, vous avez la possibilit\u00e9 de placer vos \u00e9crans \u00e0 la hauteur de vision souhait\u00e9e et de r\u00e9gler le bras enti\u00e8rement selon vos propres souhaits.! De plus, vous pouvez monter le bras support d&#8217;\u00e9ran par le dessus gr\u00e2ce \u00e0 la pince Topdown !<\/p>\n","protected":false},"featured_media":19193,"template":"","meta":{"_acf_changed":false},"product_brand":[],"product_cat":[606,646,651],"product_tag":[],"class_list":{"0":"post-27535","1":"product","2":"type-product","3":"status-publish","4":"has-post-thumbnail","6":"product_cat-bras-de-moniteur","7":"product_cat-bras-de-moniteur-galaxy","8":"product_cat-galaxy-serie-fr","9":"pa_kleur-argent","10":"pa_kleur-blanc","11":"pa_kleur-noir","13":"first","14":"instock","15":"shipping-taxable","16":"purchasable","17":"product-type-variable","18":"has-default-attributes"},"acf":[],"_links":{"self":[{"href":"https:\/\/www.filex.nl\/fr\/wp-json\/wp\/v2\/product\/27535","targetHints":{"allow":["GET"]}}],"collection":[{"href":"https:\/\/www.filex.nl\/fr\/wp-json\/wp\/v2\/product"}],"about":[{"href":"https:\/\/www.filex.nl\/fr\/wp-json\/wp\/v2\/types\/product"}],"wp:featuredmedia":[{"embeddable":true,"href":"https:\/\/www.filex.nl\/fr\/wp-json\/wp\/v2\/media\/19193"}],"wp:attachment":[{"href":"https:\/\/www.filex.nl\/fr\/wp-json\/wp\/v2\/media?parent=27535"}],"wp:term":[{"taxonomy":"product_brand","embeddable":true,"href":"https:\/\/www.filex.nl\/fr\/wp-json\/wp\/v2\/product_brand?post=27535"},{"taxonomy":"product_cat","embeddable":true,"href":"https:\/\/www.filex.nl\/fr\/wp-json\/wp\/v2\/product_cat?post=27535"},{"taxonomy":"product_tag","embeddable":true,"href":"https:\/\/www.filex.nl\/fr\/wp-json\/wp\/v2\/product_tag?post=27535"}],"curies":[{"name":"wp","href":"https:\/\/api.w.org\/{rel}","templated":true}]}}