{"id":27563,"date":"2022-01-07T18:09:54","date_gmt":"2023-10-23T11:48:33","guid":{"rendered":"https:\/\/www.filex.nl\/product\/galaxy-dubbel-kort-monitorarm-gasveer-en-crossbar\/"},"modified":"2025-01-24T22:01:55","modified_gmt":"2025-01-24T22:01:55","slug":"bras-support-decran-double-court-galaxy-verin-a-gaz-et-crossbar","status":"publish","type":"product","link":"https:\/\/www.filex.nl\/fr\/produit\/bras-support-decran-double-court-galaxy-verin-a-gaz-et-crossbar\/","title":{"rendered":"Bras support d&#8217;\u00e9cran double court Galaxy V\u00e9rin \u00e0 gaz et Crossbar"},"content":{"rendered":"<p>Convenant pour 2 \u00e9crans, cette configuration Filex Galaxy contient 1 x une Crossbar avec 2 t\u00eates VESA avec articulations \u00e0 rotule, 1 \u00e9l\u00e9ment droit statique (24 cm x 1) et 1 \u00e9l\u00e9ment dynamique (32 cm x 1). Gr\u00e2ce aux 3 points d&#8217;articulation ainsi qu&#8217;au v\u00e9rin \u00e0 gaz, ce bras supportd&#8217;\u00e9cran Filex Galaxy est r\u00e9glable de mani\u00e8re flexible dans tous les angles de vision souhait\u00e9s. <\/p>\n<p>Cette configuration est \u00e9galement \u00e9quip\u00e9e d&#8217;une fixation Quick Release VESA (VESA 75 x 75 et 100 x 100) universelle. Les \u00e9crans peuvent \u00eatre utilis\u00e9s aussi bien horizontalement que verticalement. Vous pouvez raccorder directement sur cette t\u00eate VESA votre \u00e9cran. <\/p>\n<p>Vous comptez \u00e0 l&#8217;avenir modifier le poste de travail ou acheter d&#8217;autres appareils ? Il vous suffira d&#8217;adapter le Filex Galaxy en fonction de vos besoins du moment. Vous pouvez par exemple \u00e9galement monter une unit\u00e9 d&#8217;alimentation avec chargeur USB ou une connexion r\u00e9seau sur le poteau. <\/p>\n<p>Le Filex Galaxy est un syst\u00e8me de bras support d&#8217;\u00e9cran enti\u00e8rement modulaire qui permet de r\u00e9aliser toutes les configurations souhait\u00e9es. Gr\u00e2ce \u00e0 ce bras, nous r\u00e9pondons \u00e0 tous vos souhaits ! <\/p>\n<p>La capacit\u00e9 de charge maximale est de 12 kg. <\/p>\n<p>La hauteur de ce support est de 22 cm et avous r\u00e9glez facilement la hauteur gr\u00e2ce au Connecteur brevet\u00e9 et ce, sans outil. <\/p>\n<p>Le Filex Galaxy est 100% recyclable et fabriqu\u00e9 \u00e0 partir de mat\u00e9riaux durables. Ajoutez-y la garantie de 5 ans et vous ne voudrez plus jamais d&#8217;un autre bras que le Filex Galaxy ! <\/p>\n<p>Disponible en fintions : blanc, aluminium et noir.<\/p>\n","protected":false},"excerpt":{"rendered":"<p>Une configuration de bras support d&#8217;\u00e9cran Filex Galaxy pour 2 \u00e9crans ! La combinaison d&#8217;une configuration statique et dynamique avec Crossbar de la s\u00e9rie de bras Galaxy modulaires (et circulaires) ! Gr\u00e2ce aux \u00e9l\u00e9ments de bras statique et dynamique qui sont attach\u00e9s au Connecteur Galaxy brevet\u00e9, ce bras est facile \u00e0 r\u00e9gler manuellement \u00e0 toutes les hauteurs souhait\u00e9es. Et avec l&#8217;articulation \u00e0 rotule int\u00e9gr\u00e9e aux t\u00eates VESA de la Crossbar, ce bras peut \u00eatre r\u00e9gl\u00e9 directement \u00e0 l&#8217;angle de vision ergonomique correct !<\/p>\n","protected":false},"featured_media":15517,"template":"","meta":{"_acf_changed":false},"product_brand":[],"product_cat":[606,646,651],"product_tag":[],"class_list":{"0":"post-27563","1":"product","2":"type-product","3":"status-publish","4":"has-post-thumbnail","6":"product_cat-bras-de-moniteur","7":"product_cat-bras-de-moniteur-galaxy","8":"product_cat-galaxy-serie-fr","9":"pa_kleur-argent","10":"pa_kleur-blanc","11":"pa_kleur-noir","13":"first","14":"instock","15":"shipping-taxable","16":"purchasable","17":"product-type-variable","18":"has-default-attributes"},"acf":[],"_links":{"self":[{"href":"https:\/\/www.filex.nl\/fr\/wp-json\/wp\/v2\/product\/27563","targetHints":{"allow":["GET"]}}],"collection":[{"href":"https:\/\/www.filex.nl\/fr\/wp-json\/wp\/v2\/product"}],"about":[{"href":"https:\/\/www.filex.nl\/fr\/wp-json\/wp\/v2\/types\/product"}],"wp:featuredmedia":[{"embeddable":true,"href":"https:\/\/www.filex.nl\/fr\/wp-json\/wp\/v2\/media\/15517"}],"wp:attachment":[{"href":"https:\/\/www.filex.nl\/fr\/wp-json\/wp\/v2\/media?parent=27563"}],"wp:term":[{"taxonomy":"product_brand","embeddable":true,"href":"https:\/\/www.filex.nl\/fr\/wp-json\/wp\/v2\/product_brand?post=27563"},{"taxonomy":"product_cat","embeddable":true,"href":"https:\/\/www.filex.nl\/fr\/wp-json\/wp\/v2\/product_cat?post=27563"},{"taxonomy":"product_tag","embeddable":true,"href":"https:\/\/www.filex.nl\/fr\/wp-json\/wp\/v2\/product_tag?post=27563"}],"curies":[{"name":"wp","href":"https:\/\/api.w.org\/{rel}","templated":true}]}}