{"id":27575,"date":"2022-01-07T18:09:53","date_gmt":"2023-10-23T11:48:43","guid":{"rendered":"https:\/\/www.filex.nl\/product\/chicago-dubbel-monitorarm-2-12-kg\/"},"modified":"2024-10-18T15:33:18","modified_gmt":"2024-10-18T15:33:18","slug":"bras-de-moniteur-double-chicago-2-12-kg","status":"publish","type":"product","link":"https:\/\/www.filex.nl\/fr\/produit\/bras-de-moniteur-double-chicago-2-12-kg\/","title":{"rendered":"Bras de moniteur double Chicago (2-12 kg)"},"content":{"rendered":"<p>Le bras support d&#8217;\u00e9cran Filex Chicago est un bras dynamique pour 2 \u00e9crans en aluminium recycl\u00e9. Gr\u00e2ce aux \u00e9l\u00e9ments \u00e0 v\u00e9rin \u00e0 gaz individuels, ce bras de moniteur pr\u00e9sente de nombreuses possibilit\u00e9s de r\u00e9glage pour b\u00e9n\u00e9ficier du meilleur confort de travail ergonomique ! <\/p>\n<p>Le design \u00e9pur\u00e9 et la commande simple font de ce bras support d&#8217;\u00e9cran le compl\u00e9ment parfait pour chaque poste de travail. Le bras Filex Chicago est livr\u00e9 de s\u00e9rie avec une fixation Quick Release VESA (VESA 75 x 75 et 100 x 100) universelle. <\/p>\n<p>Il est aussi livr\u00e9 avec une pince de plateau qui se serre depusi le dessus et qui ne d\u00e9passe donc pas en dessous du plateau. Nous vous fournissant \u00e9galement un syst\u00e8me de montage par percage au travers du plateau, autorisant ainsi les deux options de montage. <\/p>\n<p>Nous recommandons d&#8217;utiliser la pince de plateau en combinaison avec syst\u00e8me pour obturateur, pour plateau biseaut\u00e9 ou pour un montage sur un mur. <\/p>\n<p>Ce bras est \u00e9galement \u00e9quip\u00e9 d&#8217;un arr\u00eat \u00e0 180 degr\u00e9s qui \u00e9vite toute collision avec une paroi dans la position la plus recul\u00e9e. <\/p>\n<p>Un astucieux syst\u00e8me de gestion des c\u00e2bles le long et \u00e0 travers le bras facilite l&#8217;\u00e9lectrification. <\/p>\n<p>Les bras Filex Chicago pour 2 \u00e9crans sont livrables en finitions blanc, noir et aluminium. Ce bras de moniteur est \u00e9galement livr\u00e9 avec un v\u00e9rin \u00e0 gaz de 2 \u00e0 12 kg inclus.<\/p>\n","protected":false},"excerpt":{"rendered":"<p>Bras support pour deux \u00e9crans Filex Chicago ! Un bras \u00e0 v\u00e9rin \u00e0 gaz dynamique avec 2 bras s\u00e9par\u00e9s pour la plus grande facilit\u00e9 de r\u00e9glage ! Ce bras support d&#8217;\u00e9cran convient pour 2 moniteurs et gr\u00e2ce \u00e0 sa finition \u00e9pur\u00e9e, vous cr\u00e9ez un poste de travail joli et moderne !<\/p>\n","protected":false},"featured_media":54627,"template":"","meta":{"_acf_changed":false},"product_brand":[],"product_cat":[606,612,630],"product_tag":[],"class_list":{"0":"post-27575","1":"product","2":"type-product","3":"status-publish","4":"has-post-thumbnail","6":"product_cat-bras-de-moniteur","7":"product_cat-2-schermen-fr","8":"product_cat-bras-de-moniteur-chicago","9":"pa_kleur-argent","10":"pa_kleur-blanc","11":"pa_kleur-noir","13":"first","14":"instock","15":"shipping-taxable","16":"purchasable","17":"product-type-variable","18":"has-default-attributes"},"acf":[],"_links":{"self":[{"href":"https:\/\/www.filex.nl\/fr\/wp-json\/wp\/v2\/product\/27575","targetHints":{"allow":["GET"]}}],"collection":[{"href":"https:\/\/www.filex.nl\/fr\/wp-json\/wp\/v2\/product"}],"about":[{"href":"https:\/\/www.filex.nl\/fr\/wp-json\/wp\/v2\/types\/product"}],"wp:featuredmedia":[{"embeddable":true,"href":"https:\/\/www.filex.nl\/fr\/wp-json\/wp\/v2\/media\/54627"}],"wp:attachment":[{"href":"https:\/\/www.filex.nl\/fr\/wp-json\/wp\/v2\/media?parent=27575"}],"wp:term":[{"taxonomy":"product_brand","embeddable":true,"href":"https:\/\/www.filex.nl\/fr\/wp-json\/wp\/v2\/product_brand?post=27575"},{"taxonomy":"product_cat","embeddable":true,"href":"https:\/\/www.filex.nl\/fr\/wp-json\/wp\/v2\/product_cat?post=27575"},{"taxonomy":"product_tag","embeddable":true,"href":"https:\/\/www.filex.nl\/fr\/wp-json\/wp\/v2\/product_tag?post=27575"}],"curies":[{"name":"wp","href":"https:\/\/api.w.org\/{rel}","templated":true}]}}