{"id":27607,"date":"2022-01-07T18:09:53","date_gmt":"2023-10-23T11:48:57","guid":{"rendered":"https:\/\/www.filex.nl\/product\/focus-enkel-monitorarm\/"},"modified":"2025-09-06T21:19:03","modified_gmt":"2025-09-06T21:19:03","slug":"bras-de-moniteur-simple-focus","status":"publish","type":"product","link":"https:\/\/www.filex.nl\/fr\/produit\/bras-de-moniteur-simple-focus\/","title":{"rendered":"Bras de moniteur simple Focus"},"content":{"rendered":"<p>Le Filex Focus est un bras support d&#8217;\u00e9cran au design \u00e9pur\u00e9 et moderne qui convient pour 1 moniteur. Gr\u00e2ce \u00e0 sa conception astucieuse, le bras est \u00e0 un prix tr\u00e8s avantageux mais r\u00e9pond aussi \u00e0 toutes les exigences ergonomiques !<\/p>\n<p>Ce bras support d&#8217;\u00e9cran est r\u00e9glable en hauteur de mani\u00e8re progressive et gr\u00e2ce \u00e0 son double bras articul\u00e9, il se r\u00e8gle facilement en profondeur pour adopter la meilleure posture de travail.<\/p>\n<p>Etant livr\u00e9 de s\u00e9rie avec un passe-c\u00e2bles et une pince pour plateau (10 \u00e0 88 mm d&#8217;\u00e9paisseur), il peut \u00eatre mont\u00e9 sans surprises sur tous les postes de travail et vous disposez rapidement d&#8217;une magnifique solution compacte et ergonomique !<\/p>\n<p>Pour acc\u00e9l\u00e9rer et faciliter encore davantage le montage, ce bras est \u00e9galement \u00e9quip\u00e9 de s\u00e9rie d&#8217;une fixation Quick Release VESA (VESA 75 x 75 et 100 x 100) universelle. Ce syst\u00e8me est dot\u00e9 d&#8217;un verrou antivol.<\/p>\n<p>Assurant une finition propre de votre installation, le bras est \u00e9galement livr\u00e9 de s\u00e9rie avec un syst\u00e8me pratique de gestion des c\u00e2bles.<\/p>\n<p>Les bras de moniteur Filex Focus sont disponibles dans les finitions : noir, blanc et aluminium. Ils peuvent \u00e9galement \u00eatre command\u00e9s dans la variante pour 2 \u00e9crans ! Options disponibles : le Slider VESA, un support d&#8217;ordinateur portable, de tablette ou d&#8217;unit\u00e9 centrale Thin Client. Le bras convient pour 1 moniteur entre 13 et 32 pouces et pr\u00e9sente une capacit\u00e9 de charge de 8 kg.<\/p>\n<p>Le Filex Focus est \u00e9quip\u00e9 d&#8217;une t\u00eate VESA qui peut \u00eatre tourn\u00e9e \u00e0 360\u00b0. d&#8217;un point de fixation rotatif \u00e0 180\u00b0 et d&#8217;un point de fixation VESA inclinable \u00e0 90\u00b0. Ainsi, vous l&#8217;orientez comme vous le voulez!<\/p>\n","protected":false},"excerpt":{"rendered":"<p>Le bras de moniteur Filex Focus pour 1 \u00e9cran : un rapport qualit\u00e9-prix unique ! Id\u00e9al pour chaque poste de t\u00e9l\u00e9travail ou poste de travail classique o\u00f9 le prix est d\u00e9cisif !<\/p>\n","protected":false},"featured_media":14923,"template":"","meta":{"_acf_changed":false},"product_brand":[],"product_cat":[606,644],"product_tag":[],"class_list":{"0":"post-27607","1":"product","2":"type-product","3":"status-publish","4":"has-post-thumbnail","6":"product_cat-bras-de-moniteur","7":"product_cat-bras-de-moniteur-focus","8":"pa_kleur-argent","9":"pa_kleur-blanc","10":"pa_kleur-noir","12":"first","13":"instock","14":"shipping-taxable","15":"purchasable","16":"product-type-variable","17":"has-default-attributes"},"acf":[],"_links":{"self":[{"href":"https:\/\/www.filex.nl\/fr\/wp-json\/wp\/v2\/product\/27607","targetHints":{"allow":["GET"]}}],"collection":[{"href":"https:\/\/www.filex.nl\/fr\/wp-json\/wp\/v2\/product"}],"about":[{"href":"https:\/\/www.filex.nl\/fr\/wp-json\/wp\/v2\/types\/product"}],"wp:featuredmedia":[{"embeddable":true,"href":"https:\/\/www.filex.nl\/fr\/wp-json\/wp\/v2\/media\/14923"}],"wp:attachment":[{"href":"https:\/\/www.filex.nl\/fr\/wp-json\/wp\/v2\/media?parent=27607"}],"wp:term":[{"taxonomy":"product_brand","embeddable":true,"href":"https:\/\/www.filex.nl\/fr\/wp-json\/wp\/v2\/product_brand?post=27607"},{"taxonomy":"product_cat","embeddable":true,"href":"https:\/\/www.filex.nl\/fr\/wp-json\/wp\/v2\/product_cat?post=27607"},{"taxonomy":"product_tag","embeddable":true,"href":"https:\/\/www.filex.nl\/fr\/wp-json\/wp\/v2\/product_tag?post=27607"}],"curies":[{"name":"wp","href":"https:\/\/api.w.org\/{rel}","templated":true}]}}