{"id":27639,"date":"2022-01-07T18:09:44","date_gmt":"2023-10-23T11:49:21","guid":{"rendered":"https:\/\/www.filex.nl\/product\/chicago-enkel-monitorarm-hd-7-16-kg\/"},"modified":"2024-04-17T07:30:18","modified_gmt":"2024-04-17T07:30:18","slug":"bras-de-moniteur-hd-simple-chicago-7-16-kg","status":"publish","type":"product","link":"https:\/\/www.filex.nl\/fr\/produit\/bras-de-moniteur-hd-simple-chicago-7-16-kg\/","title":{"rendered":"Bras de moniteur HD simple Chicago (7-16 kg)"},"content":{"rendered":"<p>Le bras support  d&#8217;\u00e9cran \u00e0 v\u00e9rin \u00e0 gaz Filex Chicago est le meilleur bras de moniteur qui combine design moderne et meilleure solution ergonomique pour chaque poste de travail !<\/p>\n<p>Comme le Filex Chicago est dot\u00e9 d&#8217;une fixation Quick Release VESA (VESA 75 x 75 et 100 x 100) universelle avec articulation \u00e0 rotule et un v\u00e9rin \u00e0 gaz haut de gamme, il pr\u00e9sente une capacit\u00e9 de charge de 7 \u00e0 16 kg inclus.<\/p>\n<p>Ce bras de moniteur se r\u00e8gle de mani\u00e8re optimale et facilement en hauteur et en profondeur gr\u00e2ce au v\u00e9rin \u00e0 gaz int\u00e9gr\u00e9 dans le bras.<\/p>\n<p>Le bras Filex Chicago est livr\u00e9 de s\u00e9rie avec une pince de plateau avec un &#8216;Topdown&#8217;, une possibilit\u00e9 de montage qui vous \u00e9vite de devoir vous mettre sous le bureau pour le montage  rapide et ais\u00e9e par tous.<\/p>\n<p>Naturellement, le Filex Chicago est en aluminium recycl\u00e9, certifi\u00e9 circulaire et est assorti d&#8217;une garantie d&#8217;\u00e9change de 5 ans sur toutes les pi\u00e8ces.<\/p>\n<p>En plus du montage avec la pince de plateau, il est \u00e9galement possible de monter ce bras au moyen d&#8217;un passe-c\u00e2bles ou sur un rail de montage. Si vous voulez par la suite quand m\u00eame passer \u00e0 2 \u00e9crans, ce n&#8217;est pas un probl\u00e8me.<\/p>\n<p>Vous pouvez am\u00e9liorer ce bras avec une Crossbar Filex pour 2 \u00e9crans.<br \/>\nSi vous ne voulez plus passer sous votre bureau pour brancher votre appareil USB, une pince de plateau avec 2 fiches USB d\u00e9j\u00e0 int\u00e9gr\u00e9es est disponible en option.<\/p>\n<p>Ce bras de moniteur est disponible en finition blanc, noir, aluminium et chrome. N&#8217;h\u00e9sitez pas \u00e0 nous contacter pour vous renseigner sur nos possibilit\u00e9s !<\/p>\n","protected":false},"excerpt":{"rendered":"<p>Le bras support d&#8217;\u00e9cran simple Filex Chicago est con\u00e7u sp\u00e9cialement pour les \u00e9crans plus lourds ! Un bras  \u00e0 v\u00e9rin \u00e0 gaz dynamique avec 1 bras s\u00e9par\u00e9, qui offre la plus grande facilit\u00e9 de r\u00e9glage ! Ce bras de moniteur est adapt\u00e9 pour 1 moniteur lourd, mais peut facilement \u00eatre aggrandi au moyen d&#8217;une Crossbar et d&#8217;une t\u00eate VESA pour Crossbar ! Gr\u00e2ce \u00e0 la finition \u00e9pur\u00e9e du Chicago, vous cr\u00e9ez un poste de travail bien rang\u00e9 et moderne !<\/p>\n","protected":false},"featured_media":54655,"template":"","meta":{"_acf_changed":false},"product_brand":[],"product_cat":[606,630],"product_tag":[],"class_list":{"0":"post-27639","1":"product","2":"type-product","3":"status-publish","4":"has-post-thumbnail","6":"product_cat-bras-de-moniteur","7":"product_cat-bras-de-moniteur-chicago","8":"pa_kleur-argent","9":"pa_kleur-blanc","10":"pa_kleur-chrome-fr","11":"pa_kleur-noir","13":"first","14":"instock","15":"shipping-taxable","16":"purchasable","17":"product-type-variable","18":"has-default-attributes"},"acf":[],"_links":{"self":[{"href":"https:\/\/www.filex.nl\/fr\/wp-json\/wp\/v2\/product\/27639","targetHints":{"allow":["GET"]}}],"collection":[{"href":"https:\/\/www.filex.nl\/fr\/wp-json\/wp\/v2\/product"}],"about":[{"href":"https:\/\/www.filex.nl\/fr\/wp-json\/wp\/v2\/types\/product"}],"wp:featuredmedia":[{"embeddable":true,"href":"https:\/\/www.filex.nl\/fr\/wp-json\/wp\/v2\/media\/54655"}],"wp:attachment":[{"href":"https:\/\/www.filex.nl\/fr\/wp-json\/wp\/v2\/media?parent=27639"}],"wp:term":[{"taxonomy":"product_brand","embeddable":true,"href":"https:\/\/www.filex.nl\/fr\/wp-json\/wp\/v2\/product_brand?post=27639"},{"taxonomy":"product_cat","embeddable":true,"href":"https:\/\/www.filex.nl\/fr\/wp-json\/wp\/v2\/product_cat?post=27639"},{"taxonomy":"product_tag","embeddable":true,"href":"https:\/\/www.filex.nl\/fr\/wp-json\/wp\/v2\/product_tag?post=27639"}],"curies":[{"name":"wp","href":"https:\/\/api.w.org\/{rel}","templated":true}]}}