{"id":27670,"date":"2022-01-07T18:09:44","date_gmt":"2023-10-23T11:49:37","guid":{"rendered":"https:\/\/www.filex.nl\/product\/galaxy-professional-enkel-lang-monitorarm\/"},"modified":"2025-01-24T22:03:07","modified_gmt":"2025-01-24T22:03:07","slug":"bras-de-moniteur-simple-long-professional-galaxy","status":"publish","type":"product","link":"https:\/\/www.filex.nl\/fr\/produit\/bras-de-moniteur-simple-long-professional-galaxy\/","title":{"rendered":"Bras de moniteur simple long Professional Galaxy"},"content":{"rendered":"<p>Une composition fixe de la famille de bras de moniteur modulaires et circulaires Filex Galaxy ! En faisant l&#8217;acquisition de ce bras, vous avez une configuration stable et dynamique pour 1 \u00e9cran (hors t\u00eate VESA), qui s&#8217;aggrandit facilement (directement ou dans le futur) gr\u00e2ce \u00e0 la Crossbar et une t\u00eate VESA Crossbar, ceci afin de pouvoir utiliser 2 \u00e9crans. La base id\u00e9ale pour une configuration avec tout le confort et toutes les possibilit\u00e9s d&#8217;extension !<\/p>\n<p>Avec cette configuration, il faut encore ajouter une t\u00eate VESA Galaxy. Vous avez ici le choix entre la t\u00eate VESA Galaxy universelle ou la t\u00eate VESA Galaxy pour Crossbar (si vous voulez y placer une Crossbar). Gr\u00e2ce \u00e0 l&#8217;articulation de la t\u00eate VESA, cette configuration est r\u00e9glable de mani\u00e8re flexible \u00e0 chaque angle de vision souhait\u00e9 et vous pouvez y placer directement votre moniteur ou un autre appareil.<\/p>\n<p>Avec cette configuration sans t\u00eate VESA et pince Topdown, vous pourrez toujours choisir de la transformer ult\u00e9rieurement en une configuration pour 1 ou 2 \u00e9crans. La pince Topdown est polyvalente et se monte par le dessus. Ainsi, vous ne devez pas passer sous votre bureau, le montage est donc rapide et ais\u00e9. Ce bras de moniteur est dot\u00e9 de tout le confort n\u00e9cessaire !<\/p>\n<p>Sur la t\u00eate VESA de votre choix, vous pouvez raccorder directement votre \u00e9cran (ou Crossbar), notre support d&#8217;ordinateur portable Galaxy ou un support de tablette universel. Vous envisagez de modifier le poste de travail ou acheter d&#8217;autres appareils dans le futur ? Il vous suffira d&#8217;adapter le Filex Galaxy en fonction de vos besoins du moment. L&#8217;\u00e9cran peut \u00eatre utilis\u00e9 aussi bien horizontalement que verticalement. La s\u00e9rie de bras Filex Galaxy est enti\u00e8rement modulaire, ce qui signifie qu&#8217;elle peut \u00eatre enti\u00e8rement modifi\u00e9e en ajoutant ou en changeant des pi\u00e8ces du bras support d&#8217;\u00e9cran. Toutes les pi\u00e8ces sont \u00e9galement disponibles s\u00e9par\u00e9ment.<\/p>\n<p>En option, vous avez la possibilit\u00e9 de monter une unit\u00e9 d&#8217;alimentation sur le poteau. Pour cela, vous pouvez utiliser notre pince d&#8217;\u00e9lectrification Galaxy avec notre s\u00e9rie d&#8217;unit\u00e9s d&#8217;alimentation en saillie Filex Desk Up\u00ae 1.0 (qui se fixent \u00e9galement sur votre bureau). USB-A, USB-C, une connexion HDMI ou plut\u00f4t de donn\u00e9es ? Tout est possible!<\/p>\n<p>Le Filex Galaxy est un syst\u00e8me de bras support d&#8217;\u00e9cran enti\u00e8rement circulaire et modulaire qui permet de r\u00e9aliser toutes les configurations souhait\u00e9es. Avec ce bras, nous r\u00e9pondons \u00e0 tous vos souhaits ! La capacit\u00e9 de charge maximale est de 12 kg.  Au moyen du Connector brevet\u00e9, la hauteur est tr\u00e8s facile \u00e0 r\u00e9gler manuellement et sans outils. Il vous suffit d&#8217;enfoncer le bouton Filex pour d\u00e9placer le Connector selon vos souhaits. De plus, comme il a d\u00e9j\u00e0 \u00e9t\u00e9 indiqu\u00e9, la pince Topdown est dot\u00e9e de tout le confort n\u00e9cessaire et se fixe par le haut ! En ajoutant 1 x un \u00e9l\u00e9ment de bras droit statique et 1 x un \u00e9l\u00e9ment de bras \u00e0 v\u00e9rin \u00e0 gaz, vous avez la possibilit\u00e9 de r\u00e9gler la hauteur et l&#8217;angle de vision \u00e0 la position souhait\u00e9e.<\/p>\n<p>Le Filex Galaxy est 100% recyclable et fabriqu\u00e9 \u00e0 partir de mat\u00e9riaux durables. Ajoutez-y la garantie de 5 ans et vous ne voudrez plus jamais d&#8217;un autre bras ! Disponible en finittion blanc, aluminium et noir.<\/p>\n","protected":false},"excerpt":{"rendered":"<p>Bras de moniteur Filex Galaxy pour 1 \u00e9cran ! L&#8217;une de nos configurations pr\u00e9f\u00e9r\u00e9es et standard de la s\u00e9rie de bras Galaxy modulaires (et circulaires) ! Gr\u00e2ce \u00e0 l&#8217;\u00e9l\u00e9ment \u00e0 v\u00e9rin \u00e0 gaz dynamique, ce bras est facile \u00e0 r\u00e9gler manuellement \u00e0 toute les hauteurs souhait\u00e9es. Avec les articulations \u00e0 rotule int\u00e9gr\u00e9es dans la t\u00eate VESA, ce bras peut \u00eatre r\u00e9gl\u00e9 directement \u00e0 l&#8217;angle de vision ergonomique correct ! Ajoutez-y la pince Topdown avec montage par le dessus et vous ne voudrez rien d&#8217;autre !<\/p>\n","protected":false},"featured_media":15490,"template":"","meta":{"_acf_changed":false},"product_brand":[],"product_cat":[606,646,651],"product_tag":[],"class_list":{"0":"post-27670","1":"product","2":"type-product","3":"status-publish","4":"has-post-thumbnail","6":"product_cat-bras-de-moniteur","7":"product_cat-bras-de-moniteur-galaxy","8":"product_cat-galaxy-serie-fr","9":"pa_kleur-argent","10":"pa_kleur-blanc","11":"pa_kleur-noir","13":"first","14":"instock","15":"shipping-taxable","16":"purchasable","17":"product-type-variable","18":"has-default-attributes"},"acf":[],"_links":{"self":[{"href":"https:\/\/www.filex.nl\/fr\/wp-json\/wp\/v2\/product\/27670","targetHints":{"allow":["GET"]}}],"collection":[{"href":"https:\/\/www.filex.nl\/fr\/wp-json\/wp\/v2\/product"}],"about":[{"href":"https:\/\/www.filex.nl\/fr\/wp-json\/wp\/v2\/types\/product"}],"wp:featuredmedia":[{"embeddable":true,"href":"https:\/\/www.filex.nl\/fr\/wp-json\/wp\/v2\/media\/15490"}],"wp:attachment":[{"href":"https:\/\/www.filex.nl\/fr\/wp-json\/wp\/v2\/media?parent=27670"}],"wp:term":[{"taxonomy":"product_brand","embeddable":true,"href":"https:\/\/www.filex.nl\/fr\/wp-json\/wp\/v2\/product_brand?post=27670"},{"taxonomy":"product_cat","embeddable":true,"href":"https:\/\/www.filex.nl\/fr\/wp-json\/wp\/v2\/product_cat?post=27670"},{"taxonomy":"product_tag","embeddable":true,"href":"https:\/\/www.filex.nl\/fr\/wp-json\/wp\/v2\/product_tag?post=27670"}],"curies":[{"name":"wp","href":"https:\/\/api.w.org\/{rel}","templated":true}]}}