{"id":27686,"date":"2022-01-07T18:09:44","date_gmt":"2023-10-23T11:49:17","guid":{"rendered":"https:\/\/www.filex.nl\/product\/galaxy-adapter\/"},"modified":"2025-01-24T22:03:31","modified_gmt":"2025-01-24T22:03:31","slug":"adapter-galaxy","status":"publish","type":"product","link":"https:\/\/www.filex.nl\/fr\/produit\/adapter-galaxy\/","title":{"rendered":"Adapter Galaxy"},"content":{"rendered":"<p>L&#8217;Adapter Filex Galaxy est le module compl\u00e9mentaire \u00e0 la pince de plateau Topdown Filex Galaxy. C&#8217;est le compl\u00e9ment de r\u00e9f\u00e9rence qui vous permet de placer directement un \u00e9l\u00e9ment de bras (droit statique, inclin\u00e9 statique ou \u00e0 v\u00e9rin \u00e0 gaz) sur la pince sans utiliser de poteau ! <\/p>\n<p>Vous voulez votre \u00e9cran un peu plus en retrait par rapport \u00e0 votre bureau ? Dans ce cas \u00e9galement,  votre \u00e9cran ne heurte pas le poteau et vous conservez toute la flexibilit\u00e9 n\u00e9cessaire pour r\u00e9gler la distance de vision parfaite pour vous.<\/p>\n<p>Attention : ce produit s&#8217;utilise uniquement en combinaison avec la pince de plateau Topdown Filex Galaxy (num\u00e9ros d&#8217;articles 809520, 809521 et 809522).<\/p>\n","protected":false},"excerpt":{"rendered":"<p>Adapter Filex Galaxy ! Ajoutez ce petit \u00e9l\u00e9ment pour passer directement de votre pince Topdown Galaxy \u00e0 un \u00e9l\u00e9ment de bras  !<\/p>\n","protected":false},"featured_media":15481,"template":"","meta":{"_acf_changed":false},"product_brand":[],"product_cat":[623,534,651],"product_tag":[],"class_list":{"0":"post-27686","1":"product","2":"type-product","3":"status-publish","4":"has-post-thumbnail","6":"product_cat-galaxy-onderdelen-fr","7":"product_cat-fixations-et-options","8":"product_cat-galaxy-serie-fr","9":"pa_kleur-argent","10":"pa_kleur-blanc","11":"pa_kleur-noir","13":"first","14":"instock","15":"shipping-taxable","16":"purchasable","17":"product-type-variable","18":"has-default-attributes"},"acf":[],"_links":{"self":[{"href":"https:\/\/www.filex.nl\/fr\/wp-json\/wp\/v2\/product\/27686","targetHints":{"allow":["GET"]}}],"collection":[{"href":"https:\/\/www.filex.nl\/fr\/wp-json\/wp\/v2\/product"}],"about":[{"href":"https:\/\/www.filex.nl\/fr\/wp-json\/wp\/v2\/types\/product"}],"wp:featuredmedia":[{"embeddable":true,"href":"https:\/\/www.filex.nl\/fr\/wp-json\/wp\/v2\/media\/15481"}],"wp:attachment":[{"href":"https:\/\/www.filex.nl\/fr\/wp-json\/wp\/v2\/media?parent=27686"}],"wp:term":[{"taxonomy":"product_brand","embeddable":true,"href":"https:\/\/www.filex.nl\/fr\/wp-json\/wp\/v2\/product_brand?post=27686"},{"taxonomy":"product_cat","embeddable":true,"href":"https:\/\/www.filex.nl\/fr\/wp-json\/wp\/v2\/product_cat?post=27686"},{"taxonomy":"product_tag","embeddable":true,"href":"https:\/\/www.filex.nl\/fr\/wp-json\/wp\/v2\/product_tag?post=27686"}],"curies":[{"name":"wp","href":"https:\/\/api.w.org\/{rel}","templated":true}]}}