{"id":27698,"date":"2022-01-07T18:09:43","date_gmt":"2023-10-23T11:49:53","guid":{"rendered":"https:\/\/www.filex.nl\/product\/galaxy-thin-client-cpu-houder\/"},"modified":"2025-01-24T22:03:42","modified_gmt":"2025-01-24T22:03:42","slug":"support-pour-unite-centrale-thin-client-galaxy","status":"publish","type":"product","link":"https:\/\/www.filex.nl\/fr\/produit\/support-pour-unite-centrale-thin-client-galaxy\/","title":{"rendered":"Support pour unit\u00e9 centrale Thin Client Galaxy"},"content":{"rendered":"<p>Support pour unit\u00e9 centrale Thin Client Filex Galaxy ! Con\u00e7u sp\u00e9cialement pour notre s\u00e9rie de bras support d &#8216;\u00e9cran Galaxy ! Le support pour unit\u00e9 centrale Thin Client Galaxy est con\u00e7u sp\u00e9cialement pour recevoir toutes les marques ou types d&#8217;unit\u00e9 centrale Thin Client et se distingue, en plus du montage sur le bras de moniteur, par son rapport qualit\u00e9-prix unique. <\/p>\n<p>Gr\u00e2ce au montage sur le poteau Galaxy et \u00e0 un syst\u00e8me \u00e0 coulisse-clips pratique, ce support pour unit\u00e9 centrale est r\u00e9glable \u00e0 chaque hauteur et largeur souhait\u00e9e (profondeur maximale 80 mm). Ce support pour unit\u00e9 centrale, \u00e0 la fois unique et universel, se fixe non seulement solidement votre unit\u00e9 centrale, mais la prot\u00e8ge \u00e9galement contre les rayures gr\u00e2ce \u00e0 la mousse amortissante. <\/p>\n<p>Vous pouvez facilement monter le support pour unit\u00e9 centrale sur le poteau Galaxy au moyen du syst\u00e8me coulissant pr\u00e9mont\u00e9 sur le support. Disponible en finition noir, blanc et aluminium. Toutes les instructions de montage n\u00e9cessaires sont fournies. Vous ne vous en sortez pas ? Contactez-nous pour obtenir de l&#8217;aide !<\/p>\n","protected":false},"excerpt":{"rendered":"<p>Support pour unit\u00e9 centrale Thin Client Filex Galaxy ! Indispensable pour un poste de travail bien rang\u00e9 ! Ce support pour unit\u00e9 centrale prot\u00e8ge non seulement votre Thin Client contre les rayures mais vous permet \u00e9galement d&#8217;acc\u00e9der facilement aux commandes  gr\u00e2ce au montage sur le poteau du bras support d&#8217;\u00e9cran Filex Galaxy !<\/p>\n","protected":false},"featured_media":15457,"template":"","meta":{"_acf_changed":false},"product_brand":[],"product_cat":[623,651,535],"product_tag":[],"class_list":{"0":"post-27698","1":"product","2":"type-product","3":"status-publish","4":"has-post-thumbnail","6":"product_cat-galaxy-onderdelen-fr","7":"product_cat-galaxy-serie-fr","8":"product_cat-supports-pour-unite-centrale","9":"pa_kleur-argent","10":"pa_kleur-blanc","11":"pa_kleur-noir","13":"first","14":"instock","15":"shipping-taxable","16":"purchasable","17":"product-type-variable","18":"has-default-attributes"},"acf":[],"_links":{"self":[{"href":"https:\/\/www.filex.nl\/fr\/wp-json\/wp\/v2\/product\/27698","targetHints":{"allow":["GET"]}}],"collection":[{"href":"https:\/\/www.filex.nl\/fr\/wp-json\/wp\/v2\/product"}],"about":[{"href":"https:\/\/www.filex.nl\/fr\/wp-json\/wp\/v2\/types\/product"}],"wp:featuredmedia":[{"embeddable":true,"href":"https:\/\/www.filex.nl\/fr\/wp-json\/wp\/v2\/media\/15457"}],"wp:attachment":[{"href":"https:\/\/www.filex.nl\/fr\/wp-json\/wp\/v2\/media?parent=27698"}],"wp:term":[{"taxonomy":"product_brand","embeddable":true,"href":"https:\/\/www.filex.nl\/fr\/wp-json\/wp\/v2\/product_brand?post=27698"},{"taxonomy":"product_cat","embeddable":true,"href":"https:\/\/www.filex.nl\/fr\/wp-json\/wp\/v2\/product_cat?post=27698"},{"taxonomy":"product_tag","embeddable":true,"href":"https:\/\/www.filex.nl\/fr\/wp-json\/wp\/v2\/product_tag?post=27698"}],"curies":[{"name":"wp","href":"https:\/\/api.w.org\/{rel}","templated":true}]}}