{"id":27702,"date":"2022-01-07T18:09:43","date_gmt":"2023-10-23T11:49:45","guid":{"rendered":"https:\/\/www.filex.nl\/product\/galaxy-zit-sta-werkplateau\/"},"modified":"2025-01-24T22:03:50","modified_gmt":"2025-01-24T22:03:50","slug":"plateau-de-travail-assis-debout-galaxy","status":"publish","type":"product","link":"https:\/\/www.filex.nl\/fr\/produit\/plateau-de-travail-assis-debout-galaxy\/","title":{"rendered":"Plateau de travail Assis Debout Galaxy"},"content":{"rendered":"<p>Support de clavier et de souris Filex Galaxy ! Un plateau de travail pour chaque poste de travail assis-debout ou comme solution Healthcare ! Ce plateau de travail vous permet, par exemple, d&#8217;utiliser votre clavier avec votre souris \u00e0 toute hauteur et position souhait\u00e9e afin d&#8217;adopter la posture la plus ergonomique possible pendant votre travail. Vous pouvez utiliser ce plateau en combinaison avec l&#8217;\u00e9l\u00e9ment \u00e0 v\u00e9rin \u00e0 gaz dynamique Galaxy ou un \u00e9l\u00e9ment statique droit ou inclin\u00e9 de la famille de bras de moniteur Filex Galaxy.<\/p>\n<p>Gr\u00e2ce \u00e0 sa construction astucieuse, en le combinant avec les options des \u00e9l\u00e9ments de bras de la gamme Galaxy, vous pouvez toujours adopter, de mani\u00e8re rapide et facile, une posture et une position ergonomiques (tourner ou incliner \u00e0 180 degr\u00e9s).<\/p>\n<p>Le plateau est \u00e9galement livr\u00e9 avec un repose-poignet gel pour clavier et souris. La solution id\u00e9ale ! Id\u00e9al aussi pour alterner travail assis et debout, tout avoir \u00e0 port\u00e9e de main et peut-\u00eatre partager des informations avec un client ou un coll\u00e8gue.<\/p>\n<p>Comme ce plateau robuste et ergonomique fait partie de la famille Filex Galaxy modulaire, vous pouvez \u00e9galement l&#8217;utiliser en combinaison avec, par exemple, un support de montage mural, un moniteur ou une solution de bras install\u00e9e sur votre bureau.<\/p>\n<p>Dimensions\u00a0: 700 x 300 mm.<br \/>\nDisponible en noir et en blanc.<\/p>\n<p>Vous pr\u00e9f\u00e9rez une configuration fixe ? Jetez \u00e9galement un \u0153il \u00e0 nos num\u00e9ros d&#8217;articles suivants : 810080-S ou 810081-S pour la solution assis-debout et Healthcare parfaite !<\/p>\n","protected":false},"excerpt":{"rendered":"<p>Support de clavier et de souris Filex Galaxy ! La solution id\u00e9ale pour tous les d\u00e9partements Healthcare mais aussi pour votre poste de travail Assis Debout. Ce support de clavier et de souris est con\u00e7u sur une base ergonomique et se place directement sur nos bras support d&#8217;\u00e9cran modulaires Filex Galaxy !<\/p>\n","protected":false},"featured_media":15463,"template":"","meta":{"_acf_changed":false},"product_brand":[],"product_cat":[623,534,554,651],"product_tag":[],"class_list":{"0":"post-27702","1":"product","2":"type-product","3":"status-publish","4":"has-post-thumbnail","6":"product_cat-galaxy-onderdelen-fr","7":"product_cat-fixations-et-options","8":"product_cat-zit-sta-plateaus-fr","9":"product_cat-galaxy-serie-fr","10":"pa_kleur-blanc","11":"pa_kleur-noir","13":"first","14":"instock","15":"shipping-taxable","16":"purchasable","17":"product-type-variable","18":"has-default-attributes"},"acf":[],"_links":{"self":[{"href":"https:\/\/www.filex.nl\/fr\/wp-json\/wp\/v2\/product\/27702","targetHints":{"allow":["GET"]}}],"collection":[{"href":"https:\/\/www.filex.nl\/fr\/wp-json\/wp\/v2\/product"}],"about":[{"href":"https:\/\/www.filex.nl\/fr\/wp-json\/wp\/v2\/types\/product"}],"wp:featuredmedia":[{"embeddable":true,"href":"https:\/\/www.filex.nl\/fr\/wp-json\/wp\/v2\/media\/15463"}],"wp:attachment":[{"href":"https:\/\/www.filex.nl\/fr\/wp-json\/wp\/v2\/media?parent=27702"}],"wp:term":[{"taxonomy":"product_brand","embeddable":true,"href":"https:\/\/www.filex.nl\/fr\/wp-json\/wp\/v2\/product_brand?post=27702"},{"taxonomy":"product_cat","embeddable":true,"href":"https:\/\/www.filex.nl\/fr\/wp-json\/wp\/v2\/product_cat?post=27702"},{"taxonomy":"product_tag","embeddable":true,"href":"https:\/\/www.filex.nl\/fr\/wp-json\/wp\/v2\/product_tag?post=27702"}],"curies":[{"name":"wp","href":"https:\/\/api.w.org\/{rel}","templated":true}]}}